{"id":153,"date":"2024-10-30T09:35:40","date_gmt":"2024-10-30T12:35:40","guid":{"rendered":"https:\/\/www2.uepg.br\/deinfo\/?page_id=153"},"modified":"2024-10-30T10:15:36","modified_gmt":"2024-10-30T13:15:36","slug":"engenharia-de-software","status":"publish","type":"page","link":"https:\/\/www2.uepg.br\/deinfo\/engenharia-de-software\/","title":{"rendered":"Engenharia de Software"},"content":{"rendered":"<h2>CURSO DE ENGENHARIA DE SOFTWARE<\/h2>\n<p>Criado h\u00e1 mais de 20 anos, preparando profissionais para trabalhar no desenvolvimento de software e no gerenciamento de sistemas de informa\u00e7\u00e3o. Para tanto, oferece aos acad\u00eamicos um conjunto de disciplinas te\u00f3ricas que tem seu conte\u00fado complementado com aulas pr\u00e1ticas ministradas em laborat\u00f3rios. Os conte\u00fados das disciplinas s\u00e3o integralizados atrav\u00e9s da execu\u00e7\u00e3o de um projeto e a implementa\u00e7\u00e3o de softwares para aplica\u00e7\u00f5es comerciais, industriais, sistemas WEB e computa\u00e7\u00e3o m\u00f3vel, sob a orienta\u00e7\u00e3o dos professores. Este diferencial permite que os acad\u00eamicos estejam preparados para obter sucesso em um mercado de trabalho competitivo, no qual a inova\u00e7\u00e3o e o conhecimento s\u00e3o extremamente valorizados.<\/p>\n","protected":false},"excerpt":{"rendered":"<p>CURSO DE ENGENHARIA DE SOFTWARE Criado h\u00e1 mais de 20 anos, preparando profissionais para trabalhar no desenvolvimento de software e no gerenciamento de sistemas de informa\u00e7\u00e3o. Para tanto, oferece aos acad\u00eamicos um conjunto de disciplinas te\u00f3ricas que tem seu conte\u00fado complementado com aulas pr\u00e1ticas ministradas em laborat\u00f3rios. Os conte\u00fados das disciplinas s\u00e3o integralizados atrav\u00e9s da&nbsp;&hellip;<\/p>\n","protected":false},"author":661,"featured_media":0,"parent":0,"menu_order":0,"comment_status":"closed","ping_status":"closed","template":"","meta":[],"_links":{"self":[{"href":"https:\/\/www2.uepg.br\/deinfo\/wp-json\/wp\/v2\/pages\/153"}],"collection":[{"href":"https:\/\/www2.uepg.br\/deinfo\/wp-json\/wp\/v2\/pages"}],"about":[{"href":"https:\/\/www2.uepg.br\/deinfo\/wp-json\/wp\/v2\/types\/page"}],"author":[{"embeddable":true,"href":"https:\/\/www2.uepg.br\/deinfo\/wp-json\/wp\/v2\/users\/661"}],"replies":[{"embeddable":true,"href":"https:\/\/www2.uepg.br\/deinfo\/wp-json\/wp\/v2\/comments?post=153"}],"version-history":[{"count":2,"href":"https:\/\/www2.uepg.br\/deinfo\/wp-json\/wp\/v2\/pages\/153\/revisions"}],"predecessor-version":[{"id":182,"href":"https:\/\/www2.uepg.br\/deinfo\/wp-json\/wp\/v2\/pages\/153\/revisions\/182"}],"wp:attachment":[{"href":"https:\/\/www2.uepg.br\/deinfo\/wp-json\/wp\/v2\/media?parent=153"}],"curies":[{"name":"wp","href":"https:\/\/api.w.org\/{rel}","templated":true}]}}