{"id":155,"date":"2024-10-30T09:36:25","date_gmt":"2024-10-30T12:36:25","guid":{"rendered":"https:\/\/www2.uepg.br\/deinfo\/?page_id=155"},"modified":"2026-04-01T16:35:49","modified_gmt":"2026-04-01T19:35:49","slug":"grade-curricular","status":"publish","type":"page","link":"https:\/\/www2.uepg.br\/deinfo\/engenharia-de-software\/grade-curricular\/","title":{"rendered":"Grade Curricular"},"content":{"rendered":"<h2>Grade curricular<\/h2>\n<p>Para completar o curr\u00edculo pleno do curso superior de gradua\u00e7\u00e3o em Bacharelado em Engenharia de Software, o acad\u00eamico dever\u00e1 perfazer um total m\u00ednimo de 3.260 (tr\u00eas mil duzentas e sessenta) horas, sendo 1.020 (mil e vinte) horas em disciplinas de Forma\u00e7\u00e3o B\u00e1sica Geral, 1.326 (mil, trezentas e vinte e seis) horas em disciplinas de Forma\u00e7\u00e3o Espec\u00edfica Profissional, 170 (cento e setenta) horas em disciplinas de Est\u00e1gio Curricular Supervisionado, 204 (duzentas e quatro) horas em disciplinas de Diversifica\u00e7\u00e3o ou Aprofundamento, 200 (duzentas) horas de Atividades Complementares e 340 (trezentas e quarenta) horas em *Extens\u00e3o enquanto componente curricular distribu\u00eddas em, no m\u00ednimo 04 (quatro) anos e no m\u00e1ximo 06 (seis) anos letivos.<\/p>\n<p><a href=\"https:\/\/www2.uepg.br\/deinfo\/wp-content\/uploads\/sites\/277\/2026\/02\/MATRIZ-CURRICULAR-Eng-Software.pdf\">Curr\u00edculo e ementas do curso<\/a><\/p>\n<p><a href=\"https:\/\/www2.uepg.br\/deinfo\/wp-content\/uploads\/sites\/277\/2026\/04\/MATRIZ-CURRICULAR-Eng-Software-Curriculo2.pdf\">Curr\u00edculo anterior<\/a><\/p>\n","protected":false},"excerpt":{"rendered":"<p>Grade curricular Para completar o curr\u00edculo pleno do curso superior de gradua\u00e7\u00e3o em Bacharelado em Engenharia de Software, o acad\u00eamico dever\u00e1 perfazer um total m\u00ednimo de 3.260 (tr\u00eas mil duzentas e sessenta) horas, sendo 1.020 (mil e vinte) horas em disciplinas de Forma\u00e7\u00e3o B\u00e1sica Geral, 1.326 (mil, trezentas e vinte e seis) horas em disciplinas&nbsp;&hellip;<\/p>\n","protected":false},"author":661,"featured_media":0,"parent":153,"menu_order":0,"comment_status":"closed","ping_status":"closed","template":"","meta":[],"_links":{"self":[{"href":"https:\/\/www2.uepg.br\/deinfo\/wp-json\/wp\/v2\/pages\/155"}],"collection":[{"href":"https:\/\/www2.uepg.br\/deinfo\/wp-json\/wp\/v2\/pages"}],"about":[{"href":"https:\/\/www2.uepg.br\/deinfo\/wp-json\/wp\/v2\/types\/page"}],"author":[{"embeddable":true,"href":"https:\/\/www2.uepg.br\/deinfo\/wp-json\/wp\/v2\/users\/661"}],"replies":[{"embeddable":true,"href":"https:\/\/www2.uepg.br\/deinfo\/wp-json\/wp\/v2\/comments?post=155"}],"version-history":[{"count":6,"href":"https:\/\/www2.uepg.br\/deinfo\/wp-json\/wp\/v2\/pages\/155\/revisions"}],"predecessor-version":[{"id":584,"href":"https:\/\/www2.uepg.br\/deinfo\/wp-json\/wp\/v2\/pages\/155\/revisions\/584"}],"up":[{"embeddable":true,"href":"https:\/\/www2.uepg.br\/deinfo\/wp-json\/wp\/v2\/pages\/153"}],"wp:attachment":[{"href":"https:\/\/www2.uepg.br\/deinfo\/wp-json\/wp\/v2\/media?parent=155"}],"curies":[{"name":"wp","href":"https:\/\/api.w.org\/{rel}","templated":true}]}}