{"id":173,"date":"2024-10-30T10:12:00","date_gmt":"2024-10-30T13:12:00","guid":{"rendered":"https:\/\/www2.uepg.br\/deinfo\/?page_id=173"},"modified":"2026-03-01T19:37:02","modified_gmt":"2026-03-01T22:37:02","slug":"atividades-complementares","status":"publish","type":"page","link":"https:\/\/www2.uepg.br\/deinfo\/engenharia-de-software\/atividades-complementares\/","title":{"rendered":"Atividades Complementares"},"content":{"rendered":"<h2>Pontua\u00e7\u00e3o para Atividades Complementares<\/h2>\n<p>Para obter a sua gradua\u00e7\u00e3o, o acad\u00eamico dever\u00e1 cumprir uma carga hor\u00e1ria m\u00ednima em atividades extracurriculares que t\u00eam como objetivo complementar a forma\u00e7\u00e3o profissional do acad\u00eamico.<br \/>\nEssa carga hor\u00e1ria m\u00ednima \u00e9 de 200 ha (duzentas horas\/atividade).<br \/>\nExceto onde indicado, considera-se que 01 hora utilizada na atividade complementar conta como 01 ha. Todas as atividades complementares devem ser reconhecidas e homologadas pelo colegiado de curso para que possam ser consideradas para fins de contagem de carga hor\u00e1ria.<\/p>\n<dl>\n<dt>\n<h4>1. Atividades ligadas \u00e0 forma\u00e7\u00e3o profissional (m\u00e1ximo de 100 ha)<\/h4>\n<\/dt>\n<dt>1.1. Est\u00e1gio curricular volunt\u00e1rio:<\/dt>\n<dd>\u00b7 Carteira de trabalho assinada (n\u00e3o obrigat\u00f3rio).<\/dd>\n<dd>\u00b7 Empresa conveniada com a UEPG.<\/dd>\n<dd>\u00b7 A cada 03 horas\/est\u00e1gio conta-se 01 ha (m\u00e1ximo de 90 ha).<\/dd>\n<dt>1.2. Visitas t\u00e9cnicas acompanhadas por professor: 03 ha por visita.<\/dt>\n<\/dl>\n<p>Obs.: Aulas ministradas por acad\u00eamicos em outras institui\u00e7\u00f5es s\u00e3o consideradas est\u00e1gio curricular. O est\u00e1gio curricular obrigat\u00f3rio (feito no \u00faltimo semestre do curso) n\u00e3o \u00e9 considerado atividade complementar.<\/p>\n<p>&nbsp;<\/p>\n<dl>\n<dt>\n<h4>2. Atividades ligadas \u00e0 pesquisa (m\u00e1ximo de 120 ha)<\/h4>\n<\/dt>\n<dt>2.1. Inicia\u00e7\u00e3o cient\u00edfica: 80 ha por projeto.<\/dt>\n<dt>2.2. Participa\u00e7\u00e3o em projeto de pesquisa (No m\u00e1ximo 70 ha).<\/dt>\n<dt>2.3. Apresenta\u00e7\u00e3o de trabalho relacionado \u00e0 inicia\u00e7\u00e3o cient\u00edfica: 10 ha por trabalho.<\/dt>\n<\/dl>\n<p>&nbsp;<\/p>\n<dl>\n<dt>\n<h4>3. Atividades ligadas \u00e0 extens\u00e3o ou ensino (m\u00e1ximo de 70 ha)<\/h4>\n<\/dt>\n<dt>3.1. Participa\u00e7\u00e3o em projeto de extens\u00e3o ou ensino.<\/dt>\n<\/dl>\n<p>&nbsp;<\/p>\n<dl>\n<dt>\n<h4>4. Eventos ou cursos da \u00e1rea de inform\u00e1tica (m\u00e1ximo de 160 ha)<\/h4>\n<\/dt>\n<dt>\u00b7 Por evento, entenda-se ciclo de palestra, encontro, semin\u00e1rio, congresso ou simp\u00f3sio.<\/dt>\n<dt>\u00b7 Todo evento dever\u00e1 ser reconhecido e homologado pelo colegiado de curso.<\/dt>\n<dt>\u00b7 O evento cuja freq\u00fc\u00eancia conste no certificado poder\u00e1 contar 100% de sua carga hor\u00e1ria, de acordo com a freq\u00fc\u00eancia do acad\u00eamico.<\/dt>\n<dt>\u00b7 Sem a comprova\u00e7\u00e3o de freq\u00fc\u00eancia, ser\u00e1 considerada apenas 70% da carga hor\u00e1ria total do evento.<\/dt>\n<dt>\u00b7 Coordena\u00e7\u00e3o de evento: (m\u00e1ximo de 20 ha adicionais por evento).<\/dt>\n<dt>\u00b7 Apresenta\u00e7\u00e3o de trabalho (exceto trabalho relacionado \u00e0 inicia\u00e7\u00e3o cient\u00edfica): 10 ha por evento.<\/dt>\n<\/dl>\n<p>&nbsp;<\/p>\n<dl>\n<dt>\n<h4>5. Demais cursos ou eventos (m\u00e1ximo de 30 ha)<\/h4>\n<\/dt>\n<dt>\u00b7 Eventos ou cursos que n\u00e3o sejam da \u00e1rea de inform\u00e1tica (por exemplo, cursos de ingl\u00eas ou eventos na \u00e1rea de administra\u00e7\u00e3o, economia, contabilidade, etc.) devidamente reconhecidos e homologados pelo colegiado de curso.<\/dt>\n<dt>\u00b7 Ser\u00e1 considerada apenas 50% da carga hor\u00e1ria de cada evento.<\/dt>\n<\/dl>\n<p>&nbsp;<\/p>\n<dl>\n<dt>\n<h4>6. Participa\u00e7\u00e3o em \u00f3rg\u00e3os institucionais (m\u00e1ximo de 30 ha)<\/h4>\n<\/dt>\n<dt>6.1. Representa\u00e7\u00e3o no conselho universit\u00e1rio (No m\u00e1ximo de 20 ha).<\/dt>\n<dt>6.2. Representa\u00e7\u00e3o no departamento. 1 hora\/atividade por reuni\u00e3o (No m\u00e1ximo 20 ha).<\/dt>\n<dt>6.3. Representa\u00e7\u00e3o no colegiado do curso. 1 hora\/atividade por reuni\u00e3o (No m\u00e1ximo 20 ha).<\/dt>\n<dt>6.4. Membro de outros \u00f3rg\u00e3os institucionais. (M\u00e1ximo de 10 ha).<\/dt>\n<dt>6.5. Membro do Centro acad\u00eamico: no m\u00e1ximo 8 membros (indicados pelo pr\u00f3prio Centro Acad\u00eamico) podem pontuar (No m\u00e1ximo 20 ha para cada membro).<\/dt>\n<dt>6.6. Membro de demais organiza\u00e7\u00f5es estudantis. (m\u00e1ximo de 20 ha).<\/dt>\n<\/dl>\n<p>&nbsp;<\/p>\n<dl>\n<dt>\n<h4>7. Monitoria (m\u00e1ximo de 40 ha)<\/h4>\n<\/dt>\n<dt>\u00b7 Ser\u00e1 considerada 50% da carga hor\u00e1ria total da disciplina<\/dt>\n<\/dl>\n<p>&nbsp;<\/p>\n<dl>\n<dt>\n<h4>8. Demais atividades<\/h4>\n<\/dt>\n<dt>\u00b7 Atividades que n\u00e3o sejam citadas neste documento dever\u00e3o ser examinadas pelo colegiado de curso.<\/dt>\n<\/dl>\n<p>Importante:\u00a0O acad\u00eamico somente dever\u00e1 enviar o processo com as atividades complementares quando estiver cursando a 5\u00aa s\u00e9rie. O encaminhamento ao Colegiado de Curso dever\u00e1 ser feito via PROGRAD (xerox dos certificados autenticados na Prograd mediante apresenta\u00e7\u00e3o do original) at\u00e9 o final do primeiro semestre letivo.<\/p>\n<h4>Tabela para pontua\u00e7\u00e3o de atividades complementares<\/h4>\n<p>Carga hor\u00e1ria m\u00ednima a ser cumprida pelo acad\u00eamico:<\/p>\n<table align=\"center\">\n<tbody>\n<tr>\n<td>Atividades<\/td>\n<td>Carga hor\u00e1ria m\u00e1xima<\/td>\n<\/tr>\n<tr>\n<td>Atividades ligadas \u00e0 forma\u00e7\u00e3o profissional<\/td>\n<td>100 horas\/atividade<\/td>\n<\/tr>\n<tr>\n<td>Atividades ligadas \u00e0 pesquisa<\/td>\n<td>120 horas\/atividade<\/td>\n<\/tr>\n<tr>\n<td>Atividades ligadas a extens\u00e3o ou ensino<\/td>\n<td>70 horas\/atividade<\/td>\n<\/tr>\n<tr>\n<td>Participa\u00e7\u00e3o em eventos e cursos da \u00e1rea de inform\u00e1tica<\/td>\n<td>160 horas\/atividade<\/td>\n<\/tr>\n<tr>\n<td>Participa\u00e7\u00e3o em demais cursos ou eventos<\/td>\n<td>30 horas\/atividade<\/td>\n<\/tr>\n<tr>\n<td>Participa\u00e7\u00e3o em \u00f3rg\u00e3os institucionais<\/td>\n<td>30 horas\/atividade<\/td>\n<\/tr>\n<tr>\n<td>Monitoria<\/td>\n<td>40 horas\/atividade<\/td>\n<\/tr>\n<\/tbody>\n<\/table>\n","protected":false},"excerpt":{"rendered":"<p>Pontua\u00e7\u00e3o para Atividades Complementares Para obter a sua gradua\u00e7\u00e3o, o acad\u00eamico dever\u00e1 cumprir uma carga hor\u00e1ria m\u00ednima em atividades extracurriculares que t\u00eam como objetivo complementar a forma\u00e7\u00e3o profissional do acad\u00eamico. Essa carga hor\u00e1ria m\u00ednima \u00e9 de 200 ha (duzentas horas\/atividade). Exceto onde indicado, considera-se que 01 hora utilizada na atividade complementar conta como 01 ha.&nbsp;&hellip;<\/p>\n","protected":false},"author":661,"featured_media":0,"parent":153,"menu_order":0,"comment_status":"closed","ping_status":"closed","template":"","meta":[],"_links":{"self":[{"href":"https:\/\/www2.uepg.br\/deinfo\/wp-json\/wp\/v2\/pages\/173"}],"collection":[{"href":"https:\/\/www2.uepg.br\/deinfo\/wp-json\/wp\/v2\/pages"}],"about":[{"href":"https:\/\/www2.uepg.br\/deinfo\/wp-json\/wp\/v2\/types\/page"}],"author":[{"embeddable":true,"href":"https:\/\/www2.uepg.br\/deinfo\/wp-json\/wp\/v2\/users\/661"}],"replies":[{"embeddable":true,"href":"https:\/\/www2.uepg.br\/deinfo\/wp-json\/wp\/v2\/comments?post=173"}],"version-history":[{"count":2,"href":"https:\/\/www2.uepg.br\/deinfo\/wp-json\/wp\/v2\/pages\/173\/revisions"}],"predecessor-version":[{"id":533,"href":"https:\/\/www2.uepg.br\/deinfo\/wp-json\/wp\/v2\/pages\/173\/revisions\/533"}],"up":[{"embeddable":true,"href":"https:\/\/www2.uepg.br\/deinfo\/wp-json\/wp\/v2\/pages\/153"}],"wp:attachment":[{"href":"https:\/\/www2.uepg.br\/deinfo\/wp-json\/wp\/v2\/media?parent=173"}],"curies":[{"name":"wp","href":"https:\/\/api.w.org\/{rel}","templated":true}]}}