{"id":183,"date":"2024-10-30T10:18:00","date_gmt":"2024-10-30T13:18:00","guid":{"rendered":"https:\/\/www2.uepg.br\/deinfo\/?page_id=183"},"modified":"2024-10-30T10:18:07","modified_gmt":"2024-10-30T13:18:07","slug":"engenharia-de-computacao","status":"publish","type":"page","link":"https:\/\/www2.uepg.br\/deinfo\/engenharia-de-computacao\/","title":{"rendered":"Engenharia de Computa\u00e7\u00e3o"},"content":{"rendered":"<h2>CURSO DE ENGENHARIA DE COMPUTA\u00c7\u00c3O<\/h2>\n<p>Criado em 2001, forma profissionais capacitados a atuarem em \u00e1reas tecnol\u00f3gicas que exigem o conhecimento combinado da Engenharia El\u00e9trica e da Computa\u00e7\u00e3o, tais como: comunica\u00e7\u00e3o de dados e redes de computadores, automa\u00e7\u00e3o industrial e controle de processo, automa\u00e7\u00e3o comercial, circuitos e sistemas integrados e microeletr\u00f4nica, microprocessadores e suas aplica\u00e7\u00f5es, processamento de sinais digitais (imagens e voz), sistemas eletr\u00f4nicos e softwares emcarcados aplicados as \u00e1reas agr\u00edcola, automotiva, m\u00e9dica e telefonia celular.<\/p>\n","protected":false},"excerpt":{"rendered":"<p>CURSO DE ENGENHARIA DE COMPUTA\u00c7\u00c3O Criado em 2001, forma profissionais capacitados a atuarem em \u00e1reas tecnol\u00f3gicas que exigem o conhecimento combinado da Engenharia El\u00e9trica e da Computa\u00e7\u00e3o, tais como: comunica\u00e7\u00e3o de dados e redes de computadores, automa\u00e7\u00e3o industrial e controle de processo, automa\u00e7\u00e3o comercial, circuitos e sistemas integrados e microeletr\u00f4nica, microprocessadores e suas aplica\u00e7\u00f5es, processamento&nbsp;&hellip;<\/p>\n","protected":false},"author":661,"featured_media":0,"parent":0,"menu_order":0,"comment_status":"closed","ping_status":"closed","template":"","meta":[],"_links":{"self":[{"href":"https:\/\/www2.uepg.br\/deinfo\/wp-json\/wp\/v2\/pages\/183"}],"collection":[{"href":"https:\/\/www2.uepg.br\/deinfo\/wp-json\/wp\/v2\/pages"}],"about":[{"href":"https:\/\/www2.uepg.br\/deinfo\/wp-json\/wp\/v2\/types\/page"}],"author":[{"embeddable":true,"href":"https:\/\/www2.uepg.br\/deinfo\/wp-json\/wp\/v2\/users\/661"}],"replies":[{"embeddable":true,"href":"https:\/\/www2.uepg.br\/deinfo\/wp-json\/wp\/v2\/comments?post=183"}],"version-history":[{"count":1,"href":"https:\/\/www2.uepg.br\/deinfo\/wp-json\/wp\/v2\/pages\/183\/revisions"}],"predecessor-version":[{"id":184,"href":"https:\/\/www2.uepg.br\/deinfo\/wp-json\/wp\/v2\/pages\/183\/revisions\/184"}],"wp:attachment":[{"href":"https:\/\/www2.uepg.br\/deinfo\/wp-json\/wp\/v2\/media?parent=183"}],"curies":[{"name":"wp","href":"https:\/\/api.w.org\/{rel}","templated":true}]}}