{"id":192,"date":"2024-10-30T10:34:11","date_gmt":"2024-10-30T13:34:11","guid":{"rendered":"https:\/\/www2.uepg.br\/deinfo\/?page_id=192"},"modified":"2026-04-01T16:28:17","modified_gmt":"2026-04-01T19:28:17","slug":"coordenacao","status":"publish","type":"page","link":"https:\/\/www2.uepg.br\/deinfo\/engenharia-de-computacao\/coordenacao\/","title":{"rendered":"Coordena\u00e7\u00e3o"},"content":{"rendered":"<p><strong>ENGENHARIA DE COMPUTA\u00c7\u00c3O<\/strong><\/p>\n<p><strong>Coordenador de Curso:<\/strong> Prof. Dr. Luciano Jos\u00e9 Senger<br \/>\nE-mail: <a href=\"mailto:colecomp@uepg.br\">colecomp@uepg.br<\/a><br \/>\nTel.: (42) 3220-3729 \/ (42) 3220-3097<\/p>\n<p><strong>Vice-coordenador de Curso:<\/strong> Prof. Dr. Jonathan de Matos<br \/>\nE-mail: <a href=\"mailto:jonathan@uepg.br\">jonathan@uepg.br<\/a><\/p>\n<p><strong>Coordenador de Trabalhos de Conclus\u00e3o de Curso:<\/strong> Prof. Dr. M\u00e1rcio Augusto de Souza<br \/>\nE-mail: <a href=\"mailto:tcc.ec@deinfo.uepg.br\">tcc.ec@deinfo.uepg.br<\/a><\/p>\n<p><strong>Coordenador e Supervisor de Est\u00e1gios Curriculares:<\/strong> Profa. Dra. Rosane Falate<br \/>\nE-mail: <a href=\"mailto:estagio.ec@deinfo.uepg.br\">estagio.ec@deinfo.uepg.br<\/a><\/p>\n<p>Membros do Colegiado: Prof. Dr. Adriano Ferrasa., Profa. Dra. Leila Maria Vriesmann, Prof. Dr. Jaime Cohen<\/p>\n","protected":false},"excerpt":{"rendered":"<p>ENGENHARIA DE COMPUTA\u00c7\u00c3O Coordenador de Curso: Prof. Dr. Luciano Jos\u00e9 Senger E-mail: colecomp@uepg.br Tel.: (42) 3220-3729 \/ (42) 3220-3097 Vice-coordenador de Curso: Prof. Dr. Jonathan de Matos E-mail: jonathan@uepg.br Coordenador de Trabalhos de Conclus\u00e3o de Curso: Prof. Dr. M\u00e1rcio Augusto de Souza E-mail: tcc.ec@deinfo.uepg.br Coordenador e Supervisor de Est\u00e1gios Curriculares: Profa. Dra. Rosane Falate E-mail:&nbsp;&hellip;<\/p>\n","protected":false},"author":661,"featured_media":0,"parent":183,"menu_order":0,"comment_status":"closed","ping_status":"closed","template":"","meta":[],"_links":{"self":[{"href":"https:\/\/www2.uepg.br\/deinfo\/wp-json\/wp\/v2\/pages\/192"}],"collection":[{"href":"https:\/\/www2.uepg.br\/deinfo\/wp-json\/wp\/v2\/pages"}],"about":[{"href":"https:\/\/www2.uepg.br\/deinfo\/wp-json\/wp\/v2\/types\/page"}],"author":[{"embeddable":true,"href":"https:\/\/www2.uepg.br\/deinfo\/wp-json\/wp\/v2\/users\/661"}],"replies":[{"embeddable":true,"href":"https:\/\/www2.uepg.br\/deinfo\/wp-json\/wp\/v2\/comments?post=192"}],"version-history":[{"count":6,"href":"https:\/\/www2.uepg.br\/deinfo\/wp-json\/wp\/v2\/pages\/192\/revisions"}],"predecessor-version":[{"id":581,"href":"https:\/\/www2.uepg.br\/deinfo\/wp-json\/wp\/v2\/pages\/192\/revisions\/581"}],"up":[{"embeddable":true,"href":"https:\/\/www2.uepg.br\/deinfo\/wp-json\/wp\/v2\/pages\/183"}],"wp:attachment":[{"href":"https:\/\/www2.uepg.br\/deinfo\/wp-json\/wp\/v2\/media?parent=192"}],"curies":[{"name":"wp","href":"https:\/\/api.w.org\/{rel}","templated":true}]}}