{"id":210,"date":"2024-10-30T10:45:06","date_gmt":"2024-10-30T13:45:06","guid":{"rendered":"https:\/\/www2.uepg.br\/deinfo\/?page_id=210"},"modified":"2026-03-01T21:28:52","modified_gmt":"2026-03-02T00:28:52","slug":"coordenacao","status":"publish","type":"page","link":"https:\/\/www2.uepg.br\/deinfo\/licenciatura-em-computacao\/coordenacao\/","title":{"rendered":"Coordena\u00e7\u00e3o"},"content":{"rendered":"<h2>COORDENA\u00c7\u00c3O &#8211; LICENCIATURA EM COMPUTA\u00c7\u00c3O<\/h2>\n<p><b>Coordenador de Curso:<\/b>\u00a0Prof. Dr. Marcelo Ferrasa<br \/>\n<b>E-mails:\u00a0<\/b><a href=\"mailto:mferrasa@gmail.com\">mferrasa@gmail.com<\/a>\u00a0ou\u00a0<a href=\"mailto:deinfo@uepg.br\">deinfo@uepg.br<\/a><br \/>\n<b>Tel.:<\/b>\u00a0(42) 3220-3097<\/p>\n<p><a href=\"https:\/\/www2.uepg.br\/deinfo\/wp-content\/uploads\/sites\/277\/2026\/03\/MATRIZ-CURRICULAR-lic-em-Computacao-UAB.pdf\">Grade curricular<\/a><\/p>\n","protected":false},"excerpt":{"rendered":"<p>COORDENA\u00c7\u00c3O &#8211; LICENCIATURA EM COMPUTA\u00c7\u00c3O Coordenador de Curso:\u00a0Prof. Dr. Marcelo Ferrasa E-mails:\u00a0mferrasa@gmail.com\u00a0ou\u00a0deinfo@uepg.br Tel.:\u00a0(42) 3220-3097 Grade curricular<\/p>\n","protected":false},"author":661,"featured_media":0,"parent":207,"menu_order":0,"comment_status":"closed","ping_status":"closed","template":"","meta":[],"_links":{"self":[{"href":"https:\/\/www2.uepg.br\/deinfo\/wp-json\/wp\/v2\/pages\/210"}],"collection":[{"href":"https:\/\/www2.uepg.br\/deinfo\/wp-json\/wp\/v2\/pages"}],"about":[{"href":"https:\/\/www2.uepg.br\/deinfo\/wp-json\/wp\/v2\/types\/page"}],"author":[{"embeddable":true,"href":"https:\/\/www2.uepg.br\/deinfo\/wp-json\/wp\/v2\/users\/661"}],"replies":[{"embeddable":true,"href":"https:\/\/www2.uepg.br\/deinfo\/wp-json\/wp\/v2\/comments?post=210"}],"version-history":[{"count":6,"href":"https:\/\/www2.uepg.br\/deinfo\/wp-json\/wp\/v2\/pages\/210\/revisions"}],"predecessor-version":[{"id":545,"href":"https:\/\/www2.uepg.br\/deinfo\/wp-json\/wp\/v2\/pages\/210\/revisions\/545"}],"up":[{"embeddable":true,"href":"https:\/\/www2.uepg.br\/deinfo\/wp-json\/wp\/v2\/pages\/207"}],"wp:attachment":[{"href":"https:\/\/www2.uepg.br\/deinfo\/wp-json\/wp\/v2\/media?parent=210"}],"curies":[{"name":"wp","href":"https:\/\/api.w.org\/{rel}","templated":true}]}}