{"id":223,"date":"2024-10-30T10:49:43","date_gmt":"2024-10-30T13:49:43","guid":{"rendered":"https:\/\/www2.uepg.br\/deinfo\/?page_id=223"},"modified":"2024-10-30T10:49:43","modified_gmt":"2024-10-30T13:49:43","slug":"extensao","status":"publish","type":"page","link":"https:\/\/www2.uepg.br\/deinfo\/extensao\/","title":{"rendered":"Extens\u00e3o"},"content":{"rendered":"<h2>COMPETI\u00c7\u00d5ES DE INFORM\u00c1TICA<\/h2>\n<p><a href=\"https:\/\/sites.google.com\/uepg.br\/obi\" target=\"resource window\" rel=\"noopener\">Estrutura de Dados, Algoritmos e Desafios de Programa\u00e7\u00e3o<\/a>\u00a0O projeto tem como um dos objetivos auxiliar os alunos que participam de Ol\u00edmpiada Brasileira de Inform\u00e1tica (OBI). As atividades do projeto envolvem alunos de v\u00e1rios n\u00edveis educacionais (Ensino Fundamental, M\u00e9dio e Superior), e t\u00eam o intuito de despertar o interesse dos jovens em atividades que envolvam racioc\u00ednio l\u00f3gico e descobrir poss\u00edveis novos talentos.<\/p>\n<h2>MUSEU DA COMPUTA\u00c7\u00c3O<\/h2>\n<p>O projeto\u00a0<a href=\"https:\/\/museudacomputacao.deinfo.uepg.br\/\">Museu da Computa\u00e7\u00e3o<\/a>\u00a0ap\u00f3ia a reciclagem digital com a\u00e7\u00f5es de coleta, reuso e descarte de risiduos tecnologicos.<\/p>\n","protected":false},"excerpt":{"rendered":"<p>COMPETI\u00c7\u00d5ES DE INFORM\u00c1TICA Estrutura de Dados, Algoritmos e Desafios de Programa\u00e7\u00e3o\u00a0O projeto tem como um dos objetivos auxiliar os alunos que participam de Ol\u00edmpiada Brasileira de Inform\u00e1tica (OBI). As atividades do projeto envolvem alunos de v\u00e1rios n\u00edveis educacionais (Ensino Fundamental, M\u00e9dio e Superior), e t\u00eam o intuito de despertar o interesse dos jovens em atividades&nbsp;&hellip;<\/p>\n","protected":false},"author":661,"featured_media":0,"parent":0,"menu_order":0,"comment_status":"closed","ping_status":"closed","template":"","meta":[],"_links":{"self":[{"href":"https:\/\/www2.uepg.br\/deinfo\/wp-json\/wp\/v2\/pages\/223"}],"collection":[{"href":"https:\/\/www2.uepg.br\/deinfo\/wp-json\/wp\/v2\/pages"}],"about":[{"href":"https:\/\/www2.uepg.br\/deinfo\/wp-json\/wp\/v2\/types\/page"}],"author":[{"embeddable":true,"href":"https:\/\/www2.uepg.br\/deinfo\/wp-json\/wp\/v2\/users\/661"}],"replies":[{"embeddable":true,"href":"https:\/\/www2.uepg.br\/deinfo\/wp-json\/wp\/v2\/comments?post=223"}],"version-history":[{"count":1,"href":"https:\/\/www2.uepg.br\/deinfo\/wp-json\/wp\/v2\/pages\/223\/revisions"}],"predecessor-version":[{"id":224,"href":"https:\/\/www2.uepg.br\/deinfo\/wp-json\/wp\/v2\/pages\/223\/revisions\/224"}],"wp:attachment":[{"href":"https:\/\/www2.uepg.br\/deinfo\/wp-json\/wp\/v2\/media?parent=223"}],"curies":[{"name":"wp","href":"https:\/\/api.w.org\/{rel}","templated":true}]}}