{"id":242,"date":"2024-11-04T09:19:57","date_gmt":"2024-11-04T12:19:57","guid":{"rendered":"https:\/\/www2.uepg.br\/deinfo\/?page_id=242"},"modified":"2024-11-04T09:22:08","modified_gmt":"2024-11-04T12:22:08","slug":"laboratorio-automacao-e-robotica","status":"publish","type":"page","link":"https:\/\/www2.uepg.br\/deinfo\/laboratorio-automacao-e-robotica\/","title":{"rendered":"Automa\u00e7\u00e3o e Rob\u00f3tica"},"content":{"rendered":"<p><img loading=\"lazy\" class=\"size-full wp-image-243 aligncenter\" src=\"https:\/\/www2.uepg.br\/deinfo\/wp-content\/uploads\/sites\/277\/2024\/11\/AutRob1.jpg\" alt=\"\" width=\"800\" height=\"450\" \/><\/p>\n<p><img loading=\"lazy\" class=\"size-full wp-image-244 aligncenter\" src=\"https:\/\/www2.uepg.br\/deinfo\/wp-content\/uploads\/sites\/277\/2024\/11\/AutRob2.jpg\" alt=\"\" width=\"800\" height=\"450\" \/><\/p>\n","protected":false},"excerpt":{"rendered":"","protected":false},"author":661,"featured_media":0,"parent":0,"menu_order":0,"comment_status":"closed","ping_status":"closed","template":"","meta":[],"_links":{"self":[{"href":"https:\/\/www2.uepg.br\/deinfo\/wp-json\/wp\/v2\/pages\/242"}],"collection":[{"href":"https:\/\/www2.uepg.br\/deinfo\/wp-json\/wp\/v2\/pages"}],"about":[{"href":"https:\/\/www2.uepg.br\/deinfo\/wp-json\/wp\/v2\/types\/page"}],"author":[{"embeddable":true,"href":"https:\/\/www2.uepg.br\/deinfo\/wp-json\/wp\/v2\/users\/661"}],"replies":[{"embeddable":true,"href":"https:\/\/www2.uepg.br\/deinfo\/wp-json\/wp\/v2\/comments?post=242"}],"version-history":[{"count":1,"href":"https:\/\/www2.uepg.br\/deinfo\/wp-json\/wp\/v2\/pages\/242\/revisions"}],"predecessor-version":[{"id":245,"href":"https:\/\/www2.uepg.br\/deinfo\/wp-json\/wp\/v2\/pages\/242\/revisions\/245"}],"wp:attachment":[{"href":"https:\/\/www2.uepg.br\/deinfo\/wp-json\/wp\/v2\/media?parent=242"}],"curies":[{"name":"wp","href":"https:\/\/api.w.org\/{rel}","templated":true}]}}