{"id":275,"date":"2024-11-04T09:37:26","date_gmt":"2024-11-04T12:37:26","guid":{"rendered":"https:\/\/www2.uepg.br\/deinfo\/?page_id=275"},"modified":"2024-11-04T09:37:26","modified_gmt":"2024-11-04T12:37:26","slug":"regulamento-de-estagio-curricular","status":"publish","type":"page","link":"https:\/\/www2.uepg.br\/deinfo\/engenharia-de-software\/regulamento-de-estagio-curricular\/","title":{"rendered":"Regulamento de Est\u00e1gio Curricular &#8211; Engenharia de Software"},"content":{"rendered":"<dl>\n<dd><b>Carga Hor\u00e1ria M\u00ednima : 200h<\/b><\/dd>\n<\/dl>\n<p>&nbsp;<\/p>\n<h4>S\u00e3o consideradas atividades de est\u00e1gio<\/h4>\n<dl>\n<dd>\u00b7 Desenvolvimento integral de um sistema informatizado (an\u00e1lise, projeto e implementa\u00e7\u00e3o);<\/dd>\n<dd>\u00b7 Manuten\u00e7\u00e3o de programas instalados, testes de processamento, desempenho operacional, detec\u00e7\u00e3o e corre\u00e7\u00e3o de falhas existentes;<\/dd>\n<dd>\u00b7 Manuten\u00e7\u00e3o de equipamentos de inform\u00e1tica;<\/dd>\n<dd>\u00b7 Atividades docentes na \u00e1rea de inform\u00e1tica;<\/dd>\n<dd>\u00b7 Instala\u00e7\u00e3o, consultoria, administra\u00e7\u00e3o e gerenciamento de softwares de rede;<\/dd>\n<dd>\u00b7 Atividades de inicia\u00e7\u00e3o cient\u00edfica relacionadas \u00e0 \u00e1rea de inform\u00e1tica.<\/dd>\n<\/dl>\n<p>&nbsp;<\/p>\n<h4>Compete ao Estagi\u00e1rio<\/h4>\n<dl>\n<dd>\u00b7 Informar-se e cumprir as normas e regulamentos do est\u00e1gio;<\/dd>\n<dd>\u00b7 Definir, com o professor supervisor, o per\u00edodo, o campo e as condi\u00e7\u00f5es para o cumprimento do seu est\u00e1gio;<\/dd>\n<dd>\u00b7 Elaborar o plano de est\u00e1gio com o professor supervisor e com o supervisor t\u00e9cnico;<\/dd>\n<dd>\u00b7 Cumprir o plano de est\u00e1gio que foi estabelecido em conjunto com o professor supervisor e com o supervisor t\u00e9cnico;<\/dd>\n<dd>\u00b7 Firmar o termo de compromisso de est\u00e1gio com a unidade concedente;<\/dd>\n<dd>\u00b7 Apresentar, em data determinada, relat\u00f3rios ao professor supervisor;<\/dd>\n<dd>\u00b7 Apresentar, ao final de cada m\u00eas, controle de freq\u00fc\u00eancia devidamente assinada pelo supervisor t\u00e9cnico ao professor supervisor; o respeitar o sigilo da unidade concedente do est\u00e1gio e obedecer as normas por ela estabelecidas;<\/dd>\n<dd>\u00b7 Cumprir uma carga hor\u00e1ria de, no m\u00e1ximo, 4 (quatro) horas di\u00e1rias de est\u00e1gio.<\/dd>\n<\/dl>\n<p>&nbsp;<\/p>\n<h4>Ser\u00e1 considerado aprovado o acad\u00eamico que<\/h4>\n<dl>\n<dd>\u00b7 Obtiver a nota m\u00ednima, a qual ser\u00e1 obtida atrav\u00e9s da ficha de avalia\u00e7\u00e3o devidamente preenchida pelo supervisor t\u00e9cnico, pelo professor supervisor e pelo coordenador de est\u00e1gio, no aspecto global do est\u00e1gio;<\/dd>\n<dd>\u00b7 Cumprir a carga hor\u00e1ria m\u00ednima de est\u00e1gio;<\/dd>\n<dd>\u00b7 Apresentar os documentos referentes ao est\u00e1gio (plano de est\u00e1gio, relat\u00f3rios de atividades, controles de freq\u00fc\u00eancia).<\/dd>\n<\/dl>\n<p>&nbsp;<\/p>\n<h4>Documenta\u00e7\u00e3o<\/h4>\n<p><a href=\"https:\/\/deinfo.uepg.br\/estagio\/Plano%20de%20estagio.doc\">Modelo de Plano de Est\u00e1gio<\/a><br \/>\n<a href=\"https:\/\/deinfo.uepg.br\/estagio\/Relatorio%20de%20atividades.doc\">Modelo de Relat\u00f3rio de Atividades<\/a><br \/>\n<a href=\"https:\/\/deinfo.uepg.br\/estagio\/Controle%20Mensal.doc\">Modelo de Ficha de Controle Mensal de Freq\u00fc\u00eancia<\/a><\/p>\n","protected":false},"excerpt":{"rendered":"<p>Carga Hor\u00e1ria M\u00ednima : 200h &nbsp; S\u00e3o consideradas atividades de est\u00e1gio \u00b7 Desenvolvimento integral de um sistema informatizado (an\u00e1lise, projeto e implementa\u00e7\u00e3o); \u00b7 Manuten\u00e7\u00e3o de programas instalados, testes de processamento, desempenho operacional, detec\u00e7\u00e3o e corre\u00e7\u00e3o de falhas existentes; \u00b7 Manuten\u00e7\u00e3o de equipamentos de inform\u00e1tica; \u00b7 Atividades docentes na \u00e1rea de inform\u00e1tica; \u00b7 Instala\u00e7\u00e3o, consultoria, administra\u00e7\u00e3o&nbsp;&hellip;<\/p>\n","protected":false},"author":661,"featured_media":0,"parent":153,"menu_order":0,"comment_status":"closed","ping_status":"closed","template":"","meta":[],"_links":{"self":[{"href":"https:\/\/www2.uepg.br\/deinfo\/wp-json\/wp\/v2\/pages\/275"}],"collection":[{"href":"https:\/\/www2.uepg.br\/deinfo\/wp-json\/wp\/v2\/pages"}],"about":[{"href":"https:\/\/www2.uepg.br\/deinfo\/wp-json\/wp\/v2\/types\/page"}],"author":[{"embeddable":true,"href":"https:\/\/www2.uepg.br\/deinfo\/wp-json\/wp\/v2\/users\/661"}],"replies":[{"embeddable":true,"href":"https:\/\/www2.uepg.br\/deinfo\/wp-json\/wp\/v2\/comments?post=275"}],"version-history":[{"count":1,"href":"https:\/\/www2.uepg.br\/deinfo\/wp-json\/wp\/v2\/pages\/275\/revisions"}],"predecessor-version":[{"id":276,"href":"https:\/\/www2.uepg.br\/deinfo\/wp-json\/wp\/v2\/pages\/275\/revisions\/276"}],"up":[{"embeddable":true,"href":"https:\/\/www2.uepg.br\/deinfo\/wp-json\/wp\/v2\/pages\/153"}],"wp:attachment":[{"href":"https:\/\/www2.uepg.br\/deinfo\/wp-json\/wp\/v2\/media?parent=275"}],"curies":[{"name":"wp","href":"https:\/\/api.w.org\/{rel}","templated":true}]}}