{"id":280,"date":"2024-11-04T09:40:52","date_gmt":"2024-11-04T12:40:52","guid":{"rendered":"https:\/\/www2.uepg.br\/deinfo\/?page_id=280"},"modified":"2024-11-04T09:43:37","modified_gmt":"2024-11-04T12:43:37","slug":"regulamento-de-estagio-curricular","status":"publish","type":"page","link":"https:\/\/www2.uepg.br\/deinfo\/engenharia-de-computacao\/regulamento-de-estagio-curricular\/","title":{"rendered":"Regulamento de Est\u00e1gio Curricular"},"content":{"rendered":"<dl>\n<dt><b>Os Est\u00e1gios Curriculares compreendem os est\u00e1gios obrigat\u00f3rios e volunt\u00e1rios:<\/b><\/dt>\n<dd>\u00b7 Entende-se por Est\u00e1gio Obrigat\u00f3rio aquele desenvolvido mediante matr\u00edcula em disciplina espec\u00edfica do curr\u00edculo pleno do curso de gradua\u00e7\u00e3o.<\/dd>\n<dd>\u00b7 Entende-se por Est\u00e1gio Volunt\u00e1rio aquele desenvolvido por iniciativa do pr\u00f3prio acad\u00eamico, visando o enriquecimento de sua forma\u00e7\u00e3o.<\/dd>\n<dd>\u00b7 O Est\u00e1gio Volunt\u00e1rio n\u00e3o substitui o est\u00e1gio obrigat\u00f3rio.<\/dd>\n<\/dl>\n<p>Os Est\u00e1gios Curriculares, quando realizados em entidades p\u00fablicas ou privadas, dever\u00e3o ser precedidos da celebra\u00e7\u00e3o de Conv\u00eanio ou Acordo de Coopera\u00e7\u00e3o, periodicamente reexaminado, onde estar\u00e3o acordadas todas as condi\u00e7\u00f5es de sua realiza\u00e7\u00e3o. As atividades a serem desenvolvidas pelo estagi\u00e1rio, bem como todas as condi\u00e7\u00f5es de est\u00e1gio devem constar em Termo de Compromisso assinado pelo acad\u00eamico estagi\u00e1rio, pela unidade concedente e por representante da UEPG como \u00f3rg\u00e3o interveniente.<\/p>\n<dl>\n<dt><b>S\u00e3o documentos indispens\u00e1veis para a realiza\u00e7\u00e3o do est\u00e1gio:<\/b><\/dt>\n<dd>\u00b7 Termo de Conv\u00eanio ou Acordo de Coopera\u00e7\u00e3o celebrado entre a unidade concedente de est\u00e1gio e a UEPG;<\/dd>\n<dd>\u00b7 Termo de Compromisso de est\u00e1gio celebrado entre a unidade concedente e o acad\u00eamico estagi\u00e1rio em que conste o n\u00famero da ap\u00f3lice de seguro contra acidentes pessoais e o nome da companhia seguradora, com media\u00e7\u00e3o obrigat\u00f3ria da UEPG.<\/dd>\n<\/dl>\n<p>&nbsp;<\/p>\n<dl>\n<dt>O registro do est\u00e1gio nas p\u00e1ginas de &#8220;Anota\u00e7\u00f5es Gerais&#8221; da Carteira de Trabalho e Previd\u00eancia Social \u00e9 opcional por parte do acad\u00eamico e da unidade concedente de est\u00e1gio.<\/dt>\n<\/dl>\n<p>&nbsp;<\/p>\n<h4>1. Est\u00e1gio Curricular Obrigat\u00f3rio<\/h4>\n<p>A dura\u00e7\u00e3o do est\u00e1gio obrigat\u00f3rio n\u00e3o poder\u00e1 ser inferior a um semestre letivo, e dever\u00e1 ter a carga hor\u00e1ria m\u00ednima de 340* (trezentos e quarenta) horas no campo de est\u00e1gio, al\u00e9m de 17 horas de atividade em sala de aula para orienta\u00e7\u00e3o pelo professor supervisor.<br \/>\n* Para os alunos ingressantes entre os anos de 2001 e 2004, considera-se carga hor\u00e1ria m\u00ednima de 170 (cento e setenta) horas no campo de est\u00e1gio.<br \/>\nEm casos excepcionais e a crit\u00e9rio do Colegiado de Curso, o est\u00e1gio poder\u00e1 ser desenvolvido de forma concentrada, respeitando-se a carga hor\u00e1ria prevista para o est\u00e1gio.<\/p>\n<dl>\n<dt><b>S\u00e3o consideradas atividades de est\u00e1gio:<\/b><\/dt>\n<dd>\u00b7 Desenvolvimento integral de um sistema informatizado de software e\/ou hardware (an\u00e1lise, projeto e implementa\u00e7\u00e3o);<\/dd>\n<dd>\u00b7 Manuten\u00e7\u00e3o de software e\/ou hardware;<\/dd>\n<dd>\u00b7 Manuten\u00e7\u00e3o de equipamentos de inform\u00e1tica;<\/dd>\n<dd>\u00b7 Atividades docentes na \u00e1rea de inform\u00e1tica;<\/dd>\n<dd>\u00b7 Instala\u00e7\u00e3o, consultoria, administra\u00e7\u00e3o e gerenciamento de software e\/ou hardware de rede.<\/dd>\n<\/dl>\n<p>A supervis\u00e3o de est\u00e1gio deve ser entendida como orienta\u00e7\u00e3o fornecida ao acad\u00eamico no decorrer do est\u00e1gio, por docente da UEPG e por profissionais do campo de est\u00e1gio, de forma a proporcionar ao estagi\u00e1rio o pleno desempenho de a\u00e7\u00f5es, princ\u00edpios e valores inerentes \u00e0 realidade da profiss\u00e3o em que se processa a vida pr\u00e1tica.<br \/>\nA supervis\u00e3o do est\u00e1gio do curso de Engenharia de Computa\u00e7\u00e3o dar-se-\u00e1 na modalidade de supervis\u00e3o indireta atrav\u00e9s do acompanhamento feito pelo Professor Supervisor por meio de relat\u00f3rios, reuni\u00f5es e contatos com o profissional respons\u00e1vel pelo estagi\u00e1rio.<br \/>\nNo est\u00e1gio de supervis\u00e3o indireta, ser\u00e1 obrigat\u00f3ria a presen\u00e7a de profissional qualificado, designado pela unidade concedente de est\u00e1gio como Supervisor T\u00e9cnico, que ser\u00e1 respons\u00e1vel pela supervis\u00e3o direta do estagi\u00e1rio.<\/p>\n<h4>1.2. Documenta\u00e7\u00e3o e obriga\u00e7\u00f5es do estagi\u00e1rio<\/h4>\n<p><b>Compete ao Estagi\u00e1rio:<\/b><\/p>\n<dl>\n<dd>\u00b7 Informar-se e cumprir as normas e regulamentos do est\u00e1gio;<\/dd>\n<dd>\u00b7 Definir, com o Professor Supervisor, o per\u00edodo, o campo e as condi\u00e7\u00f5es para o cumprimento do seu est\u00e1gio;<\/dd>\n<dd>\u00b7 Elaborar o plano de est\u00e1gio com o Professor Supervisor e com o Supervisor T\u00e9cnico;<\/dd>\n<dd>\u00b7 Cumprir o plano de est\u00e1gio que foi estabelecido em conjunto com o Professor Supervisor e com o Supervisor T\u00e9cnico;<\/dd>\n<dd>\u00b7 Firmar o termo de compromisso de est\u00e1gio com a unidade concedente;<\/dd>\n<dd>\u00b7 Apresentar, em data determinada, relat\u00f3rios ao Professor Supervisor;<\/dd>\n<dd>\u00b7 Apresentar, ao final de cada m\u00eas, controle de freq\u00fc\u00eancia devidamente assinada pelo Supervisor T\u00e9cnico ao Professor Supervisor;<\/dd>\n<dd>\u00b7 Respeitar o sigilo da unidade concedente do est\u00e1gio e obedecer \u00e0s normas por ela estabelecidas;<\/dd>\n<dd>\u00b7 Apresentar oralmente, ap\u00f3s a conclus\u00e3o do est\u00e1gio, semin\u00e1rio relativo \u00e0s atividades realizadas.<\/dd>\n<\/dl>\n<p>&nbsp;<\/p>\n<dl>\n<dt><b>Os seguintes documentos devem ser entregues pelos estagi\u00e1rios ao professor supervisor:<\/b><\/dt>\n<\/dl>\n<p><a href=\"https:\/\/deinfo.uepg.br\/estagio\/Plano.doc\">\u00b7 Plano de est\u00e1gio;<\/a><a href=\"https:\/\/deinfo.uepg.br\/estagio\/Controle.doc\">\u00b7 Controle de freq\u00fc\u00eancia mensal;<\/a><a href=\"https:\/\/deinfo.uepg.br\/estagio\/Controle.doc\">\u00b7 Relat\u00f3rio de atividades;<\/a><a href=\"https:\/\/deinfo.uepg.br\/estagio\/Ficha.doc\">\u00b7 Ficha cadastral da unidade concedente do est\u00e1gio.<\/a><\/p>\n<h4>1.3. Avalia\u00e7\u00e3o do Est\u00e1gio<\/h4>\n<dl>A aprova\u00e7\u00e3o na disciplina de est\u00e1gio exigir\u00e1 freq\u00fc\u00eancia m\u00ednima de 75% (setenta e cinco por cento) da carga hor\u00e1ria em sala de aula com o professor supervisor (17 horas) e nota m\u00ednima 7,0 (sete), numa escala de 0 (zero) a 10,0 (dez).<\/dl>\n<p>&nbsp;<\/p>\n<dl>\n<dt><b>Ser\u00e1 considerado aprovado o acad\u00eamico que:<\/b><\/dt>\n<\/dl>\n<dl>\n<dd>\u00b7 Obtiver a nota m\u00ednima, a qual ser\u00e1 obtida atrav\u00e9s da ficha de avalia\u00e7\u00e3o devidamente preenchida pelo Supervisor T\u00e9cnico, pelo Professor Supervisor e pela apresenta\u00e7\u00e3o oral do seu relat\u00f3rio;<\/dd>\n<dd><\/dd>\n<dd>\u00b7 Cumprir a carga hor\u00e1ria de 340 (trezentos e quarenta) horas de est\u00e1gio, ou 170 (cento e setenta) horas para os alunos ingressante entre 2001 e 2004;<\/dd>\n<dd><\/dd>\n<dd>\u00b7 Apresentar os documentos referentes ao est\u00e1gio (plano de est\u00e1gio, relat\u00f3rio de atividades, controles de freq\u00fc\u00eancia).<\/dd>\n<dd><\/dd>\n<dt>A nota final (NF) do est\u00e1gio a ser encaminhada \u00e0 PROGRAD, ao final do semestre letivo, ser\u00e1 calculada pela seguinte formula:<\/dt>\n<\/dl>\n<p>&nbsp;<\/p>\n<dl>\n<dd>\u00a0\u00a0\u00a0\u00a0 NF= (4Nst + 3Nr + 3Nse)\/10<\/dd>\n<\/dl>\n<p>&nbsp;<\/p>\n<dl>\n<dd>\u00a0\u00a0\u00a0\u00a0 Onde : Nst =\u00a0<a href=\"https:\/\/deinfo.uepg.br\/estagio\/Ficha1.doc\">nota do Supervisor T\u00e9cnico<\/a><\/dd>\n<dd>\u00a0\u00a0\u00a0\u00a0\u00a0\u00a0\u00a0\u00a0\u00a0\u00a0\u00a0\u00a0\u00a0\u00a0\u00a0\u00a0 Nr =\u00a0<a href=\"https:\/\/deinfo.uepg.br\/estagio\/Ficha2.doc\">nota obtida na avalia\u00e7\u00e3o do relat\u00f3rio escrito<\/a><\/dd>\n<dd>\u00a0\u00a0\u00a0\u00a0\u00a0\u00a0\u00a0\u00a0\u00a0\u00a0\u00a0\u00a0\u00a0\u00a0\u00a0\u00a0 Ns =\u00a0<a href=\"https:\/\/deinfo.uepg.br\/estagio\/Ficha3.doc\">nota obtida na avalia\u00e7\u00e3o oral<\/a><\/dd>\n<\/dl>\n<p>N\u00e3o se aplicam ao est\u00e1gio as normas referentes a Exame Final e Plano de Acompanhamento de Estudos.<\/p>\n<h4>2. Est\u00e1gio Curricular Volunt\u00e1rio<\/h4>\n<p>O Est\u00e1gio Volunt\u00e1rio pode ser realizado por acad\u00eamicos regularmente matriculados desde que n\u00e3o cause preju\u00edzo \u00e0s atividades regulares do curso. A realiza\u00e7\u00e3o de Est\u00e1gio Volunt\u00e1rio, por acad\u00eamicos do curso de Engenharia de Computa\u00e7\u00e3o, dar-se-\u00e1 com a ci\u00eancia do Coordenador de Est\u00e1gio e, na falta deste, do Coordenador de Curso.<br \/>\nAs atividades previstas para o Est\u00e1gio Volunt\u00e1rio dever\u00e3o estar relacionadas \u00e0 especificidade do Curso, de forma a garantir o aprimoramento da forma\u00e7\u00e3o acad\u00eamica e profissional.<br \/>\nO Est\u00e1gio Volunt\u00e1rio poder\u00e1 ser aproveitado para os estudos independentes ou atividades complementares.<br \/>\n\u00c9 vedada ao acad\u00eamico a realiza\u00e7\u00e3o de est\u00e1gios volunt\u00e1rios concomitantes.<\/p>\n<p><b>Caber\u00e1 \u00e0 unidade concedente de est\u00e1gio:<\/b>\u00b7 Designar um Supervisor T\u00e9cnico de est\u00e1gio para acompanhar o estagi\u00e1rio em suas atividades;\u00b7 Fornecer, ao final do est\u00e1gio, declara\u00e7\u00e3o comprobat\u00f3ria de sua realiza\u00e7\u00e3o onde dever\u00e3o constar, entre outros dados, nome do estagi\u00e1rio, per\u00edodo de realiza\u00e7\u00e3o, total de horas cumpridas, local e nome do respons\u00e1vel pelo est\u00e1gio realizado.<\/p>\n","protected":false},"excerpt":{"rendered":"<p>Os Est\u00e1gios Curriculares compreendem os est\u00e1gios obrigat\u00f3rios e volunt\u00e1rios: \u00b7 Entende-se por Est\u00e1gio Obrigat\u00f3rio aquele desenvolvido mediante matr\u00edcula em disciplina espec\u00edfica do curr\u00edculo pleno do curso de gradua\u00e7\u00e3o. \u00b7 Entende-se por Est\u00e1gio Volunt\u00e1rio aquele desenvolvido por iniciativa do pr\u00f3prio acad\u00eamico, visando o enriquecimento de sua forma\u00e7\u00e3o. \u00b7 O Est\u00e1gio Volunt\u00e1rio n\u00e3o substitui o est\u00e1gio obrigat\u00f3rio.&nbsp;&hellip;<\/p>\n","protected":false},"author":661,"featured_media":0,"parent":183,"menu_order":0,"comment_status":"closed","ping_status":"closed","template":"","meta":[],"_links":{"self":[{"href":"https:\/\/www2.uepg.br\/deinfo\/wp-json\/wp\/v2\/pages\/280"}],"collection":[{"href":"https:\/\/www2.uepg.br\/deinfo\/wp-json\/wp\/v2\/pages"}],"about":[{"href":"https:\/\/www2.uepg.br\/deinfo\/wp-json\/wp\/v2\/types\/page"}],"author":[{"embeddable":true,"href":"https:\/\/www2.uepg.br\/deinfo\/wp-json\/wp\/v2\/users\/661"}],"replies":[{"embeddable":true,"href":"https:\/\/www2.uepg.br\/deinfo\/wp-json\/wp\/v2\/comments?post=280"}],"version-history":[{"count":1,"href":"https:\/\/www2.uepg.br\/deinfo\/wp-json\/wp\/v2\/pages\/280\/revisions"}],"predecessor-version":[{"id":281,"href":"https:\/\/www2.uepg.br\/deinfo\/wp-json\/wp\/v2\/pages\/280\/revisions\/281"}],"up":[{"embeddable":true,"href":"https:\/\/www2.uepg.br\/deinfo\/wp-json\/wp\/v2\/pages\/183"}],"wp:attachment":[{"href":"https:\/\/www2.uepg.br\/deinfo\/wp-json\/wp\/v2\/media?parent=280"}],"curies":[{"name":"wp","href":"https:\/\/api.w.org\/{rel}","templated":true}]}}