{"id":291,"date":"2024-11-07T08:57:01","date_gmt":"2024-11-07T11:57:01","guid":{"rendered":"https:\/\/www2.uepg.br\/deinfo\/?page_id=291"},"modified":"2026-02-26T22:28:12","modified_gmt":"2026-02-27T01:28:12","slug":"tcc","status":"publish","type":"page","link":"https:\/\/www2.uepg.br\/deinfo\/tcc\/","title":{"rendered":"Trabalho de Conclus\u00e3o de Curso (TCC)"},"content":{"rendered":"<div id=\"pl-291\"  class=\"panel-layout\" ><div id=\"pg-291-0\"  class=\"panel-grid panel-no-style\" ><div id=\"pgc-291-0-0\"  class=\"panel-grid-cell\" ><div id=\"panel-291-0-0-0\" class=\"so-panel widget widget_sow-editor panel-first-child panel-last-child\" data-index=\"0\" ><div\n\t\t\t\n\t\t\tclass=\"so-widget-sow-editor so-widget-sow-editor-base\"\n\t\t\t\n\t\t>\n<div class=\"siteorigin-widget-tinymce textwidget\">\n\t<h3 style=\"text-align: center\">Engenharia de Computa\u00e7\u00e3o\/Engenharia de Software<\/h3>\n<p style=\"text-align: center\">Esta p\u00e1gina apresenta todas as informa\u00e7\u00f5es relacionadas a disciplina de Orienta\u00e7\u00e3o de Trabalho de Conclus\u00e3o de Curso (OTCC) para os alunos de Engenharia de Computa\u00e7\u00e3o e Engenharia de Software da Universidade Estadual de Ponta Grossa (UEPG), que est\u00e3o cursando o \u00faltimo ano letivo.<\/p>\n<\/div>\n<\/div><\/div><\/div><\/div><div id=\"pg-291-1\"  class=\"panel-grid panel-no-style\" ><div id=\"pgc-291-1-0\"  class=\"panel-grid-cell panel-grid-cell-empty\" ><\/div><div id=\"pgc-291-1-1\"  class=\"panel-grid-cell panel-grid-cell-mobile-last\" ><div id=\"panel-291-1-1-0\" class=\"so-panel widget widget_sow-button panel-first-child panel-last-child\" data-index=\"1\" ><div\n\t\t\t\n\t\t\tclass=\"so-widget-sow-button so-widget-sow-button-wire-7aa1e8090a73-291\"\n\t\t\t\n\t\t><div class=\"ow-button-base ow-button-align-center\">\n\t<a href=\"https:\/\/www2.uepg.br\/deinfo\/tcc\/saiba-mais\/\" class=\"ow-icon-placement-left ow-button-hover\" \t\t>\n\t\t<span>\n\t\t\t<span class=\"sow-icon-genericons\" data-sow-icon=\"&#xf455;\"\n\t\t \n\t\taria-hidden=\"true\"><\/span>\n\t\t\tSaiba mais\t\t<\/span>\n\t<\/a>\n<\/div>\n<\/div><\/div><\/div><div id=\"pgc-291-1-2\"  class=\"panel-grid-cell panel-grid-cell-empty\" ><\/div><\/div><div id=\"pg-291-2\"  class=\"panel-grid panel-no-style\" ><div id=\"pgc-291-2-0\"  class=\"panel-grid-cell panel-grid-cell-empty panel-grid-cell-mobile-last\" ><\/div><div id=\"pgc-291-2-1\"  class=\"panel-grid-cell panel-grid-cell-empty\" ><\/div><\/div><div id=\"pg-291-3\"  class=\"panel-grid panel-no-style\" ><div id=\"pgc-291-3-0\"  class=\"panel-grid-cell\" ><div id=\"panel-291-3-0-0\" class=\"so-panel widget widget_sow-editor panel-first-child\" data-index=\"2\" ><div\n\t\t\t\n\t\t\tclass=\"so-widget-sow-editor so-widget-sow-editor-base\"\n\t\t\t\n\t\t>\n<div class=\"siteorigin-widget-tinymce textwidget\">\n\t<h3 style=\"text-align: center\">Orientadores<\/h3>\n<p style=\"text-align: center\">Descubra um orientador que tem maior conhecimento na \u00e1rea do seu TCC. A lista exp\u00f5e orientadores e suas \u00e1reas de interesse.<\/p>\n<\/div>\n<\/div><\/div><div id=\"panel-291-3-0-1\" class=\"so-panel widget widget_sow-editor\" data-index=\"3\" ><div\n\t\t\t\n\t\t\tclass=\"so-widget-sow-editor so-widget-sow-editor-base\"\n\t\t\t\n\t\t>\n<div class=\"siteorigin-widget-tinymce textwidget\">\n\t<\/div>\n<\/div><\/div><div id=\"panel-291-3-0-2\" class=\"so-panel widget widget_sow-button panel-last-child\" data-index=\"4\" ><div\n\t\t\t\n\t\t\tclass=\"so-widget-sow-button so-widget-sow-button-wire-7aa1e8090a73-291\"\n\t\t\t\n\t\t><div class=\"ow-button-base ow-button-align-center\">\n\t<a href=\"https:\/\/www2.uepg.br\/deinfo\/tcc\/orientadores\/\" class=\"ow-icon-placement-left ow-button-hover\" \t\t>\n\t\t<span>\n\t\t\t<span class=\"sow-icon-fontawesome sow-fas\" data-sow-icon=\"&#xf406;\"\n\t\t \n\t\taria-hidden=\"true\"><\/span>\n\t\t\tOrientadores\t\t<\/span>\n\t<\/a>\n<\/div>\n<\/div><\/div><\/div><div id=\"pgc-291-3-1\"  class=\"panel-grid-cell\" ><div id=\"panel-291-3-1-0\" class=\"so-panel widget widget_sow-editor panel-first-child\" data-index=\"5\" ><div\n\t\t\t\n\t\t\tclass=\"so-widget-sow-editor so-widget-sow-editor-base\"\n\t\t\t\n\t\t>\n<div class=\"siteorigin-widget-tinymce textwidget\">\n\t<h3 style=\"text-align: center\">Cronograma<\/h3>\n<p style=\"text-align: center\">Fique atento aos prazos e detalhes para a entrega dos documentos da disciplina de OTCC. Os prazos devem ser rigorosamente seguidos.<\/p>\n<\/div>\n<\/div><\/div><div id=\"panel-291-3-1-1\" class=\"so-panel widget widget_sow-editor\" data-index=\"6\" ><div\n\t\t\t\n\t\t\tclass=\"so-widget-sow-editor so-widget-sow-editor-base\"\n\t\t\t\n\t\t>\n<div class=\"siteorigin-widget-tinymce textwidget\">\n\t<\/div>\n<\/div><\/div><div id=\"panel-291-3-1-2\" class=\"so-panel widget widget_sow-button panel-last-child\" data-index=\"7\" ><div\n\t\t\t\n\t\t\tclass=\"so-widget-sow-button so-widget-sow-button-wire-7aa1e8090a73-291\"\n\t\t\t\n\t\t><div class=\"ow-button-base ow-button-align-center\">\n\t<a href=\"https:\/\/www2.uepg.br\/deinfo\/tcc\/cronograma\/\" class=\"ow-icon-placement-left ow-button-hover\" \t\t>\n\t\t<span>\n\t\t\t<span class=\"sow-icon-fontawesome sow-far\" data-sow-icon=\"&#xf073;\"\n\t\t \n\t\taria-hidden=\"true\"><\/span>\n\t\t\tCronograma\t\t<\/span>\n\t<\/a>\n<\/div>\n<\/div><\/div><\/div><div id=\"pgc-291-3-2\"  class=\"panel-grid-cell\" ><div id=\"panel-291-3-2-0\" class=\"so-panel widget widget_sow-editor panel-first-child\" data-index=\"8\" ><div\n\t\t\t\n\t\t\tclass=\"so-widget-sow-editor so-widget-sow-editor-base\"\n\t\t\t\n\t\t>\n<div class=\"siteorigin-widget-tinymce textwidget\">\n\t<h3 style=\"text-align: center\">Documentos<\/h3>\n<p style=\"text-align: center\">Aqui voc\u00ea encontrar\u00e1 todos os documentos essenciais, manuais e modelos utilizados nas diversas etapas necess\u00e1rias para o TCC.<\/p>\n<\/div>\n<\/div><\/div><div id=\"panel-291-3-2-1\" class=\"so-panel widget widget_sow-editor\" data-index=\"9\" ><div\n\t\t\t\n\t\t\tclass=\"so-widget-sow-editor so-widget-sow-editor-base\"\n\t\t\t\n\t\t>\n<div class=\"siteorigin-widget-tinymce textwidget\">\n\t<\/div>\n<\/div><\/div><div id=\"panel-291-3-2-2\" class=\"so-panel widget widget_sow-button panel-last-child\" data-index=\"10\" ><div\n\t\t\t\n\t\t\tclass=\"so-widget-sow-button so-widget-sow-button-wire-7aa1e8090a73-291\"\n\t\t\t\n\t\t><div class=\"ow-button-base ow-button-align-center\">\n\t<a href=\"https:\/\/www2.uepg.br\/deinfo\/tcc\/tcc-documentos\/\" class=\"ow-icon-placement-left ow-button-hover\" \t\t>\n\t\t<span>\n\t\t\t<span class=\"sow-icon-fontawesome sow-far\" data-sow-icon=\"&#xf15c;\"\n\t\t \n\t\taria-hidden=\"true\"><\/span>\n\t\t\tDocumentos\t\t<\/span>\n\t<\/a>\n<\/div>\n<\/div><\/div><\/div><div id=\"pgc-291-3-3\"  class=\"panel-grid-cell\" ><div id=\"panel-291-3-3-0\" class=\"so-panel widget widget_sow-editor panel-first-child panel-last-child\" data-index=\"11\" ><div\n\t\t\t\n\t\t\tclass=\"so-widget-sow-editor so-widget-sow-editor-base\"\n\t\t\t\n\t\t>\n<div class=\"siteorigin-widget-tinymce textwidget\">\n\t<h3 style=\"text-align: center\">Contato<\/h3>\n<p style=\"text-align: center\">Eng. de Computa\u00e7\u00e3o:<a href=\"mailto:#\"> tcc.ec@deinfo.uepg.br<\/a><\/p>\n<p style=\"text-align: center\">Eng. de Software: <a href=\"mailto:#\">tcc.es@deinfo.uepg.br<\/a><\/p>\n<\/div>\n<\/div><\/div><\/div><\/div><\/div>","protected":false},"excerpt":{"rendered":"<p>Engenharia de Computa\u00e7\u00e3o\/Engenharia de Software Esta p\u00e1gina apresenta todas as informa\u00e7\u00f5es relacionadas a disciplina de Orienta\u00e7\u00e3o de Trabalho de Conclus\u00e3o de Curso (OTCC) para os alunos de Engenharia de Computa\u00e7\u00e3o e Engenharia de Software da Universidade Estadual de Ponta Grossa (UEPG), que est\u00e3o cursando o \u00faltimo ano letivo.<\/p>\n","protected":false},"author":738,"featured_media":470,"parent":0,"menu_order":0,"comment_status":"closed","ping_status":"closed","template":"","meta":[],"_links":{"self":[{"href":"https:\/\/www2.uepg.br\/deinfo\/wp-json\/wp\/v2\/pages\/291"}],"collection":[{"href":"https:\/\/www2.uepg.br\/deinfo\/wp-json\/wp\/v2\/pages"}],"about":[{"href":"https:\/\/www2.uepg.br\/deinfo\/wp-json\/wp\/v2\/types\/page"}],"author":[{"embeddable":true,"href":"https:\/\/www2.uepg.br\/deinfo\/wp-json\/wp\/v2\/users\/738"}],"replies":[{"embeddable":true,"href":"https:\/\/www2.uepg.br\/deinfo\/wp-json\/wp\/v2\/comments?post=291"}],"version-history":[{"count":77,"href":"https:\/\/www2.uepg.br\/deinfo\/wp-json\/wp\/v2\/pages\/291\/revisions"}],"predecessor-version":[{"id":505,"href":"https:\/\/www2.uepg.br\/deinfo\/wp-json\/wp\/v2\/pages\/291\/revisions\/505"}],"wp:featuredmedia":[{"embeddable":true,"href":"https:\/\/www2.uepg.br\/deinfo\/wp-json\/wp\/v2\/media\/470"}],"wp:attachment":[{"href":"https:\/\/www2.uepg.br\/deinfo\/wp-json\/wp\/v2\/media?parent=291"}],"curies":[{"name":"wp","href":"https:\/\/api.w.org\/{rel}","templated":true}]}}