{"id":319,"date":"2024-11-07T09:30:56","date_gmt":"2024-11-07T12:30:56","guid":{"rendered":"https:\/\/www2.uepg.br\/deinfo\/?page_id=319"},"modified":"2026-03-02T19:40:15","modified_gmt":"2026-03-02T22:40:15","slug":"saiba-mais","status":"publish","type":"page","link":"https:\/\/www2.uepg.br\/deinfo\/tcc\/saiba-mais\/","title":{"rendered":"Saiba mais"},"content":{"rendered":"<div class=\"modal-body muted\">\n<h2 style=\"text-align: center\"><\/h2>\n<p><span style=\"color: #000000\">O Trabalho de Conclus\u00e3o de Curso \u2013 TCC constitui-se numa atividade acad\u00eamica de sistematiza\u00e7\u00e3o do conhecimento sobre um objeto de estudo pertinente \u00e0 profiss\u00e3o ou curso de gradua\u00e7\u00e3o desenvolvido mediante controle, orienta\u00e7\u00e3o e avalia\u00e7\u00e3o docente, cuja exig\u00eancia \u00e9 um requisito essencial e obrigat\u00f3rio para a obten\u00e7\u00e3o do diploma.<\/span><\/p>\n<p><span style=\"color: #000000\">O TCC ser\u00e1 desenvolvido por meio de disciplina obrigat\u00f3ria, denominada Orienta\u00e7\u00e3o de Trabalho de Conclus\u00e3o de Curso \u2013 OTCC.<\/span><\/p>\n<ul>\n<li><span style=\"color: #000000\">A carga hor\u00e1ria desta disciplina ser\u00e1 de 34 horas, desenvolvidas durante um ano letivo.<\/span><\/li>\n<li><span style=\"color: #000000\">Para o curso de Engenharia de Computa\u00e7\u00e3o, poder\u00e1 ser elaborado de forma individual ou em equipe de dois acad\u00eamicos.<\/span><\/li>\n<li><span style=\"color: #000000\">Para o curso de Engenharia de Software, poder\u00e1 ser elaborado de forma individual ou em equipe de dois ou tr\u00eas acad\u00eamicos.<\/span><\/li>\n<li><span style=\"color: #000000\">O regulamento prev\u00ea o controle de frequ\u00eancia dos acad\u00eamicos.<\/span><\/li>\n<li><span style=\"color: #000000\">O TCC poder\u00e1 ser desenvolvido no formato de monografia ou artigo cient\u00edfico.<\/span><\/li>\n<\/ul>\n<p><span style=\"color: #000000\">S\u00e3o objetivos do TCC:<\/span><\/p>\n<ul>\n<li><span style=\"color: #000000\">oportunizar ao acad\u00eamico a inicia\u00e7\u00e3o \u00e0 pesquisa;<\/span><\/li>\n<li><span style=\"color: #000000\">sistematizar o conhecimento adquirido no decorrer do curso;<\/span><\/li>\n<li><span style=\"color: #000000\">garantir a abordagem cient\u00edfica de temas relacionados \u00e0 pr\u00e1tica profissional, inserida na din\u00e2mica da realidade local, regional e nacional;<\/span><\/li>\n<li><span style=\"color: #000000\">subsidiar o processo de ensino, contribuindo para a retroalimenta\u00e7\u00e3o dos conte\u00fados program\u00e1ticos das disciplinas integrantes do curr\u00edculo.<\/span><\/li>\n<\/ul>\n<p><a href=\"https:\/\/www2.uepg.br\/deinfo\/tcc\/\">Voltar<\/a><\/p>\n<\/div>\n","protected":false},"excerpt":{"rendered":"<p>O Trabalho de Conclus\u00e3o de Curso \u2013 TCC constitui-se numa atividade acad\u00eamica de sistematiza\u00e7\u00e3o do conhecimento sobre um objeto de estudo pertinente \u00e0 profiss\u00e3o ou curso de gradua\u00e7\u00e3o desenvolvido mediante controle, orienta\u00e7\u00e3o e avalia\u00e7\u00e3o docente, cuja exig\u00eancia \u00e9 um requisito essencial e obrigat\u00f3rio para a obten\u00e7\u00e3o do diploma. O TCC ser\u00e1 desenvolvido por meio de&nbsp;&hellip;<\/p>\n","protected":false},"author":738,"featured_media":470,"parent":291,"menu_order":0,"comment_status":"closed","ping_status":"closed","template":"","meta":[],"_links":{"self":[{"href":"https:\/\/www2.uepg.br\/deinfo\/wp-json\/wp\/v2\/pages\/319"}],"collection":[{"href":"https:\/\/www2.uepg.br\/deinfo\/wp-json\/wp\/v2\/pages"}],"about":[{"href":"https:\/\/www2.uepg.br\/deinfo\/wp-json\/wp\/v2\/types\/page"}],"author":[{"embeddable":true,"href":"https:\/\/www2.uepg.br\/deinfo\/wp-json\/wp\/v2\/users\/738"}],"replies":[{"embeddable":true,"href":"https:\/\/www2.uepg.br\/deinfo\/wp-json\/wp\/v2\/comments?post=319"}],"version-history":[{"count":12,"href":"https:\/\/www2.uepg.br\/deinfo\/wp-json\/wp\/v2\/pages\/319\/revisions"}],"predecessor-version":[{"id":563,"href":"https:\/\/www2.uepg.br\/deinfo\/wp-json\/wp\/v2\/pages\/319\/revisions\/563"}],"up":[{"embeddable":true,"href":"https:\/\/www2.uepg.br\/deinfo\/wp-json\/wp\/v2\/pages\/291"}],"wp:featuredmedia":[{"embeddable":true,"href":"https:\/\/www2.uepg.br\/deinfo\/wp-json\/wp\/v2\/media\/470"}],"wp:attachment":[{"href":"https:\/\/www2.uepg.br\/deinfo\/wp-json\/wp\/v2\/media?parent=319"}],"curies":[{"name":"wp","href":"https:\/\/api.w.org\/{rel}","templated":true}]}}