{"id":325,"date":"2024-11-07T09:35:00","date_gmt":"2024-11-07T12:35:00","guid":{"rendered":"https:\/\/www2.uepg.br\/deinfo\/?page_id=325"},"modified":"2026-03-13T12:33:21","modified_gmt":"2026-03-13T15:33:21","slug":"orientadores","status":"publish","type":"page","link":"https:\/\/www2.uepg.br\/deinfo\/tcc\/orientadores\/","title":{"rendered":"Orientadores"},"content":{"rendered":"<h2 style=\"text-align: center\"><\/h2>\n<table class=\"table table-striped table-bordered\">\n<thead>\n<tr>\n<th width=\"30%\">Nome<\/th>\n<th>\u00c1reas de Interesse<\/th>\n<\/tr>\n<\/thead>\n<tbody>\n<tr>\n<td class=\"muted\"><span style=\"color: #000000\">Adriano Ferrasa<\/span><\/td>\n<td class=\"text-info\"><span style=\"color: #000000\">Bioinform\u00e1tica, Sistemas Web, Engenharia de Software<\/span><\/td>\n<\/tr>\n<tr>\n<td class=\"muted\"><span style=\"color: #000000\">Arion de Campos Junior<\/span><\/td>\n<td class=\"text-info\"><span style=\"color: #000000\">Algoritmos evolucion\u00e1rios, Computa\u00e7\u00e3o bioinspirada, Otimiza\u00e7\u00e3o, IA, Sistemas Operacionais<\/span><\/td>\n<\/tr>\n<tr>\n<td class=\"muted\"><span style=\"color: #000000\">Dierone C\u00e9sar Foltran Jr.<\/span><\/td>\n<td class=\"text-info\"><span style=\"color: #000000\">Redes de computadores, Educa\u00e7\u00e3o especial, Tecnologias assistivas, Sistemas embarcados, Sistemas distribu\u00eddos, Internet das Coisas (IoT), Dom\u00f3tica (Casa inteligente)<\/span><\/td>\n<\/tr>\n<tr>\n<td class=\"muted\"><span style=\"color: #000000\">Diolete Marcante Lati Cerutti<\/span><\/td>\n<td class=\"text-info\"><span style=\"color: #000000\">Software educacional, Inform\u00e1tica aplicada \u00e0 educa\u00e7\u00e3o, Interface Humano Computador<\/span><\/td>\n<\/tr>\n<tr>\n<td class=\"muted\"><span style=\"color: #000000\">Ezequiel Gueiber<\/span><\/td>\n<td class=\"text-info\"><span style=\"color: #000000\">Banco de dados<\/span><\/td>\n<\/tr>\n<tr>\n<td class=\"muted\"><span style=\"color: #000000\">Gabrielly de Queiroz Pereira<\/span><\/td>\n<td class=\"text-info\"><span style=\"color: #000000\">Reinforcement Learning, Deep Learning, Intelig\u00eancia Artificial, Processamento de Imagens, An\u00e1lise de Dados, Sistemas Inteligentes e IoT, Microcontroladores e Tecnologia Assistiva.<\/span><\/td>\n<\/tr>\n<tr>\n<td class=\"muted\"><span style=\"color: #000000\">Idomar Augusto Cerutti<\/span><\/td>\n<td class=\"text-info\"><span style=\"color: #000000\">Global Positioning System, Linguagens de Programa\u00e7\u00e3o, Computa\u00e7\u00e3o Aplicada na Agricultura<\/span><\/td>\n<\/tr>\n<tr>\n<td class=\"muted\"><span style=\"color: #000000\">Jaime Cohen<\/span><\/td>\n<td class=\"text-info\"><span style=\"color: #000000\">Projeto e An\u00e1lise de Algoritmos, Redes de Computadores, Sistemas Distribu\u00eddos e Computa\u00e7\u00e3o Paralela<\/span><\/td>\n<\/tr>\n<tr>\n<td class=\"muted\"><span style=\"color: #000000\">Jonathan de Matos<\/span><\/td>\n<td class=\"text-info\"><span style=\"color: #000000\">Redes de Computadores, Sistemas Distribu\u00eddos<\/span><\/td>\n<\/tr>\n<tr>\n<td class=\"muted\"><span style=\"color: #000000\">Jos\u00e9 Carlos Ferreira da Rocha<\/span><\/td>\n<td class=\"text-info\"><span style=\"color: #000000\">Intelig\u00eancia artificial, Processamento digital de imagens<\/span><\/td>\n<\/tr>\n<tr>\n<td class=\"muted\"><span style=\"color: #000000\">Leila Maria Vriesmann<\/span><\/td>\n<td class=\"text-info\"><span style=\"color: #000000\">Reconhecimento de padr\u00f5es, Sistemas multi-classificadores, Data Mining, Intelig\u00eancia Computacional, Inform\u00e1tica aplicada \u00e0 Educa\u00e7\u00e3o<\/span><\/td>\n<\/tr>\n<tr>\n<td class=\"muted\"><span style=\"color: #000000\">Lucas Martini Sargentim<\/span><\/td>\n<td class=\"text-info\"><span style=\"color: #000000\">Intelig\u00eancia Artificial, Aprendizado de M\u00e1quina, Processamento de Imagens.<\/span><\/td>\n<\/tr>\n<tr>\n<td class=\"muted\"><span style=\"color: #000000\">Luciano Jos\u00e9 Senger<\/span><\/td>\n<td class=\"text-info\"><span style=\"color: #000000\">Computa\u00e7\u00e3o paralela e distribu\u00edda, aprendizado de m\u00e1quina, arquitetura de computadores.<\/span><\/td>\n<\/tr>\n<tr>\n<td class=\"muted\"><span style=\"color: #000000\">Marcelo Bilobrovec<\/span><\/td>\n<td class=\"text-info\"><span style=\"color: #000000\">Programa\u00e7\u00e3o de computadores, Banco de dados, Sistemas especialistas, L\u00f3gica fuzzy<\/span><\/td>\n<\/tr>\n<tr>\n<td class=\"muted\"><span style=\"color: #000000\">Marcelo Ferrasa<\/span><\/td>\n<td class=\"text-info\"><span style=\"color: #000000\">Redes de computadores, Redes wireless, Redes de computadores e agricultura, Computa\u00e7\u00e3o aplicada \u00e0 educa\u00e7\u00e3o<\/span><\/td>\n<\/tr>\n<tr>\n<td class=\"muted\"><span style=\"color: #000000\">M\u00e1rcio Augusto de Souza<\/span><\/td>\n<td class=\"text-info\"><span style=\"color: #000000\">Computa\u00e7\u00e3o paralela e distribu\u00edda, Computa\u00e7\u00e3o de alto desempenho, Avalia\u00e7\u00e3o de desempenho, Redes de computadores<\/span><\/td>\n<\/tr>\n<tr>\n<td class=\"muted\"><span style=\"color: #000000\">Marcos Monteiro Junior<\/span><\/td>\n<td class=\"text-info\"><span style=\"color: #000000\">Aprendizado de M\u00e1quina, Processamento de Imagens, An\u00e1lise de Dados, Sensores, Atuadores e Sistemas embarcados.<\/span><\/td>\n<\/tr>\n<tr>\n<td class=\"muted\"><span style=\"color: #000000\">Maria Salete Marcon Gomes Vaz<\/span><\/td>\n<td class=\"text-info\"><span style=\"color: #000000\">Banco de dados, Metadados, Banco de dados n\u00e3o convencionais, Data warehouse<\/span><\/td>\n<\/tr>\n<tr>\n<td class=\"muted\"><span style=\"color: #000000\">Matheus Tauffer de Paula<\/span><\/td>\n<td class=\"text-info\"><span style=\"color: #000000\">Conversores est\u00e1ticos de energia, Processamento de energias renov\u00e1veis, Eletr\u00f4nica aplicada, Instrumenta\u00e7\u00e3o eletr\u00f4nica e Controle<\/span><\/td>\n<\/tr>\n<tr>\n<td class=\"muted\"><span style=\"color: #000000\">Mauricio Zadra Pacheco<\/span><\/td>\n<td class=\"text-info\"><span style=\"color: #000000\">Sistemas de informa\u00e7\u00e3o, Banco de dados<\/span><\/td>\n<\/tr>\n<tr>\n<td class=\"muted\"><span style=\"color: #000000\">Rafael Felipe Van Kan<\/span><\/td>\n<td class=\"text-info\"><span style=\"color: #000000\">Conversores est\u00e1ticos de energia, Processamento de energia, Automa\u00e7\u00e3o industrial e instrumenta\u00e7\u00e3o, Eletr\u00f4nica aplicada, Sistemas microcontrolados.<\/span><\/td>\n<\/tr>\n<tr>\n<td class=\"muted\"><span style=\"color: #000000\">Rosane Falate<\/span><\/td>\n<td class=\"text-info\"><span style=\"color: #000000\">Processamento Digital de Imagens, Sistemas microprocessados e\/ou microcontrolados, Automa\u00e7\u00e3o e controle, Eletr\u00f4nica e \u00e1reas afins, Comunica\u00e7\u00f5es e dispositivos \u00f3pticos, Rob\u00f3tica<\/span><\/td>\n<\/tr>\n<tr>\n<td class=\"muted\"><span style=\"color: #000000\">Sabine Cassol<\/span><\/td>\n<td class=\"text-info\"><span style=\"color: #000000\">An\u00e1lise de projetos, modelagem de software, inform\u00e1tica na educa\u00e7\u00e3o, an\u00e1lise de dados, intelig\u00eancia artificial<\/span><\/td>\n<\/tr>\n<tr>\n<td class=\"muted\"><span style=\"color: #000000\">William Xavier Maukoski<\/span><\/td>\n<td class=\"text-info\"><span style=\"color: #000000\">Agentes, Algoritmos gen\u00e9ticos, Computa\u00e7\u00e3o aplicada \u00e0 astrof\u00edsica, Otimiza\u00e7\u00e3o de algoritmos, Processamento digital de imagens, Programa\u00e7\u00e3o din\u00e2mica, Qualidade de software, Redes neurais.<\/span><\/td>\n<\/tr>\n<tr>\n<td class=\"muted\"><span style=\"color: #000000\">Zito Palhano da Fonseca<\/span><\/td>\n<td class=\"text-info\"><span style=\"color: #000000\">Conversores est\u00e1ticos de energia, Sistemas de ilumina\u00e7\u00e3o artificial, Corre\u00e7\u00e3o de fator de pot\u00eancia, Energias renov\u00e1veis, Automa\u00e7\u00e3o industrial, Instrumenta\u00e7\u00e3o eletr\u00f4nica, Redes, Microcontroladores<\/span><\/td>\n<\/tr>\n<\/tbody>\n<\/table>\n<p>&nbsp;<\/p>\n<p><a href=\"https:\/\/www2.uepg.br\/deinfo\/tcc\/\">Voltar<\/a><\/p>\n","protected":false},"excerpt":{"rendered":"<p>Nome \u00c1reas de Interesse Adriano Ferrasa Bioinform\u00e1tica, Sistemas Web, Engenharia de Software Arion de Campos Junior Algoritmos evolucion\u00e1rios, Computa\u00e7\u00e3o bioinspirada, Otimiza\u00e7\u00e3o, IA, Sistemas Operacionais Dierone C\u00e9sar Foltran Jr. Redes de computadores, Educa\u00e7\u00e3o especial, Tecnologias assistivas, Sistemas embarcados, Sistemas distribu\u00eddos, Internet das Coisas (IoT), Dom\u00f3tica (Casa inteligente) Diolete Marcante Lati Cerutti Software educacional, Inform\u00e1tica aplicada \u00e0&nbsp;&hellip;<\/p>\n","protected":false},"author":738,"featured_media":470,"parent":291,"menu_order":0,"comment_status":"closed","ping_status":"closed","template":"","meta":[],"_links":{"self":[{"href":"https:\/\/www2.uepg.br\/deinfo\/wp-json\/wp\/v2\/pages\/325"}],"collection":[{"href":"https:\/\/www2.uepg.br\/deinfo\/wp-json\/wp\/v2\/pages"}],"about":[{"href":"https:\/\/www2.uepg.br\/deinfo\/wp-json\/wp\/v2\/types\/page"}],"author":[{"embeddable":true,"href":"https:\/\/www2.uepg.br\/deinfo\/wp-json\/wp\/v2\/users\/738"}],"replies":[{"embeddable":true,"href":"https:\/\/www2.uepg.br\/deinfo\/wp-json\/wp\/v2\/comments?post=325"}],"version-history":[{"count":19,"href":"https:\/\/www2.uepg.br\/deinfo\/wp-json\/wp\/v2\/pages\/325\/revisions"}],"predecessor-version":[{"id":570,"href":"https:\/\/www2.uepg.br\/deinfo\/wp-json\/wp\/v2\/pages\/325\/revisions\/570"}],"up":[{"embeddable":true,"href":"https:\/\/www2.uepg.br\/deinfo\/wp-json\/wp\/v2\/pages\/291"}],"wp:featuredmedia":[{"embeddable":true,"href":"https:\/\/www2.uepg.br\/deinfo\/wp-json\/wp\/v2\/media\/470"}],"wp:attachment":[{"href":"https:\/\/www2.uepg.br\/deinfo\/wp-json\/wp\/v2\/media?parent=325"}],"curies":[{"name":"wp","href":"https:\/\/api.w.org\/{rel}","templated":true}]}}