{"id":329,"date":"2024-11-07T09:43:58","date_gmt":"2024-11-07T12:43:58","guid":{"rendered":"https:\/\/www2.uepg.br\/deinfo\/?page_id=329"},"modified":"2026-04-16T17:44:16","modified_gmt":"2026-04-16T20:44:16","slug":"cronograma","status":"publish","type":"page","link":"https:\/\/www2.uepg.br\/deinfo\/tcc\/cronograma\/","title":{"rendered":"Cronograma"},"content":{"rendered":"<div id=\"pl-329\"  class=\"panel-layout\" ><div id=\"pg-329-0\"  class=\"panel-grid panel-no-style\" ><div id=\"pgc-329-0-0\"  class=\"panel-grid-cell\" ><div id=\"panel-329-0-0-0\" class=\"so-panel widget widget_sow-tabs panel-first-child panel-last-child\" data-index=\"0\" ><div class=\"panel-widget-style panel-widget-style-for-329-0-0-0\" ><div\n\t\t\t\n\t\t\tclass=\"so-widget-sow-tabs so-widget-sow-tabs-default-f9d3cc670a15-329\"\n\t\t\t\n\t\t><div class=\"sow-tabs\">\n\t<div class=\"sow-tabs-tab-container\" role=\"tablist\">\n\t\t\t<div class=\"sow-tabs-tab\"\n\t\t\t role=\"tab\" data-anchor=\"etapa-1\"\n\t\t\t aria-selected=\"false\" tabindex=\"-1\">\n\t\t\t<div class=\"sow-tabs-title sow-tabs-title-icon-left\">\n\t\t\t\t\t\t\t\tEtapa 1\t\t\t\t\t\t\t<\/div>\n\t\t<\/div>\n\t\t\t<div class=\"sow-tabs-tab\"\n\t\t\t role=\"tab\" data-anchor=\"etapa-2\"\n\t\t\t aria-selected=\"false\" tabindex=\"-1\">\n\t\t\t<div class=\"sow-tabs-title sow-tabs-title-icon-left\">\n\t\t\t\t\t\t\t\tEtapa 2\t\t\t\t\t\t\t<\/div>\n\t\t<\/div>\n\t\t\t<div class=\"sow-tabs-tab sow-tabs-tab-selected\"\n\t\t\t role=\"tab\" data-anchor=\"etapa-3\"\n\t\t\t aria-selected=\"true\" tabindex=\"0\">\n\t\t\t<div class=\"sow-tabs-title sow-tabs-title-icon-left\">\n\t\t\t\t\t\t\t\tEtapa 3\t\t\t\t\t\t\t<\/div>\n\t\t<\/div>\n\t\t\t<div class=\"sow-tabs-tab\"\n\t\t\t role=\"tab\" data-anchor=\"etapa-4\"\n\t\t\t aria-selected=\"false\" tabindex=\"-1\">\n\t\t\t<div class=\"sow-tabs-title sow-tabs-title-icon-left\">\n\t\t\t\t\t\t\t\tEtapa 4\t\t\t\t\t\t\t<\/div>\n\t\t<\/div>\n\t\t\t<div class=\"sow-tabs-tab\"\n\t\t\t role=\"tab\" data-anchor=\"etapa-5\"\n\t\t\t aria-selected=\"false\" tabindex=\"-1\">\n\t\t\t<div class=\"sow-tabs-title sow-tabs-title-icon-left\">\n\t\t\t\t\t\t\t\tEtapa 5\t\t\t\t\t\t\t<\/div>\n\t\t<\/div>\n\t\t\t<div class=\"sow-tabs-tab\"\n\t\t\t role=\"tab\" data-anchor=\"etapa-6\"\n\t\t\t aria-selected=\"false\" tabindex=\"-1\">\n\t\t\t<div class=\"sow-tabs-title sow-tabs-title-icon-left\">\n\t\t\t\t\t\t\t\tEtapa 6\t\t\t\t\t\t\t<\/div>\n\t\t<\/div>\n\t\t\t<div class=\"sow-tabs-tab\"\n\t\t\t role=\"tab\" data-anchor=\"etapa-7\"\n\t\t\t aria-selected=\"false\" tabindex=\"-1\">\n\t\t\t<div class=\"sow-tabs-title sow-tabs-title-icon-left\">\n\t\t\t\t\t\t\t\tEtapa 7\t\t\t\t\t\t\t<\/div>\n\t\t<\/div>\n\t\t\t<div class=\"sow-tabs-tab\"\n\t\t\t role=\"tab\" data-anchor=\"etapa-8\"\n\t\t\t aria-selected=\"false\" tabindex=\"-1\">\n\t\t\t<div class=\"sow-tabs-title sow-tabs-title-icon-left\">\n\t\t\t\t\t\t\t\tEtapa 8\t\t\t\t\t\t\t<\/div>\n\t\t<\/div>\n\t\t\t<div class=\"sow-tabs-tab\"\n\t\t\t role=\"tab\" data-anchor=\"etapa-9\"\n\t\t\t aria-selected=\"false\" tabindex=\"-1\">\n\t\t\t<div class=\"sow-tabs-title sow-tabs-title-icon-left\">\n\t\t\t\t\t\t\t\tEtapa 9\t\t\t\t\t\t\t<\/div>\n\t\t<\/div>\n\t\t<\/div>\n\t\n\t<div class=\"sow-tabs-panel-container\">\n\t\t\t<div class=\"sow-tabs-panel\">\n\t\t\t<div class=\"sow-tabs-panel-content\" role=\"tabpanel\" aria-hidden=\"true\">\n\t\t\t\t<h4 class=\"text-info\"><strong>Proposta do Trabalho de Conclus\u00e3o de Curso<\/strong><\/h4>\n<dl class=\"dl-horizontal\">\n<dt><strong>Data :<\/strong> <span style=\"color: #993366\">13\/03\/2026<\/span><\/dt>\n<dt><strong>Hora:<\/strong> <span style=\"color: #993366\">At\u00e9 \u00e0s 23:00 h<\/span><\/dt>\n<dt><strong>Local<\/strong>: <span style=\"color: #993366\">Entrega eletr\u00f4nica, via e-mail do orientado<strong>r<\/strong><\/span><\/dt>\n<dt><strong>Quem receber\u00e1:<\/strong> <span style=\"color: #993366\">Coordenador(a) de TCC<\/span><\/dt>\n<dt><strong>Documento necess\u00e1rio (Engenharia de Computa\u00e7\u00e3o): <a href=\"https:\/\/www2.uepg.br\/deinfo\/wp-content\/uploads\/sites\/277\/2026\/03\/Proposta.doc\">Download<\/a><\/strong><\/dt>\n<dt><strong>Documento necess\u00e1rio (Engenharia de Software): <a href=\"https:\/\/www2.uepg.br\/deinfo\/wp-content\/uploads\/sites\/277\/2026\/03\/PropostaES.doc\">Download<\/a><\/strong><\/dt>\n<\/dl>\n<p>Na Proposta do Trabalho de Conclus\u00e3o de Curso devem ser informados o tema, a justificativa do tema, o orientador e, se for o caso, o coorientador.<\/p>\n<p>O orientador deve enviar por e-mail 01 (uma) c\u00f3pia eletr\u00f4nica (arquivo em <strong>formato PDF<\/strong>) da proposta ao coordenador do TCC.<\/p>\n<p>O envio do plano de execu\u00e7\u00e3o por e-mail pelo orientador \u00e9 considerado como protocolo de entrega e concord\u00e2ncia do orientador com o conte\u00fado do documento, ent\u00e3o n\u00e3o \u00e9 obrigat\u00f3rio que o documento seja assinado pelo orientador.<\/p>\n\t\t\t<\/div>\n\t\t<\/div>\n\t\t\t<div class=\"sow-tabs-panel\">\n\t\t\t<div class=\"sow-tabs-panel-content\" role=\"tabpanel\" aria-hidden=\"true\">\n\t\t\t\t<h4 class=\"text-info\"><strong>Entrega do Plano de Execu\u00e7\u00e3o do TCC<\/strong><\/h4>\n<dl class=\"dl-horizontal\">\n<dt><strong>Data<\/strong>: <span style=\"color: #993366\">10\/04\/2026<\/span><\/dt>\n<dt><strong>Hora:<\/strong> <span style=\"color: #993366\">At\u00e9 \u00e0s 23:00 h<\/span><\/dt>\n<dt><strong>Local:<\/strong><span style=\"color: #993366\"> Entrega eletr\u00f4nica, via e-mail do orientador<\/span><\/dt>\n<dt><strong>Quem receber\u00e1:<\/strong>\u00a0 <span style=\"color: #993366\">Coordenador(a) de TCC<\/span><\/dt>\n<dt><strong>Documento necess\u00e1rio: <\/strong><span style=\"color: #993366\">-<\/span><\/dt>\n<\/dl>\n<p>O Plano de Execu\u00e7\u00e3o do TCC dever\u00e1 conter, no m\u00ednimo:<br \/>\na. Dados de identifica\u00e7\u00e3o;<br \/>\nb. Formato (artigo ou monografia);<br \/>\nc. Justificativa;<br \/>\nd. Objetivos;<br \/>\ne. Metodologia a ser usada;<br \/>\nf. Refer\u00eancias bibliogr\u00e1ficas.<\/p>\n<p>O orientador deve enviar por e-mail 01 (uma) c\u00f3pia eletr\u00f4nica (arquivo em <strong>formato PDF<\/strong>) do plano de execu\u00e7\u00e3o ao coordenador de TCC.<\/p>\n<p>O envio do plano de execu\u00e7\u00e3o por e-mail pelo orientador \u00e9 considerado como protocolo de entrega e concord\u00e2ncia do orientador com o conte\u00fado do documento.<\/p>\n\t\t\t<\/div>\n\t\t<\/div>\n\t\t\t<div class=\"sow-tabs-panel\">\n\t\t\t<div class=\"sow-tabs-panel-content\" role=\"tabpanel\" tabindex=\"0\">\n\t\t\t\t<h4 class=\"text-info\"><strong>Entrega da Proposta da Banca Examinadora<\/strong><\/h4>\n<dl class=\"dl-horizontal\">\n<dt><strong>Data:<\/strong> <span style=\"color: #993366\">22\/05\/2026<\/span><\/dt>\n<dt><strong>Hora:<\/strong> <span style=\"color: #993366\">At\u00e9 \u00e0s 23:00 h<\/span><\/dt>\n<dt><strong>Local:<\/strong> <span style=\"color: #993366\">Entrega eletr\u00f4nica, via e-mail do orientador<\/span><\/dt>\n<dt><strong>Quem receber\u00e1<\/strong>:\u00a0<span style=\"color: #993366\">Coordenador(a) de TCC<\/span><\/dt>\n<dt><strong>Documento necess\u00e1rio (Engenharia de Computa\u00e7\u00e3o)<\/strong>: <strong><a href=\"https:\/\/www2.uepg.br\/deinfo\/wp-content\/uploads\/sites\/277\/2026\/04\/Banca.doc\">Download<\/a><\/strong><\/dt>\n<dt><strong>Documento necess\u00e1rio (Engenharia de Software): <a href=\"https:\/\/www2.uepg.br\/deinfo\/wp-content\/uploads\/sites\/277\/2026\/04\/BancaES.doc\">Download<\/a><\/strong><\/dt>\n<\/dl>\n<p>Neste documento \u00e9 preciso informar 3 nomes para compor a banca examinadora, sendo dois membros efetivos e um suplente. A banca examinadora \u00e9 composta por 03 (tr\u00eas) pessoas: o orientador como presidente\/mediador e mais 02 (dois) membros, que podem ser professores da UEPG ou de outra universidade, profissionais de fora da universidade que conhe\u00e7am sobre a \u00e1rea e alunos de p\u00f3s-gradua\u00e7\u00e3o.<\/p>\n<p>O coorientador <strong>N\u00c3O<\/strong>\u00a0pode participar da banca examinadora. \u00c9 necess\u00e1rio que o acad\u00eamico entre em contato previamente com os membros sugeridos para a banca. A crit\u00e9rio do coordenador de TCC, a composi\u00e7\u00e3o da banca pode ser alterada.<\/p>\n<p>O orientador deve enviar por e-mail 01 (uma) c\u00f3pia eletr\u00f4nica (arquivo em <strong>formato PDF<\/strong>) da proposta de banca ao coordenador de TCC.<\/p>\n\t\t\t<\/div>\n\t\t<\/div>\n\t\t\t<div class=\"sow-tabs-panel\">\n\t\t\t<div class=\"sow-tabs-panel-content\" role=\"tabpanel\" aria-hidden=\"true\">\n\t\t\t\t<h4 class=\"text-info\"><strong>Entrega da Vers\u00e3o Preliminar do TCC<\/strong><\/h4>\n<dl class=\"dl-horizontal\">\n<dt><strong>Data<\/strong>: <span style=\"color: #993366\">19\/06\/2026<\/span><\/dt>\n<dt><strong>Hora<\/strong>: <span style=\"color: #993366\">At\u00e9 \u00e0s 23:00 h<\/span><\/dt>\n<dt><strong>Local:<\/strong> <span style=\"color: #993366\">Entrega eletr\u00f4nica, via e-mail do orientador<\/span><\/dt>\n<dt><strong>Quem receber\u00e1:<\/strong><span style=\"color: #993366\"> Coordenador(a) de TCC<\/span><\/dt>\n<dt><strong>Documento opcional (Engenharia de Computa\u00e7\u00e3o): <a href=\"https:\/\/www2.uepg.br\/deinfo\/wp-content\/uploads\/sites\/277\/2026\/03\/Preliminar.doc\">Download<\/a><\/strong><\/dt>\n<dt><strong>Documento opcional (Engenharia de Software): <a href=\"https:\/\/www2.uepg.br\/deinfo\/wp-content\/uploads\/sites\/277\/2026\/03\/PropostaES.doc\">Download<\/a><\/strong><\/dt>\n<\/dl>\n<p>A vers\u00e3o preliminar deve seguir as normas t\u00e9cnicas da ABNT, a metodologia cient\u00edfica e as regras gramaticais.<\/p>\n<p>O orientador deve enviar por e-mail 01 (uma) c\u00f3pia eletr\u00f4nica (arquivo em <strong>formato PDF<\/strong>) da vers\u00e3o preliminar ao coordenador de TCC, a qual \u00e9 a vers\u00e3o a ser apresentada \u00e0 banca examinadora para elabora\u00e7\u00e3o de parecer. Al\u00e9m disso, a vers\u00e3o preliminar do TCC deve conter no m\u00ednimo:<\/p>\n<ul>\n<li>Resumo<\/li>\n<li>Introdu\u00e7\u00e3o (Contexto do tema, problem\u00e1tica, justificativa e objetivos do estudo)<\/li>\n<li>Revis\u00e3o da bibliografia e trabalhos relacionados<\/li>\n<li>Metodologia (Materiais e\/ ou m\u00e9todos utilizados)<\/li>\n<li>An\u00e1lises preliminares<\/li>\n<li>Considera\u00e7\u00f5es finais (sobre o que j\u00e1 foi apresentado at\u00e9 o momento da entrega desta vers\u00e3o)<\/li>\n<\/ul>\n<p>O envio da vers\u00e3o preliminar por e-mail pelo orientador \u00e9 considerado como protocolo de entrega e concord\u00e2ncia do orientador com o conte\u00fado do documento.<\/p>\n<p>Caso o orientador queira fazer alguma observa\u00e7\u00e3o, pode opcionalmente enviar a carta de encaminhamento dispon\u00edvel pelo link acima.<\/p>\n\t\t\t<\/div>\n\t\t<\/div>\n\t\t\t<div class=\"sow-tabs-panel\">\n\t\t\t<div class=\"sow-tabs-panel-content\" role=\"tabpanel\" aria-hidden=\"true\">\n\t\t\t\t<h4 class=\"text-info\"><strong>Entrega da Vers\u00e3o Pr\u00e9via Eletr\u00f4nica<\/strong><\/h4>\n<dl class=\"dl-horizontal\">\n<dt><strong><span style=\"color: #000000\">Data<\/span><\/strong>: <span style=\"color: #993366\">25\/09\/2026<\/span><\/dt>\n<dt><strong><span style=\"color: #000000\">Hora:<\/span><\/strong> <span style=\"color: #993366\">At\u00e9 \u00e0s 23:00 h<\/span><\/dt>\n<dt><strong>Local:<\/strong> <span style=\"color: #993366\">Entrega eletr\u00f4nica, via e-mail do orientador<\/span><\/dt>\n<dt><strong>Quem receber\u00e1:<\/strong> <span style=\"color: #993366\">Coordenador(a) de TCC<\/span><\/dt>\n<dt><strong>Documento necess\u00e1rio: -<\/strong><\/dt>\n<\/dl>\n<p>O orientador deve enviar por e-mail 01 (uma) c\u00f3pia eletr\u00f4nica (arquivo em <strong>formato PDF<\/strong>) da pr\u00e9via da vers\u00e3o final ao coordenador de TCC<strong>.<\/strong><\/p>\n\t\t\t<\/div>\n\t\t<\/div>\n\t\t\t<div class=\"sow-tabs-panel\">\n\t\t\t<div class=\"sow-tabs-panel-content\" role=\"tabpanel\" aria-hidden=\"true\">\n\t\t\t\t<h4 class=\"text-info\"><strong>Entrega da Vers\u00e3o Final do TCC<\/strong><\/h4>\n<dl class=\"dl-horizontal\">\n<dt><strong>Data<\/strong>:<span style=\"color: #993366\"> 09\/10\/2026<\/span><\/dt>\n<dt><strong>Hora:<\/strong> <span style=\"color: #993366\">At\u00e9 \u00e0s 23:00 h<\/span><\/dt>\n<dt><strong>Local:<\/strong> <span style=\"color: #993366\">Entrega eletr\u00f4nica, via e-mail do orientador<\/span><\/dt>\n<dt><strong>Quem receber\u00e1:<\/strong> <span style=\"color: #993366\">Coordenador(a) de TCC<\/span><\/dt>\n<dt>\n<dl class=\"dl-horizontal\">\n<dt><strong>Documento opcional (Engenharia de Computa\u00e7\u00e3o): <\/strong><strong><a href=\"https:\/\/www2.uepg.br\/deinfo\/wp-content\/uploads\/sites\/277\/2026\/03\/Final.doc\">Download<\/a><\/strong><\/dt>\n<dt><strong>Documento opcional (Engenharia de Software): <a href=\"https:\/\/www2.uepg.br\/deinfo\/wp-content\/uploads\/sites\/277\/2026\/03\/FinalES.doc\">Download<\/a><\/strong><\/dt>\n<\/dl>\n<\/dt>\n<\/dl>\n<p>A vers\u00e3o final deve seguir as normas t\u00e9cnicas da ABNT, a metodologia cient\u00edfica e as regras gramaticais.<\/p>\n<p>O orientador deve enviar por e-mail 01 (uma) c\u00f3pia eletr\u00f4nica (arquivo em <strong>formato PDF<\/strong>) da vers\u00e3o final ao coordenador de TCC, a qual \u00e9 a vers\u00e3o a ser apresentada \u00e0 banca examinadora.<\/p>\n<p>O envio da vers\u00e3o final por e-mail pelo orientador \u00e9 considerado como protocolo de entrega e concord\u00e2ncia do orientador com o conte\u00fado do documento.<\/p>\n<p>Caso o orientador n\u00e3o concorde com o conte\u00fado do TCC, deve enviar a carta de encaminhamento dispon\u00edvel pelo link acima. Nesse caso, o aluno tem a escolha de encaminhar ou n\u00e3o o trabalho \u00e0 banca examinadora, e o orientador tem a op\u00e7\u00e3o de participar ou n\u00e3o da defesa.<\/p>\n<h4 class=\"text-info\"><strong>Solicita\u00e7\u00e3o de Data e Hora para a Defesa do TCC<\/strong><\/h4>\n<dl class=\"dl-horizontal\">\n<dt><strong>Data :<\/strong> <span style=\"color: #993366\">at\u00e9 09\/10\/2026<\/span><\/dt>\n<dt><strong>Hora<\/strong>: <span style=\"color: #993366\">At\u00e9 \u00e0s 23:00 h<\/span><\/dt>\n<dt><strong>Local:<\/strong> <span style=\"color: #993366\">Entrega eletr\u00f4nica, via e-mail do orientador<\/span><\/dt>\n<dt><strong>Quem receber\u00e1:<\/strong> <span style=\"color: #993366\">Coordenador(a) de TCC<\/span><\/dt>\n<dt><strong>Documento necess\u00e1rio (Engenharia de Computa\u00e7\u00e3o)<\/strong>: <strong><a href=\"https:\/\/www2.uepg.br\/deinfo\/wp-content\/uploads\/sites\/277\/2026\/03\/SolicitacaoDataLocal.doc\">Download<\/a><\/strong><\/dt>\n<dt><strong>Documento necess\u00e1rio (Engenharia de Software): <a href=\"https:\/\/www2.uepg.br\/deinfo\/wp-content\/uploads\/sites\/277\/2026\/03\/SolicitacaoDataLocalES.doc\">Download<\/a><\/strong><\/dt>\n<\/dl>\n<p>O orientador\u00a0deve enviar por e-mail 01 (uma) c\u00f3pia eletr\u00f4nica (arquivo em\u00a0<strong>formato PDF<\/strong>) da Solicita\u00e7\u00e3o de Data e Hora para a Defesa ao coordenador de TCC.<\/p>\n\t\t\t<\/div>\n\t\t<\/div>\n\t\t\t<div class=\"sow-tabs-panel\">\n\t\t\t<div class=\"sow-tabs-panel-content\" role=\"tabpanel\" aria-hidden=\"true\">\n\t\t\t\t<h4 class=\"text-info\"><strong>Bancas<\/strong><\/h4>\n<p>Fique atento para o per\u00edodo de defesa do TCC.<\/p>\n<dl class=\"dl-horizontal\">\n<dt><strong>Data:<\/strong> <span style=\"color: #993366\">de 19\/10\/2026 a 06\/11\/2026<\/span><\/dt>\n<\/dl>\n<p><strong>Hor\u00e1rios das bancas<\/strong>:<\/p>\n<p>Verifique o equipamento dispon\u00edvel na sala em que foi reservada sua defesa. No Audit\u00f3rio (CCA-17) a sa\u00edda de v\u00eddeo usa o padr\u00e3o VGA e no Laborat\u00f3rio de Gradua\u00e7\u00e3o (CCA-06) a sa\u00edda de v\u00eddeo usa o padr\u00e3o HDMI. De qualquer modo, recomenda-se fazer o teste dos equipamentos antecipadamente.<\/p>\n\t\t\t<\/div>\n\t\t<\/div>\n\t\t\t<div class=\"sow-tabs-panel\">\n\t\t\t<div class=\"sow-tabs-panel-content\" role=\"tabpanel\" aria-hidden=\"true\">\n\t\t\t\t<h4 class=\"text-info\"><strong>Entrega da vers\u00e3o corrigida<\/strong><\/h4>\n<dl class=\"dl-horizontal\">\n<dt><strong>Data<\/strong>:<span style=\"color: #993366\"> 13\/11\/2026<\/span><\/dt>\n<dt><strong>Hora:<\/strong> <span style=\"color: #993366\">At\u00e9 \u00e0s 23:00 h<\/span><\/dt>\n<dt><strong>Local:<\/strong> <span style=\"color: #993366\">Entrega eletr\u00f4nica, via e-mail do orientador<\/span><\/dt>\n<dt><strong>Quem receber\u00e1:<\/strong> <span style=\"color: #993366\">Coordenador(a) de TCC<\/span><\/dt>\n<\/dl>\n<p>Se o TCC for aprovado, o orientador deve enviar por e-mail 01 (uma) c\u00f3pia da vers\u00e3o eletr\u00f4nica (arquivo em <strong>formato PDF<\/strong>) da vers\u00e3o corrigida ao coordenador de TCC, a qual deve conter os ajustes solicitados pela Banca Examinadora.<\/p>\n\t\t\t<\/div>\n\t\t<\/div>\n\t\t\t<div class=\"sow-tabs-panel\">\n\t\t\t<div class=\"sow-tabs-panel-content\" role=\"tabpanel\" aria-hidden=\"true\">\n\t\t\t\t<h4 class=\"text-info\"><strong>Nova oportunidade de apresenta\u00e7\u00e3o<\/strong><\/h4>\n<dl class=\"dl-horizontal\">\n<dt><strong>Data<\/strong>: <span style=\"color: #993366\">de 09\/11\/2026 a 19\/11\/2026<\/span><\/dt>\n<\/dl>\n<p>Os acad\u00eamicos com frequ\u00eancia regulamentar (75%), cuja nota final esteja entre 5,0 (cinco) e 6,9 (seis v\u00edrgula nove), ter\u00e3o oportunidade de uma segunda apresenta\u00e7\u00e3o, no prazo m\u00e1ximo de at\u00e9 30 (trinta) dias ap\u00f3s a primeira apresenta\u00e7\u00e3o.<\/p>\n<h4 class=\"text-info\"><strong>Entrega da Vers\u00e3o Corrigida<\/strong><\/h4>\n<dl class=\"dl-horizontal\">\n<dt><strong>Data:<\/strong> <span style=\"color: #993366\">21\/11\/2026<\/span><\/dt>\n<\/dl>\n<p>Se o TCC for aprovado na segunda apresenta\u00e7\u00e3o, o orientador deve enviar 01 (uma) c\u00f3pia eletr\u00f4nica (arquivo em <strong>formato PDF<\/strong>) da vers\u00e3o corrigida ao coordenador de TCC.<\/p>\n\t\t\t<\/div>\n\t\t<\/div>\n\t\t<\/div>\n<\/div>\n<\/div><\/div><\/div><\/div><\/div><div id=\"pg-329-1\"  class=\"panel-grid panel-no-style\" ><div id=\"pgc-329-1-0\"  class=\"panel-grid-cell\" ><div id=\"panel-329-1-0-0\" class=\"so-panel widget widget_sow-editor panel-first-child panel-last-child\" data-index=\"1\" ><div class=\"panel-widget-style panel-widget-style-for-329-1-0-0\" ><div\n\t\t\t\n\t\t\tclass=\"so-widget-sow-editor so-widget-sow-editor-base\"\n\t\t\t\n\t\t>\n<div class=\"siteorigin-widget-tinymce textwidget\">\n\t<p><a href=\"https:\/\/www2.uepg.br\/deinfo\/tcc\/\">Voltar<\/a><\/p>\n<\/div>\n<\/div><\/div><\/div><\/div><\/div><\/div>","protected":false},"excerpt":{"rendered":"<p>Voltar<\/p>\n","protected":false},"author":738,"featured_media":470,"parent":291,"menu_order":0,"comment_status":"closed","ping_status":"closed","template":"","meta":[],"_links":{"self":[{"href":"https:\/\/www2.uepg.br\/deinfo\/wp-json\/wp\/v2\/pages\/329"}],"collection":[{"href":"https:\/\/www2.uepg.br\/deinfo\/wp-json\/wp\/v2\/pages"}],"about":[{"href":"https:\/\/www2.uepg.br\/deinfo\/wp-json\/wp\/v2\/types\/page"}],"author":[{"embeddable":true,"href":"https:\/\/www2.uepg.br\/deinfo\/wp-json\/wp\/v2\/users\/738"}],"replies":[{"embeddable":true,"href":"https:\/\/www2.uepg.br\/deinfo\/wp-json\/wp\/v2\/comments?post=329"}],"version-history":[{"count":43,"href":"https:\/\/www2.uepg.br\/deinfo\/wp-json\/wp\/v2\/pages\/329\/revisions"}],"predecessor-version":[{"id":596,"href":"https:\/\/www2.uepg.br\/deinfo\/wp-json\/wp\/v2\/pages\/329\/revisions\/596"}],"up":[{"embeddable":true,"href":"https:\/\/www2.uepg.br\/deinfo\/wp-json\/wp\/v2\/pages\/291"}],"wp:featuredmedia":[{"embeddable":true,"href":"https:\/\/www2.uepg.br\/deinfo\/wp-json\/wp\/v2\/media\/470"}],"wp:attachment":[{"href":"https:\/\/www2.uepg.br\/deinfo\/wp-json\/wp\/v2\/media?parent=329"}],"curies":[{"name":"wp","href":"https:\/\/api.w.org\/{rel}","templated":true}]}}