{"id":120,"date":"2021-04-19T22:57:36","date_gmt":"2021-04-20T01:57:36","guid":{"rendered":"https:\/\/www2.uepg.br\/dejor\/?page_id=120"},"modified":"2021-04-20T10:04:40","modified_gmt":"2021-04-20T13:04:40","slug":"historia","status":"publish","type":"page","link":"https:\/\/www2.uepg.br\/dejor\/historia\/","title":{"rendered":"Hist\u00f3ria"},"content":{"rendered":"<h2 style=\"text-align: center;\">A hist\u00f3ria<\/h2>\n<p><a href=\"http:\/\/www2.uepg.br\/dejor\/wp-content\/uploads\/sites\/184\/2021\/04\/25.jpg\"><img loading=\"lazy\" class=\"alignleft wp-image-157\" src=\"http:\/\/www2.uepg.br\/dejor\/wp-content\/uploads\/sites\/184\/2021\/04\/25.jpg\" alt=\"\" width=\"273\" height=\"208\" \/><\/a>Estruturado inicialmente dentro de um regime de cr\u00e9dito semestral com dois ingressos anuais, o Curso de Comunica\u00e7\u00e3o Social &#8211; habilita\u00e7\u00e3o Jornalismo recebeu, at\u00e9 1990, nove turmas. A falta de uma estrutura adequada e a aus\u00eancia de investimentos em equipamentos caracterizaram os primeiros anos de atividade.<\/p>\n<p>No in\u00edcio da d\u00e9cada de 1990, o curso passa para o regime seriado anual, com apenas um ingresso de 40 alunos. Algumas mudan\u00e7as passam a modificar, desde ent\u00e3o, o perfil do curso.<\/p>\n<p>A partir de 1996, inicia-se uma s\u00e9rie de contrata\u00e7\u00f5es atrav\u00e9s de concursos p\u00fablicos. A pesquisa passa a ser encarada como um fator importante, provocando um salto qualitativo na forma\u00e7\u00e3o acad\u00eamica (em agosto deste ano, o Curso registra os primeiros quatro projetos de inicia\u00e7\u00e3o \u00e0 pesquisa cientifica da hist\u00f3ria do Jornalismo na UEPG).<\/p>\n<p>Ao longo desses anos de exist\u00eancia, foram criados eventos que hoje s\u00e3o tradicionais para o curso de Jornalismo, como a Semana de Estudos em Comunica\u00e7\u00e3o, Semin\u00e1rio de Inverno e a Semana da Resist\u00eancia (a princ\u00edpio em parceria com outros cursos da Universidade).<\/p>\n<p>Em 2010, o curso de Bacharelado em Jornalismo da UEPG completou 25 anos de exist\u00eancia e esse foi o tema da Semana de Estudos em Comunica\u00e7\u00e3o daquele ano e ainda como atividade comemorativa, realizou-se a I Jornada Beltraniana que contou com a presen\u00e7a do consagrado pesquisador da \u00e1rea de comunica\u00e7\u00e3o, Jos\u00e9 Marques de Melo.<\/p>\n","protected":false},"excerpt":{"rendered":"<p>A hist\u00f3ria Estruturado inicialmente dentro de um regime de cr\u00e9dito semestral com dois ingressos anuais, o Curso de Comunica\u00e7\u00e3o Social &#8211; habilita\u00e7\u00e3o Jornalismo recebeu, at\u00e9 1990, nove turmas. A falta de uma estrutura adequada e a aus\u00eancia de investimentos em equipamentos caracterizaram os primeiros anos de atividade. No in\u00edcio da d\u00e9cada de 1990, o curso&nbsp;&hellip;<\/p>\n","protected":false},"author":204,"featured_media":0,"parent":0,"menu_order":0,"comment_status":"closed","ping_status":"closed","template":"","meta":[],"_links":{"self":[{"href":"https:\/\/www2.uepg.br\/dejor\/wp-json\/wp\/v2\/pages\/120"}],"collection":[{"href":"https:\/\/www2.uepg.br\/dejor\/wp-json\/wp\/v2\/pages"}],"about":[{"href":"https:\/\/www2.uepg.br\/dejor\/wp-json\/wp\/v2\/types\/page"}],"author":[{"embeddable":true,"href":"https:\/\/www2.uepg.br\/dejor\/wp-json\/wp\/v2\/users\/204"}],"replies":[{"embeddable":true,"href":"https:\/\/www2.uepg.br\/dejor\/wp-json\/wp\/v2\/comments?post=120"}],"version-history":[{"count":8,"href":"https:\/\/www2.uepg.br\/dejor\/wp-json\/wp\/v2\/pages\/120\/revisions"}],"predecessor-version":[{"id":180,"href":"https:\/\/www2.uepg.br\/dejor\/wp-json\/wp\/v2\/pages\/120\/revisions\/180"}],"wp:attachment":[{"href":"https:\/\/www2.uepg.br\/dejor\/wp-json\/wp\/v2\/media?parent=120"}],"curies":[{"name":"wp","href":"https:\/\/api.w.org\/{rel}","templated":true}]}}