{"id":122,"date":"2021-04-19T22:57:52","date_gmt":"2021-04-20T01:57:52","guid":{"rendered":"https:\/\/www2.uepg.br\/dejor\/?page_id=122"},"modified":"2024-12-04T13:58:33","modified_gmt":"2024-12-04T16:58:33","slug":"corpo-docente","status":"publish","type":"page","link":"https:\/\/www2.uepg.br\/dejor\/corpo-docente\/","title":{"rendered":"Corpo Docente"},"content":{"rendered":"<h2><img loading=\"lazy\" class=\"alignnone wp-image-392\" src=\"http:\/\/www2.uepg.br\/dejor\/wp-content\/uploads\/sites\/184\/2024\/10\/servletrecuperafoto.jpg\" alt=\"\" width=\"309\" height=\"463\" \/><strong>Aline Louize Deliberali Rosso<\/strong><\/h2>\n<p>Professora de ensino superior &#8211; colaboradora. Graduada em Jornalismo pela Universidade Estadual de Ponta Grossa (UEPG). Doutora e Mestre em Sociologia Pol\u00edtica pela Universidade Federal de Santa Catarina (UFSC).<\/p>\n<p><a href=\"http:\/\/lattes.cnpq.br\/1312448301242313\" target=\"_blank\" rel=\"noopener\">Curr\u00edculo Lattes<\/a> | e-mail: <a href=\"mailto:aline.rosso@uepg.br\">aline.rosso@uepg.br<\/a><\/p>\n<p>&nbsp;<\/p>\n<h2><strong><img loading=\"lazy\" class=\"alignnone size-full wp-image-321\" src=\"http:\/\/www2.uepg.br\/dejor\/wp-content\/uploads\/sites\/184\/2024\/03\/carlos_300x300.jpeg\" alt=\"Carlos Alberto de Souza\" width=\"300\" height=\"300\" \/>\u00a0Carlos Alberto de Souza<\/strong><\/h2>\n<p>Professor de Ensino Superior-Carreira. Com forma\u00e7\u00e3o em Jornalismo pela Universidade Federal de Santa Catarina (UFSC), com especializa\u00e7\u00e3o em Psicologia da Comunica\u00e7\u00e3o pela Universidade Federal de Santa Catarina (UFSC), especializa\u00e7\u00e3o em Comunica\u00e7\u00e3o Social pela Universidade do Vale do Itaja\u00ed (UNIVALI), mestre em Comunica\u00e7\u00e3o e Informa\u00e7\u00e3o pela Universidade Federal do Rio Grande do Sul (UFRGS, Brasil) e doutor em Interdisciplinar em Ci\u00eancias Humanas pela Universidade Federal de Santa Catarina (UFSC)<\/p>\n<p><a href=\"http:\/\/lattes.cnpq.br\/4325832876426929\" target=\"_blank\" rel=\"noopener\">Curr\u00edculo Lattes<\/a> | e-mail: <a href=\"mailto:caasouza@uepg.br\">caasouza@uepg.br\u00a0<\/a><\/p>\n<p>&nbsp;<\/p>\n<h2><strong><img loading=\"lazy\" class=\"alignnone size-full wp-image-323\" src=\"http:\/\/www2.uepg.br\/dejor\/wp-content\/uploads\/sites\/184\/2024\/03\/cintia_300x300.jpg\" alt=\"\" width=\"300\" height=\"300\" \/> Cintia Xavier<\/strong><\/h2>\n<p>Professora de Ensino Superior-Carreira, graduada em Comunica\u00e7\u00e3o Social\/ Habilita\u00e7\u00e3o em Jornalismo pela Universidade Estadual de Ponta Grossa (UEPG), especializa\u00e7\u00e3o em Teoria e Pr\u00e1tica do Audiovisual pela Pontif\u00edcia Universidade Cat\u00f3lica do Paran\u00e1, (PUCPR), mestre em Comunica\u00e7\u00e3o e Linguagens pela Universidade Tuiuti do Paran\u00e1 (UTP) e doutora em Ci\u00eancias da Comunica\u00e7\u00e3o pela Universidade do Vale do Rio dos Sinos (Unisinos).<\/p>\n<p><a href=\"http:\/\/buscatextual.cnpq.br\/buscatextual\/visualizacv.do?id=W544999\" target=\"_blank\" rel=\"noopener\">Curr\u00edculo Lattes<\/a> |e-mail: <a href=\"mailto:cxavier@uepg.br\">cxavier@uepg.br<\/a><\/p>\n<p><strong>\u00a0<\/strong><\/p>\n<h2><strong><img loading=\"lazy\" class=\"alignnone wp-image-319\" src=\"http:\/\/www2.uepg.br\/dejor\/wp-content\/uploads\/sites\/184\/2024\/03\/felipe_300x300.jpeg\" alt=\"Felipe Sim\u00e3o Pontes\" width=\"300\" height=\"300\" \/> Felipe Sim\u00e3o Pontes<\/strong><\/h2>\n<p>Professor de Ensino Superior-Carreira, com forma\u00e7\u00e3o em Jornalismo pela Universidade Estadual de Ponta Grossa (UEPG), mestre em Jornalismo pela Universidade Federal de Santa Catarina (UFSC), doutor em Sociologia Pol\u00edtica pela Universidade Federal de Santa Catarina (UFSC) e p\u00f3s-doutor pela Universidade Estadual de Ponta Grossa (UEPG).<\/p>\n<p><a href=\"http:\/\/lattes.cnpq.br\/5074838842332337\">Curr\u00edculo Lattes<\/a> |e-mail: <a href=\"mailto:fspontes@uepg.br\">fspontes@uepg.br<\/a><\/p>\n<p>&nbsp;<\/p>\n<h2><img loading=\"lazy\" class=\"\" src=\"http:\/\/servicosweb.cnpq.br\/wspessoa\/servletrecuperafoto?tipo=1&amp;id=K8389812E2\" width=\"318\" height=\"403\" \/> <strong>Gabriela Cavalcanti Carneiro de Almeida<\/strong><\/h2>\n<p>Professora de Ensino Superior- Colaboradora. Graduada em Jornalismo pela Universidade Cat\u00f3lica de Pernambuco. Mestre em Jornalismo pela Universidade Estadual de Ponta Grossa (UEPG). Doutoranda em Jornalismo na Universidade Federal de Santa Catarina (UFSC).<\/p>\n<p><a href=\"http:\/\/lattes.cnpq.br\/7187785149723177\" target=\"_blank\" rel=\"noopener\">Curr\u00edculo Lattes<\/a><\/p>\n<p>&nbsp;<\/p>\n<h2><img loading=\"lazy\" class=\"\" src=\"http:\/\/servicosweb.cnpq.br\/wspessoa\/servletrecuperafoto?tipo=1&amp;id=K4778222D7\" width=\"302\" height=\"402\" \/> <strong>Graziela Soares Bianchi<\/strong><\/h2>\n<p>Professora de Ensino Superior- Carreira. Graduada em Comunica\u00e7\u00e3o Social Habilita\u00e7\u00e3o em Jornalismo pela Universidade Estadual de Ponta Grossa (UEPG). Doutora em Ci\u00eancias da Comunica\u00e7\u00e3o pela Universidade do Vale do Rio dos Sinos (2010). Mestrado em Ci\u00eancias da Comunica\u00e7\u00e3o pela Universidade do Vale do Rio Sino (2003).<\/p>\n<p><a href=\"http:\/\/buscatextual.cnpq.br\/buscatextual\/visualizacv.do?id=K4778222D7\" target=\"_blank\" rel=\"noopener\">Curr\u00edculo Lattes<\/a><\/p>\n<p>&nbsp;<\/p>\n<h2><img loading=\"lazy\" class=\"\" src=\"http:\/\/servicosweb.cnpq.br\/wspessoa\/servletrecuperafoto?tipo=1&amp;id=K4537615D3\" width=\"341\" height=\"365\" \/> <strong>Hebe Maria Gon\u00e7alves de Oliveira<\/strong><\/h2>\n<p>Professora de Ensino Superior- Carreira, com gradua\u00e7\u00e3o em Comunica\u00e7\u00e3o Social\/Habilita\u00e7\u00e3o em Jornalismo pela Universidade Federal de Juiz de Fora (UFJF), mestre em Comunica\u00e7\u00e3o Social pela Universidade Metodista de S\u00e3o Paulo, e doutora em Ci\u00eancias da Comunica\u00e7\u00e3o pela Universidade do Vale do Rio dos Sinos (Unisinos).<\/p>\n<p><a href=\"http:\/\/buscatextual.cnpq.br\/buscatextual\/visualizacv.do?id=K4537615D3\" target=\"_blank\" rel=\"noopener\">Curr\u00edculo Lattes<\/a><\/p>\n<p><strong>\u00a0<\/strong><\/p>\n<h2><img loading=\"lazy\" class=\"\" src=\"http:\/\/servicosweb.cnpq.br\/wspessoa\/servletrecuperafoto?tipo=1&amp;id=K4481557H0\" width=\"253\" height=\"337\" \/> <strong>Ivan Elizeu Bomfim Pereira<\/strong><\/h2>\n<p>Professor de Ensino Superior -Carreira, com gradua\u00e7\u00e3o em Jornalismo pelo Centro Universit\u00e1rio de Belo Horizonte (UniBH), gradua\u00e7\u00e3o em Hist\u00f3ria pela Universidade Federal de Minas Gerais (UFMG), especializa\u00e7\u00e3o em Rela\u00e7\u00f5es Internacionais pela Pontif\u00edcia Universidade Cat\u00f3lica de Minas Gerais (PUC Minas), mestre em Comunica\u00e7\u00e3o e Informa\u00e7\u00e3o pela Universidade Federal do Rio Grande do Sul (UFRGS) e doutor em Comunica\u00e7\u00e3o e Informa\u00e7\u00e3o pela Universidade Federal do Rio Grande do Sul (UFRGS).<\/p>\n<p><a href=\"http:\/\/lattes.cnpq.br\/9553573935168232\">Curr\u00edculo Lattes<\/a><\/p>\n<p><strong>\u00a0<\/strong><\/p>\n<h2><img loading=\"lazy\" class=\"\" src=\"http:\/\/servicosweb.cnpq.br\/wspessoa\/servletrecuperafoto?tipo=1&amp;id=K4766324P0\" width=\"322\" height=\"287\" \/> <strong>Karina Janz Woitowicz<\/strong><\/h2>\n<p>Professora de Ensino Superior -Carreira, com Gradua\u00e7\u00e3o em Bacharel Em Comunica\u00e7\u00e3o Social\/ Habilita\u00e7\u00e3o Em Jornalismo pela Universidade Estadual de Ponta Grossa (UEPG) e mestre em Ci\u00eancias da Comunica\u00e7\u00e3o pela Universidade do Vale do Rio dos Sinos (Unisinos) e doutora em\u00a0Doutorado Interdisciplinar em Ci\u00eancias Humanas pela Universidade Federal de Santa Catarina (UFSC).<\/p>\n<p><a href=\"http:\/\/buscatextual.cnpq.br\/buscatextual\/visualizacv.do?id=K4766324P0\" target=\"_blank\" rel=\"noopener\">Curr\u00edculo Lattes<\/a><\/p>\n<p>&nbsp;<\/p>\n<h2>\u00a0<img loading=\"lazy\" class=\"alignnone wp-image-393\" src=\"http:\/\/www2.uepg.br\/dejor\/wp-content\/uploads\/sites\/184\/2024\/10\/servletrecuperafoto-1.jpg\" alt=\"\" width=\"249\" height=\"311\" \/><strong>Kevin Willian Kossar Furtado<\/strong><\/h2>\n<p>Professor de Ensino Superior &#8211; Colaborador. Graduado em Jornalismo pela UEPG.\u00a0 Mestre em Ci\u00eancias Sociais Aplicadas e bacharel em Jornalismo pela Universidade Estadual de Ponta Grossa (UEPG). Doutor em Teologia pela Pontif\u00edcia Universidade Cat\u00f3lica do Paran\u00e1 (PUCPR). P\u00f3s-doutorado em Sociologia na Universidade Federal do Paran\u00e1 (UFPR). Doutorando em Comunica\u00e7\u00e3o na UFPR.<\/p>\n<p><a href=\"http:\/\/lattes.cnpq.br\/5764553729530007\" target=\"_blank\" rel=\"noopener\">Curr\u00edculo Lattes<\/a><\/p>\n<p>&nbsp;<\/p>\n<h2><img loading=\"lazy\" class=\"\" src=\"http:\/\/servicosweb.cnpq.br\/wspessoa\/servletrecuperafoto?tipo=1&amp;id=K4219828Z7\" width=\"283\" height=\"283\" \/> <strong>Manoel Moabis Pereira dos Anjos<\/strong><\/h2>\n<p>Professor de Ensino Superior -Colaborador, com gradua\u00e7\u00e3o em Comunica\u00e7\u00e3o Social Habilita\u00e7\u00e3o em jornalismo pela Universidade Estadual de Ponta Grossa (UEPG), mestre em Jornalismo pela Universidade Estadual de Ponta Grossa (UEPG) e doutor em Comunica\u00e7\u00e3o pela Universidade do Vale do Rio do Sinos (Unisinos).<\/p>\n<p><a href=\"http:\/\/lattes.cnpq.br\/3598431145805860\">Curr\u00edculo Lattes<\/a><\/p>\n<p>&nbsp;<\/p>\n<h2><img loading=\"lazy\" class=\"\" src=\"http:\/\/servicosweb.cnpq.br\/wspessoa\/servletrecuperafoto?tipo=1&amp;id=K4767921T2\" width=\"303\" height=\"404\" \/> <strong>Marcelo Engel Bronosky<\/strong><\/h2>\n<p>Professor de Ensino Superior -Carreira, com gradua\u00e7\u00e3o em Comunica\u00e7\u00e3o Social? Habilita\u00e7\u00e3o em Jornalismo pela Universidade Estadual de Ponta Grossa (UEPG), mestre em Comunica\u00e7\u00e3o Social pela Universidade Metodista de S\u00e3o Paulo e doutor em Ci\u00eancias da Comunica\u00e7\u00e3o pela Universidade do Vale do Rio dos Sinos (Unisinos).<\/p>\n<p><a href=\"http:\/\/buscatextual.cnpq.br\/buscatextual\/visualizacv.do?id=K4767921T2\" target=\"_blank\" rel=\"noopener\">Curr\u00edculo Lattes<\/a><\/p>\n<p>&nbsp;<\/p>\n<h2><img loading=\"lazy\" class=\"\" src=\"http:\/\/servicosweb.cnpq.br\/wspessoa\/servletrecuperafoto?tipo=1&amp;id=K4444890Y6\" width=\"341\" height=\"414\" \/> <strong>Marizandra Rutilli<\/strong><\/h2>\n<p>Professora de Ensino Superior -Colaboradora, com gradua\u00e7\u00e3o em Comunica\u00e7\u00e3o Social? Habilita\u00e7\u00e3o em Jornalismo pela Universidade Regional do Noroeste do Estado do Rio Grande do Sul (Uniju\u00ed), mestre em Comunica\u00e7\u00e3o pela Universidade Federal de Santa Maria (UFSM) e doutora em Comunica\u00e7\u00e3o pela Universidade Federal de Santa Maria (UFSM).<\/p>\n<p><a href=\"http:\/\/lattes.cnpq.br\/6098464035297595\" target=\"_blank\" rel=\"noopener\">Curr\u00edculo Lattes<\/a><\/p>\n<h2><\/h2>\n<h2><strong>Paula Melani Rocha<\/strong><\/h2>\n<p>Professora de Ensino Superior -Carreira, com gradua\u00e7\u00e3o em Jornalismo pela Faculdade Casper L\u00edbero (FCL), gradua\u00e7\u00e3o em Ci\u00eancias Sociais pela Universidade de S\u00e3o Paulo (USP), especializa\u00e7\u00e3o em Document Image Processing pela Harvard University, especializa\u00e7\u00e3o em Understanding And Developing Multimedia pela Harvard University, mestre em Ci\u00eancias Sociais pela Universidade Federal de S\u00e3o Carlos (UFSCar) e doutora em Ci\u00eancias Sociais pela Universidade Federal de S\u00e3o Carlos (UFSCar).<\/p>\n<p><a href=\"http:\/\/buscatextual.cnpq.br\/buscatextual\/visualizacv.do?id=K4706272Z9\" target=\"_blank\" rel=\"noopener\">Curr\u00edculo Lattes<\/a><\/p>\n<p>&nbsp;<\/p>\n<h2><img loading=\"lazy\" class=\"\" src=\"http:\/\/servicosweb.cnpq.br\/wspessoa\/servletrecuperafoto?tipo=1&amp;id=K4732625U1\" width=\"220\" height=\"293\" \/> <strong>Rafael Schoenherr<\/strong><\/h2>\n<p>Professor de Ensino Superior -Carreira, com Gradua\u00e7\u00e3o em Comunica\u00e7\u00e3o Social\/ Habilita\u00e7\u00e3o Jornalismo pela Universidade Estadual de Ponta Grossa (UEPG), mestre em Ci\u00eancias da\u00a0Comunica\u00e7\u00e3o pela Universidade do Vale do Rio dos Sinos (Unisinos) e doutor em Geografia pela Universidade Estadual de Ponta Grossa (UEPG)<strong>.<\/strong><\/p>\n<p><a href=\"http:\/\/buscatextual.cnpq.br\/buscatextual\/visualizacv.do?id=K4732625U1\" target=\"_blank\" rel=\"noopener\">Curr\u00edculo Lattes<\/a><\/p>\n<p>&nbsp;<\/p>\n<h2><strong>Sergio Luiz Gadini<\/strong><\/h2>\n<p>Professor de Ensino Superior -Carreira, com gradua\u00e7\u00e3o em Comunica\u00e7\u00e3o Social\/ Habilita\u00e7\u00e3o Jornalismo pela Universidade Federal de Santa Maria (UFSM), mestre em Comunica\u00e7\u00e3o e Cultura Contempor\u00e2nea pela Universidade Federal da Bahia (UFBA) e doutor em Ci\u00eancias da Comunica\u00e7\u00e3o pela Universidade do Vale do Rio dos Sinos (Unisinos).<\/p>\n<p><a href=\"http:\/\/buscatextual.cnpq.br\/buscatextual\/visualizacv.do?id=K4791806A6\" target=\"_blank\" rel=\"noopener\">Curr\u00edculo Lattes<\/a><\/p>\n","protected":false},"excerpt":{"rendered":"<p>Aline Louize Deliberali Rosso Professora de ensino superior &#8211; colaboradora. Graduada em Jornalismo pela Universidade Estadual de Ponta Grossa (UEPG). Doutora e Mestre em Sociologia Pol\u00edtica pela Universidade Federal de Santa Catarina (UFSC). Curr\u00edculo Lattes | e-mail: aline.rosso@uepg.br &nbsp; \u00a0Carlos Alberto de Souza Professor de Ensino Superior-Carreira. Com forma\u00e7\u00e3o em Jornalismo pela Universidade Federal de&nbsp;&hellip;<\/p>\n","protected":false},"author":204,"featured_media":0,"parent":0,"menu_order":0,"comment_status":"closed","ping_status":"closed","template":"","meta":[],"_links":{"self":[{"href":"https:\/\/www2.uepg.br\/dejor\/wp-json\/wp\/v2\/pages\/122"}],"collection":[{"href":"https:\/\/www2.uepg.br\/dejor\/wp-json\/wp\/v2\/pages"}],"about":[{"href":"https:\/\/www2.uepg.br\/dejor\/wp-json\/wp\/v2\/types\/page"}],"author":[{"embeddable":true,"href":"https:\/\/www2.uepg.br\/dejor\/wp-json\/wp\/v2\/users\/204"}],"replies":[{"embeddable":true,"href":"https:\/\/www2.uepg.br\/dejor\/wp-json\/wp\/v2\/comments?post=122"}],"version-history":[{"count":23,"href":"https:\/\/www2.uepg.br\/dejor\/wp-json\/wp\/v2\/pages\/122\/revisions"}],"predecessor-version":[{"id":412,"href":"https:\/\/www2.uepg.br\/dejor\/wp-json\/wp\/v2\/pages\/122\/revisions\/412"}],"wp:attachment":[{"href":"https:\/\/www2.uepg.br\/dejor\/wp-json\/wp\/v2\/media?parent=122"}],"curies":[{"name":"wp","href":"https:\/\/api.w.org\/{rel}","templated":true}]}}