{"id":124,"date":"2021-04-19T22:58:01","date_gmt":"2021-04-20T01:58:01","guid":{"rendered":"https:\/\/www2.uepg.br\/dejor\/?page_id=124"},"modified":"2025-11-12T09:55:27","modified_gmt":"2025-11-12T12:55:27","slug":"corpo-tecnico","status":"publish","type":"page","link":"https:\/\/www2.uepg.br\/dejor\/corpo-tecnico\/","title":{"rendered":"Corpo T\u00e9cnico"},"content":{"rendered":"<p>O Departamento de Jornalismo conta atualmente com quatro servidores do quadro t\u00e9cnico:<\/p>\n<ul>\n<li style=\"list-style-type: none\">\n<ul>\n<li>Darlene Galv\u00e3o de Oliveira &#8211; Secretaria<\/li>\n<li>Marilson de Paula &#8211; Laborat\u00f3rio de Telejornalismo<\/li>\n<li>Reinaldo dos Santos &#8211; Laborat\u00f3rio de Radiojornalismo<\/li>\n<li>Ta\u00eds Maria da Cruz &#8211; Laborat\u00f3rio de Fotojornalismo<\/li>\n<\/ul>\n<\/li>\n<\/ul>\n","protected":false},"excerpt":{"rendered":"<p>O Departamento de Jornalismo conta atualmente com quatro servidores do quadro t\u00e9cnico: Darlene Galv\u00e3o de Oliveira &#8211; Secretaria Marilson de Paula &#8211; Laborat\u00f3rio de Telejornalismo Reinaldo dos Santos &#8211; Laborat\u00f3rio de Radiojornalismo Ta\u00eds Maria da Cruz &#8211; Laborat\u00f3rio de Fotojornalismo<\/p>\n","protected":false},"author":204,"featured_media":0,"parent":0,"menu_order":0,"comment_status":"closed","ping_status":"closed","template":"","meta":[],"_links":{"self":[{"href":"https:\/\/www2.uepg.br\/dejor\/wp-json\/wp\/v2\/pages\/124"}],"collection":[{"href":"https:\/\/www2.uepg.br\/dejor\/wp-json\/wp\/v2\/pages"}],"about":[{"href":"https:\/\/www2.uepg.br\/dejor\/wp-json\/wp\/v2\/types\/page"}],"author":[{"embeddable":true,"href":"https:\/\/www2.uepg.br\/dejor\/wp-json\/wp\/v2\/users\/204"}],"replies":[{"embeddable":true,"href":"https:\/\/www2.uepg.br\/dejor\/wp-json\/wp\/v2\/comments?post=124"}],"version-history":[{"count":8,"href":"https:\/\/www2.uepg.br\/dejor\/wp-json\/wp\/v2\/pages\/124\/revisions"}],"predecessor-version":[{"id":451,"href":"https:\/\/www2.uepg.br\/dejor\/wp-json\/wp\/v2\/pages\/124\/revisions\/451"}],"wp:attachment":[{"href":"https:\/\/www2.uepg.br\/dejor\/wp-json\/wp\/v2\/media?parent=124"}],"curies":[{"name":"wp","href":"https:\/\/api.w.org\/{rel}","templated":true}]}}