{"id":126,"date":"2021-04-19T22:58:14","date_gmt":"2021-04-20T01:58:14","guid":{"rendered":"https:\/\/www2.uepg.br\/dejor\/?page_id=126"},"modified":"2024-07-29T14:57:04","modified_gmt":"2024-07-29T17:57:04","slug":"documentos","status":"publish","type":"page","link":"https:\/\/www2.uepg.br\/dejor\/documentos\/","title":{"rendered":"Documentos"},"content":{"rendered":"<h2 style=\"text-align: center\">Baixe aqui os documentos b\u00e1sicos do Curso de Bacharelado em Jornalismo:<\/h2>\n<p style=\"text-align: center\"><a href=\"http:\/\/www2.uepg.br\/dejor\/wp-content\/uploads\/sites\/184\/2021\/04\/Projeto_Pedagogico_2005_Curriculo-6.doc\" target=\"_blank\" rel=\"noopener\">Projeto Pedag\u00f3gico de 2005 (Curr\u00edculo 6)<\/a><\/p>\n<p style=\"text-align: center\"><a href=\"http:\/\/www2.uepg.br\/dejor\/wp-content\/uploads\/sites\/184\/2021\/04\/Projeto-Pedagogico_Curriculo_7.doc\" target=\"_blank\" rel=\"noopener\">Projeto Pedag\u00f3gico de 2015 (Curr\u00edculo 7)<\/a><\/p>\n<p style=\"text-align: center\"><a href=\"https:\/\/www2.uepg.br\/prograd\/wp-content\/uploads\/sites\/19\/2023\/05\/142023-02-0723.pdf\">Projeto Pedag\u00f3gico de 2023 (Curr\u00edculo 8)<\/a><\/p>\n<p style=\"text-align: center\"><a href=\"https:\/\/sites.uepg.br\/prograd\/wp-content\/uploads\/2017\/12\/RES-CEPE-045-Aprova-Novo-Regulamento-de-Est%C3%A1gio-Curricular-em-Jornalismo.pdf\" target=\"_blank\" rel=\"noopener\">Regulamento de Est\u00e1gio em Jornalismo<\/a><\/p>\n<p style=\"text-align: center\"><a href=\"https:\/\/www2.uepg.br\/bacharelado-jornalismo\/wp-content\/uploads\/sites\/82\/2021\/12\/Regulamento-TCC.pdf\">Regulamento de TCC em Jornalismo<\/a><\/p>\n<p style=\"text-align: center\"><a href=\"http:\/\/www2.uepg.br\/dejor\/wp-content\/uploads\/sites\/184\/2021\/04\/estagio_curricular_jornalismo_proposta_conjunta_-FNPJ_-FENAJ.pdf\" target=\"_blank\" rel=\"noopener\">Est\u00e1gio Obrigat\u00f3rio &#8211; proposta conjunta de Fenaj e FNPP<\/a><\/p>\n<p style=\"text-align: center\"><a href=\"http:\/\/www2.uepg.br\/dejor\/wp-content\/uploads\/sites\/184\/2021\/04\/Resolucao_Novas_Diretrizes.pdf\" target=\"_blank\" rel=\"noopener\">Novas Diretrizes Curriculares do MEC para os Cursos de Jornalismo<\/a><\/p>\n","protected":false},"excerpt":{"rendered":"<p>Baixe aqui os documentos b\u00e1sicos do Curso de Bacharelado em Jornalismo: Projeto Pedag\u00f3gico de 2005 (Curr\u00edculo 6) Projeto Pedag\u00f3gico de 2015 (Curr\u00edculo 7) Projeto Pedag\u00f3gico de 2023 (Curr\u00edculo 8) Regulamento de Est\u00e1gio em Jornalismo Regulamento de TCC em Jornalismo Est\u00e1gio Obrigat\u00f3rio &#8211; proposta conjunta de Fenaj e FNPP Novas Diretrizes Curriculares do MEC para os&nbsp;&hellip;<\/p>\n","protected":false},"author":204,"featured_media":0,"parent":0,"menu_order":0,"comment_status":"closed","ping_status":"closed","template":"","meta":[],"_links":{"self":[{"href":"https:\/\/www2.uepg.br\/dejor\/wp-json\/wp\/v2\/pages\/126"}],"collection":[{"href":"https:\/\/www2.uepg.br\/dejor\/wp-json\/wp\/v2\/pages"}],"about":[{"href":"https:\/\/www2.uepg.br\/dejor\/wp-json\/wp\/v2\/types\/page"}],"author":[{"embeddable":true,"href":"https:\/\/www2.uepg.br\/dejor\/wp-json\/wp\/v2\/users\/204"}],"replies":[{"embeddable":true,"href":"https:\/\/www2.uepg.br\/dejor\/wp-json\/wp\/v2\/comments?post=126"}],"version-history":[{"count":11,"href":"https:\/\/www2.uepg.br\/dejor\/wp-json\/wp\/v2\/pages\/126\/revisions"}],"predecessor-version":[{"id":346,"href":"https:\/\/www2.uepg.br\/dejor\/wp-json\/wp\/v2\/pages\/126\/revisions\/346"}],"wp:attachment":[{"href":"https:\/\/www2.uepg.br\/dejor\/wp-json\/wp\/v2\/media?parent=126"}],"curies":[{"name":"wp","href":"https:\/\/api.w.org\/{rel}","templated":true}]}}