{"id":128,"date":"2021-04-19T22:58:27","date_gmt":"2021-04-20T01:58:27","guid":{"rendered":"https:\/\/www2.uepg.br\/dejor\/?page_id=128"},"modified":"2025-11-12T10:09:04","modified_gmt":"2025-11-12T13:09:04","slug":"contatos","status":"publish","type":"page","link":"https:\/\/www2.uepg.br\/dejor\/contatos\/","title":{"rendered":"Contatos"},"content":{"rendered":"<table class=\"category\">\n<thead>\n<tr>\n<th class=\"item-num\"><\/th>\n<th class=\"item-title\">Nome<\/th>\n<th class=\"item-position\">Posi\u00e7\u00e3o<\/th>\n<th class=\"item-email\">Email<\/th>\n<th class=\"item-phone\">Telefone<\/th>\n<\/tr>\n<\/thead>\n<tbody>\n<tr class=\"even\">\n<td class=\"item-num\">\n<h6><strong>0<\/strong><\/h6>\n<\/td>\n<td class=\"item-title\">\n<h6><strong>UEPG<\/strong><\/h6>\n<\/td>\n<td class=\"item-position\">\n<h6><strong>Secretaria Geral dos Conselhos Superiores &#8211; Secretaria da Reitoria<\/strong><\/h6>\n<\/td>\n<td class=\"item-email\">\n<h6><strong><span id=\"cloak4efb4b39ad1a89e11a6ea8bccbc25966\"><a href=\"mailto:segecon@uepg.br\">segecon@uepg.br<\/a><\/span><\/strong><\/h6>\n<\/td>\n<td class=\"item-phone\">\n<h6><strong>(42) 3220-3227 \/ 3220-3225<\/strong><\/h6>\n<\/td>\n<\/tr>\n<\/tbody>\n<\/table>\n<p style=\"padding-left: 40px\"><strong>Posi\u00e7\u00e3o:<\/strong> Secretaria Geral dos Conselhos Superiores &#8211; Secretaria da Reitoria<\/p>\n<p style=\"padding-left: 80px\">Campus de Uvaranas &#8211; Av. General Carlos Cavalcanti, 4748<br \/>\nPonta Grossa<br \/>\nParan\u00e1<br \/>\n84.030-900<br \/>\nBrasil<br \/>\n<a href=\"mailto:segecon@uepg.br\" target=\"_blank\" rel=\"noopener\">segecon@uepg.br<\/a><br \/>\n(42) 3220-3227 \/ 3220-3225<br \/>\n<a href=\"http:\/\/pitangui.uepg.br\/secrei\/\" target=\"_blank\" rel=\"noopener\">http:\/\/pitangui.uepg.br\/secrei\/<\/a><\/p>\n<p>&nbsp;<\/p>\n<table class=\"category\">\n<tbody>\n<tr class=\"odd\">\n<td class=\"item-num\">\n<h6><strong>1<\/strong><\/h6>\n<\/td>\n<td class=\"item-title\">\n<h6><strong>Prof Dr Felipe Sim\u00e3o Pontes\u00a0<\/strong><\/h6>\n<\/td>\n<td class=\"item-position\">\n<h6><strong>Coordenadora do Mestrado<\/strong><\/h6>\n<\/td>\n<td class=\"item-email\">\n<h6><strong><span id=\"cloak253b4e353abc9f06cff13ecf83f8d680\"><a href=\"mailto:ppgjornalismo@gmail.com\">ppgjornalismo@gmail.com<\/a><\/span><\/strong><\/h6>\n<\/td>\n<td class=\"item-phone\">\n<h6><strong>(42) 3220 3379<\/strong><\/h6>\n<\/td>\n<\/tr>\n<\/tbody>\n<\/table>\n<p style=\"padding-left: 40px\"><strong>Posi\u00e7\u00e3o:<\/strong> Coordenador do Mestrado<\/p>\n<p style=\"padding-left: 80px\">Secretaria Acad\u00eamica de P\u00f3s-Gradua\u00e7\u00e3o Stricto Sensu dos Mestrados (Propesp \u2013 pr\u00e9dio da Reitoria da UEPG, Campus Uvaranas)<br \/>\nPonta Grossa<br \/>\nParan\u00e1<br \/>\n<a href=\"mailto:mestradojornalismo@uepg.br\" target=\"_blank\" rel=\"noopener\">mestradojornalismo@uepg.br<\/a><br \/>\n(42) 99928-0808<br \/>\n(42) 3220-3150<br \/>\n<a href=\"http:\/\/www2.uepg.br\/ppgjor\">http:\/\/www2.uepg.br\/ppgjor<\/a><\/p>\n<p>&nbsp;<\/p>\n<table class=\"category\">\n<tbody>\n<tr class=\"even\">\n<td class=\"item-num\">\n<h6><strong>2<\/strong><\/h6>\n<\/td>\n<td class=\"item-title\">\n<h6><strong>Prof. Dr Ivan Bomfim<\/strong><\/h6>\n<\/td>\n<td class=\"item-position\">\n<h6><strong>Coordenador da Gradua\u00e7\u00e3o<\/strong><\/h6>\n<\/td>\n<td class=\"item-email\">\n<h6><strong><span id=\"cloak937bb75a7a8bef6840a7827526b63c8d\"><a href=\"mailto:colegjorn@uepg.br\">colegjorn@uepg.br<\/a><\/span><\/strong><\/h6>\n<\/td>\n<td class=\"item-phone\">\n<h6><strong>(42) 3220-3352<\/strong><\/h6>\n<\/td>\n<\/tr>\n<\/tbody>\n<\/table>\n<p style=\"padding-left: 40px\"><strong>Posi\u00e7\u00e3o:<\/strong> Coordenador da Gradua\u00e7\u00e3o<\/p>\n<p style=\"padding-left: 80px\">Pra\u00e7a Santos Andrade, n\u00ba 01<br \/>\nPonta Grossa<br \/>\nParan\u00e1<br \/>\n84010-790<br \/>\nBrasil<br \/>\n(42) 3220-3352<\/p>\n<p>&nbsp;<\/p>\n<table class=\"category\">\n<tbody>\n<tr class=\"odd\">\n<td class=\"item-num\">\n<h6><strong>3<\/strong><\/h6>\n<\/td>\n<td class=\"item-title\">\n<h6><strong>Prof\u00aa Dr\u00aa Paula Melani Rocha<\/strong><\/h6>\n<\/td>\n<td class=\"item-position\">\n<h6><strong>Chefe de Departamento<\/strong><\/h6>\n<\/td>\n<td class=\"item-email\">\n<h6><strong>deptjorn@uepg.br<\/strong><\/h6>\n<\/td>\n<td class=\"item-phone\">\n<h6><strong>(42) 3220-3351<\/strong><\/h6>\n<\/td>\n<\/tr>\n<\/tbody>\n<\/table>\n<p style=\"padding-left: 40px\"><strong>Posi\u00e7\u00e3o:<\/strong> Chefe de Departamento<\/p>\n<p style=\"padding-left: 80px\">Pra\u00e7a Santos Andrade, n\u00ba 01<br \/>\nPonta Grossa<br \/>\nParan\u00e1<br \/>\n84010-790<br \/>\nBrasil<br \/>\ndeptjorn@uepg.br<br \/>\n(42) 3220-3351<\/p>\n<p>&nbsp;<\/p>\n<table class=\"category\">\n<tbody>\n<tr class=\"even\">\n<td class=\"item-num\">\n<h6><strong>4<\/strong><\/h6>\n<\/td>\n<td class=\"item-title\">\n<h6><strong>Dejor<\/strong><\/h6>\n<\/td>\n<td class=\"item-position\">\n<h6><strong>Departamento de Jornalismo da UEPG<\/strong><\/h6>\n<\/td>\n<td class=\"item-email\">\n<h6><strong>deptjorn@uepg.br<\/strong><\/h6>\n<\/td>\n<td class=\"item-phone\">\n<h6><strong>(42) 3220-3389<\/strong><\/h6>\n<\/td>\n<\/tr>\n<\/tbody>\n<\/table>\n<p style=\"padding-left: 40px\"><strong>Posi\u00e7\u00e3o:<\/strong> Departamento de Jornalismo da UEPG<\/p>\n<p style=\"padding-left: 80px\">Pra\u00e7a Santos Andrade, n\u00ba 01, Centro,<br \/>\nParan\u00e1<br \/>\n84010-790<br \/>\n(42) 3220-3389<br \/>\nhttps:\/\/www2.uepg.br\/bacharelado-jornalismo\/<\/p>\n<p>&nbsp;<\/p>\n","protected":false},"excerpt":{"rendered":"<p>Nome Posi\u00e7\u00e3o Email Telefone 0 UEPG Secretaria Geral dos Conselhos Superiores &#8211; Secretaria da Reitoria segecon@uepg.br (42) 3220-3227 \/ 3220-3225 Posi\u00e7\u00e3o: Secretaria Geral dos Conselhos Superiores &#8211; Secretaria da Reitoria Campus de Uvaranas &#8211; Av. General Carlos Cavalcanti, 4748 Ponta Grossa Paran\u00e1 84.030-900 Brasil segecon@uepg.br (42) 3220-3227 \/ 3220-3225 http:\/\/pitangui.uepg.br\/secrei\/ &nbsp; 1 Prof Dr Felipe&nbsp;&hellip;<\/p>\n","protected":false},"author":204,"featured_media":0,"parent":0,"menu_order":0,"comment_status":"closed","ping_status":"closed","template":"","meta":[],"_links":{"self":[{"href":"https:\/\/www2.uepg.br\/dejor\/wp-json\/wp\/v2\/pages\/128"}],"collection":[{"href":"https:\/\/www2.uepg.br\/dejor\/wp-json\/wp\/v2\/pages"}],"about":[{"href":"https:\/\/www2.uepg.br\/dejor\/wp-json\/wp\/v2\/types\/page"}],"author":[{"embeddable":true,"href":"https:\/\/www2.uepg.br\/dejor\/wp-json\/wp\/v2\/users\/204"}],"replies":[{"embeddable":true,"href":"https:\/\/www2.uepg.br\/dejor\/wp-json\/wp\/v2\/comments?post=128"}],"version-history":[{"count":27,"href":"https:\/\/www2.uepg.br\/dejor\/wp-json\/wp\/v2\/pages\/128\/revisions"}],"predecessor-version":[{"id":452,"href":"https:\/\/www2.uepg.br\/dejor\/wp-json\/wp\/v2\/pages\/128\/revisions\/452"}],"wp:attachment":[{"href":"https:\/\/www2.uepg.br\/dejor\/wp-json\/wp\/v2\/media?parent=128"}],"curies":[{"name":"wp","href":"https:\/\/api.w.org\/{rel}","templated":true}]}}