{"id":132,"date":"2021-04-19T22:59:12","date_gmt":"2021-04-20T01:59:12","guid":{"rendered":"https:\/\/www2.uepg.br\/dejor\/?page_id=132"},"modified":"2021-04-22T17:37:23","modified_gmt":"2021-04-22T20:37:23","slug":"projetos","status":"publish","type":"page","link":"https:\/\/www2.uepg.br\/dejor\/projetos\/","title":{"rendered":"Projetos"},"content":{"rendered":"<div id=\"pl-132\"  class=\"panel-layout\" ><div id=\"pg-132-0\"  class=\"panel-grid panel-no-style\" ><div id=\"pgc-132-0-0\"  class=\"panel-grid-cell\" ><div id=\"panel-132-0-0-0\" class=\"so-panel widget widget_sow-accordion panel-first-child panel-last-child\" data-index=\"0\" ><div\n\t\t\t\n\t\t\tclass=\"so-widget-sow-accordion so-widget-sow-accordion-default-bf9c2d312968-132\"\n\t\t\t\n\t\t><div>\n\t<div class=\"sow-accordion\">\n\t\t\t<div class=\"sow-accordion-panel\"\n\t\t\t data-anchor=\"mestrado-em-jornalismo\">\n\t\t\t\t<div class=\"sow-accordion-panel-header-container\" role=\"heading\" aria-level=\"2\">\n\t\t\t\t\t<div class=\"sow-accordion-panel-header\" tabindex=\"0\" role=\"button\" id=\"accordion-label-mestrado-em-jornalismo\" aria-controls=\"accordion-content-mestrado-em-jornalismo\" aria-expanded=\"false\">\n\t\t\t\t\t\t<div class=\"sow-accordion-title sow-accordion-title-icon-left\">\n\t\t\t\t\t\t\t\t\t\t\t\t\t\tMestrado em Jornalismo\t\t\t\t\t\t\t\t\t\t\t\t\t<\/div>\n\t\t\t\t\t\t<div class=\"sow-accordion-open-close-button\">\n\t\t\t\t\t\t\t<div class=\"sow-accordion-open-button\">\n\t\t\t\t\t\t\t\t<span class=\"sow-icon-ionicons\" data-sow-icon=\"&#xf218;\"\n\t\t \n\t\taria-hidden=\"true\"><\/span>\t\t\t\t\t\t\t<\/div>\n\t\t\t\t\t\t\t<div class=\"sow-accordion-close-button\">\n\t\t\t\t\t\t\t\t<span class=\"sow-icon-ionicons\" data-sow-icon=\"&#xf209;\"\n\t\t \n\t\taria-hidden=\"true\"><\/span>\t\t\t\t\t\t\t<\/div>\n\t\t\t\t\t\t<\/div>\n\t\t\t\t\t<\/div>\n\t\t\t\t<\/div>\n\n\t\t\t<div\n\t\t\t\tclass=\"sow-accordion-panel-content\"\n\t\t\t\trole=\"region\"\n\t\t\t\taria-labelledby=\"accordion-label-mestrado-em-jornalismo\"\n\t\t\t\tid=\"accordion-content-mestrado-em-jornalismo\"\n\t\t\t\tstyle=\"display: none;\"\t\t\t>\n\t\t\t\t<div class=\"sow-accordion-panel-border\" tabindex=\"0\">\n\t\t\t\t\t<p>A \u00e1rea de concentra\u00e7\u00e3o - estruturada em duas linhas de pesquisa (LP1: Processos de Produ\u00e7\u00e3o Jornal\u00edstica e LP2: Processos Jornal\u00edsticos e Pr\u00e1ticas Sociais) - busca contemplar tanto aspectos voltados \u00e0 epistemologia do Jornalismo, com bases te\u00f3ricas e conceituais situadas nas din\u00e2micas, rotinas produtivas e aspectos da produ\u00e7\u00e3o midi\u00e1tica, quanto \u00e0s rela\u00e7\u00f5es do Jornalismo com os demais campos do conhecimento, valorizando as interfaces da comunica\u00e7\u00e3o com as representa\u00e7\u00f5es sociais. As duas linhas de pesquisa convergem no estudo das din\u00e2micas internas e externas do Jornalismo, oferecendo olhares distintos, e complementares, na observa\u00e7\u00e3o dos fen\u00f4menos (comunicacionais) jornal\u00edsticos.<\/p>\n\t\t\t\t<\/div>\n\t\t\t<\/div>\n\t\t<\/div>\n\t\t<\/div>\n<\/div>\n<\/div><\/div><\/div><\/div><div id=\"pg-132-1\"  class=\"panel-grid panel-no-style\" ><div id=\"pgc-132-1-0\"  class=\"panel-grid-cell\" ><div id=\"panel-132-1-0-0\" class=\"so-panel widget widget_sow-accordion panel-first-child panel-last-child\" data-index=\"1\" ><div\n\t\t\t\n\t\t\tclass=\"so-widget-sow-accordion so-widget-sow-accordion-default-bf9c2d312968-132\"\n\t\t\t\n\t\t><h3 class=\"widget-title\">Pesquisas da Gradua\u00e7\u00e3o<\/h3><div>\n\t<div class=\"sow-accordion\">\n\t\t\t<div class=\"sow-accordion-panel\"\n\t\t\t data-anchor=\"jornalismo-cultural-e-folkcomunica%c3%a7%c3%a3o\">\n\t\t\t\t<div class=\"sow-accordion-panel-header-container\" role=\"heading\" aria-level=\"2\">\n\t\t\t\t\t<div class=\"sow-accordion-panel-header\" tabindex=\"0\" role=\"button\" id=\"accordion-label-jornalismo-cultural-e-folkcomunica%c3%a7%c3%a3o\" aria-controls=\"accordion-content-jornalismo-cultural-e-folkcomunica%c3%a7%c3%a3o\" aria-expanded=\"false\">\n\t\t\t\t\t\t<div class=\"sow-accordion-title sow-accordion-title-icon-left\">\n\t\t\t\t\t\t\t\t\t\t\t\t\t\tJornalismo Cultural e Folkcomunica\u00e7\u00e3o\t\t\t\t\t\t\t\t\t\t\t\t\t<\/div>\n\t\t\t\t\t\t<div class=\"sow-accordion-open-close-button\">\n\t\t\t\t\t\t\t<div class=\"sow-accordion-open-button\">\n\t\t\t\t\t\t\t\t<span class=\"sow-icon-ionicons\" data-sow-icon=\"&#xf218;\"\n\t\t \n\t\taria-hidden=\"true\"><\/span>\t\t\t\t\t\t\t<\/div>\n\t\t\t\t\t\t\t<div class=\"sow-accordion-close-button\">\n\t\t\t\t\t\t\t\t<span class=\"sow-icon-ionicons\" data-sow-icon=\"&#xf209;\"\n\t\t \n\t\taria-hidden=\"true\"><\/span>\t\t\t\t\t\t\t<\/div>\n\t\t\t\t\t\t<\/div>\n\t\t\t\t\t<\/div>\n\t\t\t\t<\/div>\n\n\t\t\t<div\n\t\t\t\tclass=\"sow-accordion-panel-content\"\n\t\t\t\trole=\"region\"\n\t\t\t\taria-labelledby=\"accordion-label-jornalismo-cultural-e-folkcomunica%c3%a7%c3%a3o\"\n\t\t\t\tid=\"accordion-content-jornalismo-cultural-e-folkcomunica%c3%a7%c3%a3o\"\n\t\t\t\tstyle=\"display: none;\"\t\t\t>\n\t\t\t\t<div class=\"sow-accordion-panel-border\" tabindex=\"0\">\n\t\t\t\t\t<p>O Grupo de Pesquisa em Jornalismo Cultural e Folkcomunica\u00e7\u00e3o desenvolve estudos fundamentados no referencial te\u00f3rico da folkcomunica\u00e7\u00e3o, com enfoque nas tem\u00e1ticas da comunica\u00e7\u00e3o e da cultura popular. Com base na perspectiva te\u00f3rica fundada por Luiz Beltr\u00e3o, s\u00e3o analisados os processos comunicacionais que envolvem tanto as manifesta\u00e7\u00f5es populares quanto as articula\u00e7\u00f5es entre os meios informais de comunica\u00e7\u00e3o e a m\u00eddia hegem\u00f4nica.<\/p>\n<p>Em di\u00e1logo com teorias da cultura e da comunica\u00e7\u00e3o, os objetos, problemas e fen\u00f4menos observados nas pesquisas buscam revelar aspectos da produ\u00e7\u00e3o de culturas e identidades. O Centro busca ainda fomentar produ\u00e7\u00f5es jornal\u00edsticas que tem as rela\u00e7\u00f5es entre a cultura de massa e a cultura popular como referenciais tem\u00e1ticos e conceituais.<\/p>\n<p>Os resultados das pesquisas realizadas atrav\u00e9s do grupo, seja por meio de artigos apresentados em eventos da \u00e1rea ou de publica\u00e7\u00f5es especializadas, pretendem fortalecer o campo da folkcomunica\u00e7\u00e3o, desvendando outros objetos e aprofundando abordagens te\u00f3ricas da \u00e1rea.<\/p>\n\t\t\t\t<\/div>\n\t\t\t<\/div>\n\t\t<\/div>\n\t\t\t<div class=\"sow-accordion-panel\"\n\t\t\t data-anchor=\"jornalismo-e-g%c3%aanero\">\n\t\t\t\t<div class=\"sow-accordion-panel-header-container\" role=\"heading\" aria-level=\"2\">\n\t\t\t\t\t<div class=\"sow-accordion-panel-header\" tabindex=\"0\" role=\"button\" id=\"accordion-label-jornalismo-e-g%c3%aanero\" aria-controls=\"accordion-content-jornalismo-e-g%c3%aanero\" aria-expanded=\"false\">\n\t\t\t\t\t\t<div class=\"sow-accordion-title sow-accordion-title-icon-left\">\n\t\t\t\t\t\t\t\t\t\t\t\t\t\tJornalismo e G\u00eanero\t\t\t\t\t\t\t\t\t\t\t\t\t<\/div>\n\t\t\t\t\t\t<div class=\"sow-accordion-open-close-button\">\n\t\t\t\t\t\t\t<div class=\"sow-accordion-open-button\">\n\t\t\t\t\t\t\t\t<span class=\"sow-icon-ionicons\" data-sow-icon=\"&#xf218;\"\n\t\t \n\t\taria-hidden=\"true\"><\/span>\t\t\t\t\t\t\t<\/div>\n\t\t\t\t\t\t\t<div class=\"sow-accordion-close-button\">\n\t\t\t\t\t\t\t\t<span class=\"sow-icon-ionicons\" data-sow-icon=\"&#xf209;\"\n\t\t \n\t\taria-hidden=\"true\"><\/span>\t\t\t\t\t\t\t<\/div>\n\t\t\t\t\t\t<\/div>\n\t\t\t\t\t<\/div>\n\t\t\t\t<\/div>\n\n\t\t\t<div\n\t\t\t\tclass=\"sow-accordion-panel-content\"\n\t\t\t\trole=\"region\"\n\t\t\t\taria-labelledby=\"accordion-label-jornalismo-e-g%c3%aanero\"\n\t\t\t\tid=\"accordion-content-jornalismo-e-g%c3%aanero\"\n\t\t\t\tstyle=\"display: none;\"\t\t\t>\n\t\t\t\t<div class=\"sow-accordion-panel-border\" tabindex=\"0\">\n\t\t\t\t\t<p>O grupo de pesquisa de G\u00eanero e M\u00eddia busca desenvolver an\u00e1lises focadas na identifica\u00e7\u00e3o das representa\u00e7\u00f5es de g\u00eanero produzidas nos\/pelos meios de comunica\u00e7\u00e3o, seja em uma perspectiva hegem\u00f4nica ou de ruptura com os estere\u00f3tipos e hierarquias de g\u00eanero.<\/p>\n<p>Os estudos buscam refletir sobre os aspectos culturais da constru\u00e7\u00e3o do masculino e do feminino, sendo a m\u00eddia o espa\u00e7o em que se processam significados e se produzem as identidades culturais.<\/p>\n<p>O grupo realiza pesquisas envolvendo o monitoramento da m\u00eddia sobre tem\u00e1ticas relacionadas a g\u00eanero, compreendendo os seguintes enfoques: representa\u00e7\u00f5es do feminino e do masculino na m\u00eddia, jornalismo e a perspectiva de g\u00eanero e m\u00eddia alternativa e identidades de resist\u00eancia (g\u00eanero, etnia, gera\u00e7\u00e3o, orienta\u00e7\u00e3o sexual e outros marcadores de diferen\u00e7a).<\/p>\n\t\t\t\t<\/div>\n\t\t\t<\/div>\n\t\t<\/div>\n\t\t\t<div class=\"sow-accordion-panel\"\n\t\t\t data-anchor=\"l%c3%b3gicas-de-produ%c3%a7%c3%a3o-e-consumo-no-jornalismo\">\n\t\t\t\t<div class=\"sow-accordion-panel-header-container\" role=\"heading\" aria-level=\"2\">\n\t\t\t\t\t<div class=\"sow-accordion-panel-header\" tabindex=\"0\" role=\"button\" id=\"accordion-label-l%c3%b3gicas-de-produ%c3%a7%c3%a3o-e-consumo-no-jornalismo\" aria-controls=\"accordion-content-l%c3%b3gicas-de-produ%c3%a7%c3%a3o-e-consumo-no-jornalismo\" aria-expanded=\"false\">\n\t\t\t\t\t\t<div class=\"sow-accordion-title sow-accordion-title-icon-left\">\n\t\t\t\t\t\t\t\t\t\t\t\t\t\tL\u00f3gicas de Produ\u00e7\u00e3o e Consumo no Jornalismo\t\t\t\t\t\t\t\t\t\t\t\t\t<\/div>\n\t\t\t\t\t\t<div class=\"sow-accordion-open-close-button\">\n\t\t\t\t\t\t\t<div class=\"sow-accordion-open-button\">\n\t\t\t\t\t\t\t\t<span class=\"sow-icon-ionicons\" data-sow-icon=\"&#xf218;\"\n\t\t \n\t\taria-hidden=\"true\"><\/span>\t\t\t\t\t\t\t<\/div>\n\t\t\t\t\t\t\t<div class=\"sow-accordion-close-button\">\n\t\t\t\t\t\t\t\t<span class=\"sow-icon-ionicons\" data-sow-icon=\"&#xf209;\"\n\t\t \n\t\taria-hidden=\"true\"><\/span>\t\t\t\t\t\t\t<\/div>\n\t\t\t\t\t\t<\/div>\n\t\t\t\t\t<\/div>\n\t\t\t\t<\/div>\n\n\t\t\t<div\n\t\t\t\tclass=\"sow-accordion-panel-content\"\n\t\t\t\trole=\"region\"\n\t\t\t\taria-labelledby=\"accordion-label-l%c3%b3gicas-de-produ%c3%a7%c3%a3o-e-consumo-no-jornalismo\"\n\t\t\t\tid=\"accordion-content-l%c3%b3gicas-de-produ%c3%a7%c3%a3o-e-consumo-no-jornalismo\"\n\t\t\t\tstyle=\"display: none;\"\t\t\t>\n\t\t\t\t<div class=\"sow-accordion-panel-border\" tabindex=\"0\">\n\t\t\t\t\t<p>O objetivo \u00e9 compreender os modos de produ\u00e7\u00e3o, as t\u00e1ticas e estrat\u00e9gias mobilizadas pelos agentes no espa\u00e7o da produ\u00e7\u00e3o, bem como os enquadramentos que tais produtos estariam gerando.Buca identificar as l\u00f3gicas operadas nos circuitos produtivos e igualmente como isto repercutiria nos produtos (discursos) elaborados.<\/p>\n\t\t\t\t<\/div>\n\t\t\t<\/div>\n\t\t<\/div>\n\t\t\t<div class=\"sow-accordion-panel\"\n\t\t\t data-anchor=\"m%c3%addias-digitais\">\n\t\t\t\t<div class=\"sow-accordion-panel-header-container\" role=\"heading\" aria-level=\"2\">\n\t\t\t\t\t<div class=\"sow-accordion-panel-header\" tabindex=\"0\" role=\"button\" id=\"accordion-label-m%c3%addias-digitais\" aria-controls=\"accordion-content-m%c3%addias-digitais\" aria-expanded=\"false\">\n\t\t\t\t\t\t<div class=\"sow-accordion-title sow-accordion-title-icon-left\">\n\t\t\t\t\t\t\t\t\t\t\t\t\t\tM\u00eddias Digitais\t\t\t\t\t\t\t\t\t\t\t\t\t<\/div>\n\t\t\t\t\t\t<div class=\"sow-accordion-open-close-button\">\n\t\t\t\t\t\t\t<div class=\"sow-accordion-open-button\">\n\t\t\t\t\t\t\t\t<span class=\"sow-icon-ionicons\" data-sow-icon=\"&#xf218;\"\n\t\t \n\t\taria-hidden=\"true\"><\/span>\t\t\t\t\t\t\t<\/div>\n\t\t\t\t\t\t\t<div class=\"sow-accordion-close-button\">\n\t\t\t\t\t\t\t\t<span class=\"sow-icon-ionicons\" data-sow-icon=\"&#xf209;\"\n\t\t \n\t\taria-hidden=\"true\"><\/span>\t\t\t\t\t\t\t<\/div>\n\t\t\t\t\t\t<\/div>\n\t\t\t\t\t<\/div>\n\t\t\t\t<\/div>\n\n\t\t\t<div\n\t\t\t\tclass=\"sow-accordion-panel-content\"\n\t\t\t\trole=\"region\"\n\t\t\t\taria-labelledby=\"accordion-label-m%c3%addias-digitais\"\n\t\t\t\tid=\"accordion-content-m%c3%addias-digitais\"\n\t\t\t\tstyle=\"display: none;\"\t\t\t>\n\t\t\t\t<div class=\"sow-accordion-panel-border\" tabindex=\"0\">\n\t\t\t\t\t<p>O Grupo de Estudos e Pesquisas em M\u00eddias Digitais (Gemidi) tem como objetivo geral a implementa\u00e7\u00e3o de estudos e pesquisas nas \u00e1reas da Linguagem, da Apropria\u00e7\u00e3o tecnol\u00f3gica, do Ciberativismo e, especialmente, do Jornalismo digital e Cidadania - com investiga\u00e7\u00f5es no \u00e2mbito da produ\u00e7\u00e3o, dos produtos e da recep\u00e7\u00e3o, constituindo-se em espa\u00e7o de debate e reflex\u00e3o das especificidades do saber-fazer jornal\u00edstico na atualidade.<\/p>\n<p>Como objetivos espec\u00edficos, busca: a) sistematizar elementos da rela\u00e7\u00e3o da sociedade civil com as m\u00eddias digitais; b) oferecer apoio aos projetos individuais de pesquisa; e c)<\/p>\n<p>fomentar a elabora\u00e7\u00e3o de artigos cient\u00edficos, assim como a participa\u00e7\u00e3o em encontros, congressos e semin\u00e1rios.<\/p>\n\t\t\t\t<\/div>\n\t\t\t<\/div>\n\t\t<\/div>\n\t\t<\/div>\n<\/div>\n<\/div><\/div><\/div><\/div><\/div>","protected":false},"excerpt":{"rendered":"<p>Mestrado em Jornalismo A \u00e1rea de concentra\u00e7\u00e3o &#8211; estruturada em duas linhas de pesquisa (LP1: Processos de Produ\u00e7\u00e3o Jornal\u00edstica e LP2: Processos Jornal\u00edsticos e Pr\u00e1ticas Sociais) &#8211; busca contemplar tanto aspectos voltados \u00e0 epistemologia do Jornalismo, com bases te\u00f3ricas e conceituais situadas nas din\u00e2micas, rotinas produtivas e aspectos da produ\u00e7\u00e3o midi\u00e1tica, quanto \u00e0s rela\u00e7\u00f5es do&nbsp;&hellip;<\/p>\n","protected":false},"author":204,"featured_media":0,"parent":0,"menu_order":0,"comment_status":"closed","ping_status":"closed","template":"","meta":[],"_links":{"self":[{"href":"https:\/\/www2.uepg.br\/dejor\/wp-json\/wp\/v2\/pages\/132"}],"collection":[{"href":"https:\/\/www2.uepg.br\/dejor\/wp-json\/wp\/v2\/pages"}],"about":[{"href":"https:\/\/www2.uepg.br\/dejor\/wp-json\/wp\/v2\/types\/page"}],"author":[{"embeddable":true,"href":"https:\/\/www2.uepg.br\/dejor\/wp-json\/wp\/v2\/users\/204"}],"replies":[{"embeddable":true,"href":"https:\/\/www2.uepg.br\/dejor\/wp-json\/wp\/v2\/comments?post=132"}],"version-history":[{"count":9,"href":"https:\/\/www2.uepg.br\/dejor\/wp-json\/wp\/v2\/pages\/132\/revisions"}],"predecessor-version":[{"id":269,"href":"https:\/\/www2.uepg.br\/dejor\/wp-json\/wp\/v2\/pages\/132\/revisions\/269"}],"wp:attachment":[{"href":"https:\/\/www2.uepg.br\/dejor\/wp-json\/wp\/v2\/media?parent=132"}],"curies":[{"name":"wp","href":"https:\/\/api.w.org\/{rel}","templated":true}]}}