{"id":134,"date":"2021-04-19T22:59:23","date_gmt":"2021-04-20T01:59:23","guid":{"rendered":"https:\/\/www2.uepg.br\/dejor\/?page_id=134"},"modified":"2021-04-22T18:20:06","modified_gmt":"2021-04-22T21:20:06","slug":"produtos","status":"publish","type":"page","link":"https:\/\/www2.uepg.br\/dejor\/produtos\/","title":{"rendered":"Produtos"},"content":{"rendered":"<div id=\"pl-134\"  class=\"panel-layout\" ><div id=\"pg-134-0\"  class=\"panel-grid panel-no-style\" ><div id=\"pgc-134-0-0\"  class=\"panel-grid-cell\" ><div id=\"panel-134-0-0-0\" class=\"so-panel widget widget_sow-accordion panel-first-child panel-last-child\" data-index=\"0\" ><div\n\t\t\t\n\t\t\tclass=\"so-widget-sow-accordion so-widget-sow-accordion-default-bf9c2d312968-134\"\n\t\t\t\n\t\t><div>\n\t<div class=\"sow-accordion\">\n\t\t\t<div class=\"sow-accordion-panel\"\n\t\t\t data-anchor=\"foca-livre\">\n\t\t\t\t<div class=\"sow-accordion-panel-header-container\" role=\"heading\" aria-level=\"2\">\n\t\t\t\t\t<div class=\"sow-accordion-panel-header\" tabindex=\"0\" role=\"button\" id=\"accordion-label-foca-livre\" aria-controls=\"accordion-content-foca-livre\" aria-expanded=\"false\">\n\t\t\t\t\t\t<div class=\"sow-accordion-title sow-accordion-title-icon-left\">\n\t\t\t\t\t\t\t\t\t\t\t\t\t\tFoca Livre\t\t\t\t\t\t\t\t\t\t\t\t\t<\/div>\n\t\t\t\t\t\t<div class=\"sow-accordion-open-close-button\">\n\t\t\t\t\t\t\t<div class=\"sow-accordion-open-button\">\n\t\t\t\t\t\t\t\t<span class=\"sow-icon-ionicons\" data-sow-icon=\"&#xf218;\"\n\t\t \n\t\taria-hidden=\"true\"><\/span>\t\t\t\t\t\t\t<\/div>\n\t\t\t\t\t\t\t<div class=\"sow-accordion-close-button\">\n\t\t\t\t\t\t\t\t<span class=\"sow-icon-ionicons\" data-sow-icon=\"&#xf209;\"\n\t\t \n\t\taria-hidden=\"true\"><\/span>\t\t\t\t\t\t\t<\/div>\n\t\t\t\t\t\t<\/div>\n\t\t\t\t\t<\/div>\n\t\t\t\t<\/div>\n\n\t\t\t<div\n\t\t\t\tclass=\"sow-accordion-panel-content\"\n\t\t\t\trole=\"region\"\n\t\t\t\taria-labelledby=\"accordion-label-foca-livre\"\n\t\t\t\tid=\"accordion-content-foca-livre\"\n\t\t\t\tstyle=\"display: none;\"\t\t\t>\n\t\t\t\t<div class=\"sow-accordion-panel-border\" tabindex=\"0\">\n\t\t\t\t\t<p style=\"text-align: center;\">O Foca Livre \u00e9 o carro-chefe dos produtos do curso de Jornalismo da UEPG. O jornal-laborat\u00f3rio teve sua primeira publica\u00e7\u00e3o em 1992. Atualmente \u00e9 produzido pelos alunos do segundo ano do curso e conta com oito edi\u00e7\u00f5es por ano. Sua cobertura \u00e9 dirigida aos assuntos de interesse social e procura se distinguir do modelo de jornalismo di\u00e1rio com maior profundidade e debate em suas pautas. Por suas edi\u00e7\u00f5es de 2017, foi finalista do Pr\u00eamio Sangue Novo, concedido pelo Sindicato dos Jornalistas do Paran\u00e1, que visa premiar anualmente os destaques da produ\u00e7\u00e3o jornal\u00edstica de estudantes.<\/p>\n\t\t\t\t<\/div>\n\t\t\t<\/div>\n\t\t<\/div>\n\t\t\t<div class=\"sow-accordion-panel\"\n\t\t\t data-anchor=\"peri%c3%b3dico\">\n\t\t\t\t<div class=\"sow-accordion-panel-header-container\" role=\"heading\" aria-level=\"2\">\n\t\t\t\t\t<div class=\"sow-accordion-panel-header\" tabindex=\"0\" role=\"button\" id=\"accordion-label-peri%c3%b3dico\" aria-controls=\"accordion-content-peri%c3%b3dico\" aria-expanded=\"false\">\n\t\t\t\t\t\t<div class=\"sow-accordion-title sow-accordion-title-icon-left\">\n\t\t\t\t\t\t\t\t\t\t\t\t\t\tPeri\u00f3dico\t\t\t\t\t\t\t\t\t\t\t\t\t<\/div>\n\t\t\t\t\t\t<div class=\"sow-accordion-open-close-button\">\n\t\t\t\t\t\t\t<div class=\"sow-accordion-open-button\">\n\t\t\t\t\t\t\t\t<span class=\"sow-icon-ionicons\" data-sow-icon=\"&#xf218;\"\n\t\t \n\t\taria-hidden=\"true\"><\/span>\t\t\t\t\t\t\t<\/div>\n\t\t\t\t\t\t\t<div class=\"sow-accordion-close-button\">\n\t\t\t\t\t\t\t\t<span class=\"sow-icon-ionicons\" data-sow-icon=\"&#xf209;\"\n\t\t \n\t\taria-hidden=\"true\"><\/span>\t\t\t\t\t\t\t<\/div>\n\t\t\t\t\t\t<\/div>\n\t\t\t\t\t<\/div>\n\t\t\t\t<\/div>\n\n\t\t\t<div\n\t\t\t\tclass=\"sow-accordion-panel-content\"\n\t\t\t\trole=\"region\"\n\t\t\t\taria-labelledby=\"accordion-label-peri%c3%b3dico\"\n\t\t\t\tid=\"accordion-content-peri%c3%b3dico\"\n\t\t\t\tstyle=\"display: none;\"\t\t\t>\n\t\t\t\t<div class=\"sow-accordion-panel-border\" tabindex=\"0\">\n\t\t\t\t\t<p style=\"text-align: center;\">O Portal Peri\u00f3dico \u00e9 o site onde s\u00e3o disponibilizadas as produ\u00e7\u00f5es dos alunos do curso de Jornalismo da UEPG. Criado em 2015, atualmente \u00e9 gerenciado pelo terceiro ano do curso na disciplina de NRI II. Desde as edi\u00e7\u00f5es do Foca Livre at\u00e9 os produtos audiovisuais do curso podem ser encontrados no\u00a0<a href=\"https:\/\/periodico.sites.uepg.br\/\" target=\"_blank\" rel=\"noopener\">site<\/a>.<\/p>\n\t\t\t\t<\/div>\n\t\t\t<\/div>\n\t\t<\/div>\n\t\t\t<div class=\"sow-accordion-panel\"\n\t\t\t data-anchor=\"ponto-da-not%c3%adcia\">\n\t\t\t\t<div class=\"sow-accordion-panel-header-container\" role=\"heading\" aria-level=\"2\">\n\t\t\t\t\t<div class=\"sow-accordion-panel-header\" tabindex=\"0\" role=\"button\" id=\"accordion-label-ponto-da-not%c3%adcia\" aria-controls=\"accordion-content-ponto-da-not%c3%adcia\" aria-expanded=\"false\">\n\t\t\t\t\t\t<div class=\"sow-accordion-title sow-accordion-title-icon-left\">\n\t\t\t\t\t\t\t\t\t\t\t\t\t\tPonto da Not\u00edcia\t\t\t\t\t\t\t\t\t\t\t\t\t<\/div>\n\t\t\t\t\t\t<div class=\"sow-accordion-open-close-button\">\n\t\t\t\t\t\t\t<div class=\"sow-accordion-open-button\">\n\t\t\t\t\t\t\t\t<span class=\"sow-icon-ionicons\" data-sow-icon=\"&#xf218;\"\n\t\t \n\t\taria-hidden=\"true\"><\/span>\t\t\t\t\t\t\t<\/div>\n\t\t\t\t\t\t\t<div class=\"sow-accordion-close-button\">\n\t\t\t\t\t\t\t\t<span class=\"sow-icon-ionicons\" data-sow-icon=\"&#xf209;\"\n\t\t \n\t\taria-hidden=\"true\"><\/span>\t\t\t\t\t\t\t<\/div>\n\t\t\t\t\t\t<\/div>\n\t\t\t\t\t<\/div>\n\t\t\t\t<\/div>\n\n\t\t\t<div\n\t\t\t\tclass=\"sow-accordion-panel-content\"\n\t\t\t\trole=\"region\"\n\t\t\t\taria-labelledby=\"accordion-label-ponto-da-not%c3%adcia\"\n\t\t\t\tid=\"accordion-content-ponto-da-not%c3%adcia\"\n\t\t\t\tstyle=\"display: none;\"\t\t\t>\n\t\t\t\t<div class=\"sow-accordion-panel-border\" tabindex=\"0\">\n\t\t\t\t\t<p style=\"text-align: center;\">O Ponto da Not\u00edcia \u00e9 a produ\u00e7\u00e3o de r\u00e1dio gestada pelo segundo ano do curso. Com o intuito de fazer uma cobertura voltada aos bairros, suas pautas s\u00e3o voltadas para a cidadania, direitos humanos e pol\u00edticas p\u00fablicas. \u00c9 inteiramente disponibilizado no Portal Peri\u00f3dico.<\/p>\n\t\t\t\t<\/div>\n\t\t\t<\/div>\n\t\t<\/div>\n\t\t\t<div class=\"sow-accordion-panel\"\n\t\t\t data-anchor=\"correspondente-local\">\n\t\t\t\t<div class=\"sow-accordion-panel-header-container\" role=\"heading\" aria-level=\"2\">\n\t\t\t\t\t<div class=\"sow-accordion-panel-header\" tabindex=\"0\" role=\"button\" id=\"accordion-label-correspondente-local\" aria-controls=\"accordion-content-correspondente-local\" aria-expanded=\"false\">\n\t\t\t\t\t\t<div class=\"sow-accordion-title sow-accordion-title-icon-left\">\n\t\t\t\t\t\t\t\t\t\t\t\t\t\tCorrespondente Local\t\t\t\t\t\t\t\t\t\t\t\t\t<\/div>\n\t\t\t\t\t\t<div class=\"sow-accordion-open-close-button\">\n\t\t\t\t\t\t\t<div class=\"sow-accordion-open-button\">\n\t\t\t\t\t\t\t\t<span class=\"sow-icon-ionicons\" data-sow-icon=\"&#xf218;\"\n\t\t \n\t\taria-hidden=\"true\"><\/span>\t\t\t\t\t\t\t<\/div>\n\t\t\t\t\t\t\t<div class=\"sow-accordion-close-button\">\n\t\t\t\t\t\t\t\t<span class=\"sow-icon-ionicons\" data-sow-icon=\"&#xf209;\"\n\t\t \n\t\taria-hidden=\"true\"><\/span>\t\t\t\t\t\t\t<\/div>\n\t\t\t\t\t\t<\/div>\n\t\t\t\t\t<\/div>\n\t\t\t\t<\/div>\n\n\t\t\t<div\n\t\t\t\tclass=\"sow-accordion-panel-content\"\n\t\t\t\trole=\"region\"\n\t\t\t\taria-labelledby=\"accordion-label-correspondente-local\"\n\t\t\t\tid=\"accordion-content-correspondente-local\"\n\t\t\t\tstyle=\"display: none;\"\t\t\t>\n\t\t\t\t<div class=\"sow-accordion-panel-border\" tabindex=\"0\">\n\t\t\t\t\t<p style=\"text-align: center;\">O Correspondente Local \u00e9 a principal produ\u00e7\u00e3o audiovisual do curso. Realizado pelos alunos do terceiro ano do curso, dentro da disciplina de produ\u00e7\u00e3o Audiovisual II, colabora na forma\u00e7\u00e3o dos acad\u00eamicos como uma experi\u00eancia de jornalismo televisivo e para a internet, al\u00e9m de cobrir pautas pertinentes para a sociedade. \u00c9 veiculado na TV Comunit\u00e1ria e disponibilizado nas redes do Portal Peri\u00f3dico.<\/p>\n\t\t\t\t<\/div>\n\t\t\t<\/div>\n\t\t<\/div>\n\t\t\t<div class=\"sow-accordion-panel\"\n\t\t\t data-anchor=\"cr%c3%adtica-de-ponta\">\n\t\t\t\t<div class=\"sow-accordion-panel-header-container\" role=\"heading\" aria-level=\"2\">\n\t\t\t\t\t<div class=\"sow-accordion-panel-header\" tabindex=\"0\" role=\"button\" id=\"accordion-label-cr%c3%adtica-de-ponta\" aria-controls=\"accordion-content-cr%c3%adtica-de-ponta\" aria-expanded=\"false\">\n\t\t\t\t\t\t<div class=\"sow-accordion-title sow-accordion-title-icon-left\">\n\t\t\t\t\t\t\t\t\t\t\t\t\t\tCr\u00edtica de Ponta\t\t\t\t\t\t\t\t\t\t\t\t\t<\/div>\n\t\t\t\t\t\t<div class=\"sow-accordion-open-close-button\">\n\t\t\t\t\t\t\t<div class=\"sow-accordion-open-button\">\n\t\t\t\t\t\t\t\t<span class=\"sow-icon-ionicons\" data-sow-icon=\"&#xf218;\"\n\t\t \n\t\taria-hidden=\"true\"><\/span>\t\t\t\t\t\t\t<\/div>\n\t\t\t\t\t\t\t<div class=\"sow-accordion-close-button\">\n\t\t\t\t\t\t\t\t<span class=\"sow-icon-ionicons\" data-sow-icon=\"&#xf209;\"\n\t\t \n\t\taria-hidden=\"true\"><\/span>\t\t\t\t\t\t\t<\/div>\n\t\t\t\t\t\t<\/div>\n\t\t\t\t\t<\/div>\n\t\t\t\t<\/div>\n\n\t\t\t<div\n\t\t\t\tclass=\"sow-accordion-panel-content\"\n\t\t\t\trole=\"region\"\n\t\t\t\taria-labelledby=\"accordion-label-cr%c3%adtica-de-ponta\"\n\t\t\t\tid=\"accordion-content-cr%c3%adtica-de-ponta\"\n\t\t\t\tstyle=\"display: none;\"\t\t\t>\n\t\t\t\t<div class=\"sow-accordion-panel-border\" tabindex=\"0\">\n\t\t\t\t\t<p style=\"text-align: center;\">Em constru\u00e7\u00e3o!<\/p>\n\t\t\t\t<\/div>\n\t\t\t<\/div>\n\t\t<\/div>\n\t\t<\/div>\n<\/div>\n<\/div><\/div><\/div><\/div><\/div>","protected":false},"excerpt":{"rendered":"<p>Foca Livre O Foca Livre \u00e9 o carro-chefe dos produtos do curso de Jornalismo da UEPG. O jornal-laborat\u00f3rio teve sua primeira publica\u00e7\u00e3o em 1992. Atualmente \u00e9 produzido pelos alunos do segundo ano do curso e conta com oito edi\u00e7\u00f5es por ano. Sua cobertura \u00e9 dirigida aos assuntos de interesse social e procura se distinguir do&nbsp;&hellip;<\/p>\n","protected":false},"author":204,"featured_media":0,"parent":0,"menu_order":0,"comment_status":"closed","ping_status":"closed","template":"","meta":[],"_links":{"self":[{"href":"https:\/\/www2.uepg.br\/dejor\/wp-json\/wp\/v2\/pages\/134"}],"collection":[{"href":"https:\/\/www2.uepg.br\/dejor\/wp-json\/wp\/v2\/pages"}],"about":[{"href":"https:\/\/www2.uepg.br\/dejor\/wp-json\/wp\/v2\/types\/page"}],"author":[{"embeddable":true,"href":"https:\/\/www2.uepg.br\/dejor\/wp-json\/wp\/v2\/users\/204"}],"replies":[{"embeddable":true,"href":"https:\/\/www2.uepg.br\/dejor\/wp-json\/wp\/v2\/comments?post=134"}],"version-history":[{"count":11,"href":"https:\/\/www2.uepg.br\/dejor\/wp-json\/wp\/v2\/pages\/134\/revisions"}],"predecessor-version":[{"id":275,"href":"https:\/\/www2.uepg.br\/dejor\/wp-json\/wp\/v2\/pages\/134\/revisions\/275"}],"wp:attachment":[{"href":"https:\/\/www2.uepg.br\/dejor\/wp-json\/wp\/v2\/media?parent=134"}],"curies":[{"name":"wp","href":"https:\/\/api.w.org\/{rel}","templated":true}]}}