{"id":144,"date":"2022-04-25T10:00:55","date_gmt":"2022-04-25T13:00:55","guid":{"rendered":"https:\/\/www2.uepg.br\/dema\/?page_id=144"},"modified":"2022-04-25T10:27:32","modified_gmt":"2022-04-25T13:27:32","slug":"historico","status":"publish","type":"page","link":"https:\/\/www2.uepg.br\/dema\/historico\/","title":{"rendered":"Hist\u00f3rico"},"content":{"rendered":"<p align=\"justify\">Na d\u00e9cada de 80 iniciou-se um movimento visando colocar o Estado do Paran\u00e1 em condi\u00e7\u00f5es de acompanhar a evolu\u00e7\u00e3o do estudo de materiais, o que culminou com a cria\u00e7\u00e3o do Curso Gradua\u00e7\u00e3o em Engenharia de Materiais na Universidade Estadual de Ponta Grossa. O Curso de Engenharia de Materiais foi criado atrav\u00e9s da Resolu\u00e7\u00e3o Universit\u00e1ria No 20 de 01\/12\/1989, sendo o terceiro curso a ser implantado no Brasil.<\/p>\n<p align=\"justify\">A primeira turma iniciou o curso em mar\u00e7o de 1990, graduando-se em dezembro de 1994. O Departamento de Engenharia de Materiais-DEMA e a Coordena\u00e7\u00e3o do Curso foram criados a partir das Resolu\u00e7\u00f5es CA No 95 de 3\/6\/1993 e CA No 113 de 25\/6\/1993, respectivamente. Desde ent\u00e3o, o DEMA tem voltado sua aten\u00e7\u00e3o no sentido de titular o seu corpo docente, que hoje totaliza 17 professores, sendo 8 com doutorado, 6 doutorandos ( 4 com retorno previsto at\u00e9 mar\u00e7o de 2001), dois mestres e um mestrando. Em virtude da titula\u00e7\u00e3o de seu corpo docente e com a participa\u00e7\u00e3o de professores de outros departamentos da UEPG, foi criado o Curso de Mestrado em Engenharia e Ci\u00eancia dos Materiais a partir da Resolu\u00e7\u00e3o No 44 de 22\/10\/1998. Esse curso foi implantado em mar\u00e7o de 2000, e recomendado pela CAPES em 2001.<\/p>\n<p align=\"justify\">Na d\u00e9cada de 80 iniciou-se um movimento visando colocar o Estado do Paran\u00e1 em condi\u00e7\u00f5es de acompanhar a evolu\u00e7\u00e3o do estudo de materiais, o que culminou com a cria\u00e7\u00e3o do Curso Gradua\u00e7\u00e3o em Engenharia de Materiais na Universidade Estadual de Ponta Grossa. O Curso de Engenharia de Materiais foi criado atrav\u00e9s da Resolu\u00e7\u00e3o Universit\u00e1ria No 20 de 01\/12\/1989, sendo o terceiro curso a ser implantado no Brasil.<\/p>\n<p align=\"justify\">A primeira turma iniciou o curso em mar\u00e7o de 1990, graduando-se em dezembro de 1994. O Departamento de Engenharia de Materiais-DEMA e a Coordena\u00e7\u00e3o do Curso foram criados a partir das Resolu\u00e7\u00f5es CA No 95 de 3\/6\/1993 e CA No 113 de 25\/6\/1993, respectivamente. Desde ent\u00e3o, o DEMA tem voltado sua aten\u00e7\u00e3o no sentido de titular o seu corpo docente, que hoje totaliza 17 professores, sendo 8 com doutorado, 6 doutorandos ( 4 com retorno previsto at\u00e9 mar\u00e7o de 2001), dois mestres e um mestrando. Em virtude da titula\u00e7\u00e3o de seu corpo docente e com a participa\u00e7\u00e3o de professores de outros departamentos da UEPG, foi criado o Curso de Mestrado em Engenharia e Ci\u00eancia dos Materiais a partir da Resolu\u00e7\u00e3o No 44 de 22\/10\/1998. Esse curso foi implantado em mar\u00e7o de 2000, e recomendado pela CAPES em 2001.<\/p>\n","protected":false},"excerpt":{"rendered":"<p>Na d\u00e9cada de 80 iniciou-se um movimento visando colocar o Estado do Paran\u00e1 em condi\u00e7\u00f5es de acompanhar a evolu\u00e7\u00e3o do estudo de materiais, o que culminou com a cria\u00e7\u00e3o do Curso Gradua\u00e7\u00e3o em Engenharia de Materiais na Universidade Estadual de Ponta Grossa. O Curso de Engenharia de Materiais foi criado atrav\u00e9s da Resolu\u00e7\u00e3o Universit\u00e1ria No&nbsp;&hellip;<\/p>\n","protected":false},"author":378,"featured_media":0,"parent":0,"menu_order":0,"comment_status":"closed","ping_status":"closed","template":"","meta":[],"_links":{"self":[{"href":"https:\/\/www2.uepg.br\/dema\/wp-json\/wp\/v2\/pages\/144"}],"collection":[{"href":"https:\/\/www2.uepg.br\/dema\/wp-json\/wp\/v2\/pages"}],"about":[{"href":"https:\/\/www2.uepg.br\/dema\/wp-json\/wp\/v2\/types\/page"}],"author":[{"embeddable":true,"href":"https:\/\/www2.uepg.br\/dema\/wp-json\/wp\/v2\/users\/378"}],"replies":[{"embeddable":true,"href":"https:\/\/www2.uepg.br\/dema\/wp-json\/wp\/v2\/comments?post=144"}],"version-history":[{"count":4,"href":"https:\/\/www2.uepg.br\/dema\/wp-json\/wp\/v2\/pages\/144\/revisions"}],"predecessor-version":[{"id":191,"href":"https:\/\/www2.uepg.br\/dema\/wp-json\/wp\/v2\/pages\/144\/revisions\/191"}],"wp:attachment":[{"href":"https:\/\/www2.uepg.br\/dema\/wp-json\/wp\/v2\/media?parent=144"}],"curies":[{"name":"wp","href":"https:\/\/api.w.org\/{rel}","templated":true}]}}