{"id":147,"date":"2022-04-25T10:00:56","date_gmt":"2022-04-25T13:00:56","guid":{"rendered":"https:\/\/www2.uepg.br\/dema\/?page_id=147"},"modified":"2022-04-25T10:29:02","modified_gmt":"2022-04-25T13:29:02","slug":"professores","status":"publish","type":"page","link":"https:\/\/www2.uepg.br\/dema\/professores\/","title":{"rendered":"Professores"},"content":{"rendered":"<table border=\"0\" width=\"100%\" cellspacing=\"0\" cellpadding=\"0\">\n<tbody>\n<tr>\n<td align=\"center\">Osvaldo Mitsuyuki Cintho<\/td>\n<\/tr>\n<tr>\n<td align=\"center\">Chefe do Departamento de Engenharia de Materiais<\/td>\n<\/tr>\n<\/tbody>\n<\/table>\n<p>&nbsp;<\/p>\n<table border=\"0\" width=\"100%\" cellspacing=\"0\" cellpadding=\"0\">\n<tbody>\n<tr>\n<td align=\"center\">Evaldo Toniolo Kubaski<\/td>\n<\/tr>\n<tr>\n<td align=\"center\">Curso de Gradua\u00e7\u00e3o<\/td>\n<\/tr>\n<\/tbody>\n<\/table>\n<p>&nbsp;<\/p>\n<table border=\"0\" width=\"100%\" cellspacing=\"0\" cellpadding=\"0\">\n<tbody>\n<tr>\n<td align=\"center\">Endere\u00e7o: Av. Carlos Cavalcanti, 4748 &#8211; Uvaranas &#8211; Ponta Grossa &#8211; PR &#8211; CEP: 84.030-900<\/td>\n<\/tr>\n<tr>\n<td align=\"center\">Telefone: (42) 3220-3079<\/td>\n<\/tr>\n<tr>\n<td align=\"center\">Site Oficial:\u00a0<a href=\"http:\/\/pitangui.uepg.br\/departamentos\/dema\/\" target=\"_blank\" rel=\"noopener\">http:\/\/pitangui.uepg.br\/departamentos\/dema\/<\/a><\/td>\n<\/tr>\n<tr>\n<td align=\"center\">E-Mail:\u00a0<a href=\"mailto:dema@uepg.br\" target=\"_blank\" rel=\"noopener\">dema@uepg.br<\/a><\/td>\n<\/tr>\n<tr>\n<td align=\"center\">Hor\u00e1rio de Atendimento: 08:00 \u00e0s 12:00 e das 13:00 \u00e0s 17:00h<\/td>\n<\/tr>\n<\/tbody>\n<\/table>\n<p>&nbsp;<\/p>\n<table border=\"0\" width=\"100%\" cellspacing=\"0\" cellpadding=\"0\">\n<tbody>\n<tr>\n<td align=\"center\">Servidores Lotados<\/td>\n<\/tr>\n<\/tbody>\n<\/table>\n<p>&nbsp;<\/p>\n<table border=\"0\" width=\"100%\" cellspacing=\"0\" cellpadding=\"0\">\n<tbody>\n<tr>\n<td align=\"center\" width=\"35%\">Nome<\/td>\n<td align=\"center\" width=\"35%\">Cargo<\/td>\n<td align=\"center\" width=\"15%\">Titula\u00e7\u00e3o<\/td>\n<td align=\"center\" width=\"15%\">Carga Hor\u00e1ria<\/td>\n<\/tr>\n<\/tbody>\n<\/table>\n<p>&nbsp;<\/p>\n<table border=\"1\" width=\"100%\" cellspacing=\"0\" cellpadding=\"0\">\n<tbody>\n<tr>\n<td align=\"left\" width=\"35%\">Adilson Luiz Chinelatto<\/td>\n<td align=\"left\" width=\"35%\">Professor de Ensino Superior &#8211; Carreira<\/td>\n<td align=\"left\" width=\"15%\">Doutorado<\/td>\n<td align=\"left\" width=\"15%\">Dedica\u00e7\u00e3o Excl.<\/td>\n<\/tr>\n<tr>\n<td align=\"left\" width=\"35%\">Adriana Scoton Antonio Chinelatto<\/td>\n<td align=\"left\" width=\"35%\">Professor de Ensino Superior &#8211; Carreira<\/td>\n<td align=\"left\" width=\"15%\">Doutorado<\/td>\n<td align=\"left\" width=\"15%\">Dedica\u00e7\u00e3o Excl.<\/td>\n<\/tr>\n<tr>\n<td align=\"left\" width=\"35%\">Adriane Bassani Sowek<\/td>\n<td align=\"left\" width=\"35%\">Professor de Ensino Superior &#8211; Carreira<\/td>\n<td align=\"left\" width=\"15%\">Doutorado<\/td>\n<td align=\"left\" width=\"15%\">Dedica\u00e7\u00e3o Excl.<\/td>\n<\/tr>\n<tr>\n<td align=\"left\" width=\"35%\">Alfredo Jos\u00e9 Zara<\/td>\n<td align=\"left\" width=\"35%\">Professor de Ensino Superior &#8211; Carreira<\/td>\n<td align=\"left\" width=\"15%\">Doutorado<\/td>\n<td align=\"left\" width=\"15%\">Dedica\u00e7\u00e3o Excl.<\/td>\n<\/tr>\n<tr>\n<td align=\"left\" width=\"35%\">Ana Kaori de Oliveira Ouba<\/td>\n<td align=\"left\" width=\"35%\">Professor de Ens. Superior &#8211; Colaborador<\/td>\n<td align=\"left\" width=\"15%\">Mestrado<\/td>\n<td align=\"left\" width=\"15%\">40 Horas<\/td>\n<\/tr>\n<tr>\n<td align=\"left\" width=\"35%\">Andr\u00e9 Luis Moreira de Carvalho<\/td>\n<td align=\"left\" width=\"35%\">Professor de Ensino Superior &#8211; Carreira<\/td>\n<td align=\"left\" width=\"15%\">Doutorado<\/td>\n<td align=\"left\" width=\"15%\">Dedica\u00e7\u00e3o Excl.<\/td>\n<\/tr>\n<tr>\n<td align=\"left\" width=\"35%\">Benjamim de Melo Carvalho<\/td>\n<td align=\"left\" width=\"35%\">Professor de Ensino Superior &#8211; Carreira<\/td>\n<td align=\"left\" width=\"15%\">Doutorado<\/td>\n<td align=\"left\" width=\"15%\">Dedica\u00e7\u00e3o Excl.<\/td>\n<\/tr>\n<tr>\n<td align=\"left\" width=\"35%\">Carlos Jos\u00e9 Fernandes Granado<\/td>\n<td align=\"left\" width=\"35%\">Professor de Ensino Superior &#8211; Carreira<\/td>\n<td align=\"left\" width=\"15%\">Doutorado<\/td>\n<td align=\"left\" width=\"15%\">Dedica\u00e7\u00e3o Excl.<\/td>\n<\/tr>\n<tr>\n<td align=\"left\" width=\"35%\">Danielle Cristina Camilo Magalh\u00e3es<\/td>\n<td align=\"left\" width=\"35%\">Professor de Ens. Superior &#8211; Colaborador<\/td>\n<td align=\"left\" width=\"15%\">Doutorado<\/td>\n<td align=\"left\" width=\"15%\">40 Horas<\/td>\n<\/tr>\n<tr>\n<td align=\"left\" width=\"35%\">Dannilo Eduardo Munhoz Ferreira<\/td>\n<td align=\"left\" width=\"35%\">Professor de Ens. Superior &#8211; Colaborador<\/td>\n<td align=\"left\" width=\"15%\">Mestrado<\/td>\n<td align=\"left\" width=\"15%\">40 Horas<\/td>\n<\/tr>\n<tr>\n<td align=\"left\" width=\"35%\">Evaldo Toniolo Kubaski<\/td>\n<td align=\"left\" width=\"35%\">Professor de Ensino Superior &#8211; Carreira<\/td>\n<td align=\"left\" width=\"15%\">Doutorado<\/td>\n<td align=\"left\" width=\"15%\">Dedica\u00e7\u00e3o Excl.<\/td>\n<\/tr>\n<tr>\n<td align=\"left\" width=\"35%\">Lucas Maximo Alves<\/td>\n<td align=\"left\" width=\"35%\">Professor de Ensino Superior &#8211; Carreira<\/td>\n<td align=\"left\" width=\"15%\">Doutorado<\/td>\n<td align=\"left\" width=\"15%\">Dedica\u00e7\u00e3o Excl.<\/td>\n<\/tr>\n<tr>\n<td align=\"left\" width=\"35%\">Luis Antonio Pinheiro<\/td>\n<td align=\"left\" width=\"35%\">Professor de Ensino Superior &#8211; Carreira<\/td>\n<td align=\"left\" width=\"15%\">Doutorado<\/td>\n<td align=\"left\" width=\"15%\">Dedica\u00e7\u00e3o Excl.<\/td>\n<\/tr>\n<tr>\n<td align=\"left\" width=\"35%\">M\u00e1rcio Ferreira Hupalo<\/td>\n<td align=\"left\" width=\"35%\">Professor de Ensino Superior &#8211; Carreira<\/td>\n<td align=\"left\" width=\"15%\">Doutorado<\/td>\n<td align=\"left\" width=\"15%\">Dedica\u00e7\u00e3o Excl.<\/td>\n<\/tr>\n<tr>\n<td align=\"left\" width=\"35%\">Osvaldo Mitsuyuki Cintho<\/td>\n<td align=\"left\" width=\"35%\">Professor de Ensino Superior &#8211; Carreira<\/td>\n<td align=\"left\" width=\"15%\">Doutorado<\/td>\n<td align=\"left\" width=\"15%\">Dedica\u00e7\u00e3o Excl.<\/td>\n<\/tr>\n<tr>\n<td align=\"left\" width=\"35%\">Selauco Vurobi Junior<\/td>\n<td align=\"left\" width=\"35%\">Professor de Ensino Superior &#8211; Carreira<\/td>\n<td align=\"left\" width=\"15%\">Mestrado<\/td>\n<td align=\"left\" width=\"15%\">Dedica\u00e7\u00e3o Excl.<\/td>\n<\/tr>\n<tr>\n<td align=\"left\" width=\"35%\">Sidnei Antonio Pianaro<\/td>\n<td align=\"left\" width=\"35%\">Professor de Ensino Superior &#8211; Carreira<\/td>\n<td align=\"left\" width=\"15%\">Doutorado<\/td>\n<td align=\"left\" width=\"15%\">Dedica\u00e7\u00e3o Excl.<\/td>\n<\/tr>\n<\/tbody>\n<\/table>\n<p>17 Professores<\/p>\n","protected":false},"excerpt":{"rendered":"<p>Osvaldo Mitsuyuki Cintho Chefe do Departamento de Engenharia de Materiais &nbsp; Evaldo Toniolo Kubaski Curso de Gradua\u00e7\u00e3o &nbsp; Endere\u00e7o: Av. Carlos Cavalcanti, 4748 &#8211; Uvaranas &#8211; Ponta Grossa &#8211; PR &#8211; CEP: 84.030-900 Telefone: (42) 3220-3079 Site Oficial:\u00a0http:\/\/pitangui.uepg.br\/departamentos\/dema\/ E-Mail:\u00a0dema@uepg.br Hor\u00e1rio de Atendimento: 08:00 \u00e0s 12:00 e das 13:00 \u00e0s 17:00h &nbsp; Servidores Lotados &nbsp; Nome&nbsp;&hellip;<\/p>\n","protected":false},"author":378,"featured_media":0,"parent":0,"menu_order":0,"comment_status":"closed","ping_status":"closed","template":"","meta":[],"_links":{"self":[{"href":"https:\/\/www2.uepg.br\/dema\/wp-json\/wp\/v2\/pages\/147"}],"collection":[{"href":"https:\/\/www2.uepg.br\/dema\/wp-json\/wp\/v2\/pages"}],"about":[{"href":"https:\/\/www2.uepg.br\/dema\/wp-json\/wp\/v2\/types\/page"}],"author":[{"embeddable":true,"href":"https:\/\/www2.uepg.br\/dema\/wp-json\/wp\/v2\/users\/378"}],"replies":[{"embeddable":true,"href":"https:\/\/www2.uepg.br\/dema\/wp-json\/wp\/v2\/comments?post=147"}],"version-history":[{"count":2,"href":"https:\/\/www2.uepg.br\/dema\/wp-json\/wp\/v2\/pages\/147\/revisions"}],"predecessor-version":[{"id":194,"href":"https:\/\/www2.uepg.br\/dema\/wp-json\/wp\/v2\/pages\/147\/revisions\/194"}],"wp:attachment":[{"href":"https:\/\/www2.uepg.br\/dema\/wp-json\/wp\/v2\/media?parent=147"}],"curies":[{"name":"wp","href":"https:\/\/api.w.org\/{rel}","templated":true}]}}