{"id":148,"date":"2022-04-25T10:00:56","date_gmt":"2022-04-25T13:00:56","guid":{"rendered":"https:\/\/www2.uepg.br\/dema\/?page_id=148"},"modified":"2022-04-25T10:31:17","modified_gmt":"2022-04-25T13:31:17","slug":"onde-atua","status":"publish","type":"page","link":"https:\/\/www2.uepg.br\/dema\/onde-atua\/","title":{"rendered":"Onde Atua"},"content":{"rendered":"<div align=\"justify\">\n<p align=\"left\">O Departamento de Engenharia de Materiais atua com seus docentes junto aos Cursos de:<\/p>\n<p align=\"center\"><strong><span style=\"font-size: small;\">GRADUA\u00c7\u00c3O<\/span><\/strong><\/p>\n<\/div>\n<div align=\"justify\">\n<ul>\n<li>Engenharia de Materiais<\/li>\n<\/ul>\n<\/div>\n<p align=\"center\"><strong><span style=\"font-size: small;\">MESTRADO<\/span><\/strong><\/p>\n<ul>\n<li><a href=\"http:\/\/www.uepg.br\/mestrados\/mesmat\/index.htm\" target=\"_blank\" rel=\"noopener\">Mestrado em Engenharia e Ci\u00eancia de Materiais<\/a><\/li>\n<\/ul>\n<p align=\"justify\">Obs: Clique sobre os cursos para obter informa\u00e7\u00f5es referentes a grade curricular, \u00e1reas de atua\u00e7\u00e3o, entre outras informa\u00e7\u00f5es.<\/p>\n","protected":false},"excerpt":{"rendered":"<p>O Departamento de Engenharia de Materiais atua com seus docentes junto aos Cursos de: GRADUA\u00c7\u00c3O Engenharia de Materiais MESTRADO Mestrado em Engenharia e Ci\u00eancia de Materiais Obs: Clique sobre os cursos para obter informa\u00e7\u00f5es referentes a grade curricular, \u00e1reas de atua\u00e7\u00e3o, entre outras informa\u00e7\u00f5es.<\/p>\n","protected":false},"author":378,"featured_media":0,"parent":0,"menu_order":0,"comment_status":"closed","ping_status":"closed","template":"","meta":[],"_links":{"self":[{"href":"https:\/\/www2.uepg.br\/dema\/wp-json\/wp\/v2\/pages\/148"}],"collection":[{"href":"https:\/\/www2.uepg.br\/dema\/wp-json\/wp\/v2\/pages"}],"about":[{"href":"https:\/\/www2.uepg.br\/dema\/wp-json\/wp\/v2\/types\/page"}],"author":[{"embeddable":true,"href":"https:\/\/www2.uepg.br\/dema\/wp-json\/wp\/v2\/users\/378"}],"replies":[{"embeddable":true,"href":"https:\/\/www2.uepg.br\/dema\/wp-json\/wp\/v2\/comments?post=148"}],"version-history":[{"count":4,"href":"https:\/\/www2.uepg.br\/dema\/wp-json\/wp\/v2\/pages\/148\/revisions"}],"predecessor-version":[{"id":197,"href":"https:\/\/www2.uepg.br\/dema\/wp-json\/wp\/v2\/pages\/148\/revisions\/197"}],"wp:attachment":[{"href":"https:\/\/www2.uepg.br\/dema\/wp-json\/wp\/v2\/media?parent=148"}],"curies":[{"name":"wp","href":"https:\/\/api.w.org\/{rel}","templated":true}]}}