{"id":152,"date":"2022-04-25T10:00:56","date_gmt":"2022-04-25T13:00:56","guid":{"rendered":"https:\/\/www2.uepg.br\/dema\/?page_id=152"},"modified":"2022-04-25T10:33:16","modified_gmt":"2022-04-25T13:33:16","slug":"laboratorios","status":"publish","type":"page","link":"https:\/\/www2.uepg.br\/dema\/laboratorios\/","title":{"rendered":"Laborat\u00f3rios"},"content":{"rendered":"<div align=\"justify\">\n<p align=\"justify\">A Infra-estrutura Laboratorial do Departamento conta com diversos equipamentos para desenvolvimento de ensino e pesquisa, sendo que os principais s\u00e3o:<\/p>\n<p align=\"justify\">\n<\/div>\n<ul>\n<li>Extrusora de rosca simples<\/li>\n<li>Dur\u00f4metro Vickers<\/li>\n<li>Dur\u00f4metro Shore<\/li>\n<li>Cortadeiras Metalogr\u00e1ficas<\/li>\n<li>Microsc\u00f3pio \u00d3ptico luz polarizada e acess\u00f3rios para fotomicrografia (aumento at\u00e9 400 X)<\/li>\n<li>02 Microsc\u00f3pios \u00d3pticos de reflex\u00e3o e acess\u00f3rio para fotomicrografia (aumento 1250 X )<\/li>\n<li>Lixadeiras e politrizes metalogr\u00e1ficas<\/li>\n<li>Torno e fresa para confec\u00e7\u00e3o de prova de matrizes<\/li>\n<li>M\u00e1quina de Impacto para metais<\/li>\n<li>M\u00e1quina de Flu\u00eancia<\/li>\n<li>C\u00e2mara para micro espuma\u00e7\u00e3o<\/li>\n<li>Balan\u00e7a anal\u00edtica 4 d\u00edgitos<\/li>\n<li>M\u00f3dulo de ruptura por flex\u00e3o<\/li>\n<li>Forno de atmosfera controlada para sinteriza\u00e7\u00e3o de p\u00f3s met\u00e1licos<\/li>\n<li>Fornos para sinteriza\u00e7\u00e3o 1200 oC<\/li>\n<li>Estufas<\/li>\n<li>Moinhos, prensas e outros equipamentos de apoio<\/li>\n<\/ul>\n","protected":false},"excerpt":{"rendered":"<p>A Infra-estrutura Laboratorial do Departamento conta com diversos equipamentos para desenvolvimento de ensino e pesquisa, sendo que os principais s\u00e3o: Extrusora de rosca simples Dur\u00f4metro Vickers Dur\u00f4metro Shore Cortadeiras Metalogr\u00e1ficas Microsc\u00f3pio \u00d3ptico luz polarizada e acess\u00f3rios para fotomicrografia (aumento at\u00e9 400 X) 02 Microsc\u00f3pios \u00d3pticos de reflex\u00e3o e acess\u00f3rio para fotomicrografia (aumento 1250 X )&nbsp;&hellip;<\/p>\n","protected":false},"author":378,"featured_media":0,"parent":0,"menu_order":0,"comment_status":"closed","ping_status":"closed","template":"","meta":[],"_links":{"self":[{"href":"https:\/\/www2.uepg.br\/dema\/wp-json\/wp\/v2\/pages\/152"}],"collection":[{"href":"https:\/\/www2.uepg.br\/dema\/wp-json\/wp\/v2\/pages"}],"about":[{"href":"https:\/\/www2.uepg.br\/dema\/wp-json\/wp\/v2\/types\/page"}],"author":[{"embeddable":true,"href":"https:\/\/www2.uepg.br\/dema\/wp-json\/wp\/v2\/users\/378"}],"replies":[{"embeddable":true,"href":"https:\/\/www2.uepg.br\/dema\/wp-json\/wp\/v2\/comments?post=152"}],"version-history":[{"count":4,"href":"https:\/\/www2.uepg.br\/dema\/wp-json\/wp\/v2\/pages\/152\/revisions"}],"predecessor-version":[{"id":203,"href":"https:\/\/www2.uepg.br\/dema\/wp-json\/wp\/v2\/pages\/152\/revisions\/203"}],"wp:attachment":[{"href":"https:\/\/www2.uepg.br\/dema\/wp-json\/wp\/v2\/media?parent=152"}],"curies":[{"name":"wp","href":"https:\/\/api.w.org\/{rel}","templated":true}]}}