{"id":154,"date":"2022-04-25T10:00:56","date_gmt":"2022-04-25T13:00:56","guid":{"rendered":"https:\/\/www2.uepg.br\/dema\/?page_id=154"},"modified":"2022-04-25T10:33:51","modified_gmt":"2022-04-25T13:33:51","slug":"contato","status":"publish","type":"page","link":"https:\/\/www2.uepg.br\/dema\/contato\/","title":{"rendered":"Contato"},"content":{"rendered":"<p align=\"center\"><strong><span style=\"font-size: small;\">DEPARTAMENTO DE ENGENHARIA DE MATERIAIS<\/span><\/strong><br \/>\nda Universidade Estadual de Ponta Grossa<\/p>\n<p align=\"center\">Hor\u00e1rio de Atendimento:<br \/>\nDe segunda \u00e0 sexta-feira, das 08:00 \u00e0s 12:00 e das 13:00 \u00e0s 17:00h.<\/p>\n<p align=\"center\">Campus Uvaranas &#8211; Bloco do CIPP &#8211; LP 09<br \/>\nAvenida General Carlos Cavalcanti, 4748<br \/>\nCEP 84030-900 &#8211; Ponta Grossa &#8211; PR<br \/>\nFone: (42) 3220-3080 &#8211; Chefia<br \/>\nFone\/FAX: (42) 3220-3079 &#8211; Secretaria<br \/>\n<a href=\"mailto:dema@uepg.br\">dema@uepg.br<\/a><\/p>\n","protected":false},"excerpt":{"rendered":"<p>DEPARTAMENTO DE ENGENHARIA DE MATERIAIS da Universidade Estadual de Ponta Grossa Hor\u00e1rio de Atendimento: De segunda \u00e0 sexta-feira, das 08:00 \u00e0s 12:00 e das 13:00 \u00e0s 17:00h. Campus Uvaranas &#8211; Bloco do CIPP &#8211; LP 09 Avenida General Carlos Cavalcanti, 4748 CEP 84030-900 &#8211; Ponta Grossa &#8211; PR Fone: (42) 3220-3080 &#8211; Chefia Fone\/FAX: (42)&nbsp;&hellip;<\/p>\n","protected":false},"author":378,"featured_media":0,"parent":0,"menu_order":0,"comment_status":"closed","ping_status":"closed","template":"","meta":[],"_links":{"self":[{"href":"https:\/\/www2.uepg.br\/dema\/wp-json\/wp\/v2\/pages\/154"}],"collection":[{"href":"https:\/\/www2.uepg.br\/dema\/wp-json\/wp\/v2\/pages"}],"about":[{"href":"https:\/\/www2.uepg.br\/dema\/wp-json\/wp\/v2\/types\/page"}],"author":[{"embeddable":true,"href":"https:\/\/www2.uepg.br\/dema\/wp-json\/wp\/v2\/users\/378"}],"replies":[{"embeddable":true,"href":"https:\/\/www2.uepg.br\/dema\/wp-json\/wp\/v2\/comments?post=154"}],"version-history":[{"count":2,"href":"https:\/\/www2.uepg.br\/dema\/wp-json\/wp\/v2\/pages\/154\/revisions"}],"predecessor-version":[{"id":204,"href":"https:\/\/www2.uepg.br\/dema\/wp-json\/wp\/v2\/pages\/154\/revisions\/204"}],"wp:attachment":[{"href":"https:\/\/www2.uepg.br\/dema\/wp-json\/wp\/v2\/media?parent=154"}],"curies":[{"name":"wp","href":"https:\/\/api.w.org\/{rel}","templated":true}]}}