{"id":1108,"date":"2023-08-25T17:23:41","date_gmt":"2023-08-25T20:23:41","guid":{"rendered":"https:\/\/www2.uepg.br\/demat\/?page_id=1108"},"modified":"2023-09-04T09:27:44","modified_gmt":"2023-09-04T12:27:44","slug":"symposium-on-mathematical-problems-in-quantum-mechanics","status":"publish","type":"page","link":"https:\/\/www2.uepg.br\/demat\/symposium-on-mathematical-problems-in-quantum-mechanics\/","title":{"rendered":"Symposium on Mathematical Problems in Quantum\u00a0Mechanics"},"content":{"rendered":"<div id=\"attachment_1125\" style=\"width: 1610px\" class=\"wp-caption aligncenter\"><img aria-describedby=\"caption-attachment-1125\" loading=\"lazy\" class=\"wp-image-1125 size-full\" src=\"http:\/\/www2.uepg.br\/demat\/wp-content\/uploads\/sites\/45\/2023\/08\/Gadelha.jpg\" alt=\"\" width=\"1600\" height=\"1092\" \/><p id=\"caption-attachment-1125\" class=\"wp-caption-text\">Prof. Manuel Gadelha<\/p><\/div>\n<p>&nbsp;<\/p>\n<p><strong>Symposium on Mathematical Problems in Quantum Mechanics<\/strong><\/p>\n<p>UEPG, 4<sup>th<\/sup> of September 2023<\/p>\n<p>Centro Integrar, Room 9<\/p>\n<p><strong>\u00a0<\/strong><\/p>\n<p style=\"text-align: justify\">Quantum Mechanics, one of the pillars of modern physics, is a rich source of mathematical problems. For example, the widely used Dirac formalism, based on <em>bras<\/em> and<em> kets<\/em>, lacks mathematical rigor; the usual treatment of singular interactions leads, in general, to mathematically ill-defined products that need posterior regularization and sometimes renormalization of infinite quantities, etc. To address these, and other, mathematical problems present in the quantum theory several mathematically rigorous approaches have been proposed in the literature, such as rigged Hilbert spaces (RHS), self-adjoint extensions of symmetric operators, and theory of distributions, among others.<\/p>\n<p style=\"text-align: justify\">This symposium, organized on the occasion of the scientific visit of Prof. Manuel Gadella at UEPG, intends to bring together local researchers in the field of mathematical physics and its interfaces to discuss some of the above-mentioned approaches, as well as other closely related problems in quantum mechanics.<\/p>\n<p style=\"text-align: justify\">Prof. Gadella, from Departamento de F\u00edsica Te\u00f3rica, At\u00f3mica y \u00d3ptica and Instituto de Investigaci\u00f3n en Matem\u00e1ticas &#8211; Universidad de Valladolid, Spain, is a renowned researcher in the field of mathematical physics who has made many significant contributions to the field along his career. For instance, he worked on problems concerning mathematically rigorous formulations for the Dirac formalism in quantum mechanics based on rigged Hilbert spaces. He also made important contributions to the study of Gamow states, contact interactions, Casimir effect, special functions, Lie groups and algebras, self-adjoint extensions of symmetric operators, and so on.<\/p>\n<p>&nbsp;<\/p>\n<p><img loading=\"lazy\" class=\"size-full wp-image-1166 aligncenter\" src=\"http:\/\/www2.uepg.br\/demat\/wp-content\/uploads\/sites\/45\/2023\/08\/finalnova.jpg\" alt=\"\" width=\"2480\" height=\"3508\" \/><\/p>\n<p>&nbsp;<\/p>\n<p>&nbsp;<\/p>\n<p style=\"text-align: center\"><a href=\"http:\/\/www2.uepg.br\/demat\/wp-content\/uploads\/sites\/45\/2023\/09\/Timetable.pdf\">Timetable<\/a><\/p>\n<p>&nbsp;<\/p>\n<p><img loading=\"lazy\" class=\"size-full wp-image-1193 aligncenter\" src=\"http:\/\/www2.uepg.br\/demat\/wp-content\/uploads\/sites\/45\/2023\/09\/1-e-2-1.jpg\" alt=\"\" width=\"1092\" height=\"751\" \/><img loading=\"lazy\" class=\"size-full wp-image-1198 aligncenter\" src=\"http:\/\/www2.uepg.br\/demat\/wp-content\/uploads\/sites\/45\/2023\/09\/3-e-4-novo.jpg\" alt=\"\" width=\"1092\" height=\"748\" \/><\/p>\n<p>&nbsp;<\/p>\n<p>&nbsp;<\/p>\n<p>&nbsp;<\/p>\n<p>&nbsp;<\/p>\n<p>&nbsp;<\/p>\n<p>&nbsp;<\/p>\n<p>&nbsp;<\/p>\n<p>&nbsp;<\/p>\n","protected":false},"excerpt":{"rendered":"<p>&nbsp; Symposium on Mathematical Problems in Quantum Mechanics UEPG, 4th of September 2023 Centro Integrar, Room 9 \u00a0 Quantum Mechanics, one of the pillars of modern physics, is a rich source of mathematical problems. For example, the widely used Dirac formalism, based on bras and kets, lacks mathematical rigor; the usual treatment of singular interactions&nbsp;&hellip;<\/p>\n","protected":false},"author":370,"featured_media":0,"parent":0,"menu_order":0,"comment_status":"closed","ping_status":"closed","template":"","meta":[],"_links":{"self":[{"href":"https:\/\/www2.uepg.br\/demat\/wp-json\/wp\/v2\/pages\/1108"}],"collection":[{"href":"https:\/\/www2.uepg.br\/demat\/wp-json\/wp\/v2\/pages"}],"about":[{"href":"https:\/\/www2.uepg.br\/demat\/wp-json\/wp\/v2\/types\/page"}],"author":[{"embeddable":true,"href":"https:\/\/www2.uepg.br\/demat\/wp-json\/wp\/v2\/users\/370"}],"replies":[{"embeddable":true,"href":"https:\/\/www2.uepg.br\/demat\/wp-json\/wp\/v2\/comments?post=1108"}],"version-history":[{"count":26,"href":"https:\/\/www2.uepg.br\/demat\/wp-json\/wp\/v2\/pages\/1108\/revisions"}],"predecessor-version":[{"id":1199,"href":"https:\/\/www2.uepg.br\/demat\/wp-json\/wp\/v2\/pages\/1108\/revisions\/1199"}],"wp:attachment":[{"href":"https:\/\/www2.uepg.br\/demat\/wp-json\/wp\/v2\/media?parent=1108"}],"curies":[{"name":"wp","href":"https:\/\/api.w.org\/{rel}","templated":true}]}}