{"id":123,"date":"2019-11-29T15:16:21","date_gmt":"2019-11-29T18:16:21","guid":{"rendered":"http:\/\/www2.uepg.br\/demat\/?page_id=123"},"modified":"2025-05-02T09:03:46","modified_gmt":"2025-05-02T12:03:46","slug":"licenciatura-em-matematica","status":"publish","type":"page","link":"https:\/\/www2.uepg.br\/demat\/licenciatura-em-matematica\/","title":{"rendered":"Licenciatura em Matem\u00e1tica"},"content":{"rendered":"<div id=\"pl-123\" class=\"panel-layout\">\n<div id=\"pg-123-0\" class=\"panel-grid panel-no-style\" data-style=\"{&quot;background_image_attachment&quot;:false,&quot;background_display&quot;:&quot;tile&quot;,&quot;cell_alignment&quot;:&quot;flex-start&quot;}\" data-ratio=\"1\" data-ratio-direction=\"right\">\n<div id=\"pgc-123-0-0\" class=\"panel-grid-cell\" data-weight=\"1\">\n<div id=\"panel-123-0-0-0\" class=\"so-panel widget widget_sow-editor panel-first-child panel-last-child\" data-index=\"0\" data-style=\"{&quot;background_image_attachment&quot;:false,&quot;background_display&quot;:&quot;tile&quot;}\">\n<div class=\"so-widget-sow-editor so-widget-sow-editor-base\">\n<h3 class=\"widget-title\">Apresenta\u00e7\u00e3o<\/h3>\n<div class=\"siteorigin-widget-tinymce textwidget\">\n<header class=\"entry-header\">\n<p class=\"entry-title\">O curso de <strong><em>Licenciatura em Matem\u00e1tica <\/em><\/strong>da UEPG tem como objetivo principal a forma\u00e7\u00e3o de professores de Matem\u00e1tica para a Educa\u00e7\u00e3o B\u00e1sica capazes de enfrentar os desafios e as mudan\u00e7as no \u00e2mbito educacional. Para tanto, o curso propicia ao aluno conhecimentos s\u00f3lidos em matem\u00e1tica, com disciplinas espec\u00edficas como Geometria, \u00c1lgebra, C\u00e1lculo Diferencial e Integral, Doc\u00eancia em Matem\u00e1tica, Est\u00e1gio Curricular Supervisionado <em>etc<\/em>. Espera-se que o egresso estabele\u00e7a rela\u00e7\u00f5es entre a Matem\u00e1tica e outras ci\u00eancias, fa\u00e7a uso das tecnologias educacionais, bem como seja cr\u00edtico e consciente da sua realidade e apto a atuar de forma respons\u00e1vel considerando a relev\u00e2ncia de seu trabalho para a sociedade.<\/p>\n<p class=\"entry-title\">Durante a realiza\u00e7\u00e3o do curso, o estudante tem a oportunidade de participar de projetos de inicia\u00e7\u00e3o cient\u00edfica (PIBIC e PROVIC) e de programas de inicia\u00e7\u00e3o \u00e0 doc\u00eancia e de extens\u00e3o (PIBID, PIBEX, PR\u00d3-PET, entre outros). Nesse per\u00edodo, o curso ainda busca prepar\u00e1-lo a ingressar na p\u00f3s-gradua\u00e7\u00e3o nas \u00e1reas de Matem\u00e1tica e Educa\u00e7\u00e3o Matem\u00e1tica e outras \u00e1reas relacionadas.<\/p>\n<p class=\"entry-title\">O curso de Licenciatura em Matem\u00e1tica possui dura\u00e7\u00e3o de 4 anos e atualmente \u00e9 coordenado pelo professor Marcos Teixeira Alves. Para mais detalhes, consulte a p\u00e1gina: <a href=\"https:\/\/www2.uepg.br\/licenciatura-matematica\/\" target=\"_blank\" rel=\"noopener\">www2.uepg.br\/licenciatura-matematica\/<\/a> ou entre contato conosco atrav\u00e9s do e-mail: <em>mtalves@uepg.br <\/em>ou <em>colmat@uepg.br.<\/em><\/p>\n<\/header>\n<\/div>\n<\/div>\n<\/div>\n<\/div>\n<\/div>\n<\/div>\n","protected":false},"excerpt":{"rendered":"<p>Apresenta\u00e7\u00e3o O curso de Licenciatura em Matem\u00e1tica da UEPG tem como objetivo principal a forma\u00e7\u00e3o de professores de Matem\u00e1tica para a Educa\u00e7\u00e3o B\u00e1sica capazes de enfrentar os desafios e as mudan\u00e7as no \u00e2mbito educacional. Para tanto, o curso propicia ao aluno conhecimentos s\u00f3lidos em matem\u00e1tica, com disciplinas espec\u00edficas como Geometria, \u00c1lgebra, C\u00e1lculo Diferencial e Integral,&nbsp;&hellip;<\/p>\n","protected":false},"author":24,"featured_media":0,"parent":0,"menu_order":0,"comment_status":"closed","ping_status":"closed","template":"","meta":[],"_links":{"self":[{"href":"https:\/\/www2.uepg.br\/demat\/wp-json\/wp\/v2\/pages\/123"}],"collection":[{"href":"https:\/\/www2.uepg.br\/demat\/wp-json\/wp\/v2\/pages"}],"about":[{"href":"https:\/\/www2.uepg.br\/demat\/wp-json\/wp\/v2\/types\/page"}],"author":[{"embeddable":true,"href":"https:\/\/www2.uepg.br\/demat\/wp-json\/wp\/v2\/users\/24"}],"replies":[{"embeddable":true,"href":"https:\/\/www2.uepg.br\/demat\/wp-json\/wp\/v2\/comments?post=123"}],"version-history":[{"count":30,"href":"https:\/\/www2.uepg.br\/demat\/wp-json\/wp\/v2\/pages\/123\/revisions"}],"predecessor-version":[{"id":1316,"href":"https:\/\/www2.uepg.br\/demat\/wp-json\/wp\/v2\/pages\/123\/revisions\/1316"}],"wp:attachment":[{"href":"https:\/\/www2.uepg.br\/demat\/wp-json\/wp\/v2\/media?parent=123"}],"curies":[{"name":"wp","href":"https:\/\/api.w.org\/{rel}","templated":true}]}}