{"id":1240,"date":"2024-09-03T14:19:29","date_gmt":"2024-09-03T17:19:29","guid":{"rendered":"https:\/\/www2.uepg.br\/demat\/?page_id=1240"},"modified":"2025-06-27T09:58:35","modified_gmt":"2025-06-27T12:58:35","slug":"vii-sigmat","status":"publish","type":"page","link":"https:\/\/www2.uepg.br\/demat\/vii-sigmat\/","title":{"rendered":"VII SIGMAT"},"content":{"rendered":"<div id=\"pl-1240\"  class=\"panel-layout\" ><div id=\"pg-1240-0\"  class=\"panel-grid panel-no-style\" ><div id=\"pgc-1240-0-0\"  class=\"panel-grid-cell\" ><div id=\"panel-1240-0-0-0\" class=\"so-panel widget widget_sow-tabs panel-first-child panel-last-child\" data-index=\"0\" ><div\n\t\t\t\n\t\t\tclass=\"so-widget-sow-tabs so-widget-sow-tabs-default-e91f2b9c6f57-1240\"\n\t\t\t\n\t\t><div class=\"sow-tabs\">\n\t<div class=\"sow-tabs-tab-container\" role=\"tablist\">\n\t\t\t<div class=\"sow-tabs-tab sow-tabs-tab-selected\"\n\t\t\t role=\"tab\" data-anchor=\"sobre-o-vii-sigmat\"\n\t\t\t aria-selected=\"true\" tabindex=\"0\">\n\t\t\t<div class=\"sow-tabs-title sow-tabs-title-icon-left\">\n\t\t\t\t\t\t\t\tSobre o VII SIGMAT\t\t\t\t\t\t\t<\/div>\n\t\t<\/div>\n\t\t\t<div class=\"sow-tabs-tab\"\n\t\t\t role=\"tab\" data-anchor=\"cronograma\"\n\t\t\t aria-selected=\"false\" tabindex=\"-1\">\n\t\t\t<div class=\"sow-tabs-title sow-tabs-title-icon-left\">\n\t\t\t\t\t\t\t\tCronograma\t\t\t\t\t\t\t<\/div>\n\t\t<\/div>\n\t\t\t<div class=\"sow-tabs-tab\"\n\t\t\t role=\"tab\" data-anchor=\"inscri%c3%a7%c3%b5es\"\n\t\t\t aria-selected=\"false\" tabindex=\"-1\">\n\t\t\t<div class=\"sow-tabs-title sow-tabs-title-icon-left\">\n\t\t\t\t\t\t\t\tInscri\u00e7\u00f5es\t\t\t\t\t\t\t<\/div>\n\t\t<\/div>\n\t\t\t<div class=\"sow-tabs-tab\"\n\t\t\t role=\"tab\" data-anchor=\"comunica%c3%a7%c3%b5es-orais\"\n\t\t\t aria-selected=\"false\" tabindex=\"-1\">\n\t\t\t<div class=\"sow-tabs-title sow-tabs-title-icon-left\">\n\t\t\t\t\t\t\t\tComunica\u00e7\u00f5es Orais\t\t\t\t\t\t\t<\/div>\n\t\t<\/div>\n\t\t\t<div class=\"sow-tabs-tab\"\n\t\t\t role=\"tab\" data-anchor=\"comunica%c3%a7%c3%b5es-orais-cronograma\"\n\t\t\t aria-selected=\"false\" tabindex=\"-1\">\n\t\t\t<div class=\"sow-tabs-title sow-tabs-title-icon-left\">\n\t\t\t\t\t\t\t\tComunica\u00e7\u00f5es Orais - Cronograma\t\t\t\t\t\t\t<\/div>\n\t\t<\/div>\n\t\t\t<div class=\"sow-tabs-tab\"\n\t\t\t role=\"tab\" data-anchor=\"exposi%c3%a7%c3%a3o-matem%c3%a1tica\"\n\t\t\t aria-selected=\"false\" tabindex=\"-1\">\n\t\t\t<div class=\"sow-tabs-title sow-tabs-title-icon-left\">\n\t\t\t\t\t\t\t\tExposi\u00e7\u00e3o Matem\u00e1tica\t\t\t\t\t\t\t<\/div>\n\t\t<\/div>\n\t\t\t<div class=\"sow-tabs-tab\"\n\t\t\t role=\"tab\" data-anchor=\"v-torneio-de-derivadas\"\n\t\t\t aria-selected=\"false\" tabindex=\"-1\">\n\t\t\t<div class=\"sow-tabs-title sow-tabs-title-icon-left\">\n\t\t\t\t\t\t\t\tV Torneio de Derivadas\t\t\t\t\t\t\t<\/div>\n\t\t<\/div>\n\t\t<\/div>\n\t\n\t<div class=\"sow-tabs-panel-container\">\n\t\t\t<div class=\"sow-tabs-panel\">\n\t\t\t<div class=\"sow-tabs-panel-content\" role=\"tabpanel\" tabindex=\"0\">\n\t\t\t\t<p><img class=\"aligncenter wp-image-1247\" src=\"http:\/\/www2.uepg.br\/demat\/wp-content\/uploads\/sites\/45\/2024\/08\/VIISIGMAT.jpg\" alt=\"\" width=\"311\" height=\"311\" \/><\/p>\n<p>&nbsp;<\/p>\n<p>A 7\u00aa edi\u00e7\u00e3o do <em><strong>Simp\u00f3sio Integrado de Matem\u00e1tica - SIGMAT<\/strong><\/em> ocorrer\u00e1 no per\u00edodo de 30\/09 a 04\/10 de 2024 nas depend\u00eancias do Hall Tecnol\u00f3gico (Pr\u00f3ximo ao Bloco L). A promo\u00e7\u00e3o \u00e9 dos colegiados dos cursos de Licenciatura em Matem\u00e1tica presencial (COLLICMAT) e a dist\u00e2ncia (COLMATUAB), de Bacharelado em Matem\u00e1tica Aplicada (COLMAP) e do PROFMAT - UEPG.<\/p>\n<p>O evento ser\u00e1 centrado na discuss\u00e3o da produ\u00e7\u00e3o do conhecimento nas \u00e1reas de Matem\u00e1tica e Educa\u00e7\u00e3o Matem\u00e1tica e na troca de saberes entre acad\u00eamicos, professores e pesquisadores. Pretende-se estabelecer e fortalecer um evento de valoriza\u00e7\u00e3o do ensino e da pesquisa na gradua\u00e7\u00e3o e p\u00f3s-gradua\u00e7\u00e3o\u00a0e debater a respeito da forma\u00e7\u00e3o profissional na \u00e1rea de Matem\u00e1tica.<\/p>\n<p>Ser\u00e3o realizadas as seguintes atividades: palestras, minicursos, Comunica\u00e7\u00f5es Orais, Exposi\u00e7\u00e3o Matem\u00e1tica e o V Torneio de Derivadas da Cidade de Ponta Grossa.<\/p>\n<p><strong>Comiss\u00e3o Organizadora:<\/strong><\/p>\n<p><strong>Professores do DEMAT - UEPG:<\/strong><\/p>\n<p>Marcos Teixeira Alves (Coordenador)<\/p>\n<p>Scheila Valechenski Biehl<\/p>\n<p>Margarete Aparecida dos Santos<\/p>\n<p><strong>Acad\u00eamicos do curso de Matem\u00e1tica da UEPG:<\/strong><\/p>\n<p>Em defini\u00e7\u00e3o<\/p>\n\t\t\t<\/div>\n\t\t<\/div>\n\t\t\t<div class=\"sow-tabs-panel\">\n\t\t\t<div class=\"sow-tabs-panel-content\" role=\"tabpanel\" aria-hidden=\"true\">\n\t\t\t\t<hr \/>\n<p><strong>Data: 30\/09<br \/>\n<\/strong><\/p>\n<p><em>1<\/em><em>9h:<strong> Cerim\u00f4nia e Palestra de Abertura: <\/strong>Ensino-aprendizagem de Matem\u00e1tica com a gera\u00e7\u00e3o Alfa: o conhecimento especializado do professor em aulas por meio da Resolu\u00e7\u00e3o de Problemas.<\/em><\/p>\n<p><strong>Convidado: <\/strong>Luiz Otavio Rodrigues Mendes - UNESPAR.<\/p>\n<p><em>Resumo: <\/em><a href=\"http:\/\/www2.uepg.br\/demat\/wp-content\/uploads\/sites\/45\/2024\/08\/Palestras-SIGMAT.docx\" target=\"_blank\" rel=\"noopener\">Clique aqui.<\/a><\/p>\n<p><em>20h15:<\/em> <em><strong>Coffee-Break<\/strong><\/em><\/p>\n<p><em>21h:<\/em> <em><strong>Apresenta\u00e7\u00e3o Cultural: <\/strong><\/em>Grupo de Teatro Cient\u00edfico da UEPG<\/p>\n<hr \/>\n<p><strong>Data: 01\/10<\/strong><\/p>\n<p><em>19h:<\/em><strong>\u00a0<em> V Torneio de Derivadas da Cidade de Ponta Grossa - Fase Eliminat\u00f3ria<\/em><\/strong><\/p>\n<p><em>19h40: <strong>Coffee-Break<\/strong><\/em><\/p>\n<p><em>20h<\/em>: <b><i>Comunica\u00e7\u00f5es Orais<\/i><\/b><\/p>\n<hr \/>\n<p><strong>Data: 02\/10<br \/>\n<\/strong><\/p>\n<p><em>19h:<strong> Minicursos<\/strong><\/em><\/p>\n<p><em>20h15: <strong>Coffee-Break<\/strong><\/em><\/p>\n<p><em>20h45:<\/em> <em><strong>Continua\u00e7\u00e3o dos Minicursos\u00a0<\/strong><\/em><\/p>\n<p><strong><em>Obs.: <\/em><\/strong><em>Cada participante dever\u00e1 selecionar apenas um dos minicursos listados a seguir. As vagas s\u00e3o limitadas!<\/em><\/p>\n<p><strong><em>Minicurso 1 (Sala 12 - Central de Salas):<\/em><\/strong> Origami e Geometria: Um Encontro Pr\u00e1tico (20 vagas). Margarete Aparecida dos Santos (UEPG) e Yasmin Fernanda Heldt (acad\u00eamica Lic. em Matem\u00e1tica - UEPG).<\/p>\n<p><em>Resumo:\u00a0<\/em>O minicurso de origami visa apresentar t\u00e9cnicas e modelos que podem ser utilizados como ferramentas pedag\u00f3gicas para o ensino de geometria no ensino fundamental. O origami, a arte de dobrar papel, oferece uma abordagem l\u00fadica e pr\u00e1tica que facilita a compreens\u00e3o de conceitos geom\u00e9tricos, como simetria, \u00e2ngulos, pol\u00edgonos e propor\u00e7\u00f5es. Ao explorar formas tridimensionais e suas rela\u00e7\u00f5es com figuras planas, os participantes poder\u00e3o visualizar e interagir com os conte\u00fados matem\u00e1ticos de maneira concreta. Os objetivos incluem demonstrar como o origami pode ser integrado ao ensino de geometria; explorar conceitos geom\u00e9tricos por meio da dobradura de papel; capacitar os professores e acad\u00eamicos a utilizarem o origami em suas pr\u00e1ticas pedag\u00f3gicas para facilitar o ensino de temas como simetria, \u00e2ngulos, e formas geom\u00e9tricas. O curso ser\u00e1 dividido em momentos te\u00f3ricos e pr\u00e1ticos. Inicialmente, ser\u00e1 abordada a fundamenta\u00e7\u00e3o te\u00f3rica sobre a rela\u00e7\u00e3o entre o origami e a geometria, seguida por atividades pr\u00e1ticas em que os participantes criar\u00e3o modelos de origami que ilustram conceitos geom\u00e9tricos. As atividades incluir\u00e3o discuss\u00f5es sobre a aplica\u00e7\u00e3o desses modelos em sala de aula e como adapt\u00e1-los a diferentes n\u00edveis de ensino.<\/p>\n<p><em><strong>Minicurso 2: (Sala 13 - Central de Salas)<\/strong><\/em> Introdu\u00e7\u00e3o sobre uso \u00e9tico de Intelig\u00eancia Artificial na Educa\u00e7\u00e3o e Pesquisa (30 vagas). Emerson Blum Corr\u00eaa.<\/p>\n<p><em>Resumo: <\/em>Vivemos atualmente um momento de ampla ado\u00e7\u00e3o de tecnologias baseadas em Intelig\u00eancia Artificial (IA). Institui\u00e7\u00f5es em todo o mundo est\u00e3o investindo fortemente na implementa\u00e7\u00e3o de pr\u00e1ticas de extra\u00e7\u00e3o e an\u00e1lise de dados, buscando estabelecer uma cultura orientada por dados e IA. Esse movimento tamb\u00e9m atinge as \u00e1reas de Educa\u00e7\u00e3o e Pesquisa. Diante disso, pesquisadores de diversas \u00e1reas do conhecimento est\u00e3o come\u00e7ando a discutir as quest\u00f5es \u00e9ticas relacionadas ao uso da IA. No entanto, essas discuss\u00f5es ainda s\u00e3o iniciais e n\u00e3o est\u00e3o presentes em todas as esferas universit\u00e1rias. Este minicurso tem como objetivo introduzir os participantes aos conceitos b\u00e1sicos de IA, mostrar como essa tecnologia est\u00e1 sendo utilizada nos campos da educa\u00e7\u00e3o e pesquisa, problematizar seu uso e sugerir boas pr\u00e1ticas para a aplica\u00e7\u00e3o da IA na produ\u00e7\u00e3o intelectual.<\/p>\n<p><em><strong>Minicurso 3 (Sala 11 - Central de Salas):<\/strong><\/em> Filosofia cl\u00e1ssica e matem\u00e1tica sob uma perspectiva educacional. Pedro Jeferson Miranda (UEPG) (30 vagas).<\/p>\n<p><em>Resumo:<\/em> O minicurso ir\u00e1 discutir a rela\u00e7\u00e3o entre filosofia cl\u00e1ssica e matem\u00e1tica, ressaltando que a filosofia \u00e9 um dos pilares da civiliza\u00e7\u00e3o ocidental e que muitos fil\u00f3sofos, como Pit\u00e1goras e Plat\u00e3o, tamb\u00e9m eram matem\u00e1ticos. Historicamente, a matem\u00e1tica \u00e9 considerada um patrim\u00f4nio cultural transcivilizacional, sendo parte dos curr\u00edculos educacionais globais. O ensino da matem\u00e1tica \u00e9 frequentemente justificado por suas aplica\u00e7\u00f5es pr\u00e1ticas e tecnol\u00f3gicas, o que reflete uma perspectiva utilitarista. No entanto, o texto questiona se essa abordagem deve ser a \u00fanica, destacando a vis\u00e3o cl\u00e1ssica de fil\u00f3sofos como Plat\u00e3o e Arist\u00f3teles, que valorizavam o conhecimento por si s\u00f3. Quando os alunos reconhecem o valor intr\u00ednseco da matem\u00e1tica, o ensino se torna mais humanizado. O minicurso prop\u00f5e conectar filosofia e matem\u00e1tica como uma ferramenta pedag\u00f3gica para enriquecer o ensino.<\/p>\n<p><em><strong>Minicurso 4 (Sala 15 - Central de Salas):<\/strong><\/em>\u00a0Malba Tahan e o controle da intui\u00e7\u00e3o para resolu\u00e7\u00e3o de problemas: O porqu\u00ea de algumas pessoas resolverem problemas melhor do que outras\u00a0(30 vagas). Rafael Adriano Ferreira Elesb\u00e3o, Paula Soares Domingos e Giane Correia.<\/p>\n<p><em>Resumo:<\/em> J\u00e1 se perguntou por que algumas pessoas resolvem problemas t\u00e3o rapidamente? Parece que essas pessoas enxergam a resposta e apenas andam at\u00e9<br \/>\nela sem nenhuma dificuldade, enquanto outras pessoas tem dificuldade de entender a resposta mesmo depois de explicado. A verdade \u00e9 que isso n\u00e3o \u00e9 um dom natural exclusivo de alguns, mas sim uma habilidade que pode ser desenvolvida por qualquer pessoa, e para alcan\u00e7ar isso \u00e9 fundamental entender como usar o<br \/>\nPensamento Heur\u00edstico, chamado de intui\u00e7\u00e3o, e o Pensamento Anal\u00edtico, chamado de l\u00f3gica. E para conseguir entender como devemos utiliz\u00e1-los, iremos resolver<br \/>\nalguns problemas emblem\u00e1ticos do livro \u201cO homem que calculava\u201d de Malba Tahan, e a partir disso entender se os erros ocorrem pela \u201cburrice\u201d ou se existe alguma explica\u00e7\u00e3o mais adequada para isso.<\/p>\n<p><strong>Data: 03\/10<br \/>\n<\/strong><\/p>\n<p><em>19h:<strong> V Torneio de Derivadas da Cidade de Ponta Grossa - Fase Final<\/strong><\/em><\/p>\n<p><em>19h40:<\/em> <strong><em>Coffee-Break<\/em><\/strong><\/p>\n<p><em>20h:<\/em> <strong><em>Comunica\u00e7\u00f5es Orais\u00a0<\/em><\/strong><\/p>\n<hr \/>\n<p><strong>Data: 04\/10<\/strong><\/p>\n<p><em>19h:<\/em> <strong><em>Palestra de Encerramento: <\/em><\/strong><em>DOC\u00caNCIA NA ERA DA TECNOLOGIA DIGITAL: QUAIS COMPET\u00caNCIAS S\u00c3O\u00a0NECESS\u00c1RIAS?<\/em><\/p>\n<p><strong>Convidado: <\/strong>ELONI DOS SANTOS PERIN - UFPR.<\/p>\n<p><em>Resumo<\/em>:<\/p>\n<p><em>20h15:<\/em> <strong><em>Coffee-Break<\/em><\/strong><\/p>\n<p><em>20h30<\/em>: <em><strong>Exposi\u00e7\u00e3o Matem\u00e1tica<\/strong><\/em><\/p>\n<p><em>21h30: <strong>Cerim\u00f4nia de<\/strong> <strong>Encerramento e Premia\u00e7\u00f5es<\/strong><\/em><\/p>\n<hr \/>\n<p>&nbsp;<\/p>\n\t\t\t<\/div>\n\t\t<\/div>\n\t\t\t<div class=\"sow-tabs-panel\">\n\t\t\t<div class=\"sow-tabs-panel-content\" role=\"tabpanel\" aria-hidden=\"true\">\n\t\t\t\t<p>O <strong>VII SIGMAT<\/strong> - <em>Simp\u00f3sio Integrado de Matem\u00e1tica da UEPG<\/em> acontecer\u00e1 na semana de 30\/09 a 04\/10 de 2024 nas depend\u00eancias do Hall Tecnol\u00f3gico (pr\u00f3ximo ao Bloco L) e do Bloco L. As inscri\u00e7\u00f5es ocorrem no per\u00edodo de 30\/08 a 30\/09, sendo cobrada uma taxa de <strong>R$ 35,00<\/strong> para custear o coffee-break. Utilize a chave Pix: 42999989575 (em nome de Marcos Teixeira Alves - coordenador do VII SIGMAT) para efetuar o pagamento da inscri\u00e7\u00e3o e anexe ao formul\u00e1rio abaixo, preenchendo-o com seus dados:<\/p>\n<p style=\"text-align: center\"><a href=\"https:\/\/docs.google.com\/forms\/d\/e\/1FAIpQLSdjY8hOP7ndGgm-z1sDH3cnB9jpdPg4PxtB0DmVkUxJbU9wgw\/viewform?usp=sf_link\">INSCRI\u00c7\u00c3O<\/a><\/p>\n<p><em>Desejamos um excelente evento a todos!<\/em><\/p>\n\t\t\t<\/div>\n\t\t<\/div>\n\t\t\t<div class=\"sow-tabs-panel\">\n\t\t\t<div class=\"sow-tabs-panel-content\" role=\"tabpanel\" aria-hidden=\"true\">\n\t\t\t\t<p><span style=\"color: #ff0000\"><strong>A submiss\u00e3o de trabalhos foi prorrogada para 27\/09\/2024.<\/strong><\/span><\/p>\n<p><em>PARA O VII SIGMAT TEREMOS PREMIA\u00c7\u00c3O DE <strong>MEN\u00c7\u00c3O HONROSA<\/strong> PARA AT\u00c9 DOIS TRABALHOS POR \u00c1REA DE INSCRI\u00c7\u00c3O (Ensino de Matem\u00e1tica, Matem\u00e1tica e Probabilidade e Estat\u00edstica), QUE SER\u00c1 ATRIBUIDA POR UMA BANCA DE PROFESSORES AVALIADORES. A REGULAMENTA\u00c7\u00c3O SE ENCONTRA <a href=\"http:\/\/www2.uepg.br\/demat\/wp-content\/uploads\/sites\/45\/2024\/09\/Regulamento-Premiacao-Trabalhos-SIGMAT-UEPG.pdf\">AQUI<\/a>.<\/em><\/p>\n<p>&nbsp;<\/p>\n<p><em>Leia atentamente as regras de submiss\u00e3o de trabalhos e anexe o arquivo no formul\u00e1rio pr\u00f3prio disponibilizado no item 6. <\/em><\/p>\n<p>1 - Somente poder\u00e3o ser submetidos trabalhos na forma de resumo expandido, que devem ser resultados de pesquisas (conclu\u00eddas ou em andamento) ou de relatos de experi\u00eancias dentro dos eixos tem\u00e1ticos do evento: Matem\u00e1tica, Ensino de Matem\u00e1tica e Probabilidade e Estat\u00edstica.<\/p>\n<p>2 - O resumo expandido dever\u00e1 ser elaborado de acordo com as normas do Template (modelo)\u00a0 abaixo e\u00a0conter de 3 a 6\u00a0p\u00e1ginas:<\/p>\n<ul>\n<li>Formatos Word e LaTeX: clique aqui e baixe o arquivo zipado: <a href=\"https:\/\/drive.google.com\/file\/d\/17GnMQvMT87vefWO9YCV50hMpItSyRnZH\/view?usp=sharing\">Templates - VII SIGMAT<\/a><\/li>\n<\/ul>\n<p>3\u00a0- A modalidade de apresenta\u00e7\u00e3o de todos os trabalhos \u00e9 comunica\u00e7\u00e3o oral.<\/p>\n<p>4\u00a0 - O tempo m\u00e1ximo para cada apresenta\u00e7\u00e3o ser\u00e1 de dez (10) minutos e mais cinco (5) minutos para argui\u00e7\u00e3o,\u00a0totalizando quinze (15) minutos.<\/p>\n<p>5 - Cada inscri\u00e7\u00e3o d\u00e1 direito a submiss\u00e3o de at\u00e9 2 trabalhos, e o\u00a0n\u00famero m\u00e1ximo de autores por trabalho \u00e9 cinco (5).<\/p>\n<p>6 - Os trabalhos dever\u00e3o ser submetidos no formato PDF no link: <a href=\"https:\/\/forms.gle\/FQPoJtKTXqaWvTcq9\">SUBMISS\u00c3O.<\/a><em><br \/>\n<\/em><\/p>\n<p>7 - Os trabalhos ser\u00e3o avaliados pela Comiss\u00e3o Cient\u00edfica do SIGMAT e somente ser\u00e3o aceitos os resumos\u00a0que estiverem de acordo com as normas detalhadas no Template.<\/p>\n<p>8 - Os trabalhos aprovados dever\u00e3o ser apresentados por um dos autores no evento.<\/p>\n<p><u>Datas importantes:<\/u><\/p>\n<p>Submiss\u00e3o de trabalhos: 30\/08 a 26\/09.<\/p>\n<p>Parecer Inicial dos Avaliadores: 30\/08 a 28\/09.<\/p>\n<p>Reenvio com as corre\u00e7\u00f5es: 30\/08 a 30\/09.<\/p>\n<p>Divulga\u00e7\u00e3o dos trabalhos aceitos: 01\/10.<\/p>\n<p><strong>IMPORTANTE: H<\/strong><em>aver\u00e1 certifica\u00e7\u00e3o de <strong>men\u00e7\u00e3o honrosa<\/strong> para at\u00e9 dois trabalhos por \u00e1rea de inscri\u00e7\u00e3o (Ensino de Matem\u00e1tica, Matem\u00e1tica ou Probabilidade e Estat\u00edstica), que ser\u00e1 atribu\u00edda por uma banca de professores avaliadores. A regulamenta\u00e7\u00e3o encontra-se dispon\u00edvel AQUI.<\/em><\/p>\n<p>Em caso de d\u00favidas, entre em contato conosco atrav\u00e9s do e-mail: sigmatuepg@gmail.com<\/p>\n\t\t\t<\/div>\n\t\t<\/div>\n\t\t\t<div class=\"sow-tabs-panel\">\n\t\t\t<div class=\"sow-tabs-panel-content\" role=\"tabpanel\" aria-hidden=\"true\">\n\t\t\t\t<div class=\"sow-tabs-panel\">\n<div class=\"sow-tabs-panel-content\" role=\"tabpanel\">\n<p><strong>Prezados(as) autores(as)<\/strong>,<\/p>\n<p>a <em>Comiss\u00e3o Organizadora do VII SIGMAT<\/em> agradece pela submiss\u00e3o do seu trabalho. Clique aqui e visualize os trabalhos aceitos e o cronograma das apresenta\u00e7\u00f5es.<\/p>\n<p><em>Aten\u00e7\u00e3o:<\/em> O cronograma das apresenta\u00e7\u00f5es do dia 03\/10 pode ser consultado <a href=\"http:\/\/www2.uepg.br\/demat\/wp-content\/uploads\/sites\/45\/2024\/10\/Cronograma_Com-Orais-VIISIGMAT-atual2.pdf\" target=\"_blank\" rel=\"noopener\">clicando aqui.<\/a><\/p>\n<\/div>\n<\/div>\n\t\t\t<\/div>\n\t\t<\/div>\n\t\t\t<div class=\"sow-tabs-panel\">\n\t\t\t<div class=\"sow-tabs-panel-content\" role=\"tabpanel\" aria-hidden=\"true\">\n\t\t\t\t<p>Durante a realiza\u00e7\u00e3o do<i><b> VII SIGMAT - Simp\u00f3sio Integrado de Matem\u00e1tica da UEPG<\/b><\/i>\u00a0ocorrer\u00e1 a\u00a0<b>Exposi\u00e7\u00e3o Matem\u00e1tica.\u00a0<\/b>Esta atividade tem<b>\u00a0<\/b>como objetivo principal a divulga\u00e7\u00e3o de temas da Matem\u00e1tica de maneira pr\u00e1tica e l\u00fadica. A ideia \u00e9 que o grupo (de no m\u00e1ximo 4 participantes) apresente a tem\u00e1tica selecionada utilizando, por exemplo, pain\u00e9is explicativos (cartazes), materiais manipul\u00e1veis, experimentos e <em>atividades interativas<\/em> com o p\u00fablico de modo a enaltecer e a revelar a beleza da Matem\u00e1tica e de suas aplica\u00e7\u00f5es.<\/p>\n<p>A <strong>Exposi\u00e7\u00e3o Matem\u00e1tica<\/strong> acontecer\u00e1 no dia 30\/09 a partir das 19h no Hall Tecnol\u00f3gico.<\/p>\n<p>Para se inscrever, utilize este formul\u00e1rio: <a href=\"https:\/\/forms.gle\/Yvf47J9rpTTVX6bP8\">Inscri\u00e7\u00e3o Geral<\/a>.<\/p>\n<p><em>Per\u00edodo de inscri\u00e7\u00e3o:<\/em> 03\/09\/24 a 30\/09\/24<\/p>\n\t\t\t<\/div>\n\t\t<\/div>\n\t\t\t<div class=\"sow-tabs-panel\">\n\t\t\t<div class=\"sow-tabs-panel-content\" role=\"tabpanel\" aria-hidden=\"true\">\n\t\t\t\t<p>O<strong> V Torneio de Derivadas da cidade de Ponta Grossa<\/strong>\u00a0consistir\u00e1 em uma competi\u00e7\u00e3o de resolu\u00e7\u00e3o de derivadas de fun\u00e7\u00f5es reais de uma vari\u00e1vel real.\u00a0Esse torneio visa incentivar o estudo das disciplinas de C\u00e1lculo Diferencial e Integral ofertadas nos cursos de gradua\u00e7\u00e3o das universidades ou faculdades do munic\u00edpio de Ponta Grossa - PR.<\/p>\n<p>Para conhecer as regras do torneio, consulte o <a href=\"http:\/\/www2.uepg.br\/demat\/wp-content\/uploads\/sites\/45\/2024\/08\/RegulamentoVtorneio.pdf\">Regulamento.<\/a><\/p>\n<p><strong>Inscri\u00e7\u00e3o do V Torneio de Derivadas da UEPG (gratuita): <\/strong><a href=\"https:\/\/forms.gle\/nC4iHzhUne5y1MJS6\">clique aqui.<\/a><\/p>\n<p><strong>Importante:\u00a0<\/strong>Cada participante do Torneio receber\u00e1 certificado de participa\u00e7\u00e3o de 4h.<\/p>\n<p><strong>Per\u00edodo de Inscri\u00e7\u00f5es:<\/strong> 03\/09\/24 a 30\/09\/24.<\/p>\n\t\t\t<\/div>\n\t\t<\/div>\n\t\t<\/div>\n<\/div>\n<\/div><\/div><\/div><\/div><\/div>","protected":false},"excerpt":{"rendered":"<p>Sobre o VII SIGMAT Cronograma Inscri\u00e7\u00f5es Comunica\u00e7\u00f5es Orais Comunica\u00e7\u00f5es Orais &#8211; Cronograma Exposi\u00e7\u00e3o Matem\u00e1tica V Torneio de Derivadas &nbsp; A 7\u00aa edi\u00e7\u00e3o do Simp\u00f3sio Integrado de Matem\u00e1tica &#8211; SIGMAT ocorrer\u00e1 no per\u00edodo de 30\/09 a 04\/10 de 2024 nas depend\u00eancias do Hall Tecnol\u00f3gico (Pr\u00f3ximo ao Bloco L). A promo\u00e7\u00e3o \u00e9 dos colegiados dos cursos de&nbsp;&hellip;<\/p>\n","protected":false},"author":448,"featured_media":0,"parent":0,"menu_order":0,"comment_status":"closed","ping_status":"closed","template":"","meta":[],"_links":{"self":[{"href":"https:\/\/www2.uepg.br\/demat\/wp-json\/wp\/v2\/pages\/1240"}],"collection":[{"href":"https:\/\/www2.uepg.br\/demat\/wp-json\/wp\/v2\/pages"}],"about":[{"href":"https:\/\/www2.uepg.br\/demat\/wp-json\/wp\/v2\/types\/page"}],"author":[{"embeddable":true,"href":"https:\/\/www2.uepg.br\/demat\/wp-json\/wp\/v2\/users\/448"}],"replies":[{"embeddable":true,"href":"https:\/\/www2.uepg.br\/demat\/wp-json\/wp\/v2\/comments?post=1240"}],"version-history":[{"count":15,"href":"https:\/\/www2.uepg.br\/demat\/wp-json\/wp\/v2\/pages\/1240\/revisions"}],"predecessor-version":[{"id":1331,"href":"https:\/\/www2.uepg.br\/demat\/wp-json\/wp\/v2\/pages\/1240\/revisions\/1331"}],"wp:attachment":[{"href":"https:\/\/www2.uepg.br\/demat\/wp-json\/wp\/v2\/media?parent=1240"}],"curies":[{"name":"wp","href":"https:\/\/api.w.org\/{rel}","templated":true}]}}