{"id":129,"date":"2019-11-29T15:21:13","date_gmt":"2019-11-29T18:21:13","guid":{"rendered":"http:\/\/www2.uepg.br\/demat\/?page_id=129"},"modified":"2019-12-12T09:47:31","modified_gmt":"2019-12-12T12:47:31","slug":"ppgecem-mestrado-em-ensino-de-ciencias-e-educacao-matematica","status":"publish","type":"page","link":"https:\/\/www2.uepg.br\/demat\/ppgecem-mestrado-em-ensino-de-ciencias-e-educacao-matematica\/","title":{"rendered":"PPGECEM \u2013 Mestrado em Ensino de Ci\u00eancias e Educa\u00e7\u00e3o Matem\u00e1tica"},"content":{"rendered":"<header class=\"entry-header\">\n<p class=\"entry-title\">O <strong><em>Mestrado em Ensino de Ci\u00eancias e Educa\u00e7\u00e3o Matem\u00e1tica<\/em><\/strong> visa a constituir-se em um espa\u00e7o para o exerc\u00edcio dos di\u00e1logos inter e multidisciplinares, promovendo uma forma\u00e7\u00e3o profissional mais adequada \u00e0s exig\u00eancias de um mercado em constante muta\u00e7\u00e3o, exigindo cada vez mais uma atividade reflexiva, cr\u00edtica e inovadora aplicada diretamente \u00e0 atua\u00e7\u00e3o profissional do docente, na produ\u00e7\u00e3o de conhecimento diretamente associado \u00e0 prospec\u00e7\u00e3o de problemas e solu\u00e7\u00f5es para o ensino-aprendizagem dos conhecimentos em Ci\u00eancias e Matem\u00e1tica.<\/p>\n<p class=\"entry-title\">O compromisso do PPGECEM, dada a voca\u00e7\u00e3o da UEPG, \u00e9 promover estudos e pesquisas que deem suporte te\u00f3rico para que os profissionais da educa\u00e7\u00e3o tenham condi\u00e7\u00f5es de inovar sua pr\u00e1tica em termos de compreens\u00e3o e aplica\u00e7\u00e3o da ci\u00eancia.<\/p>\n<p class=\"entry-title\">Para mais informa\u00e7\u00f5es, acesse: <a href=\"https:\/\/sites.uepg.br\/ppgecem\/\" target=\"_blank\" rel=\"noopener noreferrer\">https:\/\/sites.uepg.br\/ppgecem\/<\/a><\/p>\n<\/header>\n","protected":false},"excerpt":{"rendered":"<p>O Mestrado em Ensino de Ci\u00eancias e Educa\u00e7\u00e3o Matem\u00e1tica visa a constituir-se em um espa\u00e7o para o exerc\u00edcio dos di\u00e1logos inter e multidisciplinares, promovendo uma forma\u00e7\u00e3o profissional mais adequada \u00e0s exig\u00eancias de um mercado em constante muta\u00e7\u00e3o, exigindo cada vez mais uma atividade reflexiva, cr\u00edtica e inovadora aplicada diretamente \u00e0 atua\u00e7\u00e3o profissional do docente, na&nbsp;&hellip;<\/p>\n","protected":false},"author":24,"featured_media":0,"parent":0,"menu_order":0,"comment_status":"closed","ping_status":"closed","template":"","meta":[],"_links":{"self":[{"href":"https:\/\/www2.uepg.br\/demat\/wp-json\/wp\/v2\/pages\/129"}],"collection":[{"href":"https:\/\/www2.uepg.br\/demat\/wp-json\/wp\/v2\/pages"}],"about":[{"href":"https:\/\/www2.uepg.br\/demat\/wp-json\/wp\/v2\/types\/page"}],"author":[{"embeddable":true,"href":"https:\/\/www2.uepg.br\/demat\/wp-json\/wp\/v2\/users\/24"}],"replies":[{"embeddable":true,"href":"https:\/\/www2.uepg.br\/demat\/wp-json\/wp\/v2\/comments?post=129"}],"version-history":[{"count":4,"href":"https:\/\/www2.uepg.br\/demat\/wp-json\/wp\/v2\/pages\/129\/revisions"}],"predecessor-version":[{"id":331,"href":"https:\/\/www2.uepg.br\/demat\/wp-json\/wp\/v2\/pages\/129\/revisions\/331"}],"wp:attachment":[{"href":"https:\/\/www2.uepg.br\/demat\/wp-json\/wp\/v2\/media?parent=129"}],"curies":[{"name":"wp","href":"https:\/\/api.w.org\/{rel}","templated":true}]}}