{"id":1299,"date":"2025-04-03T14:38:23","date_gmt":"2025-04-03T17:38:23","guid":{"rendered":"https:\/\/www2.uepg.br\/demat\/?page_id=1299"},"modified":"2025-09-29T15:56:46","modified_gmt":"2025-09-29T18:56:46","slug":"nepe","status":"publish","type":"page","link":"https:\/\/www2.uepg.br\/demat\/nepe\/","title":{"rendered":"N\u00facleo de Estudos e Pesquisas em Estat\u00edstica (NEPE)"},"content":{"rendered":"<div id=\"pl-1299\"  class=\"panel-layout\" ><div id=\"pg-1299-0\"  class=\"panel-grid panel-no-style\" ><div id=\"pgc-1299-0-0\"  class=\"panel-grid-cell\" ><div id=\"panel-1299-0-0-0\" class=\"so-panel widget widget_sow-tabs panel-first-child panel-last-child\" data-index=\"0\" ><div\n\t\t\t\n\t\t\tclass=\"so-widget-sow-tabs so-widget-sow-tabs-default-b7cfc2a98f0d-1299\"\n\t\t\t\n\t\t><div class=\"sow-tabs\">\n\t<div class=\"sow-tabs-tab-container\" role=\"tablist\">\n\t\t\t<div class=\"sow-tabs-tab sow-tabs-tab-selected\"\n\t\t\t role=\"tab\" data-anchor=\"apresenta%c3%a7%c3%a3o\"\n\t\t\t aria-selected=\"true\" tabindex=\"0\">\n\t\t\t<div class=\"sow-tabs-title sow-tabs-title-icon-left\">\n\t\t\t\t\t\t\t\tApresenta\u00e7\u00e3o\t\t\t\t\t\t\t<\/div>\n\t\t<\/div>\n\t\t\t<div class=\"sow-tabs-tab\"\n\t\t\t role=\"tab\" data-anchor=\"equipe\"\n\t\t\t aria-selected=\"false\" tabindex=\"-1\">\n\t\t\t<div class=\"sow-tabs-title sow-tabs-title-icon-left\">\n\t\t\t\t\t\t\t\tEquipe\t\t\t\t\t\t\t<\/div>\n\t\t<\/div>\n\t\t\t<div class=\"sow-tabs-tab\"\n\t\t\t role=\"tab\" data-anchor=\"contato\"\n\t\t\t aria-selected=\"false\" tabindex=\"-1\">\n\t\t\t<div class=\"sow-tabs-title sow-tabs-title-icon-left\">\n\t\t\t\t\t\t\t\tContato\t\t\t\t\t\t\t<\/div>\n\t\t<\/div>\n\t\t<\/div>\n\t\n\t<div class=\"sow-tabs-panel-container\">\n\t\t\t<div class=\"sow-tabs-panel\">\n\t\t\t<div class=\"sow-tabs-panel-content\" role=\"tabpanel\" tabindex=\"0\">\n\t\t\t\t<p>O N\u00facleo de Estudos e Pesquisas em Estat\u00edstica (NEPE) \u00e9 uma iniciativa vinculada ao Departamento de Matem\u00e1tica e Estat\u00edstica da Universidade Estadual de Ponta Grossa (UEPG), voltada para o desenvolvimento, aplica\u00e7\u00e3o e dissemina\u00e7\u00e3o do conhecimento estat\u00edstico. O NEPE atua como um espa\u00e7o de integra\u00e7\u00e3o entre ensino, pesquisa e extens\u00e3o, promovendo a colabora\u00e7\u00e3o entre estat\u00edsticos e pesquisadores de diversas \u00e1reas.<br \/>\nA cria\u00e7\u00e3o do NEPE est\u00e1 alicer\u00e7ada em tr\u00eas pilares fundamentais:<br \/>\n\u2022 Necessidade de suporte estat\u00edstico qualificado para pesquisadores e estudantes.<br \/>\n\u2022 Valoriza\u00e7\u00e3o da estat\u00edstica como \u00e1rea estrat\u00e9gica para o desenvolvimento cient\u00edfico e tecnol\u00f3gico.<br \/>\n\u2022 Promo\u00e7\u00e3o da cultura estat\u00edstica como ferramenta de cidadania, inova\u00e7\u00e3o e tomada de decis\u00f5es baseadas em evid\u00eancias.<\/p>\n<p>Este n\u00facleo pretende promover o desenvolvimento da estat\u00edstica como \u00e1rea estrat\u00e9gica para a pesquisa cient\u00edfica, a inova\u00e7\u00e3o e a tomada de decis\u00f5es, por meio da forma\u00e7\u00e3o, consultoria, produ\u00e7\u00e3o de conhecimento e colabora\u00e7\u00e3o interdisciplinar, contribuindo para o avan\u00e7o acad\u00eamico e para a aplica\u00e7\u00e3o pr\u00e1tica da estat\u00edstica em diferentes contextos sociais, econ\u00f4micos e cient\u00edficos. Mais especificamente:<br \/>\n\u2022 Colaborar com pesquisadores de outras \u00e1reas, oferecendo suporte metodol\u00f3gico e estat\u00edstico em projetos interdisciplinares.<br \/>\n\u2022 Oferecer suporte t\u00e9cnico e consultoria estat\u00edstica, tanto interna quanto externamente.<br \/>\n\u2022 Apoiar pesquisadores na elabora\u00e7\u00e3o de projetos para \u00f3rg\u00e3os de fomento, fortalecendo a qualidade cient\u00edfica das propostas.<br \/>\n\u2022 Desenvolver iniciativas e projetos que aproveitem o potencial da estat\u00edstica para propor solu\u00e7\u00f5es inovadoras e estrat\u00e9gicas, atendendo demandas da academia, da ind\u00fastria, do setor p\u00fablico e da sociedade em geral.<br \/>\n\u2022 O NEPE busca dar apoio estat\u00edstico \u00e0 comunidade docente e discente da UEPG, al\u00e9m de oferecer cursos de capacita\u00e7\u00e3o em estat\u00edstica b\u00e1sica e avan\u00e7ada.<\/p>\n<p><strong>P\u00daBLICO-ALVO:<\/strong><br \/>\n\u2022 Docentes e discentes da UEPG<br \/>\n\u2022 Pesquisadores de outras institui\u00e7\u00f5es<br \/>\n\u2022 Profissionais da ind\u00fastria e setor p\u00fablico<br \/>\n\u2022 Sociedade em geral interessada em estat\u00edstica aplicada<\/p>\n\t\t\t<\/div>\n\t\t<\/div>\n\t\t\t<div class=\"sow-tabs-panel\">\n\t\t\t<div class=\"sow-tabs-panel-content\" role=\"tabpanel\" aria-hidden=\"true\">\n\t\t\t\t<p><strong>Professor Dr. Airton Kist:<\/strong> Possui gradua\u00e7\u00e3o em Licenciatura em Matem\u00e1tica pela UFSC, gradua\u00e7\u00e3o em Estat\u00edstica pela UAM, mestrado em Matem\u00e1tica e Computa\u00e7\u00e3o Cient\u00edfica pela UFSC e doutorado em Estat\u00edstica pela UNICAMP. Atualmente \u00e9 professor associado da Universidade Estadual de Ponta Grossa. Tem experi\u00eancia na \u00e1rea de Probabilidade e Estat\u00edstica, com \u00eanfase em Estat\u00edstica, atuando principalmente nos seguintes temas: estima\u00e7\u00e3o param\u00e9trica e n\u00e3o-param\u00e9trica, testes de hip\u00f3teses, geoestat\u00edstica, an\u00e1lise de s\u00e9ries temporais clim\u00e1ticas, estat\u00edstica aplicada interdisciplinar e temas relacionados a estat\u00edstica no Ensino B\u00e1sico.<br \/>\nLattes: <a href=\"http:\/\/lattes.cnpq.br\/1452665347142835\" target=\"_blank\" rel=\"noopener\">http:\/\/lattes.cnpq.br\/1452665347142835<\/a><\/p>\n<p><strong>Professora Dra. Deyse Gebert:<\/strong> Possui gradua\u00e7\u00e3o em Agronomia pela UDESC, gradua\u00e7\u00e3o em Estat\u00edstica pela UAM, mestrado em Estat\u00edstica e Experimenta\u00e7\u00e3o Agropecu\u00e1ria pela UFLA e doutorado em Estat\u00edstica e Experimenta\u00e7\u00e3o Agropecu\u00e1ria pela UFLA. Atualmente \u00e9 professora associada da Universidade Estadual de Ponta Grossa. Possui experi\u00eancia na \u00e1rea de Estat\u00edstica, Estat\u00edstica Experimental, Estat\u00edstica Multivariada, Geoestat\u00edstica e an\u00e1lise de s\u00e9ries temporais clim\u00e1ticas.<br \/>\nLattes: <a href=\"http:\/\/lattes.cnpq.br\/7731588187059070\" target=\"_blank\" rel=\"noopener\">http:\/\/lattes.cnpq.br\/7731588187059070<\/a><\/p>\n<p><strong>Grupo de pesquisa CNPq:<\/strong><br \/>\n<a href=\"http:\/\/dgp.cnpq.br\/dgp\/espelhogrupo\/6252433881064572\" target=\"_blank\" rel=\"noopener\">http:\/\/dgp.cnpq.br\/dgp\/espelhogrupo\/6252433881064572<\/a><\/p>\n<p>&nbsp;<\/p>\n\t\t\t<\/div>\n\t\t<\/div>\n\t\t\t<div class=\"sow-tabs-panel\">\n\t\t\t<div class=\"sow-tabs-panel-content\" role=\"tabpanel\" aria-hidden=\"true\">\n\t\t\t\t<p>Solicite atendimento estat\u00edstico preenchendo o formul\u00e1rio abaixo:<\/p>\n<p><a href=\"https:\/\/docs.google.com\/forms\/d\/e\/1FAIpQLScd3PnaV5gKK59AXCP_pjZpufepyb_j020XHtwYh9UmTbxhlg\/viewform\">Formul\u00e1rio de solicita\u00e7\u00e3o<\/a><\/p>\n<p>E-mail institucional: nepe@uepg.br<\/p>\n<p>&nbsp;<\/p>\n<p><strong>LOCAL DE FUNCIONAMENTO DO NEPE:<\/strong><\/p>\n<p>Campus Uvaranas da UEPG<\/p>\n<p>Sala 104 A, bloco L (piso superior).<\/p>\n\t\t\t<\/div>\n\t\t<\/div>\n\t\t<\/div>\n<\/div>\n<\/div><\/div><\/div><\/div><\/div>","protected":false},"excerpt":{"rendered":"<p>Apresenta\u00e7\u00e3o Equipe Contato O N\u00facleo de Estudos e Pesquisas em Estat\u00edstica (NEPE) \u00e9 uma iniciativa vinculada ao Departamento de Matem\u00e1tica e Estat\u00edstica da Universidade Estadual de Ponta Grossa (UEPG), voltada para o desenvolvimento, aplica\u00e7\u00e3o e dissemina\u00e7\u00e3o do conhecimento estat\u00edstico. O NEPE atua como um espa\u00e7o de integra\u00e7\u00e3o entre ensino, pesquisa e extens\u00e3o, promovendo a colabora\u00e7\u00e3o&nbsp;&hellip;<\/p>\n","protected":false},"author":110,"featured_media":0,"parent":0,"menu_order":0,"comment_status":"closed","ping_status":"closed","template":"","meta":[],"_links":{"self":[{"href":"https:\/\/www2.uepg.br\/demat\/wp-json\/wp\/v2\/pages\/1299"}],"collection":[{"href":"https:\/\/www2.uepg.br\/demat\/wp-json\/wp\/v2\/pages"}],"about":[{"href":"https:\/\/www2.uepg.br\/demat\/wp-json\/wp\/v2\/types\/page"}],"author":[{"embeddable":true,"href":"https:\/\/www2.uepg.br\/demat\/wp-json\/wp\/v2\/users\/110"}],"replies":[{"embeddable":true,"href":"https:\/\/www2.uepg.br\/demat\/wp-json\/wp\/v2\/comments?post=1299"}],"version-history":[{"count":9,"href":"https:\/\/www2.uepg.br\/demat\/wp-json\/wp\/v2\/pages\/1299\/revisions"}],"predecessor-version":[{"id":1356,"href":"https:\/\/www2.uepg.br\/demat\/wp-json\/wp\/v2\/pages\/1299\/revisions\/1356"}],"wp:attachment":[{"href":"https:\/\/www2.uepg.br\/demat\/wp-json\/wp\/v2\/media?parent=1299"}],"curies":[{"name":"wp","href":"https:\/\/api.w.org\/{rel}","templated":true}]}}