{"id":1321,"date":"2025-06-26T16:46:14","date_gmt":"2025-06-26T19:46:14","guid":{"rendered":"https:\/\/www2.uepg.br\/demat\/?page_id=1321"},"modified":"2025-08-04T21:15:53","modified_gmt":"2025-08-05T00:15:53","slug":"viii-sigmat","status":"publish","type":"page","link":"https:\/\/www2.uepg.br\/demat\/viii-sigmat\/","title":{"rendered":"VIII SIGMAT"},"content":{"rendered":"<div id=\"pl-1321\"  class=\"panel-layout\" ><div id=\"pg-1321-0\"  class=\"panel-grid panel-no-style\" ><div id=\"pgc-1321-0-0\"  class=\"panel-grid-cell\" ><div id=\"panel-1321-0-0-0\" class=\"so-panel widget widget_sow-tabs panel-first-child panel-last-child\" data-index=\"0\" ><div class=\"panel-widget-style panel-widget-style-for-1321-0-0-0\" ><div\n\t\t\t\n\t\t\tclass=\"so-widget-sow-tabs so-widget-sow-tabs-default-62faa5765197-1321\"\n\t\t\t\n\t\t><div class=\"sow-tabs\">\n\t<div class=\"sow-tabs-tab-container\" role=\"tablist\">\n\t\t\t<div class=\"sow-tabs-tab sow-tabs-tab-selected\"\n\t\t\t role=\"tab\" data-anchor=\"sobre-o-viii-sigmat\"\n\t\t\t aria-selected=\"true\" tabindex=\"0\">\n\t\t\t<div class=\"sow-tabs-title sow-tabs-title-icon-left\">\n\t\t\t\t\t\t\t\tSobre o VIII SIGMAT\t\t\t\t\t\t\t<\/div>\n\t\t<\/div>\n\t\t\t<div class=\"sow-tabs-tab\"\n\t\t\t role=\"tab\" data-anchor=\"cronograma\"\n\t\t\t aria-selected=\"false\" tabindex=\"-1\">\n\t\t\t<div class=\"sow-tabs-title sow-tabs-title-icon-left\">\n\t\t\t\t\t\t\t\tCronograma\t\t\t\t\t\t\t<\/div>\n\t\t<\/div>\n\t\t\t<div class=\"sow-tabs-tab\"\n\t\t\t role=\"tab\" data-anchor=\"inscri%c3%a7%c3%b5es\"\n\t\t\t aria-selected=\"false\" tabindex=\"-1\">\n\t\t\t<div class=\"sow-tabs-title sow-tabs-title-icon-left\">\n\t\t\t\t\t\t\t\tInscri\u00e7\u00f5es\t\t\t\t\t\t\t<\/div>\n\t\t<\/div>\n\t\t\t<div class=\"sow-tabs-tab\"\n\t\t\t role=\"tab\" data-anchor=\"comunica%c3%a7%c3%b5es-orais\"\n\t\t\t aria-selected=\"false\" tabindex=\"-1\">\n\t\t\t<div class=\"sow-tabs-title sow-tabs-title-icon-left\">\n\t\t\t\t\t\t\t\tComunica\u00e7\u00f5es Orais\t\t\t\t\t\t\t<\/div>\n\t\t<\/div>\n\t\t\t<div class=\"sow-tabs-tab\"\n\t\t\t role=\"tab\" data-anchor=\"ensalamento-comunica%c3%a7%c3%b5es-orais\"\n\t\t\t aria-selected=\"false\" tabindex=\"-1\">\n\t\t\t<div class=\"sow-tabs-title sow-tabs-title-icon-left\">\n\t\t\t\t\t\t\t\tEnsalamento - Comunica\u00e7\u00f5es Orais\t\t\t\t\t\t\t<\/div>\n\t\t<\/div>\n\t\t\t<div class=\"sow-tabs-tab\"\n\t\t\t role=\"tab\" data-anchor=\"exposi%c3%a7%c3%a3o-matem%c3%a1tica\"\n\t\t\t aria-selected=\"false\" tabindex=\"-1\">\n\t\t\t<div class=\"sow-tabs-title sow-tabs-title-icon-left\">\n\t\t\t\t\t\t\t\tExposi\u00e7\u00e3o Matem\u00e1tica\t\t\t\t\t\t\t<\/div>\n\t\t<\/div>\n\t\t\t<div class=\"sow-tabs-tab\"\n\t\t\t role=\"tab\" data-anchor=\"vi-torneio-de-derivadas\"\n\t\t\t aria-selected=\"false\" tabindex=\"-1\">\n\t\t\t<div class=\"sow-tabs-title sow-tabs-title-icon-left\">\n\t\t\t\t\t\t\t\tVI Torneio de Derivadas\t\t\t\t\t\t\t<\/div>\n\t\t<\/div>\n\t\t\t<div class=\"sow-tabs-tab\"\n\t\t\t role=\"tab\" data-anchor=\"premiados-do-viii-sigmat\"\n\t\t\t aria-selected=\"false\" tabindex=\"-1\">\n\t\t\t<div class=\"sow-tabs-title sow-tabs-title-icon-left\">\n\t\t\t\t\t\t\t\tPremiados do VIII SIGMAT\t\t\t\t\t\t\t<\/div>\n\t\t<\/div>\n\t\t\t<div class=\"sow-tabs-tab\"\n\t\t\t role=\"tab\" data-anchor=\"fotos\"\n\t\t\t aria-selected=\"false\" tabindex=\"-1\">\n\t\t\t<div class=\"sow-tabs-title sow-tabs-title-icon-left\">\n\t\t\t\t\t\t\t\tFotos\t\t\t\t\t\t\t<\/div>\n\t\t<\/div>\n\t\t<\/div>\n\t\n\t<div class=\"sow-tabs-panel-container\">\n\t\t\t<div class=\"sow-tabs-panel\">\n\t\t\t<div class=\"sow-tabs-panel-content\" role=\"tabpanel\" tabindex=\"0\">\n\t\t\t\t<p><img class=\"aligncenter size-full wp-image-1328\" src=\"http:\/\/www2.uepg.br\/demat\/wp-content\/uploads\/sites\/45\/2025\/06\/Logo-SIGMAT_2025-sf.png\" alt=\"\" width=\"287\" height=\"277\" \/>A 8\u00aa edi\u00e7\u00e3o do <em><strong>Simp\u00f3sio Integrado de Matem\u00e1tica - SIGMAT<\/strong><\/em> ocorrer\u00e1 no per\u00edodo de 28\/07 a 01\/08 de 2025 nas depend\u00eancias do Centro Integrar e da Central de Salas do campus de Uvaranas. A promo\u00e7\u00e3o \u00e9 dos colegiados dos cursos de Licenciatura em Matem\u00e1tica presencial (COLLICMAT) e a dist\u00e2ncia (COLMATUAB), de Bacharelado em Matem\u00e1tica Aplicada (COLMAP) e do PROFMAT - UEPG.<\/p>\n<p>O evento ser\u00e1 centrado na discuss\u00e3o da produ\u00e7\u00e3o do conhecimento nas \u00e1reas de Matem\u00e1tica e Educa\u00e7\u00e3o Matem\u00e1tica e na troca de saberes entre acad\u00eamicos, professores e pesquisadores. Pretende-se estabelecer e fortalecer um evento de valoriza\u00e7\u00e3o do ensino e da pesquisa na gradua\u00e7\u00e3o e p\u00f3s-gradua\u00e7\u00e3o\u00a0e debater a respeito da forma\u00e7\u00e3o profissional na \u00e1rea de Matem\u00e1tica.<\/p>\n<p>Ser\u00e3o realizadas as seguintes atividades: palestras, minicursos, Comunica\u00e7\u00f5es Orais, Exposi\u00e7\u00e3o Matem\u00e1tica e o VI Torneio de Derivadas da Cidade de Ponta Grossa.<\/p>\n<p><strong>Comiss\u00e3o Organizadora:<\/strong><\/p>\n<p><strong>Professores do DEMAT - UEPG:<\/strong><\/p>\n<p>Margarete Aparecida dos Santos (Coordenadora)<\/p>\n<p>Marcos Teixeira Alves<\/p>\n<p>Scheila Valechenski Biehl<\/p>\n<p><strong>Acad\u00eamicos do curso de Matem\u00e1tica da UEPG:<\/strong><\/p>\n<p>Fabiane Peremibida Iarochevski<\/p>\n<p>Isabella Paola Matoski<\/p>\n<p>Jamilly Yasmim Borgato Lodovirge<\/p>\n<p>Kelvin Advan de Lima<\/p>\n<p>Luiz Henrique Bahls<\/p>\n<p>Ruan Eneias Ferreira<\/p>\n\t\t\t<\/div>\n\t\t<\/div>\n\t\t\t<div class=\"sow-tabs-panel\">\n\t\t\t<div class=\"sow-tabs-panel-content\" role=\"tabpanel\" aria-hidden=\"true\">\n\t\t\t\t<hr \/>\n<p><strong>Data: 28\/07<br \/>\n<\/strong><\/p>\n<p><em>1<\/em><em>9h:<strong> Cerim\u00f4nia e Palestra de Abertura: <\/strong>Din\u00e2mica no Toro Bidimensional: A Intera\u00e7\u00e3o entre Propriedades Num\u00e9ricas e Comportamento Geom\u00e9trico de Campos Vetoriais - <\/em><strong><span style=\"color: #0000ff\">Audit\u00f3rio do Centro Integrar<\/span><\/strong><\/p>\n<p><strong>Convidado: <\/strong>Prof. Wagner Augusto Almeida de Moraes - UFPR<\/p>\n<p><em>20h15:<\/em> <em><strong>Coffee-Break<\/strong><\/em><\/p>\n<p><em>20h30:<\/em> <em><strong>Exposi\u00e7\u00e3o Matem\u00e1tica - <\/strong><\/em><span style=\"color: #0000ff\"><strong>Hall do Centro Integrar<\/strong><\/span><\/p>\n<hr \/>\n<p><strong>Data: 29\/07<\/strong><\/p>\n<p><em>19h:<\/em><strong>\u00a0<em> VI Torneio de Derivadas da Cidade de Ponta Grossa - Fase Eliminat\u00f3ria -<\/em><span style=\"color: #0000ff\"> Sala 14 da Central de Salas<\/span><\/strong><\/p>\n<p><em>19h40: <strong>Coffee-Break<\/strong><\/em><\/p>\n<p><em>20h<\/em>: <b><i>Comunica\u00e7\u00f5es Orais -<\/i><span style=\"color: #0000ff\"> Salas 11 e 12 da Central de Salas<\/span><\/b><\/p>\n<hr \/>\n<p><strong>Data: 30\/07<br \/>\n<\/strong><\/p>\n<p><em>19h:<strong> Minicursos<\/strong><\/em><\/p>\n<p><em>20h15: <strong>Coffee-Break<\/strong><\/em><\/p>\n<p><em>20h45:<\/em> <em><strong>Continua\u00e7\u00e3o dos Minicursos\u00a0<\/strong><\/em><\/p>\n<p><strong><em>Obs.: <\/em><\/strong><em>Cada participante dever\u00e1 selecionar apenas um dos minicursos listados a seguir. As vagas s\u00e3o limitadas!<\/em><\/p>\n<p><strong><em>Minicurso 1 (<span style=\"color: #0000ff\">Sala 14 - Central de Salas<\/span>):<\/em><\/strong> Origami 3D: Dobrar para Compreender (30 vagas). Convidadas: Profa. Margarete Aparecida dos Santos (UEPG) e Yasmin Fernanda Heldt (acad\u00eamica do curso de Licenciatura em Matem\u00e1tica - UEPG).<\/p>\n<p><em><strong>Minicurso 2: (<span style=\"color: #0000ff\">Sala 12 - Central de Salas<\/span>)<\/strong><\/em> Mentalidades Matem\u00e1ticas: o poder do cer\u00e9bro no ensino e aprendizagem de Matem\u00e1tica (30 vagas). Convidadas: profa. Scheila Valechenski Biehl (UEPG), Ana Paula Aranna e Deise dos Santos Ferreira Campos (acad\u00eamicas do curso de Licenciatura em Matem\u00e1tica).<\/p>\n<p><em><strong>Minicurso 3 (<span style=\"color: #0000ff\">Sala 13 - Central de Salas<\/span>):<\/strong><\/em> Revelando a Lei da Refra\u00e7\u00e3o diretamente no c\u00edrculo trigonom\u00e9trico (30 vagas). Convidados: M\u00e1rcia Antunes Alvarenga (mestranda em Ensino de F\u00edsica - MNPEF\/UEPG) e Prof. Gerson Kniphoff da Cruz (UEPG)<\/p>\n<p><em><strong>Minicurso 4 (<span style=\"color: #0000ff\">Sala 15 - Central de Salas<\/span>):<\/strong><\/em> Os batimentos card\u00edacos e a Matem\u00e1tica (30 vagas). Convidado: Prof. Antonio Marcos Batista (UEPG)<\/p>\n<hr \/>\n<p><strong>Data: 31\/07<br \/>\n<\/strong><\/p>\n<p><em>19h:<strong> VI Torneio de Derivadas da Cidade de Ponta Grossa - Fase Final - <\/strong><\/em><span style=\"color: #0000ff\"><strong>Sala 14 da Central de Salas<\/strong><\/span><\/p>\n<p><em>20h15:<\/em> <strong><em>Coffee-Break<\/em><\/strong><\/p>\n<p><em>20h30:<\/em> <strong><em>Comunica\u00e7\u00f5es Orais - <\/em><b><span style=\"color: #0000ff\">Salas 11 e 12 da Central de Salas<\/span><\/b><\/strong><\/p>\n<hr \/>\n<p><strong>Data: 01\/08<\/strong><\/p>\n<p><em>19h:<\/em> <strong><em>Palestra de Encerramento:\u00a0<\/em><\/strong><em>Entre Brasil e M\u00e9xico: Trajet\u00f3ria acad\u00eamica e constru\u00e7\u00e3o da identidade docente em Matem\u00e1tica - <\/em><span style=\"color: #0000ff\"><strong>Audit\u00f3rio do Centro Integrar<\/strong><\/span><\/p>\n<p><strong>Convidado: <\/strong>Prof. <em>Arnold<\/em> Vin\u00edcius <em>Prado Souza - Doutorando UTFPR<\/em><\/p>\n<p><em>20h15:<\/em> <strong><em>Coffee-Break<\/em><\/strong><\/p>\n<p><em>21h:<\/em><em> <strong>Cerim\u00f4nia de<\/strong> <strong>Encerramento e Premia\u00e7\u00f5es - <span style=\"color: #0000ff\">Audit\u00f3rio do Centro Integrar<\/span><\/strong><\/em><\/p>\n<hr \/>\n<p>&nbsp;<\/p>\n\t\t\t<\/div>\n\t\t<\/div>\n\t\t\t<div class=\"sow-tabs-panel\">\n\t\t\t<div class=\"sow-tabs-panel-content\" role=\"tabpanel\" aria-hidden=\"true\">\n\t\t\t\t<p>O <strong>VIII SIGMAT<\/strong> - <em>Simp\u00f3sio Integrado de Matem\u00e1tica da UEPG<\/em> acontecer\u00e1 na semana de 28\/07 a 01\/08 de 2025 nas depend\u00eancias do Centro Integrar e da Central de Salas do campus de Uvaranas. As inscri\u00e7\u00f5es ocorrem no per\u00edodo de 27\/06 a 25\/07, sendo cobrada uma taxa de <strong>R$ 60,00<\/strong> para custear o coffee-break, incluindo um <strong><em>kit participante<\/em><\/strong> contendo uma ecobag, uma caneca e um botton personalizados, al\u00e9m de um bloco de nota e uma caneta. Utilize a chave Pix: margaas@gmail.com (em nome de Margarete Aparecida dos Santos - coordenadora do VIII SIGMAT) para efetuar o pagamento da inscri\u00e7\u00e3o e anexe-o no formul\u00e1rio abaixo, preenchendo-o com seus dados:<\/p>\n<p style=\"text-align: center\"><a href=\"https:\/\/forms.gle\/LnrpAE4TFhrrdHLN9\" target=\"_blank\" rel=\"noopener\">INSCRI\u00c7\u00c3O<\/a><\/p>\n<p><em>Desejamos um excelente evento a todos!<\/em><\/p>\n\t\t\t<\/div>\n\t\t<\/div>\n\t\t\t<div class=\"sow-tabs-panel\">\n\t\t\t<div class=\"sow-tabs-panel-content\" role=\"tabpanel\" aria-hidden=\"true\">\n\t\t\t\t<p><strong>ATEN\u00c7\u00c3O: <span style=\"color: #ff0000\">Submiss\u00e3o de trabalhos prorrogada at\u00e9 25\/07.<\/span><\/strong><\/p>\n<p><em>Leia atentamente as regras de submiss\u00e3o de trabalhos e anexe o arquivo no formul\u00e1rio pr\u00f3prio disponibilizado no item 6. <\/em><\/p>\n<p>1 - Somente poder\u00e3o ser submetidos trabalhos na forma de resumo expandido, que devem ser resultados de pesquisas (conclu\u00eddas ou em andamento) ou de relatos de experi\u00eancias dentro dos eixos tem\u00e1ticos do evento: Matem\u00e1tica, Ensino de Matem\u00e1tica e Probabilidade e Estat\u00edstica.<\/p>\n<p>2 - O resumo expandido dever\u00e1 ser elaborado de acordo com as normas do Template (modelo)\u00a0 abaixo e\u00a0conter de 3 a 6\u00a0p\u00e1ginas:<\/p>\n<ul>\n<li>Formatos Word e LaTeX: clique aqui e baixe o arquivo zipado: <a href=\"https:\/\/drive.google.com\/file\/d\/19o-GOFhYmn6l7VzjCkB2Ez6n-cN8gxQp\/view?usp=sharing\" target=\"_blank\" rel=\"noopener\">Templates - VIII SIGMAT<\/a><\/li>\n<\/ul>\n<p>3\u00a0- A modalidade de apresenta\u00e7\u00e3o de todos os trabalhos \u00e9 comunica\u00e7\u00e3o oral.<\/p>\n<p>4\u00a0 - O tempo m\u00e1ximo para cada apresenta\u00e7\u00e3o ser\u00e1 de dez (10) minutos e mais cinco (5) minutos para argui\u00e7\u00e3o,\u00a0totalizando quinze (15) minutos.<\/p>\n<p>5 - Cada inscri\u00e7\u00e3o d\u00e1 direito a submiss\u00e3o de at\u00e9 2 trabalhos, e o\u00a0n\u00famero m\u00e1ximo de autores por trabalho \u00e9 cinco (5).<\/p>\n<p>6 - Os trabalhos dever\u00e3o ser submetidos no formato PDF no link: <a href=\"https:\/\/forms.gle\/Mfba6BnKtcEJqH2x6\" target=\"_blank\" rel=\"noopener\">SUBMISS\u00c3O.<\/a><em><br \/>\n<\/em><\/p>\n<p>7 - Os trabalhos ser\u00e3o avaliados pela Comiss\u00e3o Cient\u00edfica do SIGMAT e somente ser\u00e3o aceitos os resumos\u00a0que estiverem de acordo com as normas detalhadas no Template.<\/p>\n<p>8 - Os trabalhos aprovados dever\u00e3o ser apresentados por um dos autores no evento.<\/p>\n<p><u>Datas importantes:<\/u><\/p>\n<p>Submiss\u00e3o de trabalhos: 27\/06 a 25\/07.<\/p>\n<p>Parecer Inicial dos Avaliadores: 27\/06 a 26\/07.<\/p>\n<p>Reenvio com as corre\u00e7\u00f5es: 27\/06 a 27\/07.<\/p>\n<p>Divulga\u00e7\u00e3o dos trabalhos aceitos: 28\/07.<\/p>\n<p><strong>IMPORTANTE: <\/strong>H<em>aver\u00e1 certifica\u00e7\u00e3o de <strong>men\u00e7\u00e3o honrosa<\/strong> para at\u00e9 quatro trabalhos por \u00e1rea de inscri\u00e7\u00e3o (Ensino de Matem\u00e1tica, Matem\u00e1tica ou Probabilidade e Estat\u00edstica), que ser\u00e1 atribu\u00edda por uma banca de professores avaliadores. A regulamenta\u00e7\u00e3o encontra-se dispon\u00edvel <a href=\"http:\/\/www2.uepg.br\/demat\/wp-content\/uploads\/sites\/45\/2025\/06\/Regulamento-Premiacao-Trabalhos-SIGMAT-UEPG.pdf\" target=\"_blank\" rel=\"noopener\">AQUI.<\/a><\/em><\/p>\n<p>Em caso de d\u00favidas, entre em contato conosco atrav\u00e9s do e-mail: sigmatuepg@gmail.com<\/p>\n\t\t\t<\/div>\n\t\t<\/div>\n\t\t\t<div class=\"sow-tabs-panel\">\n\t\t\t<div class=\"sow-tabs-panel-content\" role=\"tabpanel\" aria-hidden=\"true\">\n\t\t\t\t<p><strong>Prezados(as) autores(as)<\/strong>,<\/p>\n<p>a\u00a0<em>Comiss\u00e3o Organizadora do VIII SIGMAT<\/em>\u00a0agradece pela submiss\u00e3o do seu trabalho. <a href=\"http:\/\/www2.uepg.br\/demat\/wp-content\/uploads\/sites\/45\/2025\/07\/Ensalamento-ComOrais-VIIISIGMAT.pdf\" target=\"_blank\" rel=\"noopener\">Clique aqui<\/a> e visualize os trabalhos aceitos e o cronograma das apresenta\u00e7\u00f5es.<\/p>\n<p>&nbsp;<\/p>\n\t\t\t<\/div>\n\t\t<\/div>\n\t\t\t<div class=\"sow-tabs-panel\">\n\t\t\t<div class=\"sow-tabs-panel-content\" role=\"tabpanel\" aria-hidden=\"true\">\n\t\t\t\t<p>Durante a realiza\u00e7\u00e3o do<i><b> VIII SIGMAT - Simp\u00f3sio Integrado de Matem\u00e1tica da UEPG<\/b><\/i>\u00a0ocorrer\u00e1 a\u00a0<b>Exposi\u00e7\u00e3o Matem\u00e1tica.\u00a0<\/b>Esta atividade tem<b>\u00a0<\/b>como objetivo principal a divulga\u00e7\u00e3o de temas da Matem\u00e1tica de maneira interativa e l\u00fadica. A ideia \u00e9 que o grupo (de no m\u00e1ximo 4 participantes) apresente a tem\u00e1tica selecionada utilizando, por exemplo, pain\u00e9is explicativos (cartazes), materiais manipul\u00e1veis, experimentos e <em>atividades interativas<\/em> com o p\u00fablico de modo a enaltecer e a revelar a beleza da Matem\u00e1tica e de suas aplica\u00e7\u00f5es.<\/p>\n<p>A <strong>Exposi\u00e7\u00e3o Matem\u00e1tica<\/strong> acontecer\u00e1 no primeiro dia do evento - 28\/07 a partir das 20h30 no hall do Centro Integrar.<\/p>\n<p>Para inscri\u00e7\u00e3o, utilize este formul\u00e1rio: <a href=\"https:\/\/forms.gle\/TEnNtDtSK9qLyzTd8\" target=\"_blank\" rel=\"noopener\">P\u00fablico em Geral.<\/a><\/p>\n<p><em>Per\u00edodo de inscri\u00e7\u00e3o:<\/em> 27\/06 a 23\/07.<\/p>\n<p><strong>ATEN\u00c7\u00c3O:<\/strong> Haver\u00e1 certifica\u00e7\u00e3o de<em> men\u00e7\u00e3o honrosa<\/em> aos dois grupos com destaque na Exposi\u00e7\u00e3o na opini\u00e3o dos professores do Departamento de Matem\u00e1tica e Estat\u00edstica da UEPG.<\/p>\n<p><strong><span style=\"color: #ff0000\">Cronograma das apresenta\u00e7\u00f5es:<\/span><\/strong> <a href=\"http:\/\/www2.uepg.br\/demat\/wp-content\/uploads\/sites\/45\/2025\/07\/Cronograma-ExpoMat.pdf\" target=\"_blank\" rel=\"noopener\">Clique aqui<\/a> e confira os trabalhos aceitos e o respectivo ensalamento.<\/p>\n\t\t\t<\/div>\n\t\t<\/div>\n\t\t\t<div class=\"sow-tabs-panel\">\n\t\t\t<div class=\"sow-tabs-panel-content\" role=\"tabpanel\" aria-hidden=\"true\">\n\t\t\t\t<p>O<strong> VI Torneio de Derivadas da cidade de Ponta Grossa<\/strong>\u00a0consistir\u00e1 em uma competi\u00e7\u00e3o de resolu\u00e7\u00e3o de derivadas de fun\u00e7\u00f5es reais de uma vari\u00e1vel real.\u00a0Esse torneio visa incentivar o estudo das disciplinas de C\u00e1lculo Diferencial e Integral ofertadas nos cursos de gradua\u00e7\u00e3o das universidades ou faculdades do munic\u00edpio de Ponta Grossa - PR.<\/p>\n<p>Para conhecer as regras do torneio, consulte o <a href=\"http:\/\/www2.uepg.br\/demat\/wp-content\/uploads\/sites\/45\/2025\/06\/Regulamento-VITorneio.pdf\" target=\"_blank\" rel=\"noopener\">Regulamento.<\/a><\/p>\n<p><em>Per\u00edodo de Inscri\u00e7\u00e3o: 27\/06 a 23\/07<\/em><\/p>\n<p><strong>Inscri\u00e7\u00e3o do VI Torneio de Derivadas da UEPG (gratuita): <\/strong><a href=\"https:\/\/forms.gle\/fU97rebUf83QPdRGA\" target=\"_blank\" rel=\"noopener\">clique aqui.<\/a><\/p>\n<p><strong>Importante:\u00a0<\/strong>Cada participante do Torneio receber\u00e1 certificado de participa\u00e7\u00e3o de 4h.<\/p>\n\t\t\t<\/div>\n\t\t<\/div>\n\t\t\t<div class=\"sow-tabs-panel\">\n\t\t\t<div class=\"sow-tabs-panel-content\" role=\"tabpanel\" aria-hidden=\"true\">\n\t\t\t\t<p><strong>Prezados(as) participantes<\/strong><\/p>\n<p>a\u00a0<em>Comiss\u00e3o Organizadora<\/em>\u00a0agradece sua participa\u00e7\u00e3o no <strong>VIII SIGMAT<\/strong>. <a href=\"http:\/\/www2.uepg.br\/demat\/wp-content\/uploads\/sites\/45\/2025\/08\/Premiados_VIIISIGMAT.pdf\" target=\"_blank\" rel=\"noopener\">Clique aqui<\/a> e visualize os premiados com men\u00e7\u00e3o honrosa da <em>Exposi\u00e7\u00e3o Matem\u00e1tica<\/em> e das <em>Comunica\u00e7\u00f5es Orais<\/em>, e os medalhistas do <em>VI Torneio de Derivadas de PG<\/em>.<\/p>\n\t\t\t<\/div>\n\t\t<\/div>\n\t\t\t<div class=\"sow-tabs-panel\">\n\t\t\t<div class=\"sow-tabs-panel-content\" role=\"tabpanel\" aria-hidden=\"true\">\n\t\t\t\t<p><a href=\"https:\/\/photos.app.goo.gl\/CGm3imRMKFu2svC9A\" target=\"_blank\" rel=\"noopener\">Clique aqui<\/a> e confira as fotos do VIII SIGMAT. Agradecemos a prof.\u00aa Luiza pelo aux\u00edlio em fotografar e compartilhar as fotos do evento.<\/p>\n\t\t\t<\/div>\n\t\t<\/div>\n\t\t<\/div>\n<\/div>\n<\/div><\/div><\/div><\/div><\/div><\/div>","protected":false},"excerpt":{"rendered":"<p>Sobre o VIII SIGMAT Cronograma Inscri\u00e7\u00f5es Comunica\u00e7\u00f5es Orais Ensalamento &#8211; Comunica\u00e7\u00f5es Orais Exposi\u00e7\u00e3o Matem\u00e1tica VI Torneio de Derivadas Premiados do VIII SIGMAT Fotos A 8\u00aa edi\u00e7\u00e3o do Simp\u00f3sio Integrado de Matem\u00e1tica &#8211; SIGMAT ocorrer\u00e1 no per\u00edodo de 28\/07 a 01\/08 de 2025 nas depend\u00eancias do Centro Integrar e da Central de Salas do campus de&nbsp;&hellip;<\/p>\n","protected":false},"author":110,"featured_media":0,"parent":0,"menu_order":0,"comment_status":"closed","ping_status":"closed","template":"","meta":[],"_links":{"self":[{"href":"https:\/\/www2.uepg.br\/demat\/wp-json\/wp\/v2\/pages\/1321"}],"collection":[{"href":"https:\/\/www2.uepg.br\/demat\/wp-json\/wp\/v2\/pages"}],"about":[{"href":"https:\/\/www2.uepg.br\/demat\/wp-json\/wp\/v2\/types\/page"}],"author":[{"embeddable":true,"href":"https:\/\/www2.uepg.br\/demat\/wp-json\/wp\/v2\/users\/110"}],"replies":[{"embeddable":true,"href":"https:\/\/www2.uepg.br\/demat\/wp-json\/wp\/v2\/comments?post=1321"}],"version-history":[{"count":4,"href":"https:\/\/www2.uepg.br\/demat\/wp-json\/wp\/v2\/pages\/1321\/revisions"}],"predecessor-version":[{"id":1346,"href":"https:\/\/www2.uepg.br\/demat\/wp-json\/wp\/v2\/pages\/1321\/revisions\/1346"}],"wp:attachment":[{"href":"https:\/\/www2.uepg.br\/demat\/wp-json\/wp\/v2\/media?parent=1321"}],"curies":[{"name":"wp","href":"https:\/\/api.w.org\/{rel}","templated":true}]}}