{"id":133,"date":"2019-11-29T15:22:23","date_gmt":"2019-11-29T18:22:23","guid":{"rendered":"http:\/\/www2.uepg.br\/demat\/?page_id=133"},"modified":"2020-06-09T20:44:27","modified_gmt":"2020-06-09T23:44:27","slug":"profmat-mestrado-profissional-em-matematica-em-rede-nacional","status":"publish","type":"page","link":"https:\/\/www2.uepg.br\/demat\/profmat-mestrado-profissional-em-matematica-em-rede-nacional\/","title":{"rendered":"PROFMAT \u2013 Mestrado Profissional em Matem\u00e1tica em Rede Nacional"},"content":{"rendered":"<header class=\"entry-header\">\n<p class=\"entry-title\">O <em><strong>Mestrado Profissional em Matem\u00e1tica em Rede Nacional \u2013 PROFMAT<\/strong><\/em> \u00e9 um programa de mestrado semipresencial na \u00e1rea de Matem\u00e1tica com oferta nacional. \u00c9 formado por uma rede de Institui\u00e7\u00f5es de Ensino Superior, no contexto da Universidade Aberta do Brasil\/Coordena\u00e7\u00e3o de Aperfei\u00e7oamento Pessoal de N\u00edvel Superior (CAPES), e coordenado pela Sociedade Brasileira de Matem\u00e1tica (SBM), com apoio do Instituto Nacional de Matem\u00e1tica Pura e Aplicada (IMPA).<\/p>\n<p>O\u00a0<strong>PROFMAT<\/strong> visa atender prioritariamente professores de Matem\u00e1tica em exerc\u00edcio na Educa\u00e7\u00e3o B\u00e1sica, especialmente de escolas p\u00fablicas, que busquem aprimoramento em sua forma\u00e7\u00e3o profissional, com \u00eanfase no dom\u00ednio aprofundado de conte\u00fado matem\u00e1tico relevante para sua doc\u00eancia.<\/p>\n<p>Para ter acesso \u00e0s informa\u00e7\u00f5es do Programa na UEPG, acesse o link: <a href=\"https:\/\/www2.uepg.br\/profmat\/\" target=\"_blank\" rel=\"noopener noreferrer\">www2.uepg.br\/profmat\/<\/a><\/p>\n<\/header>\n","protected":false},"excerpt":{"rendered":"<p>O Mestrado Profissional em Matem\u00e1tica em Rede Nacional \u2013 PROFMAT \u00e9 um programa de mestrado semipresencial na \u00e1rea de Matem\u00e1tica com oferta nacional. \u00c9 formado por uma rede de Institui\u00e7\u00f5es de Ensino Superior, no contexto da Universidade Aberta do Brasil\/Coordena\u00e7\u00e3o de Aperfei\u00e7oamento Pessoal de N\u00edvel Superior (CAPES), e coordenado pela Sociedade Brasileira de Matem\u00e1tica (SBM),&nbsp;&hellip;<\/p>\n","protected":false},"author":24,"featured_media":0,"parent":0,"menu_order":0,"comment_status":"closed","ping_status":"closed","template":"","meta":[],"_links":{"self":[{"href":"https:\/\/www2.uepg.br\/demat\/wp-json\/wp\/v2\/pages\/133"}],"collection":[{"href":"https:\/\/www2.uepg.br\/demat\/wp-json\/wp\/v2\/pages"}],"about":[{"href":"https:\/\/www2.uepg.br\/demat\/wp-json\/wp\/v2\/types\/page"}],"author":[{"embeddable":true,"href":"https:\/\/www2.uepg.br\/demat\/wp-json\/wp\/v2\/users\/24"}],"replies":[{"embeddable":true,"href":"https:\/\/www2.uepg.br\/demat\/wp-json\/wp\/v2\/comments?post=133"}],"version-history":[{"count":4,"href":"https:\/\/www2.uepg.br\/demat\/wp-json\/wp\/v2\/pages\/133\/revisions"}],"predecessor-version":[{"id":534,"href":"https:\/\/www2.uepg.br\/demat\/wp-json\/wp\/v2\/pages\/133\/revisions\/534"}],"wp:attachment":[{"href":"https:\/\/www2.uepg.br\/demat\/wp-json\/wp\/v2\/media?parent=133"}],"curies":[{"name":"wp","href":"https:\/\/api.w.org\/{rel}","templated":true}]}}