{"id":136,"date":"2019-11-29T15:23:39","date_gmt":"2019-11-29T18:23:39","guid":{"rendered":"http:\/\/www2.uepg.br\/demat\/?page_id=136"},"modified":"2020-05-19T12:45:09","modified_gmt":"2020-05-19T15:45:09","slug":"pesquisa-e-extensao","status":"publish","type":"page","link":"https:\/\/www2.uepg.br\/demat\/pesquisa-e-extensao\/","title":{"rendered":"Pesquisa e Extens\u00e3o"},"content":{"rendered":"<div id=\"pl-136\"  class=\"panel-layout\" ><div id=\"pg-136-0\"  class=\"panel-grid panel-no-style\" ><div id=\"pgc-136-0-0\"  class=\"panel-grid-cell\" ><div id=\"panel-136-0-0-0\" class=\"so-panel widget widget_sow-tabs panel-first-child panel-last-child\" data-index=\"0\" ><div\n\t\t\t\n\t\t\tclass=\"so-widget-sow-tabs so-widget-sow-tabs-default-d70d2bd943a4-136\"\n\t\t\t\n\t\t><div class=\"sow-tabs\">\n\t<div class=\"sow-tabs-tab-container\" role=\"tablist\">\n\t\t\t<div class=\"sow-tabs-tab sow-tabs-tab-selected\"\n\t\t\t role=\"tab\" data-anchor=\"atividades-de-extens%c3%a3o\"\n\t\t\t aria-selected=\"true\" tabindex=\"0\">\n\t\t\t<div class=\"sow-tabs-title sow-tabs-title-icon-left\">\n\t\t\t\t\t\t\t\tAtividades de Extens\u00e3o\t\t\t\t\t\t\t<\/div>\n\t\t<\/div>\n\t\t\t<div class=\"sow-tabs-tab\"\n\t\t\t role=\"tab\" data-anchor=\"atividades-de-pesquisa\"\n\t\t\t aria-selected=\"false\" tabindex=\"-1\">\n\t\t\t<div class=\"sow-tabs-title sow-tabs-title-icon-left\">\n\t\t\t\t\t\t\t\tAtividades de Pesquisa\t\t\t\t\t\t\t<\/div>\n\t\t<\/div>\n\t\t\t<div class=\"sow-tabs-tab\"\n\t\t\t role=\"tab\" data-anchor=\"picme-uepg\"\n\t\t\t aria-selected=\"false\" tabindex=\"-1\">\n\t\t\t<div class=\"sow-tabs-title sow-tabs-title-icon-left\">\n\t\t\t\t\t\t\t\tPICME - UEPG\t\t\t\t\t\t\t<\/div>\n\t\t<\/div>\n\t\t<\/div>\n\t\n\t<div class=\"sow-tabs-panel-container\">\n\t\t\t<div class=\"sow-tabs-panel\">\n\t\t\t<div class=\"sow-tabs-panel-content\" role=\"tabpanel\" tabindex=\"0\">\n\t\t\t\t<p><strong>Projeto Alan Turing<\/strong><\/p>\n<p><em>Docentes envolvidos: <\/em>Deyse M\u00e1rcia Pacheco Gebert, Marcos Teixeira Alves, Margarete Aparecida dos Santos, Marli Terezinha Van Kan e Scheila Valechenski Biehl.<\/p>\n<p><strong>Projeto Ensino de Ci\u00eancias na Educa\u00e7\u00e3o Infantil - 1\u00aa edi\u00e7\u00e3o<\/strong><\/p>\n<p><em>Docente envolvida: <\/em>Ana Lucia Pereira<\/p>\n<p><strong>Projeto Forma\u00e7\u00e3o de Professor e Pesquisador em Educa\u00e7\u00e3o Matem\u00e1tica: desafios e perspectivas<\/strong><\/p>\n<p><em>Docentes envolvidos:<\/em> Carine Scheifer, Celia Finck Brandt, Jo\u00e3o Luiz Domingues Ribas, Joseli Almeida Camargo e Priscila Kabbaz Alves da Costa.<\/p>\n<p><strong>Projeto Matem\u00e1tica B\u00e1sica para a Rede P\u00fablica de Ponta Grossa<\/strong><\/p>\n<p><em>Docentes envolvidos: <\/em>Abdala Mohamed Saleh<\/p>\n<p><strong>Projeto Matem\u00e1tica para a Comunidade<\/strong><\/p>\n<p>Docentes envolvidos: Luiza Takako Matumoto e Rita de Cassia Amaral Vieira.<\/p>\n<p><strong>Projeto Matem\u00e1tica Problem\u00e1tica - 2\u00aa edi\u00e7\u00e3o<\/strong><\/p>\n<p><em>Docente envolvido: <\/em>Josnei Francisco Peruzzo<\/p>\n<p><strong>Projeto Olimp\u00edadas de Matem\u00e1tica: Promovendo a inclus\u00e3o e ajudando a mudar o cen\u00e1rio da Educa\u00e7\u00e3o<\/strong><\/p>\n<p><em>Docentes envolvidos: <\/em>Ana Lucia Pereira, Andr\u00e9 Guilherme Buss Lemes, Elisangela dos Santos Mesa, Jos\u00e9 Trobia, Josnei Francisco Peruzzo, Marciano Pereira, Marcos Teixeira Alves e Scheila Valechenski Biehl.<\/p>\n\t\t\t<\/div>\n\t\t<\/div>\n\t\t\t<div class=\"sow-tabs-panel\">\n\t\t\t<div class=\"sow-tabs-panel-content\" role=\"tabpanel\" aria-hidden=\"true\">\n\t\t\t\t<p><strong>Projeto:<\/strong> <strong>Educa\u00e7\u00e3o para o consumo e financeira e a matem\u00e1tica<\/strong><\/p>\n<p><em>Coordenador: <\/em>Abdala Mohamed Saleh<\/p>\n<p><strong>Projeto: Regionaliza\u00e7\u00e3o de modelos hidroclimatol\u00f3gicos na an\u00e1lise de impactos ambientais sobre os recursos h\u00eddricos decorrentes de mudan\u00e7as clim\u00e1ticas<br \/>\n<\/strong><\/p>\n<p><em>Coordenadores: <\/em>Airton Kist, Deyse M\u00e1rcia Pacheco Gebert e Jorim Sousa das Virgens Filho<\/p>\n<p><strong>Projeto:<\/strong> <strong>Estat\u00edstica aplicada e interdisciplinar<\/strong><\/p>\n<p><em>Coordenadores: <\/em>Airton Kist e Deyse M\u00e1rcia Pacheco Gebert<\/p>\n<p><strong>Projeto: Pol\u00edticas p\u00fablicas, desenvolvimento curricular, ci\u00eancia, tecnologia e sociedade: investiga\u00e7\u00f5es sobre a forma\u00e7\u00e3o de professores<\/strong><\/p>\n<p><em>Coordenadora: <\/em>Ana Lucia Pereira<\/p>\n<p><strong>Projeto: Estudo de sistemas acoplados<\/strong><\/p>\n<p><em>Coordenador: <\/em>Antonio Marcos Pereira<\/p>\n<p><strong>Projeto:<\/strong> <strong>An\u00e1lise da din\u00e2mica de sistemas acoplados<\/strong><\/p>\n<p><em>Coordenador: <\/em>Antonio Marcos Batista<\/p>\n<p><strong>Projeto:<\/strong> <strong>Redes de sistemas din\u00e2micos acoplados<\/strong><\/p>\n<p><em>Coordenador: <\/em>Antonio Marcos Batista e Jos\u00e9 Danilo Szezech J\u00fanior<\/p>\n<p><strong>Projeto: Tecnologias no ensino de Matem\u00e1tica<\/strong><\/p>\n<p><em>Coordenadora: <\/em>Fabiane de Oliveira<\/p>\n<p><strong>Projeto:<\/strong> <strong>Transporte, Din\u00e2mica e Propriedades de Sistemas Qu\u00e2nticos Complexos e Aplica\u00e7\u00e3o de Teoria dos Grafos em Informa\u00e7\u00e3o Qu\u00e2ntica<\/strong><\/p>\n<p><em>Coordenador: <\/em>Fabiano Manoel de Andrade<\/p>\n<p><strong>Projeto: Sistemas complexos em mec\u00e2nica qu\u00e2ntica e informa\u00e7\u00e3o qu\u00e2ntica<br \/>\n<\/strong><\/p>\n<p><em>Coordenador: <\/em>Fabiano Manoel de Andrade<\/p>\n<p><strong>Projeto: Estudo de sistemas qu\u00e2nticos complexos e aplica\u00e7\u00f5es de teoria de grafos e informa\u00e7\u00e3o qu\u00e2ntica<br \/>\n<\/strong><\/p>\n<p><em>Coordenador: <\/em>Fabiano Manoel de Andrade<\/p>\n<p><strong>Projeto: Constru\u00e7\u00f5es de C\u00f3digos de Blocos e Convolucionais Qu\u00e2nticos e Estudo dos C\u00f3digos Qu\u00e2nticos Topol\u00f3gicos<br \/>\n<\/strong><\/p>\n<p><em>Coordenador: <\/em>Giuliano Gadioli La Guardia<\/p>\n<p><strong>Projeto: Caracteriza\u00e7\u00e3o de propriedades para solu\u00e7\u00f5es de equa\u00e7\u00f5es diferenciais parciais parab\u00f3licas n\u00e3o lineares\u00a0 <\/strong><\/p>\n<p><em>Coordenador: <\/em>Jocemar de Quadros Chagas<\/p>\n<p><strong>Projeto: Estat\u00edstica computacional aplicada<\/strong><\/p>\n<p><em>Coordenador: <\/em>Jorim Sousa das Virgens Filho<\/p>\n<p><strong>Projeto: Forma\u00e7\u00e3o de estados quimera em sistemas complexos<\/strong><\/p>\n<p><em>Coordenador: <\/em>Jos\u00e9 Danilo Szezech J\u00fanior<\/p>\n<p><strong>Projeto: Caracter\u00edsticas de estados quimera e aplica\u00e7\u00f5es<br \/>\n<\/strong><\/p>\n<p><em>Coordenador: <\/em>Jos\u00e9 Danilo Szezech J\u00fanior<\/p>\n<p><strong>Projeto: M\u00e9todos Matem\u00e1ticos e Estat\u00edsticos aplicados em fundamentos da F\u00edsica Te\u00f3rica e em Problemas Interdisciplinares<\/strong><\/p>\n<p><em>Coordenador: <\/em>Jos\u00e9 Tadeu Teles Lunardi<\/p>\n<p><strong>Projeto: Sistemas din\u00e2micos n\u00e3o lineares: equa\u00e7\u00f5es de evolu\u00e7\u00e3o, semi-grupos, lipschitz-morse-smale e aplica\u00e7\u00f5es<br \/>\n<\/strong><\/p>\n<p><em>Coordenador: <\/em>Leonardo Pires<\/p>\n<p><strong>Projeto: Tecnologias Educacionais no ensino de Matem\u00e1tica<br \/>\n<\/strong><\/p>\n<p><em>Coordenadora:<\/em> Luciane Grossi<\/p>\n<p><strong>Projeto: Estudo de problemas diversos <\/strong><\/p>\n<p><em>Coordenador: <\/em>Luis Augusto Trevisan<\/p>\n<p><strong>Projeto: Forma\u00e7\u00e3o de professores de Matem\u00e1tica: teoria e pr\u00e1tica docente <\/strong><\/p>\n<p><em>Coordenadora: <\/em>Marceli Behm Goulart<\/p>\n<p><strong>Projeto: Aspectos matem\u00e1ticos de sistemas f\u00edsicos em mec\u00e2nica qu\u00e2ntica e ensino de matem\u00e1tica<br \/>\n<\/strong><\/p>\n<p><em>Coordenador: <\/em>Marciano Pereira<\/p>\n<p><strong>Projeto: Teoria de Gauge Categorificadas <\/strong><\/p>\n<p><em>Coordenador: <\/em>Marcos Cal\u00e7ada<\/p>\n<p><strong>Projeto: Desigualdades de Entropia \u00d3timas e Aplica\u00e7\u00f5es\u00a0 <\/strong><\/p>\n<p><em>Coordenador: <\/em>Marcos Teixeira Alves<\/p>\n<p><strong>Projeto: Simula\u00e7\u00e3o Num\u00e9rica, processamento e caracteriza\u00e7\u00e3o de materiais met\u00e1licos, polim\u00e9ricos e cer\u00e2micos <\/strong><\/p>\n<p><em>Coordenador: <\/em>Mois\u00e9s Meza Pariona<\/p>\n<p><strong>Projeto: Otimiza\u00e7\u00e3o e pesquisa operacional <\/strong><\/p>\n<p><em>Coordenadora:<\/em> Scheila Valechenski Biehl<\/p>\n\t\t\t<\/div>\n\t\t<\/div>\n\t\t\t<div class=\"sow-tabs-panel\">\n\t\t\t<div class=\"sow-tabs-panel-content\" role=\"tabpanel\" aria-hidden=\"true\">\n\t\t\t\t<p style=\"text-align: center\">Alunos do PICME orientados no DEMAT\/UEPG, via o Programa de P\u00f3s-Gradua\u00e7\u00e3o em Matem\u00e1tica da UFPR:<\/p>\n<p style=\"text-align: center\">\n<table id=\"tablepress-24\" class=\"tablepress tablepress-id-24\">\n<thead>\n<tr class=\"row-1 odd\">\n\t<th class=\"column-1\">Acad\u00eamico<\/th><th class=\"column-2\">Curso<\/th><th class=\"column-3\">Per\u00edodo<\/th><th class=\"column-4\">Orientador<\/th>\n<\/tr>\n<\/thead>\n<tbody class=\"row-hover\">\n<tr class=\"row-2 even\">\n\t<td class=\"column-1\">Leonardo Bielinski Ferreira<\/td><td class=\"column-2\">Bacharelado em Matem\u00e1tica Aplicada<\/td><td class=\"column-3\">08\/2022 a 07\/2024<\/td><td class=\"column-4\">Giuliano Gadioli La Guardia<\/td>\n<\/tr>\n<tr class=\"row-3 odd\">\n\t<td class=\"column-1\">Danilo Beltrame <\/td><td class=\"column-2\">Medicina<\/td><td class=\"column-3\">08\/2022 a 07\/2023<\/td><td class=\"column-4\">Wanderley Aparecido Cerniauskas<\/td>\n<\/tr>\n<tr class=\"row-4 even\">\n\t<td class=\"column-1\">Cassiano Fuziki<\/td><td class=\"column-2\">Medicina<\/td><td class=\"column-3\">08\/2022 a 07\/2024<\/td><td class=\"column-4\">Wanderley Aparecido Cerniauskas<\/td>\n<\/tr>\n<tr class=\"row-5 odd\">\n\t<td class=\"column-1\">Giovana Kuan  <\/td><td class=\"column-2\">Bacharelado em Matem\u00e1tica Aplicada<\/td><td class=\"column-3\">08\/2022 a 01\/2024<\/td><td class=\"column-4\">Jocemar de Quadros Chagas<\/td>\n<\/tr>\n<tr class=\"row-6 even\">\n\t<td class=\"column-1\">Rafael Adriano Ferreira Elesb\u00e3o<\/td><td class=\"column-2\">Licenciatura em Matem\u00e1tica<\/td><td class=\"column-3\">03\/2020 a 07\/2020<\/td><td class=\"column-4\">Marcos Cal\u00e7ada<\/td>\n<\/tr>\n<tr class=\"row-7 odd\">\n\t<td class=\"column-1\">Rafael Strack<\/td><td class=\"column-2\">Engenharia da Computa\u00e7\u00e3o<\/td><td class=\"column-3\">03\/2020 a 07\/2020<\/td><td class=\"column-4\">Leonardo Pires<\/td>\n<\/tr>\n<tr class=\"row-8 even\">\n\t<td class=\"column-1\">Daniel Silveira Salamucha<\/td><td class=\"column-2\">Licenciatura em Matem\u00e1tica<\/td><td class=\"column-3\">03\/2019 a 07\/2020<\/td><td class=\"column-4\">Leonardo Pires<\/td>\n<\/tr>\n<tr class=\"row-9 odd\">\n\t<td class=\"column-1\">Daniel Jos\u00e9 Schulmeister<\/td><td class=\"column-2\">Bacharelado em Matem\u00e1tica Aplicada<\/td><td class=\"column-3\">03\/2019 a 07\/2020<\/td><td class=\"column-4\">Scheila Valechenski Biehl<\/td>\n<\/tr>\n<tr class=\"row-10 even\">\n\t<td class=\"column-1\">Maria Ver\u00f4nica Bartmeyer<\/td><td class=\"column-2\">Licenciatura em Matem\u00e1tica<\/td><td class=\"column-3\">11\/2019 a 02\/2020<\/td><td class=\"column-4\">Marciano Pereira<\/td>\n<\/tr>\n<tr class=\"row-11 odd\">\n\t<td class=\"column-1\">Douglas Alves Gonzaga<\/td><td class=\"column-2\">Bacharelado em Matem\u00e1tica Aplicada<\/td><td class=\"column-3\">03\/2018 a 02\/2022<\/td><td class=\"column-4\">Marcos Cal\u00e7ada<\/td>\n<\/tr>\n<tr class=\"row-12 even\">\n\t<td class=\"column-1\">Luna Rhaine Nascimento Oliveira<\/td><td class=\"column-2\">F\u00edsica - Bacharelado<\/td><td class=\"column-3\">08\/2017 a 02\/2020<\/td><td class=\"column-4\">Marcos Cal\u00e7ada<\/td>\n<\/tr>\n<tr class=\"row-13 odd\">\n\t<td class=\"column-1\">Daniel Jos\u00e9 Schulmeister<\/td><td class=\"column-2\">Bacharelado em Matem\u00e1tica Aplicada<\/td><td class=\"column-3\">03\/2017 a 02\/2019<\/td><td class=\"column-4\">Marcos Cal\u00e7ada<\/td>\n<\/tr>\n<tr class=\"row-14 even\">\n\t<td class=\"column-1\">Elis Regina Halitski<\/td><td class=\"column-2\">Engenharia Civil<\/td><td class=\"column-3\">08\/2017 a 02\/2019<\/td><td class=\"column-4\">Jocemar de Quadros Chagas<\/td>\n<\/tr>\n<tr class=\"row-15 odd\">\n\t<td class=\"column-1\">Jo\u00e3o Pedro Herche Cavasotti<\/td><td class=\"column-2\">Engenharia Civil<\/td><td class=\"column-3\">08\/2017 a 02\/2019<\/td><td class=\"column-4\">Scheila Valechenski Biehl<\/td>\n<\/tr>\n<tr class=\"row-16 even\">\n\t<td class=\"column-1\">Lucas Matheus Sandeski<\/td><td class=\"column-2\">Licenciatura em Matem\u00e1tica<\/td><td class=\"column-3\">08\/2016 a 02\/2020<\/td><td class=\"column-4\">Marciano Pereira<\/td>\n<\/tr>\n<tr class=\"row-17 odd\">\n\t<td class=\"column-1\">Maria Ver\u00f4nica Bartmeyer<\/td><td class=\"column-2\">Licenciatura em Matem\u00e1tica<\/td><td class=\"column-3\">03\/2016 a 02\/2019<\/td><td class=\"column-4\">Marciano Pereira<\/td>\n<\/tr>\n<\/tbody>\n<\/table>\n<!-- #tablepress-24 from cache --><\/p>\n\t\t\t<\/div>\n\t\t<\/div>\n\t\t<\/div>\n<\/div>\n<\/div><\/div><\/div><\/div><\/div>","protected":false},"excerpt":{"rendered":"<p>Atividades de Extens\u00e3o Atividades de Pesquisa PICME &#8211; UEPG Projeto Alan Turing Docentes envolvidos: Deyse M\u00e1rcia Pacheco Gebert, Marcos Teixeira Alves, Margarete Aparecida dos Santos, Marli Terezinha Van Kan e Scheila Valechenski Biehl. Projeto Ensino de Ci\u00eancias na Educa\u00e7\u00e3o Infantil &#8211; 1\u00aa edi\u00e7\u00e3o Docente envolvida: Ana Lucia Pereira Projeto Forma\u00e7\u00e3o de Professor e Pesquisador em&nbsp;&hellip;<\/p>\n","protected":false},"author":24,"featured_media":0,"parent":0,"menu_order":0,"comment_status":"closed","ping_status":"closed","template":"","meta":[],"_links":{"self":[{"href":"https:\/\/www2.uepg.br\/demat\/wp-json\/wp\/v2\/pages\/136"}],"collection":[{"href":"https:\/\/www2.uepg.br\/demat\/wp-json\/wp\/v2\/pages"}],"about":[{"href":"https:\/\/www2.uepg.br\/demat\/wp-json\/wp\/v2\/types\/page"}],"author":[{"embeddable":true,"href":"https:\/\/www2.uepg.br\/demat\/wp-json\/wp\/v2\/users\/24"}],"replies":[{"embeddable":true,"href":"https:\/\/www2.uepg.br\/demat\/wp-json\/wp\/v2\/comments?post=136"}],"version-history":[{"count":19,"href":"https:\/\/www2.uepg.br\/demat\/wp-json\/wp\/v2\/pages\/136\/revisions"}],"predecessor-version":[{"id":489,"href":"https:\/\/www2.uepg.br\/demat\/wp-json\/wp\/v2\/pages\/136\/revisions\/489"}],"wp:attachment":[{"href":"https:\/\/www2.uepg.br\/demat\/wp-json\/wp\/v2\/media?parent=136"}],"curies":[{"name":"wp","href":"https:\/\/api.w.org\/{rel}","templated":true}]}}