{"id":38,"date":"2019-11-19T16:35:03","date_gmt":"2019-11-19T19:35:03","guid":{"rendered":"http:\/\/www2.uepg.br\/demat\/?page_id=38"},"modified":"2024-04-11T14:14:59","modified_gmt":"2024-04-11T17:14:59","slug":"estrutura","status":"publish","type":"page","link":"https:\/\/www2.uepg.br\/demat\/estrutura\/","title":{"rendered":"O Departamento"},"content":{"rendered":"<header class=\"entry-header\">\n<p class=\"entry-title\"><span style=\"font-size: 16px\">O Departamento de Matem\u00e1tica e Estat\u00edstica (DEMAT) foi criado pela Resolu\u00e7\u00e3o CA 117, de 21\/08\/87, atrav\u00e9s do desmembramento do ent\u00e3o Departamento de Matem\u00e1tica e F\u00edsica. O corpo docente atualmente \u00e9 constitu\u00eddo por 28 professores efetivos. Os objetivos b\u00e1sicos do DEMAT\u00a0 relacionam-se com a investiga\u00e7\u00e3o e dissemina\u00e7\u00e3o de conhecimentos cient\u00edficos nas \u00e1reas da Matem\u00e1tica Pura e Aplicada, Educa\u00e7\u00e3o Matem\u00e1tica e \u00e1reas afins, buscando a integra\u00e7\u00e3o das atividades de Ensino, Pesquisa e Extens\u00e3o.<\/span><\/p>\n<p>As atividades de Ensino do DEMAT consistem principalmente no oferecimento de disciplinas para 19 cursos de gradua\u00e7\u00e3o, dentre os quais os cursos de Bacharelado em Matem\u00e1tica Aplicada e Licenciatura em Matem\u00e1tica, que demandam o maior n\u00famero de disciplinas do departamento, e para 2 cursos de p\u00f3s gradua\u00e7\u00e3o: PROFMAT &#8211; Mestrado Profissional em Matem\u00e1tica em Rede Nacional e o PPGECEM &#8211; Programa de P\u00f3s-Gradua\u00e7\u00e3o em Ensino de Ci\u00eancias e Educa\u00e7\u00e3o Matem\u00e1tica.<\/p>\n<p>As atividades de Extens\u00e3o caracterizam-se pelo envolvimento da comunidade externa \u00e0 Universidade e compreendem a realiza\u00e7\u00e3o de cursos, oficinas, minicursos, eventos e presta\u00e7\u00e3o de servi\u00e7os. Atualmente o Departamento coordena ou participa de aproximadamente uma dezena de projetos dessa natureza, dentre os quais a Olimp\u00edada Pontagrossense de Matem\u00e1tica &#8211; OPMat e o Simp\u00f3sio Integrado de Matem\u00e1tica \u2013 SIGMAT.<\/p>\n<p>Nos anos recentes as atividades de Pesquisa do DEMAT entraram em processo de consolida\u00e7\u00e3o, impulsionadas pela crescente qualifica\u00e7\u00e3o do corpo docente, hoje composto em sua grande maioria por mestres e doutores. S\u00e3o desenvolvidas pesquisas, inclusive com apoio de ag\u00eancias de fomento estaduais e federais, nas \u00e1reas de An\u00e1lise Complexa, An\u00e1lise Num\u00e9rica, Combinat\u00f3ria e Otimiza\u00e7\u00e3o, Estat\u00edstica, Equa\u00e7\u00f5es Diferenciais, F\u00edsica Te\u00f3rica e Educa\u00e7\u00e3o Matem\u00e1tica.<\/p>\n<p>O Departamento conta hoje com dois grupos de pesquisa cadastrados no diret\u00f3rio de grupos do CNPq, o Grupo de F\u00edsica Te\u00f3rica e o Grupo de Matem\u00e1tica Pura e Aplicada.\u00a0 A produ\u00e7\u00e3o cient\u00edfica dos docentes do Departamento nos \u00faltimos seis anos compreende mais de 30 artigos publicados em peri\u00f3dicos especializados nacionais e internacionais, al\u00e9m de outros publicados em anais de congressos. Aliadas a essas atividades \u00e9 crescente a participa\u00e7\u00e3o do DEMAT na forma\u00e7\u00e3o de recursos humanos voltados para a pesquisa, seja atrav\u00e9s da orienta\u00e7\u00e3o de estudantes de Inicia\u00e7\u00e3o Cient\u00edfica no \u00e2mbito do Programa PIBIC CNPq\/UEPG, seja atrav\u00e9s da orienta\u00e7\u00e3o de estudantes de p\u00f3s-gradua\u00e7\u00e3o por meio da participa\u00e7\u00e3o de seus docentes em cursos de mestrado na UEPG e em outras IES.<\/p>\n<p>&nbsp;<\/p>\n<\/header>\n<p style=\"text-align: center\"><strong>Chefe do Departamento<\/strong><\/p>\n<p style=\"text-align: center\">Jocemar de Quadros Chagas<\/p>\n<p style=\"text-align: center\"><em>jocemarchagas@uepg.br<\/em><\/p>\n<p>&nbsp;<\/p>\n<p style=\"text-align: center\"><strong>Coordena\u00e7\u00e3o do Curso de Licenciatura em Matem\u00e1tica Presencial<\/strong><\/p>\n<p style=\"text-align: center\">Marcos Teixeira Alves<\/p>\n<p style=\"text-align: center\"><em>colmat@uepg.br<\/em><\/p>\n<p>&nbsp;<\/p>\n<p style=\"text-align: center\"><strong>Coordena\u00e7\u00e3o do Curso de Licenciatura em Matem\u00e1tica a Dist\u00e2ncia<\/strong><\/p>\n<p style=\"text-align: center\">Ana Lucia Pereira<\/p>\n<p style=\"text-align: center\"><em>coord.matematica@ead.uepg.br<\/em><\/p>\n<p>&nbsp;<\/p>\n<p style=\"text-align: center\"><strong>Coordena\u00e7\u00e3o do Curso de Bacharelado em Matem\u00e1tica Aplicada<\/strong><\/p>\n<p style=\"text-align: center\">Jos\u00e9 Tadeu Teles Lunardi<\/p>\n<p style=\"text-align: center\"><em>jttlunardi@gmail.com<\/em><\/p>\n<p>&nbsp;<\/p>\n<p style=\"text-align: center\"><strong>Secretaria DEMAT \u2013 Presencial<\/strong><\/p>\n<p style=\"text-align: center\">Allan do Esp\u00edrito Santo Machado<\/p>\n<p style=\"text-align: center\"><em>allanesm@uepg.br<\/em><\/p>\n<p style=\"text-align: center\">\n","protected":false},"excerpt":{"rendered":"<p>O Departamento de Matem\u00e1tica e Estat\u00edstica (DEMAT) foi criado pela Resolu\u00e7\u00e3o CA 117, de 21\/08\/87, atrav\u00e9s do desmembramento do ent\u00e3o Departamento de Matem\u00e1tica e F\u00edsica. O corpo docente atualmente \u00e9 constitu\u00eddo por 28 professores efetivos. Os objetivos b\u00e1sicos do DEMAT\u00a0 relacionam-se com a investiga\u00e7\u00e3o e dissemina\u00e7\u00e3o de conhecimentos cient\u00edficos nas \u00e1reas da Matem\u00e1tica Pura e&nbsp;&hellip;<\/p>\n","protected":false},"author":24,"featured_media":0,"parent":0,"menu_order":0,"comment_status":"closed","ping_status":"closed","template":"","meta":[],"_links":{"self":[{"href":"https:\/\/www2.uepg.br\/demat\/wp-json\/wp\/v2\/pages\/38"}],"collection":[{"href":"https:\/\/www2.uepg.br\/demat\/wp-json\/wp\/v2\/pages"}],"about":[{"href":"https:\/\/www2.uepg.br\/demat\/wp-json\/wp\/v2\/types\/page"}],"author":[{"embeddable":true,"href":"https:\/\/www2.uepg.br\/demat\/wp-json\/wp\/v2\/users\/24"}],"replies":[{"embeddable":true,"href":"https:\/\/www2.uepg.br\/demat\/wp-json\/wp\/v2\/comments?post=38"}],"version-history":[{"count":19,"href":"https:\/\/www2.uepg.br\/demat\/wp-json\/wp\/v2\/pages\/38\/revisions"}],"predecessor-version":[{"id":1226,"href":"https:\/\/www2.uepg.br\/demat\/wp-json\/wp\/v2\/pages\/38\/revisions\/1226"}],"wp:attachment":[{"href":"https:\/\/www2.uepg.br\/demat\/wp-json\/wp\/v2\/media?parent=38"}],"curies":[{"name":"wp","href":"https:\/\/api.w.org\/{rel}","templated":true}]}}