{"id":810,"date":"2021-11-09T09:45:14","date_gmt":"2021-11-09T12:45:14","guid":{"rendered":"https:\/\/www2.uepg.br\/demat\/?page_id=810"},"modified":"2021-12-06T07:34:33","modified_gmt":"2021-12-06T10:34:33","slug":"iv-sigmat","status":"publish","type":"page","link":"https:\/\/www2.uepg.br\/demat\/iv-sigmat\/","title":{"rendered":"IV SIGMAT"},"content":{"rendered":"<div id=\"pl-810\"  class=\"panel-layout\" ><div id=\"pg-810-0\"  class=\"panel-grid panel-no-style\" ><div id=\"pgc-810-0-0\"  class=\"panel-grid-cell\" ><div id=\"panel-810-0-0-0\" class=\"so-panel widget widget_sow-tabs panel-first-child panel-last-child\" data-index=\"0\" ><div class=\"panel-widget-style panel-widget-style-for-810-0-0-0\" ><div\n\t\t\t\n\t\t\tclass=\"so-widget-sow-tabs so-widget-sow-tabs-default-d25563e39afb-810\"\n\t\t\t\n\t\t><div class=\"sow-tabs\">\n\t<div class=\"sow-tabs-tab-container\" role=\"tablist\">\n\t\t\t<div class=\"sow-tabs-tab sow-tabs-tab-selected\"\n\t\t\t role=\"tab\" data-anchor=\"sobre-o-iv-sigmat\"\n\t\t\t aria-selected=\"true\" tabindex=\"0\">\n\t\t\t<div class=\"sow-tabs-title sow-tabs-title-icon-left\">\n\t\t\t\t\t\t\t\tSobre o IV SIGMAT\t\t\t\t\t\t\t<\/div>\n\t\t<\/div>\n\t\t\t<div class=\"sow-tabs-tab\"\n\t\t\t role=\"tab\" data-anchor=\"cronograma\"\n\t\t\t aria-selected=\"false\" tabindex=\"-1\">\n\t\t\t<div class=\"sow-tabs-title sow-tabs-title-icon-left\">\n\t\t\t\t\t\t\t\tCronograma\t\t\t\t\t\t\t<\/div>\n\t\t<\/div>\n\t\t\t<div class=\"sow-tabs-tab\"\n\t\t\t role=\"tab\" data-anchor=\"inscri%c3%a7%c3%b5es\"\n\t\t\t aria-selected=\"false\" tabindex=\"-1\">\n\t\t\t<div class=\"sow-tabs-title sow-tabs-title-icon-left\">\n\t\t\t\t\t\t\t\tInscri\u00e7\u00f5es\t\t\t\t\t\t\t<\/div>\n\t\t<\/div>\n\t\t\t<div class=\"sow-tabs-tab\"\n\t\t\t role=\"tab\" data-anchor=\"comunica%c3%a7%c3%b5es-orais\"\n\t\t\t aria-selected=\"false\" tabindex=\"-1\">\n\t\t\t<div class=\"sow-tabs-title sow-tabs-title-icon-left\">\n\t\t\t\t\t\t\t\tComunica\u00e7\u00f5es Orais\t\t\t\t\t\t\t<\/div>\n\t\t<\/div>\n\t\t\t<div class=\"sow-tabs-tab\"\n\t\t\t role=\"tab\" data-anchor=\"comunica%c3%a7%c3%b5es-orais-cronograma\"\n\t\t\t aria-selected=\"false\" tabindex=\"-1\">\n\t\t\t<div class=\"sow-tabs-title sow-tabs-title-icon-left\">\n\t\t\t\t\t\t\t\tComunica\u00e7\u00f5es Orais - Cronograma\t\t\t\t\t\t\t<\/div>\n\t\t<\/div>\n\t\t\t<div class=\"sow-tabs-tab\"\n\t\t\t role=\"tab\" data-anchor=\"grava%c3%a7%c3%b5es\"\n\t\t\t aria-selected=\"false\" tabindex=\"-1\">\n\t\t\t<div class=\"sow-tabs-title sow-tabs-title-icon-left\">\n\t\t\t\t\t\t\t\tGrava\u00e7\u00f5es\t\t\t\t\t\t\t<\/div>\n\t\t<\/div>\n\t\t<\/div>\n\t\n\t<div class=\"sow-tabs-panel-container\">\n\t\t\t<div class=\"sow-tabs-panel\">\n\t\t\t<div class=\"sow-tabs-panel-content\" role=\"tabpanel\" tabindex=\"0\">\n\t\t\t\t<p>&nbsp;<\/p>\n<p><img class=\"aligncenter size-full wp-image-811\" src=\"http:\/\/www2.uepg.br\/demat\/wp-content\/uploads\/sites\/45\/2021\/11\/Logo_IVSIGMAT.png\" alt=\"\" width=\"280\" height=\"280\" \/><\/p>\n<p>&nbsp;<\/p>\n<p>A 4\u00aa edi\u00e7\u00e3o do <em><strong>Simp\u00f3sio Integrado de Matem\u00e1tica - SIGMAT<\/strong><\/em> ocorrer\u00e1 nos dias 01, 02 e 03 de dezembro de 2021 de foma remota via <em>Google Mee<\/em>t (vide Cronograma). A promo\u00e7\u00e3o \u00e9 dos colegiados dos cursos de Licenciatura em Matem\u00e1tica (COLMAT), de Bacharelado em Matem\u00e1tica Aplicada (COLMAP) e do PROFMAT - UEPG.<\/p>\n<p>O evento ser\u00e1 centrado na discuss\u00e3o da produ\u00e7\u00e3o do conhecimento nas \u00e1reas de Matem\u00e1tica e Educa\u00e7\u00e3o Matem\u00e1tica e na troca de saberes entre acad\u00eamicos, professores e pesquisadores. Pretende-se estabelecer e fortalecer um evento de valoriza\u00e7\u00e3o do ensino e da pesquisa na gradua\u00e7\u00e3o e p\u00f3s-gradua\u00e7\u00e3o\u00a0e debater a respeito da forma\u00e7\u00e3o profissional na \u00e1rea de Matem\u00e1tica.<\/p>\n<p>Ser\u00e3o realizadas as seguintes atividades: palestras, mesa redonda e Comunica\u00e7\u00f5es Orais<strong>.<\/strong><\/p>\n<p><strong>Comiss\u00e3o Organizadora:<\/strong><\/p>\n<p><strong>Professores do DEMAT - UEPG:<\/strong><\/p>\n<p>Marli Terezinha Van Kan (Coordenadora)<\/p>\n<p>Ana Lucia Pereira<\/p>\n<p>Deyse Maria Pacheco Gebert<\/p>\n<p>Elisangela dos Santos Meza<\/p>\n<p>Marcos Teixeira Alves<\/p>\n<p>Margarete Aparecida dos Santos<\/p>\n<p>Scheila Valechenski Biehl<\/p>\n<p><strong>Acad\u00eamicos do curso de Matem\u00e1tica da UEPG:<\/strong><\/p>\n<p>Daniel Silveira Salamucha<\/p>\n<p>Keity Aline Francisco de Sousa<\/p>\n\t\t\t<\/div>\n\t\t<\/div>\n\t\t\t<div class=\"sow-tabs-panel\">\n\t\t\t<div class=\"sow-tabs-panel-content\" role=\"tabpanel\" aria-hidden=\"true\">\n\t\t\t\t<hr \/>\n<p><strong>Data: 01\/12<br \/>\n<\/strong><\/p>\n<p><em>19h:<strong> Palestra de Abertura: <\/strong><\/em>Meu depoimento sobre estudar e fazer matem\u00e1tica<\/p>\n<p><strong>Convidado:<\/strong> Prof\u00ba Dr R\u00e9gis Var\u00e3o (Unicamp) criador do canal no Youtube: \"Fant\u00e1stico Mundo Matem\u00e1tico\"<\/p>\n<p><strong>Resumo: <\/strong>Todo mundo apresenta sobre \u00e1reas de pesquisa em matem\u00e1tica, de problemas interessantes, mas a gente n\u00e3o costuma comentar sobre a dificuldade real de se fazer matem\u00e1tica (que seja estudar ou fazer pesquisa). Ent\u00e3o nessa palestra vou conversar um pouco sobre matem\u00e1tica e a minha experi\u00eancia como pesquisador em matem\u00e1tica e como estudante. Na medida do poss\u00edvel espero desmistificar algumas ideias que temos sobre aprender matem\u00e1tica.<\/p>\n<p><strong>Link de Acesso:<\/strong> <a href=\"https:\/\/meet.google.com\/smq-qeie-hre\" target=\"_blank\" rel=\"noopener\">https:\/\/meet.google.com\/smq-qeie-hre<\/a><\/p>\n<hr \/>\n<p><strong>Data: 02\/12<\/strong><\/p>\n<p><em>19h:<\/em><strong> \u00a0Comunica\u00e7\u00f5es Orais<\/strong><\/p>\n<p><em>20h:<\/em> <strong>10 anos PROFMAT - UEPG<\/strong><\/p>\n<p><strong>Link de Acesso:<\/strong> <a href=\"https:\/\/meet.google.com\/fxj-khts-jrm\" target=\"_blank\" rel=\"noopener\">https:\/\/meet.google.com\/fxj-khts-jrm<\/a><\/p>\n<hr \/>\n<p><strong>Data: 03\/12<br \/>\n<\/strong><\/p>\n<p><em>19h:<\/em><strong> Mesa Redonda: <\/strong>Possibilidades e trajet\u00f3rias da forma\u00e7\u00e3o em Matem\u00e1tica<\/p>\n<p><strong>Convidados:\u00a0<span style=\"color: #000000\"><em>Cleverson Roberto da Luz<\/em> <\/span><\/strong>(Professor do Departamento de Matem\u00e1tica da UFSC), <strong><em>Daniel Jos\u00e9 Schulmeister<\/em><\/strong> (Mestrando em Matem\u00e1tica Aplicada na Unicamp), <strong><em>D\u00e9bora Bezerra Lib\u00f3rio<\/em><\/strong> (Professora associada da Universidade Metodista de S\u00e3o Paulo. Palestrante e consultora educacional na \u00e1rea de Matem\u00e1tica), <strong><em>Emilly Gonzales Jolandek<\/em><\/strong> (Doutoranda em Educa\u00e7\u00e3o para a Ci\u00eancia e a Matem\u00e1tica pela UEM), <strong><em>Jefferson Gomes de Moraes<\/em><\/strong> (Mestre em Matem\u00e1tica pelo PROFMAT\/UEPG e gerente de relacionamento pessoa f\u00edsica no Banco do Brasil) e <strong><em>Mariana Andrade de Oliveira Vieira<\/em><\/strong> (Licenciada em Matem\u00e1tica e Pedagogia pela UEM. P\u00f3s-graduada em Educa\u00e7\u00e3o Infantil, em Metodologia do Ensino de Matem\u00e1tica e em Gest\u00e3o Educacional. Professora do Ensino B\u00e1sico).<\/p>\n<p><strong>Resumo:<\/strong> O objetivo da mesa \u00e9 uma conversa bem descontra\u00edda, onde cada convidado far\u00e1 um relato da sua trajet\u00f3ria acad\u00eamica, os caminhos percorridos sejam na extens\u00e3o ou na pesquisa, sua atual fun\u00e7\u00e3o\/designa\u00e7\u00e3o e as possibilidades profissionais que sua forma\u00e7\u00e3o docente pode oferecer, com intuito de estimular, engajar e abrir horizontes para nossos acad\u00eamicos, visto que vivenciam um per\u00edodo t\u00e3o recluso e at\u00edpico devido ao contexto de ensino remoto e pandemia.<\/p>\n<p><strong>Link de Acesso: <\/strong><a href=\"https:\/\/meet.google.com\/wux-vfuv-utv\" target=\"_blank\" rel=\"noopener\">https:\/\/meet.google.com\/wux-vfuv-utv<\/a><\/p>\n\t\t\t<\/div>\n\t\t<\/div>\n\t\t\t<div class=\"sow-tabs-panel\">\n\t\t\t<div class=\"sow-tabs-panel-content\" role=\"tabpanel\" aria-hidden=\"true\">\n\t\t\t\t<p>As inscri\u00e7\u00f5es ser\u00e3o realizadas no per\u00edodo: 09\/11 a 01\/12 atrav\u00e9s do preenchimento do formul\u00e1rio:<\/p>\n<p style=\"text-align: center\"><a href=\"https:\/\/forms.gle\/djTs97uhFdTWn1c77\" target=\"_blank\" rel=\"noopener\">https:\/\/forms.gle\/djTs97uhFdTWn1c77<\/a><\/p>\n<p style=\"text-align: center\">\n<\/p>\t\t\t<\/div>\n\t\t<\/div>\n\t\t\t<div class=\"sow-tabs-panel\">\n\t\t\t<div class=\"sow-tabs-panel-content\" role=\"tabpanel\" aria-hidden=\"true\">\n\t\t\t\t<p><em>Leiam atentamente as regras de submiss\u00e3o de trabalhos e anexem o arquivo no formul\u00e1rio pr\u00f3prio disponibilizado no item 6. <\/em><\/p>\n<p>1 - Somente poder\u00e3o ser submetidos trabalhos na forma de resumo expandido, que devem ser resultados de pesquisas (conclu\u00eddas ou em andamento) ou de relatos de experi\u00eancias dentro dos eixos tem\u00e1ticos do evento: Matem\u00e1tica, Ensino de Matem\u00e1tica e Probabilidade e Estat\u00edstica.<\/p>\n<p>2 - O resumo expandido dever\u00e1 ser elaborado de acordo com as normas do Template (modelo)\u00a0 abaixo e\u00a0conter de 3 a 6\u00a0p\u00e1ginas:<\/p>\n<ul>\n<li>Formato Word:\u00a0<a href=\"https:\/\/docs.google.com\/document\/d\/1GxV6x8-KmWNV5r11msPCG51ipngXG1Ad\/edit?usp=sharing&amp;ouid=107318724357933994271&amp;rtpof=true&amp;sd=true\" target=\"_blank\" rel=\"noopener\">clique aqui<\/a>.<\/li>\n<li>Formato Latex: clique aqui e baixe o arquivo zipado: <a href=\"https:\/\/drive.google.com\/file\/d\/1GJKJmAfpDucrZp1bOljDAc8evUwOMu9p\/view?usp=sharing\" target=\"_blank\" rel=\"noopener\">Template-IVSIGMAT.<\/a><\/li>\n<\/ul>\n<p>3\u00a0- A modalidade de apresenta\u00e7\u00e3o de todos os trabalhos \u00e9 comunica\u00e7\u00e3o oral.<\/p>\n<p>4\u00a0 - O tempo m\u00e1ximo para cada apresenta\u00e7\u00e3o ser\u00e1 de dez (10) minutos e mais cinco (5) minutos para argui\u00e7\u00e3o,\u00a0totalizando quinze (15) minutos.<\/p>\n<p>5 - Cada inscri\u00e7\u00e3o d\u00e1 direito a submiss\u00e3o de at\u00e9 2 trabalhos, e o\u00a0n\u00famero m\u00e1ximo de autores por trabalho \u00e9 cinco (5).<\/p>\n<p>6 - Os trabalhos dever\u00e3o ser submetidos no formato PDF no link: <a href=\"https:\/\/forms.gle\/3k7qkzDCtQ6LqcKk8\" target=\"_blank\" rel=\"noopener\">https:\/\/forms.gle\/3k7qkzDCtQ6LqcKk8<\/a><em><br \/>\n<\/em><\/p>\n<p>7 - Os trabalhos ser\u00e3o avaliados pela Comiss\u00e3o Cient\u00edfica do SIGMAT e somente ser\u00e3o aceitos os resumos\u00a0que estiverem de acordo com as normas detalhadas no Template.<\/p>\n<p>8 - Os trabalhos aprovados dever\u00e3o ser apresentados por um dos autores no evento.<\/p>\n<p><u>Datas importantes:<\/u><\/p>\n<p>Submiss\u00e3o de trabalhos: 09\/11 a 28\/11<\/p>\n<p>Parecer Inicial dos Avaliadores: 09\/11 a 29\/11.<\/p>\n<p>Reenvio com as corre\u00e7\u00f5es: 09\/11 a 30\/11.<\/p>\n<p>Divulga\u00e7\u00e3o dos trabalhos aceitos: 01\/12.<\/p>\n<p><strong>ATEN\u00c7\u00c3O:<\/strong> Em caso de d\u00favidas, entre em contato conosco atrav\u00e9s do e-mail: <a href=\"mailto:sigmatuepg@gmail.com\">sigmatuepg@gmail.com<\/a>.<\/p>\n\t\t\t<\/div>\n\t\t<\/div>\n\t\t\t<div class=\"sow-tabs-panel\">\n\t\t\t<div class=\"sow-tabs-panel-content\" role=\"tabpanel\" aria-hidden=\"true\">\n\t\t\t\t<p>Prezados(as) autores(as),<\/p>\n<p>a <em>Comiss\u00e3o Organizadora do IV SIGMAT<\/em> agradece pela submiss\u00e3o do seu trabalho. <a href=\"http:\/\/www2.uepg.br\/demat\/wp-content\/uploads\/sites\/45\/2021\/12\/Resultado_Com_Orais-IVSIGMAT-alterado.pdf\" target=\"_blank\" rel=\"noopener\">Clique aqui<\/a> e visualize os trabalhos aceitos e o cronograma das apresenta\u00e7\u00f5es.<\/p>\n\t\t\t<\/div>\n\t\t<\/div>\n\t\t\t<div class=\"sow-tabs-panel\">\n\t\t\t<div class=\"sow-tabs-panel-content\" role=\"tabpanel\" aria-hidden=\"true\">\n\t\t\t\t<p>Assista as grava\u00e7\u00f5es das atividades realizadas no IV SIGMAT clicando nos respectivos links abaixo:<\/p>\n<ul>\n<li><a href=\"https:\/\/youtu.be\/7a_UkAAypo8\" target=\"_blank\" rel=\"noopener\">01\/12\/2021 - Abertura<\/a><\/li>\n<li><a href=\"https:\/\/youtu.be\/nLuLYEd2FWM\" target=\"_blank\" rel=\"noopener\">02\/12\/2021 - Comunica\u00e7\u00f5es Orais e os 10 anos do PROFMAT - UEPG<\/a><\/li>\n<li><a href=\"https:\/\/youtu.be\/fNGm3avedQc\" target=\"_blank\" rel=\"noopener\">03\/12\/2021 - Mesa Redonda<\/a><\/li>\n<\/ul>\n\t\t\t<\/div>\n\t\t<\/div>\n\t\t<\/div>\n<\/div>\n<\/div><\/div><\/div><\/div><\/div><\/div>","protected":false},"excerpt":{"rendered":"<p>Sobre o IV SIGMAT Cronograma Inscri\u00e7\u00f5es Comunica\u00e7\u00f5es Orais Comunica\u00e7\u00f5es Orais &#8211; Cronograma Grava\u00e7\u00f5es &nbsp; &nbsp; A 4\u00aa edi\u00e7\u00e3o do Simp\u00f3sio Integrado de Matem\u00e1tica &#8211; SIGMAT ocorrer\u00e1 nos dias 01, 02 e 03 de dezembro de 2021 de foma remota via Google Meet (vide Cronograma). A promo\u00e7\u00e3o \u00e9 dos colegiados dos cursos de Licenciatura em Matem\u00e1tica&nbsp;&hellip;<\/p>\n","protected":false},"author":110,"featured_media":0,"parent":0,"menu_order":0,"comment_status":"closed","ping_status":"closed","template":"","meta":[],"_links":{"self":[{"href":"https:\/\/www2.uepg.br\/demat\/wp-json\/wp\/v2\/pages\/810"}],"collection":[{"href":"https:\/\/www2.uepg.br\/demat\/wp-json\/wp\/v2\/pages"}],"about":[{"href":"https:\/\/www2.uepg.br\/demat\/wp-json\/wp\/v2\/types\/page"}],"author":[{"embeddable":true,"href":"https:\/\/www2.uepg.br\/demat\/wp-json\/wp\/v2\/users\/110"}],"replies":[{"embeddable":true,"href":"https:\/\/www2.uepg.br\/demat\/wp-json\/wp\/v2\/comments?post=810"}],"version-history":[{"count":39,"href":"https:\/\/www2.uepg.br\/demat\/wp-json\/wp\/v2\/pages\/810\/revisions"}],"predecessor-version":[{"id":857,"href":"https:\/\/www2.uepg.br\/demat\/wp-json\/wp\/v2\/pages\/810\/revisions\/857"}],"wp:attachment":[{"href":"https:\/\/www2.uepg.br\/demat\/wp-json\/wp\/v2\/media?parent=810"}],"curies":[{"name":"wp","href":"https:\/\/api.w.org\/{rel}","templated":true}]}}