{"id":124,"date":"2021-04-30T08:55:11","date_gmt":"2021-04-30T11:55:11","guid":{"rendered":"https:\/\/www2.uepg.br\/denge\/?page_id=124"},"modified":"2025-09-05T10:35:39","modified_gmt":"2025-09-05T13:35:39","slug":"historico","status":"publish","type":"page","link":"https:\/\/www2.uepg.br\/denge\/historico\/","title":{"rendered":"Hist\u00f3rico"},"content":{"rendered":"<div id=\"pl-124\"  class=\"panel-layout\" ><div id=\"pg-124-0\"  class=\"panel-grid panel-no-style\" ><div id=\"pgc-124-0-0\"  class=\"panel-grid-cell\" ><div id=\"panel-124-0-0-0\" class=\"so-panel widget widget_text panel-first-child panel-last-child\" data-index=\"0\" >\t\t\t<div class=\"textwidget\"><p style=\"text-align: justify\">O Curso de Engenharia Civil da Universidade Estadual de Ponta Grossa (UEPG) foi criado oficialmente por meio da Resolu\u00e7\u00e3o n\u00ba 15, de 14 de dezembro de 1973, no \u00e2mbito do Setor de Ci\u00eancias Exatas e Naturais, atendendo a uma demanda crescente da sociedade regional por forma\u00e7\u00e3o t\u00e9cnica e cient\u00edfica na \u00e1rea das Engenharias. A estrutura\u00e7\u00e3o formal do Departamento de Engenharia, ao qual o curso est\u00e1 vinculado, ocorreu pela Resolu\u00e7\u00e3o R.SG\/015, de 31 de dezembro de 1975, consolidando sua posi\u00e7\u00e3o na organiza\u00e7\u00e3o administrativa da universidade. O reconhecimento oficial do curso pelo Minist\u00e9rio da Educa\u00e7\u00e3o deu-se por meio do Decreto n\u00ba 82.190, de 29 de agosto de 1978, publicado no Di\u00e1rio Oficial da Uni\u00e3o em 30 de agosto do mesmo ano, logo ap\u00f3s a cola\u00e7\u00e3o de grau da primeira turma, em 5 de agosto de 1978. Men\u00e7\u00e3o honrosa \u00e0 Profa. Adelaide Aline Jasper, a primeira mulher a atuar como docente na UEPG e fundadora do Curso de Engenharia Civil.<\/p>\n<p style=\"text-align: justify\">Desde sua cria\u00e7\u00e3o, o curso de Engenharia Civil tem sido refer\u00eancia regional e estadual na forma\u00e7\u00e3o de engenheiros comprometidos com a \u00e9tica, a t\u00e9cnica e a responsabilidade social. Ao longo de cinco d\u00e9cadas, aproximadamente 2.250 profissionais foram formados, contribuindo significativamente para o desenvolvimento da infraestrutura, da pesquisa e da inova\u00e7\u00e3o no estado do Paran\u00e1 e em outras regi\u00f5es do pa\u00eds. A celebra\u00e7\u00e3o dos 50 anos do curso, realizada entre os dias 4 e 6 de dezembro de 2024, no campus central da UEPG, reuniu docentes, egressos, estudantes, autoridades e representantes de entidades de classe, em um evento que reafirmou a relev\u00e2ncia hist\u00f3rica e contempor\u00e2nea da Engenharia Civil na institui\u00e7\u00e3o.<\/p>\n<p style=\"text-align: justify\">A participa\u00e7\u00e3o ativa dos docentes do Departamento de Engenharia Civil na vida universit\u00e1ria \u00e9 not\u00e1vel. Diversos professores ocuparam fun\u00e7\u00f5es de destaque na administra\u00e7\u00e3o superior da UEPG, entre elas os cargos de Reitor, Pr\u00f3-Reitor, Diretor de Setor, Chefe de Divis\u00e3o e Prefeito de Campus, al\u00e9m de atuarem como membros dos Conselhos Superiores.<\/p>\n<\/div>\n\t\t<\/div><\/div><div id=\"pgc-124-0-1\"  class=\"panel-grid-cell panel-grid-cell-empty\" ><\/div><div id=\"pgc-124-0-2\"  class=\"panel-grid-cell\" ><div id=\"panel-124-0-2-0\" class=\"so-panel widget widget_text panel-first-child panel-last-child\" data-index=\"1\" >\t\t\t<div class=\"textwidget\"><p style=\"text-align: justify\">No campo da pesquisa, o curso desenvolve estudos nas \u00e1reas de Hidr\u00e1ulica e Saneamento, Constru\u00e7\u00e3o Civil, Estruturas e Geotecnia, com participa\u00e7\u00e3o expressiva de acad\u00eamicos em projetos de inicia\u00e7\u00e3o cient\u00edfica, tanto com bolsas do PIBIC\/CNPq quanto como volunt\u00e1rios, a extens\u00e3o universit\u00e1ria tamb\u00e9m ocupa posi\u00e7\u00e3o de destaque nas a\u00e7\u00f5es do Departamento. Os resultados dessas atividades s\u00e3o amplamente divulgados em eventos t\u00e9cnicos e cient\u00edficos, contribuindo para a consolida\u00e7\u00e3o de uma cultura de pesquisa aplicada e inova\u00e7\u00e3o tecnol\u00f3gica no \u00e2mbito da universidade.<\/p>\n<p style=\"text-align: justify\">Importante destacar que o Departamento de Engenharia Civil tamb\u00e9m est\u00e1 diretamente associado \u00e0 implanta\u00e7\u00e3o do curso de Arquitetura e Urbanismo, cuja proposta pedag\u00f3gica foi aprovada pelo Conselho Universit\u00e1rio da UEPG (RESOLU\u00c7\u00c3O UNIV &#8211; N\u00ba 15) em dezembro de 2024, com autoriza\u00e7\u00e3o do funcionamento formalizada pelo Decreto Estadual n\u00ba 8.557 em 13 de janeiro de 2025. Essa iniciativa representa a realiza\u00e7\u00e3o de um projeto idealizado h\u00e1 mais de uma d\u00e9cada pelos docentes e consolida uma importante sinergia institucional. A integra\u00e7\u00e3o entre os cursos potencializa a utiliza\u00e7\u00e3o compartilhada das instala\u00e7\u00f5es do Setor de Engenharias, viabiliza a coopera\u00e7\u00e3o docente e estimula a converg\u00eancia acad\u00eamica nas \u00e1reas de urbanismo, planejamento, tecnologia da constru\u00e7\u00e3o e pesquisa social.<\/p>\n<p style=\"text-align: justify\">Em s\u00edntese, a hist\u00f3ria do curso de Engenharia Civil da UEPG \u00e9 marcada por compromisso com a forma\u00e7\u00e3o de excel\u00eancia, por expressiva atua\u00e7\u00e3o na gest\u00e3o universit\u00e1ria, por projetos de pesquisa relevantes e por iniciativas extensionistas de alto impacto social, consolidando-se como um pilar fundamental da universidade p\u00fablica paranaense.<\/p>\n<\/div>\n\t\t<\/div><\/div><\/div><div id=\"pg-124-1\"  class=\"panel-grid panel-no-style\" ><div id=\"pgc-124-1-0\"  class=\"panel-grid-cell\" ><div id=\"panel-124-1-0-0\" class=\"so-panel widget widget_sow-headline panel-first-child panel-last-child\" data-index=\"2\" ><div\n\t\t\t\n\t\t\tclass=\"so-widget-sow-headline so-widget-sow-headline-default-03b65d8015a6-124\"\n\t\t\t\n\t\t><div class=\"sow-headline-container \">\n\t\t\t\t\t\t<div class=\"decoration\">\n\t\t\t\t\t\t<div class=\"decoration-inside\"><\/div>\n\t\t\t\t\t<\/div>\n\t\t\t\t\t<\/div><\/div><\/div><\/div><\/div><div id=\"pg-124-2\"  class=\"panel-grid panel-no-style\" ><div id=\"pgc-124-2-0\"  class=\"panel-grid-cell\" ><div id=\"panel-124-2-0-0\" class=\"so-panel widget widget_media_image panel-first-child panel-last-child\" data-index=\"3\" ><div style=\"width: 510px\" class=\"wp-caption alignnone\"><img width=\"500\" height=\"333\" src=\"https:\/\/www2.uepg.br\/denge\/wp-content\/uploads\/sites\/187\/2025\/07\/professora-adelaide-Aline-Jasper_3-768x512-1.jpg\" class=\"image wp-image-258  attachment-500x333 size-500x333\" alt=\"\" loading=\"lazy\" style=\"max-width: 100%; height: auto;\" srcset=\"https:\/\/www2.uepg.br\/denge\/wp-content\/uploads\/sites\/187\/2025\/07\/professora-adelaide-Aline-Jasper_3-768x512-1.jpg 768w, https:\/\/www2.uepg.br\/denge\/wp-content\/uploads\/sites\/187\/2025\/07\/professora-adelaide-Aline-Jasper_3-768x512-1-300x200.jpg 300w, https:\/\/www2.uepg.br\/denge\/wp-content\/uploads\/sites\/187\/2025\/07\/professora-adelaide-Aline-Jasper_3-768x512-1-272x182.jpg 272w\" sizes=\"(max-width: 500px) 100vw, 500px\" \/><p class=\"wp-caption-text\">Professora Adelaide Aline Jasper - Fundadora do Curso de Engenharia Civil da UEPG<\/p><\/div><\/div><\/div><div id=\"pgc-124-2-1\"  class=\"panel-grid-cell\" ><div id=\"panel-124-2-1-0\" class=\"so-panel widget widget_media_image panel-first-child panel-last-child\" data-index=\"4\" ><div style=\"width: 510px\" class=\"wp-caption alignnone\"><img width=\"500\" height=\"349\" src=\"https:\/\/www2.uepg.br\/denge\/wp-content\/uploads\/sites\/187\/2025\/07\/fotos-antigas-professores-Jessica-Natal-scaled-3-768x536.jpg\" class=\"image wp-image-264  attachment-500x349 size-500x349\" alt=\"\" loading=\"lazy\" style=\"max-width: 100%; height: auto;\" srcset=\"https:\/\/www2.uepg.br\/denge\/wp-content\/uploads\/sites\/187\/2025\/07\/fotos-antigas-professores-Jessica-Natal-scaled-3-768x536.jpg 768w, https:\/\/www2.uepg.br\/denge\/wp-content\/uploads\/sites\/187\/2025\/07\/fotos-antigas-professores-Jessica-Natal-scaled-3-300x209.jpg 300w, https:\/\/www2.uepg.br\/denge\/wp-content\/uploads\/sites\/187\/2025\/07\/fotos-antigas-professores-Jessica-Natal-scaled-3-1024x715.jpg 1024w, https:\/\/www2.uepg.br\/denge\/wp-content\/uploads\/sites\/187\/2025\/07\/fotos-antigas-professores-Jessica-Natal-scaled-3-1232x860.jpg 1232w, https:\/\/www2.uepg.br\/denge\/wp-content\/uploads\/sites\/187\/2025\/07\/fotos-antigas-professores-Jessica-Natal-scaled-3.jpg 1245w\" sizes=\"(max-width: 500px) 100vw, 500px\" \/><p class=\"wp-caption-text\">Formandos da 1\u00aa turma de Eng. Civil UEPG em 1978<\/p><\/div><\/div><\/div><div id=\"pgc-124-2-2\"  class=\"panel-grid-cell\" ><div id=\"panel-124-2-2-0\" class=\"so-panel widget widget_media_image panel-first-child panel-last-child\" data-index=\"5\" ><div style=\"width: 510px\" class=\"wp-caption alignnone\"><img width=\"500\" height=\"333\" src=\"https:\/\/www2.uepg.br\/denge\/wp-content\/uploads\/sites\/187\/2025\/07\/Primeiro-dia-50-anos-Engenharia-Civil-Tierri-Angeluci-52-1232x821-1-768x512.jpg\" class=\"image wp-image-261  attachment-500x333 size-500x333\" alt=\"\" loading=\"lazy\" style=\"max-width: 100%; height: auto;\" srcset=\"https:\/\/www2.uepg.br\/denge\/wp-content\/uploads\/sites\/187\/2025\/07\/Primeiro-dia-50-anos-Engenharia-Civil-Tierri-Angeluci-52-1232x821-1-768x512.jpg 768w, https:\/\/www2.uepg.br\/denge\/wp-content\/uploads\/sites\/187\/2025\/07\/Primeiro-dia-50-anos-Engenharia-Civil-Tierri-Angeluci-52-1232x821-1-300x200.jpg 300w, https:\/\/www2.uepg.br\/denge\/wp-content\/uploads\/sites\/187\/2025\/07\/Primeiro-dia-50-anos-Engenharia-Civil-Tierri-Angeluci-52-1232x821-1-1024x682.jpg 1024w, https:\/\/www2.uepg.br\/denge\/wp-content\/uploads\/sites\/187\/2025\/07\/Primeiro-dia-50-anos-Engenharia-Civil-Tierri-Angeluci-52-1232x821-1-272x182.jpg 272w, https:\/\/www2.uepg.br\/denge\/wp-content\/uploads\/sites\/187\/2025\/07\/Primeiro-dia-50-anos-Engenharia-Civil-Tierri-Angeluci-52-1232x821-1.jpg 1232w\" sizes=\"(max-width: 500px) 100vw, 500px\" \/><p class=\"wp-caption-text\">Docentes no Evento de comemora\u00e7\u00e3o de 50 anos do curso<\/p><\/div><\/div><\/div><\/div><\/div>","protected":false},"excerpt":{"rendered":"<p>O Curso de Engenharia Civil da Universidade Estadual de Ponta Grossa (UEPG) foi criado oficialmente por meio da Resolu\u00e7\u00e3o n\u00ba 15, de 14 de dezembro de 1973, no \u00e2mbito do Setor de Ci\u00eancias Exatas e Naturais, atendendo a uma demanda crescente da sociedade regional por forma\u00e7\u00e3o t\u00e9cnica e cient\u00edfica na \u00e1rea das Engenharias. A estrutura\u00e7\u00e3o&nbsp;&hellip;<\/p>\n","protected":false},"author":305,"featured_media":303,"parent":0,"menu_order":0,"comment_status":"closed","ping_status":"closed","template":"","meta":[],"_links":{"self":[{"href":"https:\/\/www2.uepg.br\/denge\/wp-json\/wp\/v2\/pages\/124"}],"collection":[{"href":"https:\/\/www2.uepg.br\/denge\/wp-json\/wp\/v2\/pages"}],"about":[{"href":"https:\/\/www2.uepg.br\/denge\/wp-json\/wp\/v2\/types\/page"}],"author":[{"embeddable":true,"href":"https:\/\/www2.uepg.br\/denge\/wp-json\/wp\/v2\/users\/305"}],"replies":[{"embeddable":true,"href":"https:\/\/www2.uepg.br\/denge\/wp-json\/wp\/v2\/comments?post=124"}],"version-history":[{"count":16,"href":"https:\/\/www2.uepg.br\/denge\/wp-json\/wp\/v2\/pages\/124\/revisions"}],"predecessor-version":[{"id":744,"href":"https:\/\/www2.uepg.br\/denge\/wp-json\/wp\/v2\/pages\/124\/revisions\/744"}],"wp:featuredmedia":[{"embeddable":true,"href":"https:\/\/www2.uepg.br\/denge\/wp-json\/wp\/v2\/media\/303"}],"wp:attachment":[{"href":"https:\/\/www2.uepg.br\/denge\/wp-json\/wp\/v2\/media?parent=124"}],"curies":[{"name":"wp","href":"https:\/\/api.w.org\/{rel}","templated":true}]}}