{"id":131,"date":"2021-04-30T08:56:01","date_gmt":"2021-04-30T11:56:01","guid":{"rendered":"https:\/\/www2.uepg.br\/denge\/?page_id=131"},"modified":"2025-09-29T14:01:03","modified_gmt":"2025-09-29T17:01:03","slug":"professores","status":"publish","type":"page","link":"https:\/\/www2.uepg.br\/denge\/professores\/","title":{"rendered":"Professores"},"content":{"rendered":"<div id=\"pl-131\"  class=\"panel-layout\" ><div id=\"pg-131-0\"  class=\"panel-grid panel-no-style\" ><div id=\"pgc-131-0-0\"  class=\"panel-grid-cell\" ><div id=\"panel-131-0-0-0\" class=\"so-panel widget widget_sow-editor panel-first-child panel-last-child\" data-index=\"0\" ><div\n\t\t\t\n\t\t\tclass=\"so-widget-sow-editor so-widget-sow-editor-base\"\n\t\t\t\n\t\t>\n<div class=\"siteorigin-widget-tinymce textwidget\">\n\t<table border=\"2\" width=\"100%\" cellspacing=\"0\" cellpadding=\"0\">\n<thead><\/thead>\n<tbody>\n<tr>\n<td align=\"center\" width=\"30%\"><strong>Nome<\/strong><\/td>\n<td align=\"center\" width=\"25%\"><strong>Cargo<\/strong><\/td>\n<td align=\"center\" width=\"15%\"><strong>Titula\u00e7\u00e3o<\/strong><\/td>\n<td align=\"center\" width=\"15%\"><strong>Carga Hor\u00e1ria<\/strong><\/td>\n<td style=\"text-align: center\" align=\"center\" width=\"15%\"><strong>Lattes<\/strong><\/td>\n<\/tr>\n<tr>\n<td align=\"left\" width=\"30%\">Adriana Fiori Moura<\/td>\n<td align=\"left\" width=\"25%\">Professor(a) de Ensino Superior - Substituto(a) - Colaborador(a)<\/td>\n<td align=\"left\" width=\"15%\">Mestrado<\/td>\n<td align=\"left\" width=\"15%\">20 Horas<\/td>\n<td style=\"text-align: center\" align=\"center\" width=\"15%\"><a href=\"http:\/\/lattes.cnpq.br\/4482862679045939\" target=\"_blank\" rel=\"noopener\">Lattes<\/a><\/td>\n<\/tr>\n<tr>\n<td align=\"left\" width=\"30%\">Bianca Penteado de Almeida Tonus<\/td>\n<td align=\"left\" width=\"25%\">Professor(a) de Ensino Superior - Adjunto(a) - Carreira<\/td>\n<td align=\"left\" width=\"15%\">Doutorado<\/td>\n<td align=\"left\" width=\"15%\">40 Horas (TIDE)<\/td>\n<td style=\"text-align: center\" align=\"center\" width=\"15%\"><a href=\"http:\/\/lattes.cnpq.br\/7331842231498265\" target=\"_blank\" rel=\"noopener\">Lattes<\/a><\/td>\n<\/tr>\n<tr>\n<td align=\"left\" width=\"30%\">Carlos Emmanuel Ribeiro Lautenschl\u00e4ger<\/td>\n<td align=\"left\" width=\"25%\">Professor(a) de Ensino Superior - Adjunto(a) - Carreira<\/td>\n<td align=\"left\" width=\"15%\">Doutorado<\/td>\n<td align=\"left\" width=\"15%\">40 Horas (TIDE)<\/td>\n<td style=\"text-align: center\" align=\"center\" width=\"15%\"><a href=\"http:\/\/lattes.cnpq.br\/3665960850946571\" target=\"_blank\" rel=\"noopener\">Lattes<\/a><\/td>\n<\/tr>\n<tr>\n<td align=\"left\" width=\"30%\">Cleyton Cristiano Crovador<\/td>\n<td align=\"left\" width=\"25%\">Professor(a) de Ensino Superior - Substituto(a) - Colaborador(a)<\/td>\n<td align=\"left\" width=\"15%\">Mestrado<\/td>\n<td align=\"left\" width=\"15%\">20 Horas<\/td>\n<td style=\"text-align: center\" align=\"center\" width=\"15%\"><a href=\"http:\/\/lattes.cnpq.br\/6770275745732255\" target=\"_blank\" rel=\"noopener\">Lattes<\/a><\/td>\n<\/tr>\n<tr>\n<td align=\"left\" width=\"30%\">Eduardo Pereira<\/td>\n<td align=\"left\" width=\"25%\">Professor(a) de Ensino Superior - Adjunto(a) - Carreira<\/td>\n<td align=\"left\" width=\"15%\">Doutorado<\/td>\n<td align=\"left\" width=\"15%\">40 Horas (TIDE)<\/td>\n<td style=\"text-align: center\" align=\"center\" width=\"15%\"><a href=\"http:\/\/lattes.cnpq.br\/5125149922713810\" target=\"_blank\" rel=\"noopener\">Lattes<\/a><\/td>\n<\/tr>\n<tr>\n<td align=\"left\" width=\"30%\">Elias Pereira<\/td>\n<td align=\"left\" width=\"25%\">Professor(a) de Ensino Superior - Adjunto(a) - Carreira<\/td>\n<td align=\"left\" width=\"15%\">Doutorado<\/td>\n<td align=\"left\" width=\"15%\">40 Horas (TIDE)<\/td>\n<td style=\"text-align: center\" align=\"center\" width=\"15%\"><a href=\"http:\/\/lattes.cnpq.br\/2834774410555193\" target=\"_blank\" rel=\"noopener\">Lattes<\/a><\/td>\n<\/tr>\n<tr>\n<td align=\"left\" width=\"30%\">Eloise Aparecida Langaro<\/td>\n<td align=\"left\" width=\"25%\">Professor(a) de Ensino Superior - Adjunto(a) - Carreira<\/td>\n<td align=\"left\" width=\"15%\">Doutorado<\/td>\n<td align=\"left\" width=\"15%\">40 Horas (TIDE)<\/td>\n<td style=\"text-align: center\" align=\"center\" width=\"15%\"><a href=\"http:\/\/lattes.cnpq.br\/6126027660553096\" target=\"_blank\" rel=\"noopener\">Lattes<\/a><\/td>\n<\/tr>\n<tr>\n<td align=\"left\" width=\"30%\">Emilin Regina Gomes Dobrovolski<\/td>\n<td align=\"left\" width=\"25%\">Professor(a) de Ensino Superior - Substituto(a) - Colaborador(a)<\/td>\n<td align=\"left\" width=\"15%\">Mestrado<\/td>\n<td align=\"left\" width=\"15%\">20 Horas<\/td>\n<td style=\"text-align: center\" align=\"center\" width=\"15%\"><a href=\"http:\/\/lattes.cnpq.br\/8543340592055306\" target=\"_blank\" rel=\"noopener\">Lattes<\/a><\/td>\n<\/tr>\n<tr>\n<td align=\"left\" width=\"30%\">Fernanda Brekailo<\/td>\n<td align=\"left\" width=\"25%\">Professor(a) de Ensino Superior - Substituto(a) - Colaborador(a)<\/td>\n<td align=\"left\" width=\"15%\">Doutorado<\/td>\n<td align=\"left\" width=\"15%\">40 Horas<\/td>\n<td style=\"text-align: center\" align=\"center\" width=\"15%\"><a href=\"http:\/\/lattes.cnpq.br\/3094018456292351\" target=\"_blank\" rel=\"noopener\">Lattes<\/a><\/td>\n<\/tr>\n<tr>\n<td align=\"left\" width=\"30%\">Gabriela Kratsch Sgarbossa<\/td>\n<td align=\"left\" width=\"25%\">Professor(a) de Ensino Superior - Substituto(a) - Colaborador(a)<\/td>\n<td align=\"left\" width=\"15%\">Mestrado<\/td>\n<td align=\"left\" width=\"15%\">20 Horas<\/td>\n<td style=\"text-align: center\" align=\"center\" width=\"15%\"><a href=\"http:\/\/lattes.cnpq.br\/2667330437548893\" target=\"_blank\" rel=\"noopener\">Lattes<\/a><\/td>\n<\/tr>\n<tr>\n<td align=\"left\" width=\"30%\">Gabriela Mazureki Campos Bahniuk<\/td>\n<td align=\"left\" width=\"25%\">Professor(a) de Ensino Superior - Adjunto(a) - Carreira<\/td>\n<td align=\"left\" width=\"15%\">Doutorado<\/td>\n<td align=\"left\" width=\"15%\">40 Horas (TIDE)<\/td>\n<td style=\"text-align: center\" align=\"center\" width=\"15%\"><a href=\"http:\/\/lattes.cnpq.br\/9673492986384152\" target=\"_blank\" rel=\"noopener\">Lattes<\/a><\/td>\n<\/tr>\n<tr>\n<td align=\"left\" width=\"30%\">Giovana K\u00e1tie Wiecheteck<\/td>\n<td align=\"left\" width=\"25%\">Professor(a) de Ensino Superior - Associado(a) - Carreira<\/td>\n<td align=\"left\" width=\"15%\">Doutorado<\/td>\n<td align=\"left\" width=\"15%\">40 Horas (TIDE)<\/td>\n<td style=\"text-align: center\" align=\"center\" width=\"15%\"><a href=\"http:\/\/lattes.cnpq.br\/3559735145198924\" target=\"_blank\" rel=\"noopener\">Lattes<\/a><\/td>\n<\/tr>\n<tr>\n<td align=\"left\" width=\"30%\">Guilherme Ara\u00fajo Vuitik<\/td>\n<td align=\"left\" width=\"25%\">Professor(a) de Ensino Superior - Adjunto(a) - Carreira<\/td>\n<td align=\"left\" width=\"15%\">Doutorado<\/td>\n<td align=\"left\" width=\"15%\">40 Horas (TIDE)<\/td>\n<td style=\"text-align: center\" align=\"center\" width=\"15%\"><a href=\"http:\/\/lattes.cnpq.br\/9808052099862226\" target=\"_blank\" rel=\"noopener\">Lattes<\/a><\/td>\n<\/tr>\n<tr>\n<td align=\"left\" width=\"30%\">Gustavo Alexandre Swiech Assad<\/td>\n<td align=\"left\" width=\"25%\">Professor(a) de Ensino Superior - Substituto(a) - Colaborador(a)<\/td>\n<td align=\"left\" width=\"15%\">Gradua\u00e7\u00e3o<\/td>\n<td align=\"left\" width=\"15%\">20 Horas<\/td>\n<td style=\"text-align: center\" align=\"center\" width=\"15%\"><a href=\"http:\/\/lattes.cnpq.br\/5472203861851561\" target=\"_blank\" rel=\"noopener\">Lattes<\/a><\/td>\n<\/tr>\n<tr>\n<td align=\"left\" width=\"30%\">Leandro Machado Brizola<\/td>\n<td align=\"left\" width=\"25%\">Professor(a) de Ensino Superior - Substituto(a) - Colaborador(a)<\/td>\n<td align=\"left\" width=\"15%\">Mestrado<\/td>\n<td align=\"left\" width=\"15%\">20 Horas<\/td>\n<td style=\"text-align: center\" align=\"center\" width=\"15%\"><a href=\"http:\/\/lattes.cnpq.br\/5080960371471964\" target=\"_blank\" rel=\"noopener\">Lattes<\/a><\/td>\n<\/tr>\n<tr>\n<td align=\"left\" width=\"30%\">Lilian Ta\u00eds de Gouveia<\/td>\n<td align=\"left\" width=\"25%\">Professor(a) de Ensino Superior - Associado(a) - Carreira<\/td>\n<td align=\"left\" width=\"15%\">Doutorado<\/td>\n<td align=\"left\" width=\"15%\">40 Horas (TIDE)<\/td>\n<td style=\"text-align: center\" align=\"center\" width=\"15%\"><a href=\"http:\/\/lattes.cnpq.br\/5280016164692028\" target=\"_blank\" rel=\"noopener\">Lattes<\/a><\/td>\n<\/tr>\n<tr>\n<td align=\"left\" width=\"30%\">Marcos Rog\u00e9rio Sz\u00e9liga<\/td>\n<td align=\"left\" width=\"25%\">Professor(a) de Ensino Superior - Associado(a) - Carreira<\/td>\n<td align=\"left\" width=\"15%\">Doutorado<\/td>\n<td align=\"left\" width=\"15%\">40 Horas (TIDE)<\/td>\n<td style=\"text-align: center\" align=\"center\" width=\"15%\"><a href=\"http:\/\/lattes.cnpq.br\/3995609070955342\" target=\"_blank\" rel=\"noopener\">Lattes<\/a><\/td>\n<\/tr>\n<tr>\n<td align=\"left\" width=\"30%\">Maria Magdalena Ribas D\u00f6ll<\/td>\n<td align=\"left\" width=\"25%\">Professor(a) de Ensino Superior - Associado(a) - Carreira<\/td>\n<td align=\"left\" width=\"15%\">Doutorado<\/td>\n<td align=\"left\" width=\"15%\">40 Horas (TIDE)<\/td>\n<td style=\"text-align: center\" align=\"center\" width=\"15%\"><a href=\"http:\/\/lattes.cnpq.br\/5397443465043560\" target=\"_blank\" rel=\"noopener\">Lattes<\/a><\/td>\n<\/tr>\n<tr>\n<td align=\"left\" width=\"30%\">Marina Gadens Berton Zaika<\/td>\n<td align=\"left\" width=\"25%\">Professor(a) de Ensino Superior - Assistente - Carreira<\/td>\n<td align=\"left\" width=\"15%\">Mestrado<\/td>\n<td align=\"left\" width=\"15%\">40 Horas<\/td>\n<td style=\"text-align: center\" align=\"center\" width=\"15%\"><a href=\"http:\/\/lattes.cnpq.br\/2232148505234306\" target=\"_blank\" rel=\"noopener\">Lattes<\/a><\/td>\n<\/tr>\n<tr>\n<td align=\"left\" width=\"30%\">Mateus Edilson Gomes Dobrovolski<\/td>\n<td align=\"left\" width=\"25%\">Professor(a) de Ensino Superior - Substituto(a) - Colaborador(a)<\/td>\n<td align=\"left\" width=\"15%\">Mestrado<\/td>\n<td align=\"left\" width=\"15%\">20 Horas<\/td>\n<td style=\"text-align: center\" align=\"center\" width=\"15%\"><a href=\"http:\/\/lattes.cnpq.br\/8996838206127771\" target=\"_blank\" rel=\"noopener\">Lattes<\/a><\/td>\n<\/tr>\n<tr>\n<td align=\"left\" width=\"30%\">Nisiane Madalozzo Wambier<\/td>\n<td align=\"left\" width=\"25%\">Professor(a) de Ensino Superior - Adjunto(a) - Carreira<\/td>\n<td align=\"left\" width=\"15%\">Doutorado<\/td>\n<td align=\"left\" width=\"15%\">40 Horas<\/td>\n<td style=\"text-align: center\" align=\"center\" width=\"15%\"><a href=\"http:\/\/lattes.cnpq.br\/3394891428015601\" target=\"_blank\" rel=\"noopener\">Lattes<\/a><\/td>\n<\/tr>\n<tr>\n<td align=\"left\" width=\"30%\">Paola Souza Gomes Deganutti<\/td>\n<td align=\"left\" width=\"25%\">Professor(a) de Ensino Superior - Substituto(a) - Colaborador(a)<\/td>\n<td align=\"left\" width=\"15%\">Mestrado<\/td>\n<td align=\"left\" width=\"15%\">20 Horas<\/td>\n<td style=\"text-align: center\" align=\"center\" width=\"15%\"><a href=\"http:\/\/lattes.cnpq.br\/0072199306296808\" target=\"_blank\" rel=\"noopener\">Lattes<\/a><\/td>\n<\/tr>\n<tr>\n<td align=\"left\" width=\"30%\">Patr\u00edcia Kr\u00fcger<\/td>\n<td align=\"left\" width=\"25%\">Professor(a) de Ensino Superior - Adjunto(a) - Carreira<\/td>\n<td align=\"left\" width=\"15%\">Doutorado<\/td>\n<td align=\"left\" width=\"15%\">40 Horas (TIDE)<\/td>\n<td style=\"text-align: center\" align=\"center\" width=\"15%\"><a href=\"http:\/\/lattes.cnpq.br\/3228311564421701\" target=\"_blank\" rel=\"noopener\">Lattes<\/a><\/td>\n<\/tr>\n<tr>\n<td align=\"left\" width=\"30%\">S\u00e9rgio Luiz Schulz<\/td>\n<td align=\"left\" width=\"25%\">Professor(a) de Ensino Superior - Adjunto(a) - Carreira<\/td>\n<td align=\"left\" width=\"15%\">Doutorado<\/td>\n<td align=\"left\" width=\"15%\">40 Horas (TIDE)<\/td>\n<td style=\"text-align: center\" align=\"center\" width=\"15%\"><a href=\"http:\/\/lattes.cnpq.br\/4030483401246083\" target=\"_blank\" rel=\"noopener\">Lattes<\/a><\/td>\n<\/tr>\n<tr>\n<td align=\"left\" width=\"30%\">Tassiane Apolin\u00e1rio de Oliveira<\/td>\n<td align=\"left\" width=\"25%\">Professor(a) de Ensino Superior - Substituto(a) - Colaborador(a)<\/td>\n<td align=\"left\" width=\"15%\">Mestrado<\/td>\n<td align=\"left\" width=\"15%\">20 Horas<\/td>\n<td style=\"text-align: center\" align=\"center\" width=\"15%\"><a href=\"http:\/\/lattes.cnpq.br\/3427243913743822\" target=\"_blank\" rel=\"noopener\">Lattes<\/a><\/td>\n<\/tr>\n<\/tbody>\n<\/table>\n<\/div>\n<\/div><\/div><\/div><\/div><\/div>","protected":false},"excerpt":{"rendered":"<p>Nome Cargo Titula\u00e7\u00e3o Carga Hor\u00e1ria Lattes Adriana Fiori Moura Professor(a) de Ensino Superior &#8211; Substituto(a) &#8211; Colaborador(a) Mestrado 20 Horas Lattes Bianca Penteado de Almeida Tonus Professor(a) de Ensino Superior &#8211; Adjunto(a) &#8211; Carreira Doutorado 40 Horas (TIDE) Lattes Carlos Emmanuel Ribeiro Lautenschl\u00e4ger Professor(a) de Ensino Superior &#8211; Adjunto(a) &#8211; Carreira Doutorado 40 Horas (TIDE)&nbsp;&hellip;<\/p>\n","protected":false},"author":305,"featured_media":329,"parent":0,"menu_order":0,"comment_status":"closed","ping_status":"closed","template":"","meta":[],"_links":{"self":[{"href":"https:\/\/www2.uepg.br\/denge\/wp-json\/wp\/v2\/pages\/131"}],"collection":[{"href":"https:\/\/www2.uepg.br\/denge\/wp-json\/wp\/v2\/pages"}],"about":[{"href":"https:\/\/www2.uepg.br\/denge\/wp-json\/wp\/v2\/types\/page"}],"author":[{"embeddable":true,"href":"https:\/\/www2.uepg.br\/denge\/wp-json\/wp\/v2\/users\/305"}],"replies":[{"embeddable":true,"href":"https:\/\/www2.uepg.br\/denge\/wp-json\/wp\/v2\/comments?post=131"}],"version-history":[{"count":34,"href":"https:\/\/www2.uepg.br\/denge\/wp-json\/wp\/v2\/pages\/131\/revisions"}],"predecessor-version":[{"id":792,"href":"https:\/\/www2.uepg.br\/denge\/wp-json\/wp\/v2\/pages\/131\/revisions\/792"}],"wp:featuredmedia":[{"embeddable":true,"href":"https:\/\/www2.uepg.br\/denge\/wp-json\/wp\/v2\/media\/329"}],"wp:attachment":[{"href":"https:\/\/www2.uepg.br\/denge\/wp-json\/wp\/v2\/media?parent=131"}],"curies":[{"name":"wp","href":"https:\/\/api.w.org\/{rel}","templated":true}]}}