{"id":140,"date":"2021-04-30T08:58:00","date_gmt":"2021-04-30T11:58:00","guid":{"rendered":"https:\/\/www2.uepg.br\/denge\/?page_id=140"},"modified":"2025-09-29T14:42:44","modified_gmt":"2025-09-29T17:42:44","slug":"extensao","status":"publish","type":"page","link":"https:\/\/www2.uepg.br\/denge\/extensao\/","title":{"rendered":"Extens\u00e3o"},"content":{"rendered":"<div id=\"pl-140\"  class=\"panel-layout\" ><div id=\"pg-140-0\"  class=\"panel-grid panel-no-style\" ><div id=\"pgc-140-0-0\"  class=\"panel-grid-cell\" ><div id=\"panel-140-0-0-0\" class=\"so-panel widget widget_sow-tabs panel-first-child panel-last-child\" data-index=\"0\" ><div\n\t\t\t\n\t\t\tclass=\"so-widget-sow-tabs so-widget-sow-tabs-default-d340b23eb5aa-140\"\n\t\t\t\n\t\t><div class=\"sow-tabs\">\n\t<div class=\"sow-tabs-tab-container\" role=\"tablist\">\n\t\t\t<div class=\"sow-tabs-tab sow-tabs-tab-selected\"\n\t\t\t role=\"tab\" data-anchor=\"2025\"\n\t\t\t aria-selected=\"true\" tabindex=\"0\">\n\t\t\t<div class=\"sow-tabs-title sow-tabs-title-icon-left\">\n\t\t\t\t\t\t\t\t2025\t\t\t\t\t\t\t<\/div>\n\t\t<\/div>\n\t\t\t<div class=\"sow-tabs-tab\"\n\t\t\t role=\"tab\" data-anchor=\"2024\"\n\t\t\t aria-selected=\"false\" tabindex=\"-1\">\n\t\t\t<div class=\"sow-tabs-title sow-tabs-title-icon-left\">\n\t\t\t\t\t\t\t\t2024\t\t\t\t\t\t\t<\/div>\n\t\t<\/div>\n\t\t\t<div class=\"sow-tabs-tab\"\n\t\t\t role=\"tab\" data-anchor=\"2023\"\n\t\t\t aria-selected=\"false\" tabindex=\"-1\">\n\t\t\t<div class=\"sow-tabs-title sow-tabs-title-icon-left\">\n\t\t\t\t\t\t\t\t2023\t\t\t\t\t\t\t<\/div>\n\t\t<\/div>\n\t\t\t<div class=\"sow-tabs-tab\"\n\t\t\t role=\"tab\" data-anchor=\"2022\"\n\t\t\t aria-selected=\"false\" tabindex=\"-1\">\n\t\t\t<div class=\"sow-tabs-title sow-tabs-title-icon-left\">\n\t\t\t\t\t\t\t\t2022\t\t\t\t\t\t\t<\/div>\n\t\t<\/div>\n\t\t\t<div class=\"sow-tabs-tab\"\n\t\t\t role=\"tab\" data-anchor=\"2021\"\n\t\t\t aria-selected=\"false\" tabindex=\"-1\">\n\t\t\t<div class=\"sow-tabs-title sow-tabs-title-icon-left\">\n\t\t\t\t\t\t\t\t2021\t\t\t\t\t\t\t<\/div>\n\t\t<\/div>\n\t\t\t<div class=\"sow-tabs-tab\"\n\t\t\t role=\"tab\" data-anchor=\"2020\"\n\t\t\t aria-selected=\"false\" tabindex=\"-1\">\n\t\t\t<div class=\"sow-tabs-title sow-tabs-title-icon-left\">\n\t\t\t\t\t\t\t\t2020\t\t\t\t\t\t\t<\/div>\n\t\t<\/div>\n\t\t<\/div>\n\t\n\t<div class=\"sow-tabs-panel-container\">\n\t\t\t<div class=\"sow-tabs-panel\">\n\t\t\t<div class=\"sow-tabs-panel-content\" role=\"tabpanel\" tabindex=\"0\">\n\t\t\t\t<p><strong>Engenharia e Sociedade - A\u00e7\u00f5es Extensionistas Integradas<\/strong><br \/>\nPer\u00edodo do Projeto: 09\/11\/2024 a 09\/11\/2025.<br \/>\nIntegrantes DENGE: Guilherme Ara\u00fajo Vuitik (coordenador), Adriana Fiori Moura (participante), Carlos Emmanuel Ribeiro Lautenschl\u00e4ger (participante), Cleyton Cristiano Crovador (participante), Emilin Regina Gomes Dobrovolski (participante), Fernanda Brekailo (participante), L\u00facio Marcos de Geus (participante), Marina Gadens Berton Zaika (participante), Nisiane Madalozzo Wambier (participante), Patr\u00edcia Kruger (participante), Silvia Barbosa de Souza Ferreira (participante).<br \/>\nBolsista de Extens\u00e3o: Julia Novaki Freitas e Nicolas Lovatto.<\/p>\n<p><strong>N\u00facleo de atendimento \u00e0s pessoas com monitora\u00e7\u00e3o eletr\u00f4nica e a vara de execu\u00e7\u00e3o penal - NUPEM<\/strong><br \/>\nPer\u00edodo do Projeto: 14\/08\/2024 a 14\/08\/2026.<br \/>\nIntegrantes DENGE: Elias Pereira (participante).<br \/>\nBolsista de Extens\u00e3o: n\u00e3o houve.<\/p>\n<p><strong>Presta\u00e7\u00e3o de Servi\u00e7o Extensionista Tecnologia dos Materiais<\/strong><br \/>\nPer\u00edodo do Projeto: 29\/07\/2024 a 29\/07\/2025.<br \/>\nIntegrantes DENGE: Eduardo Pereira (participante), Elias Pereira (participante), Eloise Aparecida Langaro (participante), Gabriela Mazureki Campos Bahniuk (participante), Patr\u00edcia Kruger (participante),<br \/>\nBolsista de Extens\u00e3o: n\u00e3o houve.<\/p>\n<p><strong>Apoio t\u00e9cnico-cient\u00edfico para revis\u00e3o e reconfigura\u00e7\u00e3o dos limites territoriais dos bairros do Munic\u00edpio de Ponta Grossa<\/strong><br \/>\nPer\u00edodo do Projeto: 29\/07\/2024 a 29\/07\/2025.<br \/>\nIntegrantes DENGE: Nisiane Madalozzo Wambier (coordenadora), Gabriela Kratsch Sgarbossa (participante).<br \/>\nBolsista de Extens\u00e3o: n\u00e3o houve.<\/p>\n<p><strong>Presta\u00e7\u00e3o de Servi\u00e7o Extensionista UEPG e a UMPPG - Projetos de arquitetura, urbanismo e engenharia em apoio \u00e0 luta pela moradia em Ponta Grossa<\/strong><br \/>\nPer\u00edodo do Projeto: 19\/07\/2024 a 19\/07\/2025.<br \/>\nIntegrantes DENGE: Nisiane Madalozzo Wambier (coordenadora), Gabriela Kratsch Sgarbossa (participante).<br \/>\nBolsista de Extens\u00e3o: Rafaela Hornes Macedo.<\/p>\n<p><strong>Presta\u00e7\u00e3o de Servi\u00e7o Extensionista Preparando Engenheiros Cidad\u00e3os - UEPG<\/strong><br \/>\nPer\u00edodo do Projeto: 01\/04\/2024 a 21\/01\/2025.<br \/>\nIntegrantes DENGE: Eduardo Pereira (coordenador), Cleyton Cristiano Crovador (participante), Elias Pereira (participante), Eloise Aparecida Langaro (participante).<br \/>\nBolsista de Extens\u00e3o: Alexandre Miguel Schemberger Andreis, Andress Felipe Migdalski, Fernanda Damaso da Silveira, Giovani Trzaskos Laudelino, Grasiele da Silva Gouveia, Laysa Basso, Leonardo Bueno Moulin e Silva, Luis Guilherme Fioravante, Maria Eduarda Bus, Matheus Felipe Lazarotto e Rafael Fernando de Oliveira Juncos.<\/p>\n<p><strong>C\u00e3o Comunit\u00e1rio<\/strong><br \/>\nPer\u00edodo do Projeto: 12\/06\/2023 a 11\/06\/2025.<br \/>\nIntegrantes DENGE: Elias Pereira (participante).<br \/>\nBolsista de Extens\u00e3o: n\u00e3o houve.<\/p>\n<p><strong>Projeto de Intera\u00e7\u00e3o das Engenharias e Zootecnia com o Ensino M\u00e9dio \u2013 PROENZEM<\/strong><br \/>\nPer\u00edodo do Projeto: 01\/02\/2023 a 31\/01\/2025.<br \/>\nIntegrantes DENGE: Sergio Luiz Schulz (participante), Guilherme Ara\u00fajo Vuitik (participante)<br \/>\nBolsista de Extens\u00e3o: n\u00e3o houve.<\/p>\n\t\t\t<\/div>\n\t\t<\/div>\n\t\t\t<div class=\"sow-tabs-panel\">\n\t\t\t<div class=\"sow-tabs-panel-content\" role=\"tabpanel\" aria-hidden=\"true\">\n\t\t\t\t<p><strong>Presta\u00e7\u00e3o de Servi\u00e7o Extensionista Engenharia e Sociedade - A\u00e7\u00f5es Extensionistas<\/strong><br \/>\nPer\u00edodo do Projeto: 09\/11\/2024 a 09\/11\/2025.<br \/>\nIntegrantes DENGE: Guilherme Ara\u00fajo Vuitik (coordenador), Adriana Fiori Moura (participante), Carlos Emmanuel Ribeiro Lautenschl\u00e4ger (participante), Cleyton Cristiano Crovador (participante), Emilin Regina Gomes Dobrovolski (participante), Fernanda Brekailo (participante), L\u00facio Marcos de Geus (participante), Marina Gadens Berton Zaika (participante), Nisiane Madalozzo Wambier (participante), Patr\u00edcia Kruger (participante), Silvia Barbosa de Souza Ferreira (participante).<br \/>\nBolsista de Extens\u00e3o: n\u00e3o houve.<\/p>\n<p><strong>N\u00facleo de atendimento \u00e0s pessoas com monitora\u00e7\u00e3o eletr\u00f4nica e a vara de execu\u00e7\u00e3o penal - NUPEM<\/strong><br \/>\nPer\u00edodo do Projeto: 14\/08\/2024 a 14\/08\/2026.<br \/>\nIntegrantes DENGE: Elias Pereira (participante).<br \/>\nBolsista de Extens\u00e3o: n\u00e3o houve.<\/p>\n<p><strong>Presta\u00e7\u00e3o de Servi\u00e7o Extensionista Tecnologia dos Materiais<\/strong><br \/>\nPer\u00edodo do Projeto: 29\/07\/2024 a 29\/07\/2025.<br \/>\nIntegrantes DENGE: Eduardo Pereira (participante), Elias Pereira (participante), Eloise Aparecida Langaro (participante), Gabriela Mazureki Campos Bahniuk (participante), Patr\u00edcia Kruger (participante),<br \/>\nBolsista de Extens\u00e3o: n\u00e3o houve.<\/p>\n<p><strong>Apoio t\u00e9cnico-cient\u00edfico para revis\u00e3o e reconfigura\u00e7\u00e3o dos limites territoriais dos bairros do Munic\u00edpio de Ponta Grossa<\/strong><br \/>\nPer\u00edodo do Projeto: 29\/07\/2024 a 29\/07\/2025.<br \/>\nIntegrantes DENGE: Nisiane Madalozzo Wambier (coordenadora), Gabriela Kratsch Sgarbossa (participante).<br \/>\nBolsista de Extens\u00e3o: n\u00e3o houve.<\/p>\n<p><strong>Presta\u00e7\u00e3o de Servi\u00e7o Extensionista UEPG e a UMPPG - Projetos de arquitetura, urbanismo e engenharia em apoio \u00e0 luta pela moradia em Ponta Grossa<\/strong><br \/>\nPer\u00edodo do Projeto: 19\/07\/2024 a 19\/07\/2025.<br \/>\nIntegrantes DENGE: Nisiane Madalozzo Wambier (coordenadora), Gabriela Kratsch Sgarbossa (participante).<br \/>\nBolsista de Extens\u00e3o: Rafaela Hornes Macedo.<\/p>\n<p><strong>Presta\u00e7\u00e3o de Servi\u00e7o Extensionista Preparando Engenheiros Cidad\u00e3os - UEPG<\/strong><br \/>\nPer\u00edodo do Projeto: 01\/04\/2024 a 21\/01\/2025.<br \/>\nIntegrantes DENGE: Eduardo Pereira (coordenador), Cleyton Cristiano Crovador (participante), Elias Pereira (participante), Eloise Aparecida Langaro (participante).<br \/>\nBolsista de Extens\u00e3o: Alexandre Miguel Schemberger Andreis, Andress Felipe Migdalski, Fernanda Damaso da Silveira, Giovani Trzaskos Laudelino, Grasiele da Silva Gouveia, Laysa Basso, Leonardo Bueno Moulin e Silva, Luis Guilherme Fioravante, Maria Eduarda Bus, Matheus Felipe Lazarotto e Rafael Fernando de Oliveira Juncos.<\/p>\n<p><strong>C\u00e3o Comunit\u00e1rio<\/strong><br \/>\nPer\u00edodo do Projeto: 12\/06\/2023 a 11\/06\/2025.<br \/>\nIntegrantes DENGE: Elias Pereira (participante).<br \/>\nBolsista de Extens\u00e3o: n\u00e3o houve.<\/p>\n<p><strong>Presta\u00e7\u00e3o de Servi\u00e7o Extensionista Tecnologia de Materiais de Constru\u00e7\u00e3o<\/strong><br \/>\nPer\u00edodo do Projeto: 20\/05\/2023 a 19\/05\/2024.<br \/>\nIntegrantes DENGE: Patr\u00edcia Kruger (participante), Eduardo Pereira (participante), Elias Pereira (participante), Joel Larocca Junior (participante).<br \/>\nBolsista de Extens\u00e3o: n\u00e3o houve.<\/p>\n<p><strong>Projeto de Intera\u00e7\u00e3o das Engenharias e Zootecnia com o Ensino M\u00e9dio \u2013 PROENZEM<\/strong><br \/>\nPer\u00edodo do Projeto: 01\/02\/2023 a 31\/01\/2025.<br \/>\nIntegrantes DENGE: Sergio Luiz Schulz (participante), Guilherme Ara\u00fajo Vuitik (participante)<br \/>\nBolsista de Extens\u00e3o: n\u00e3o houve.<\/p>\n\t\t\t<\/div>\n\t\t<\/div>\n\t\t\t<div class=\"sow-tabs-panel\">\n\t\t\t<div class=\"sow-tabs-panel-content\" role=\"tabpanel\" aria-hidden=\"true\">\n\t\t\t\t<p><strong>C\u00e3o Comunit\u00e1rio<\/strong><br \/>\nPer\u00edodo do Projeto: 12\/06\/2023 a 11\/06\/2025.<br \/>\nIntegrantes DENGE: Elias Pereira (participante).<br \/>\nBolsista de Extens\u00e3o: n\u00e3o houve.<\/p>\n<p><strong>Presta\u00e7\u00e3o de Servi\u00e7o Extensionista Tecnologia de Materiais de Constru\u00e7\u00e3o<\/strong><br \/>\nPer\u00edodo do Projeto: 20\/05\/2023 a 19\/05\/2024.<br \/>\nIntegrantes DENGE: Patr\u00edcia Kruger (participante), Eduardo Pereira (participante), Elias Pereira (participante), Joel Larocca Junior (participante).<br \/>\nBolsista de Extens\u00e3o: n\u00e3o houve.<\/p>\n<p><strong>Projeto de Intera\u00e7\u00e3o das Engenharias e Zootecnia com o Ensino M\u00e9dio \u2013 PROENZEM<\/strong><br \/>\nPer\u00edodo do Projeto: 01\/02\/2023 a 31\/01\/2025.<br \/>\nIntegrantes DENGE: Sergio Luiz Schulz (participante), Guilherme Ara\u00fajo Vuitik (participante)<br \/>\nBolsista de Extens\u00e3o: n\u00e3o houve.<\/p>\n<p><strong>Projeto: Tecnologia de Materiais de Constru\u00e7\u00e3o \u2013 9\u00aa Edi\u00e7\u00e3o<\/strong><br \/>\nPer\u00edodo do Projeto: 27\/02\/2022 a 27\/02\/2023.<br \/>\nIntegrantes DENGE: Patr\u00edcia Kruger (coordenadora), Eduardo Pereira (participante), Elias Pereira (participante), Joel Larocca Junior (participante), L\u00facio Marcos de Geus (participante).<br \/>\nBolsista de Extens\u00e3o: n\u00e3o houve.<br \/>\nPresta\u00e7\u00e3o de Servi\u00e7o vinculada ao Projeto: dados dispon\u00edveis no Processo SEI 20.000020922-0).<\/p>\n<p><strong>Projeto: Saneamento Solid\u00e1rio: A\u00e7\u00f5es nas Comunidades do Passo do Pupo, Cerradinho e Cerrado Grande de Ponta Grossa<\/strong><br \/>\nPer\u00edodo do Projeto: 16\/05\/2022 a 06\/07\/2023.<br \/>\nIntegrantes DENGE: Maria Magdalena Ribas D\u00f6ll (coordenadora), Guilherme Ara\u00fajo Vuitik (participante)<br \/>\nBolsista de Extens\u00e3o: n\u00e3o houve.<\/p>\n\t\t\t<\/div>\n\t\t<\/div>\n\t\t\t<div class=\"sow-tabs-panel\">\n\t\t\t<div class=\"sow-tabs-panel-content\" role=\"tabpanel\" aria-hidden=\"true\">\n\t\t\t\t<p><strong>Projeto de Intera\u00e7\u00e3o das Engenharias e Zootecnia com o Ensino M\u00e9dio \u2013 PROENZEM<\/strong><br \/>\nPer\u00edodo do Projeto: 07\/08\/2020 a 07\/08\/2022.<br \/>\nIntegrantes DENGE: Lilian Ta\u00eds de Gouveia (participante), Sergio Luiz Schulz (participante) e Carlos Emmanuel Ribeiro Lautenschl\u00e4ger (participante), Guilherme Ara\u00fajo Vuitik (participante)<br \/>\nBolsista de Extens\u00e3o: n\u00e3o houve.<\/p>\n<p><strong>Projeto: Tecnologia de Materiais de Constru\u00e7\u00e3o \u2013 9\u00aa Edi\u00e7\u00e3o<\/strong><br \/>\nPer\u00edodo do Projeto: 27\/02\/2022 a 27\/02\/2023.<br \/>\nIntegrantes DENGE: Patr\u00edcia Kruger (coordenadora), Eduardo Pereira (participante), Elias Pereira (participante), Joel Larocca Junior (participante), L\u00facio Marcos de Geus (participante).<br \/>\nBolsista de Extens\u00e3o: n\u00e3o houve.<br \/>\nPresta\u00e7\u00e3o de Servi\u00e7o vinculada ao Projeto: dados dispon\u00edveis no Processo SEI 20.000020922-0).<\/p>\n<p><strong>Projeto: Saneamento Solid\u00e1rio: A\u00e7\u00f5es nas Comunidades do Passo do Pupo, Cerradinho e Cerrado Grande de Ponta Grossa<\/strong><br \/>\nPer\u00edodo do Projeto: 16\/05\/2022 a 06\/07\/2023.<br \/>\nIntegrantes DENGE: Maria Magdalena Ribas D\u00f6ll (coordenadora), Guilherme Ara\u00fajo Vuitik (participante)<br \/>\nBolsista de Extens\u00e3o: n\u00e3o houve.<\/p>\n\t\t\t<\/div>\n\t\t<\/div>\n\t\t\t<div class=\"sow-tabs-panel\">\n\t\t\t<div class=\"sow-tabs-panel-content\" role=\"tabpanel\" aria-hidden=\"true\">\n\t\t\t\t<p><strong>Projeto de Intera\u00e7\u00e3o das Engenharias e Zootecnia com o Ensino M\u00e9dio \u2013 PROENZEM<\/strong><br \/>\nPer\u00edodo do Projeto: 07\/08\/2020 a 07\/08\/2022.<br \/>\nIntegrantes DENGE: Lilian Ta\u00eds de Gouveia (participante), Sergio Luiz Schulz (participante) e Carlos Emmanuel Ribeiro Lautenschl\u00e4ger (participante).<br \/>\nBolsista de Extens\u00e3o: n\u00e3o houve.<\/p>\n<p><strong>O ensino sobre o munic\u00edpio e a demanda por materiais did\u00e1ticos na educa\u00e7\u00e3o \u2013 2\u00aa Edi\u00e7\u00e3o<\/strong><br \/>\nPer\u00edodo do Projeto: 31\/07\/2020 a 20\/08\/2021.<br \/>\nIntegrantes DENGE: Nisiane Madalozzo Wambier (participante).<br \/>\nBolsista de Extens\u00e3o: n\u00e3o houve.<\/p>\n<p><strong>Tecnologia de Materiais de Constru\u00e7\u00e3o \u2013 8\u00aa Edi\u00e7\u00e3o<\/strong><br \/>\nPer\u00edodo do Projeto: 01\/01\/2020 a 31\/12\/2021.<br \/>\nIntegrantes DENGE: Eduardo Pereira (participante), Elias Pereira (participante), \u00cdtalo S\u00e9rgio Grande (participante), Jairo Amado Amin (participante), Joel Larocca Junior (participante), L\u00facio Marcos de Geus (participante).<br \/>\nBolsista de Extens\u00e3o: n\u00e3o houve.<br \/>\nPresta\u00e7\u00e3o de Servi\u00e7o vinculada ao Projeto: dados dispon\u00edveis no Processo SEI 20.000020922-0).<\/p>\n\t\t\t<\/div>\n\t\t<\/div>\n\t\t\t<div class=\"sow-tabs-panel\">\n\t\t\t<div class=\"sow-tabs-panel-content\" role=\"tabpanel\" aria-hidden=\"true\">\n\t\t\t\t<p><strong>Projeto de Intera\u00e7\u00e3o das Engenharias e Zootecnia com o Ensino M\u00e9dio \u2013 PROENZEM<\/strong><br \/>\nPer\u00edodo do Projeto: 07\/08\/2020 a 07\/08\/2022.<br \/>\nIntegrantes DENGE: Lilian Ta\u00eds de Gouveia (participante), Sergio Luiz Schulz (participante) e Carlos Emmanuel Ribeiro Lautenschl\u00e4ger (participante).<br \/>\nBolsista de Extens\u00e3o: n\u00e3o houve.<\/p>\n<p><strong>O ensino sobre o munic\u00edpio e a demanda por materiais did\u00e1ticos na educa\u00e7\u00e3o \u2013 2\u00aa Edi\u00e7\u00e3o<\/strong><br \/>\nPer\u00edodo do Projeto: 31\/07\/2020 a 20\/08\/2021.<br \/>\nIntegrantes DENGE: Nisiane Madalozzo Wambier (participante).<br \/>\nBolsista de Extens\u00e3o: n\u00e3o houve.<\/p>\n<p><strong>Tecnologia de Materiais de Constru\u00e7\u00e3o \u2013 8\u00aa Edi\u00e7\u00e3o<\/strong><br \/>\nPer\u00edodo do Projeto: 01\/01\/2020 a 31\/12\/2021.<br \/>\nIntegrantes DENGE: Eduardo Pereira (participante), Elias Pereira (participante), \u00cdtalo S\u00e9rgio Grande (participante), Jairo Amado Amin (participante), Joel Larocca Junior (participante), L\u00facio Marcos de Geus (participante).<br \/>\nBolsista de Extens\u00e3o: n\u00e3o houve.<br \/>\nPresta\u00e7\u00e3o de Servi\u00e7o vinculada ao Projeto: dados dispon\u00edveis no Processo SEI 20.000020922-0).<\/p>\n\t\t\t<\/div>\n\t\t<\/div>\n\t\t<\/div>\n<\/div>\n<\/div><\/div><\/div><\/div><\/div>","protected":false},"excerpt":{"rendered":"<p>2025 2024 2023 2022 2021 2020 Engenharia e Sociedade &#8211; A\u00e7\u00f5es Extensionistas Integradas Per\u00edodo do Projeto: 09\/11\/2024 a 09\/11\/2025. Integrantes DENGE: Guilherme Ara\u00fajo Vuitik (coordenador), Adriana Fiori Moura (participante), Carlos Emmanuel Ribeiro Lautenschl\u00e4ger (participante), Cleyton Cristiano Crovador (participante), Emilin Regina Gomes Dobrovolski (participante), Fernanda Brekailo (participante), L\u00facio Marcos de Geus (participante), Marina Gadens Berton Zaika&nbsp;&hellip;<\/p>\n","protected":false},"author":305,"featured_media":329,"parent":0,"menu_order":0,"comment_status":"closed","ping_status":"closed","template":"","meta":[],"_links":{"self":[{"href":"https:\/\/www2.uepg.br\/denge\/wp-json\/wp\/v2\/pages\/140"}],"collection":[{"href":"https:\/\/www2.uepg.br\/denge\/wp-json\/wp\/v2\/pages"}],"about":[{"href":"https:\/\/www2.uepg.br\/denge\/wp-json\/wp\/v2\/types\/page"}],"author":[{"embeddable":true,"href":"https:\/\/www2.uepg.br\/denge\/wp-json\/wp\/v2\/users\/305"}],"replies":[{"embeddable":true,"href":"https:\/\/www2.uepg.br\/denge\/wp-json\/wp\/v2\/comments?post=140"}],"version-history":[{"count":14,"href":"https:\/\/www2.uepg.br\/denge\/wp-json\/wp\/v2\/pages\/140\/revisions"}],"predecessor-version":[{"id":336,"href":"https:\/\/www2.uepg.br\/denge\/wp-json\/wp\/v2\/pages\/140\/revisions\/336"}],"wp:featuredmedia":[{"embeddable":true,"href":"https:\/\/www2.uepg.br\/denge\/wp-json\/wp\/v2\/media\/329"}],"wp:attachment":[{"href":"https:\/\/www2.uepg.br\/denge\/wp-json\/wp\/v2\/media?parent=140"}],"curies":[{"name":"wp","href":"https:\/\/api.w.org\/{rel}","templated":true}]}}