{"id":160,"date":"2021-04-30T09:00:17","date_gmt":"2021-04-30T12:00:17","guid":{"rendered":"https:\/\/www2.uepg.br\/denge\/?page_id=160"},"modified":"2025-09-05T10:48:56","modified_gmt":"2025-09-05T13:48:56","slug":"colegiados","status":"publish","type":"page","link":"https:\/\/www2.uepg.br\/denge\/colegiados\/","title":{"rendered":"Colegiados"},"content":{"rendered":"<div id=\"pl-160\"  class=\"panel-layout\" ><div id=\"pg-160-0\"  class=\"panel-grid panel-no-style\" ><div id=\"pgc-160-0-0\"  class=\"panel-grid-cell\" ><div id=\"panel-160-0-0-0\" class=\"so-panel widget widget_sow-editor panel-first-child panel-last-child\" data-index=\"0\" ><div\n\t\t\t\n\t\t\tclass=\"so-widget-sow-editor so-widget-sow-editor-base\"\n\t\t\t\n\t\t>\n<div class=\"siteorigin-widget-tinymce textwidget\">\n\t<p style=\"text-align: center\" align=\"center\"><strong>MEMBROS DO COLEGIADO - ENGENHARIA CIVIL<\/strong><\/p>\n<p align=\"center\"><strong>E-mail: <a href=\"mailto:colengc@uepg.br\">colengc@uepg.br<\/a><\/strong><\/p>\n<table border=\"2\" width=\"616\" cellspacing=\"0\" cellpadding=\"0\" align=\"center\">\n<tbody>\n<tr>\n<td valign=\"top\" width=\"31\">\n<p align=\"center\"><strong>N\u00ba<\/strong><\/p>\n<\/td>\n<td valign=\"top\" width=\"297\">\n<p align=\"center\"><strong>NOME<\/strong><\/p>\n<\/td>\n<td valign=\"top\" width=\"280\">\n<p align=\"center\"><strong>CARGO<\/strong><\/p>\n<\/td>\n<\/tr>\n<tr>\n<td valign=\"top\" width=\"31\">\n<p align=\"center\">01<\/p>\n<\/td>\n<td style=\"text-align: center\" valign=\"center\" width=\"297\">Patr\u00edcia Kr\u00fcger<\/td>\n<td valign=\"top\" width=\"280\">\n<p style=\"text-align: center\">Coordenador(a)<\/p>\n<\/td>\n<\/tr>\n<tr>\n<td valign=\"top\" width=\"31\">\n<p align=\"center\">02<\/p>\n<\/td>\n<td style=\"text-align: center\" valign=\"center\" width=\"297\">Aloisi Somer<\/td>\n<td valign=\"top\" width=\"280\">\n<p align=\"center\">DEFIS<\/p>\n<\/td>\n<\/tr>\n<tr>\n<td valign=\"top\" width=\"31\">\n<p align=\"center\">03<\/p>\n<\/td>\n<td style=\"text-align: center\" valign=\"center\" width=\"297\">Andrea Tedesco<\/td>\n<td valign=\"top\" width=\"280\">\n<p align=\"center\">DEGEO<\/p>\n<\/td>\n<\/tr>\n<tr>\n<td valign=\"top\" width=\"31\">\n<p align=\"center\">04<\/p>\n<\/td>\n<td style=\"text-align: center\" valign=\"center\" width=\"297\">Bianca Penteado de Almeida Tonus<\/td>\n<td valign=\"top\" width=\"280\">\n<p align=\"center\">Coordena\u00e7\u00e3o de Est\u00e1gio<\/p>\n<\/td>\n<\/tr>\n<tr>\n<td valign=\"top\" width=\"31\">\n<p align=\"center\">05<\/p>\n<\/td>\n<td style=\"text-align: center\" valign=\"center\" width=\"297\">Carlos Emmanuel Ribeiro Lautenschl\u00e4ger<\/td>\n<td valign=\"top\" width=\"280\">\n<p align=\"center\">Coordena\u00e7\u00e3o de TCC<\/p>\n<\/td>\n<\/tr>\n<tr>\n<td valign=\"top\" width=\"31\">\n<p align=\"center\">06<\/p>\n<\/td>\n<td style=\"text-align: center\" valign=\"center\" width=\"297\">Giuliano Gadioli La Guardia<\/td>\n<td valign=\"top\" width=\"280\">\n<p align=\"center\">DEMAT<\/p>\n<\/td>\n<\/tr>\n<tr>\n<td valign=\"top\" width=\"31\">\n<p align=\"center\">07<\/p>\n<\/td>\n<td style=\"text-align: center\" valign=\"center\" width=\"297\">Guilherme Ara\u00fajo Vuitik<\/td>\n<td valign=\"top\" width=\"280\">\n<p align=\"center\">Coordena\u00e7\u00e3o de Extens\u00e3o<\/p>\n<\/td>\n<\/tr>\n<tr>\n<td valign=\"top\" width=\"31\">\n<p align=\"center\">08<\/p>\n<\/td>\n<td style=\"text-align: center\" valign=\"center\" width=\"297\">Lilian Ta\u00eds de Gouveia<\/td>\n<td valign=\"top\" width=\"280\">\n<p align=\"center\">DENGE<\/p>\n<\/td>\n<\/tr>\n<tr>\n<td valign=\"top\" width=\"31\">\n<p align=\"center\">09<\/p>\n<\/td>\n<td style=\"text-align: center\" valign=\"center\" width=\"297\">S\u00e9rgio Luiz Schulz<\/td>\n<td valign=\"top\" width=\"280\">\n<p align=\"center\">DENGE<\/p>\n<\/td>\n<\/tr>\n<\/tbody>\n<\/table>\n<h4 align=\"center\"><\/h4>\n<p style=\"text-align: center\" align=\"center\"><strong>MEMBROS DO COLEGIADO - ARQUITETURA E URBANISMO<\/strong><\/p>\n<p align=\"center\"><strong>E-mail: <a href=\"mailto:colarq@uepg.br\">colarq@uepg.br<\/a><\/strong><\/p>\n<table border=\"2\" width=\"616\" cellspacing=\"0\" cellpadding=\"0\" align=\"center\">\n<tbody>\n<tr>\n<td valign=\"top\" width=\"31\">\n<p align=\"center\"><strong>N\u00ba<\/strong><\/p>\n<\/td>\n<td valign=\"top\" width=\"297\">\n<p align=\"center\"><strong>NOME<\/strong><\/p>\n<\/td>\n<td valign=\"top\" width=\"280\">\n<p align=\"center\"><strong>CARGO<\/strong><\/p>\n<\/td>\n<\/tr>\n<tr>\n<td valign=\"top\" width=\"31\">\n<p align=\"center\">01<\/p>\n<\/td>\n<td style=\"text-align: center\" valign=\"center\" width=\"297\">Nisiane Madalozzo Wambier<\/td>\n<td valign=\"top\" width=\"280\">\n<p style=\"text-align: center\">Coordenador(a)<\/p>\n<\/td>\n<\/tr>\n<tr>\n<td valign=\"top\" width=\"31\">\n<p align=\"center\">02<\/p>\n<\/td>\n<td style=\"text-align: center\" valign=\"center\" width=\"297\">Carlos Emmanuel Ribeiro Lautenschl\u00e4ger<\/td>\n<td valign=\"top\" width=\"280\">\n<p align=\"center\">DENGE<\/p>\n<\/td>\n<\/tr>\n<tr>\n<td valign=\"top\" width=\"31\">\n<p align=\"center\">03<\/p>\n<\/td>\n<td style=\"text-align: center\" valign=\"center\" width=\"297\">Luiz Fernando de Souza<\/td>\n<td valign=\"top\" width=\"280\">\n<p align=\"center\">DETUR<\/p>\n<\/td>\n<\/tr>\n<tr>\n<td valign=\"top\" width=\"31\">\n<p align=\"center\">04<\/p>\n<\/td>\n<td style=\"text-align: center\" valign=\"center\" width=\"297\">Patr\u00edcia Kr\u00fcger<\/td>\n<td valign=\"top\" width=\"280\">\n<p align=\"center\">DENGE<\/p>\n<\/td>\n<\/tr>\n<tr>\n<td valign=\"top\" width=\"31\">\n<p align=\"center\">05<\/p>\n<\/td>\n<td style=\"text-align: center\" valign=\"center\" width=\"297\">Sandra Maria Scheffer<\/td>\n<td valign=\"top\" width=\"280\">\n<p align=\"center\">DESS<\/p>\n<\/td>\n<\/tr>\n<\/tbody>\n<\/table>\n<\/div>\n<\/div><\/div><\/div><\/div><\/div>","protected":false},"excerpt":{"rendered":"<p>MEMBROS DO COLEGIADO &#8211; ENGENHARIA CIVIL E-mail: colengc@uepg.br N\u00ba NOME CARGO 01 Patr\u00edcia Kr\u00fcger Coordenador(a) 02 Aloisi Somer DEFIS 03 Andrea Tedesco DEGEO 04 Bianca Penteado de Almeida Tonus Coordena\u00e7\u00e3o de Est\u00e1gio 05 Carlos Emmanuel Ribeiro Lautenschl\u00e4ger Coordena\u00e7\u00e3o de TCC 06 Giuliano Gadioli La Guardia DEMAT 07 Guilherme Ara\u00fajo Vuitik Coordena\u00e7\u00e3o de Extens\u00e3o 08 Lilian&nbsp;&hellip;<\/p>\n","protected":false},"author":305,"featured_media":329,"parent":0,"menu_order":0,"comment_status":"closed","ping_status":"closed","template":"","meta":[],"_links":{"self":[{"href":"https:\/\/www2.uepg.br\/denge\/wp-json\/wp\/v2\/pages\/160"}],"collection":[{"href":"https:\/\/www2.uepg.br\/denge\/wp-json\/wp\/v2\/pages"}],"about":[{"href":"https:\/\/www2.uepg.br\/denge\/wp-json\/wp\/v2\/types\/page"}],"author":[{"embeddable":true,"href":"https:\/\/www2.uepg.br\/denge\/wp-json\/wp\/v2\/users\/305"}],"replies":[{"embeddable":true,"href":"https:\/\/www2.uepg.br\/denge\/wp-json\/wp\/v2\/comments?post=160"}],"version-history":[{"count":16,"href":"https:\/\/www2.uepg.br\/denge\/wp-json\/wp\/v2\/pages\/160\/revisions"}],"predecessor-version":[{"id":745,"href":"https:\/\/www2.uepg.br\/denge\/wp-json\/wp\/v2\/pages\/160\/revisions\/745"}],"wp:featuredmedia":[{"embeddable":true,"href":"https:\/\/www2.uepg.br\/denge\/wp-json\/wp\/v2\/media\/329"}],"wp:attachment":[{"href":"https:\/\/www2.uepg.br\/denge\/wp-json\/wp\/v2\/media?parent=160"}],"curies":[{"name":"wp","href":"https:\/\/api.w.org\/{rel}","templated":true}]}}