{"id":223,"date":"2020-10-28T17:44:45","date_gmt":"2020-10-28T20:44:45","guid":{"rendered":"http:\/\/www2.uepg.br\/dentes\/?page_id=223"},"modified":"2021-08-16T21:48:57","modified_gmt":"2021-08-17T00:48:57","slug":"coordenacao-e-equipe","status":"publish","type":"page","link":"https:\/\/www2.uepg.br\/dentes\/coordenacao-e-equipe\/","title":{"rendered":"Coordena\u00e7\u00e3o e Equipe"},"content":{"rendered":"<p style=\"text-align: center\"><strong>Coordenadora<\/strong><\/p>\n<p style=\"text-align: center\">Prof\u00aa Dr\u00aa Stella Kossatz Pereira &#8211; Departamento de Odontologia<\/p>\n<p style=\"text-align: center\"><strong>Vice-Coordenadora<\/strong><\/p>\n<p style=\"text-align: center\">Prof\u00aa Dr\u00aa Tha\u00eds Regina Kummer Ferraz &#8211; Departamento de Odontologia<\/p>\n<p style=\"text-align: center\"><strong>Supervisora<\/strong><\/p>\n<p style=\"text-align: center\">Prof\u00aa Dr\u00aa Mariane Aparecida Sanson Wayar &#8211; Departamento de Odontologia<\/p>\n<p style=\"text-align: center\"><strong>Equipe de Organiza\u00e7\u00e3o e Execu\u00e7\u00e3o<\/strong><\/p>\n<p style=\"text-align: center\">Servidora Lourdes Aparecida Campos<\/p>\n<p style=\"text-align: center\"><strong>Membros Colaboradores<\/strong><\/p>\n<p style=\"text-align: center\">CD Jessyca Twany Demogalski &#8211; SESA 3\u00aa Regional de Sa\u00fade do Paran\u00e1<\/p>\n<p style=\"text-align: center\">CD Luiz\u00a0 Ricardo Marafigo Zander &#8211; Mestrando PPGCS<\/p>\n","protected":false},"excerpt":{"rendered":"<p>Coordenadora Prof\u00aa Dr\u00aa Stella Kossatz Pereira &#8211; Departamento de Odontologia Vice-Coordenadora Prof\u00aa Dr\u00aa Tha\u00eds Regina Kummer Ferraz &#8211; Departamento de Odontologia Supervisora Prof\u00aa Dr\u00aa Mariane Aparecida Sanson Wayar &#8211; Departamento de Odontologia Equipe de Organiza\u00e7\u00e3o e Execu\u00e7\u00e3o Servidora Lourdes Aparecida Campos Membros Colaboradores CD Jessyca Twany Demogalski &#8211; SESA 3\u00aa Regional de Sa\u00fade do Paran\u00e1&nbsp;&hellip;<\/p>\n","protected":false},"author":227,"featured_media":0,"parent":0,"menu_order":0,"comment_status":"closed","ping_status":"closed","template":"","meta":[],"_links":{"self":[{"href":"https:\/\/www2.uepg.br\/dentes\/wp-json\/wp\/v2\/pages\/223"}],"collection":[{"href":"https:\/\/www2.uepg.br\/dentes\/wp-json\/wp\/v2\/pages"}],"about":[{"href":"https:\/\/www2.uepg.br\/dentes\/wp-json\/wp\/v2\/types\/page"}],"author":[{"embeddable":true,"href":"https:\/\/www2.uepg.br\/dentes\/wp-json\/wp\/v2\/users\/227"}],"replies":[{"embeddable":true,"href":"https:\/\/www2.uepg.br\/dentes\/wp-json\/wp\/v2\/comments?post=223"}],"version-history":[{"count":6,"href":"https:\/\/www2.uepg.br\/dentes\/wp-json\/wp\/v2\/pages\/223\/revisions"}],"predecessor-version":[{"id":262,"href":"https:\/\/www2.uepg.br\/dentes\/wp-json\/wp\/v2\/pages\/223\/revisions\/262"}],"wp:attachment":[{"href":"https:\/\/www2.uepg.br\/dentes\/wp-json\/wp\/v2\/media?parent=223"}],"curies":[{"name":"wp","href":"https:\/\/api.w.org\/{rel}","templated":true}]}}