{"id":38,"date":"2020-09-01T14:57:32","date_gmt":"2020-09-01T17:57:32","guid":{"rendered":"http:\/\/www2.uepg.br\/dentes\/?page_id=38"},"modified":"2020-09-25T20:25:28","modified_gmt":"2020-09-25T23:25:28","slug":"o-que-e-o-banco-de-dentes-humanos","status":"publish","type":"page","link":"https:\/\/www2.uepg.br\/dentes\/o-que-e-o-banco-de-dentes-humanos\/","title":{"rendered":"O que \u00e9 o Banco de Dentes Humanos?"},"content":{"rendered":"<p>\u00c9 um \u00f3rg\u00e3o institucionalizado, sem fins lucrativos, cujo objetivo \u00e9 promover e valorizar o dente como \u201c\u00f3rg\u00e3o humano\u201d, legalizando a sua utiliza\u00e7\u00e3o em pesquisas cient\u00edficas e no treinamento did\u00e1tico-pedag\u00f3gico pr\u00e9-cl\u00ednico. O Banco de Dentes Humanos tamb\u00e9m possui a finalidade de conscientizar a popula\u00e7\u00e3o em geral sobre a import\u00e2ncia do correto descarte e transporte dos dentes, bem como visa regulamentar o tr\u00e2mite e registros das doa\u00e7\u00f5es, coibindo o com\u00e9rcio ilegal.<\/p>\n","protected":false},"excerpt":{"rendered":"<p>\u00c9 um \u00f3rg\u00e3o institucionalizado, sem fins lucrativos, cujo objetivo \u00e9 promover e valorizar o dente como \u201c\u00f3rg\u00e3o humano\u201d, legalizando a sua utiliza\u00e7\u00e3o em pesquisas cient\u00edficas e no treinamento did\u00e1tico-pedag\u00f3gico pr\u00e9-cl\u00ednico. O Banco de Dentes Humanos tamb\u00e9m possui a finalidade de conscientizar a popula\u00e7\u00e3o em geral sobre a import\u00e2ncia do correto descarte e transporte dos dentes,&nbsp;&hellip;<\/p>\n","protected":false},"author":24,"featured_media":0,"parent":0,"menu_order":0,"comment_status":"closed","ping_status":"closed","template":"","meta":[],"_links":{"self":[{"href":"https:\/\/www2.uepg.br\/dentes\/wp-json\/wp\/v2\/pages\/38"}],"collection":[{"href":"https:\/\/www2.uepg.br\/dentes\/wp-json\/wp\/v2\/pages"}],"about":[{"href":"https:\/\/www2.uepg.br\/dentes\/wp-json\/wp\/v2\/types\/page"}],"author":[{"embeddable":true,"href":"https:\/\/www2.uepg.br\/dentes\/wp-json\/wp\/v2\/users\/24"}],"replies":[{"embeddable":true,"href":"https:\/\/www2.uepg.br\/dentes\/wp-json\/wp\/v2\/comments?post=38"}],"version-history":[{"count":3,"href":"https:\/\/www2.uepg.br\/dentes\/wp-json\/wp\/v2\/pages\/38\/revisions"}],"predecessor-version":[{"id":66,"href":"https:\/\/www2.uepg.br\/dentes\/wp-json\/wp\/v2\/pages\/38\/revisions\/66"}],"wp:attachment":[{"href":"https:\/\/www2.uepg.br\/dentes\/wp-json\/wp\/v2\/media?parent=38"}],"curies":[{"name":"wp","href":"https:\/\/api.w.org\/{rel}","templated":true}]}}