{"id":45,"date":"2020-09-01T15:00:36","date_gmt":"2020-09-01T18:00:36","guid":{"rendered":"http:\/\/www2.uepg.br\/dentes\/?page_id=45"},"modified":"2020-09-01T15:00:36","modified_gmt":"2020-09-01T18:00:36","slug":"legislacao","status":"publish","type":"page","link":"https:\/\/www2.uepg.br\/dentes\/legislacao\/","title":{"rendered":"Legisla\u00e7\u00e3o"},"content":{"rendered":"<p>O Decreto n\u00ba 2.268, de 30 de junho de 1997, regulamenta a Lei de Transplantes no Brasil (Lei n\u00ba 9.434, de 4 de fevereiro de 1997), onde os dentes passaram a ser reconhecidos como \u00f3rg\u00e3os. Com a atual legisla\u00e7\u00e3o brasileira, a exig\u00eancia de dentes no ensino, tanto para a finalidade did\u00e1tica quanto para utiliza\u00e7\u00e3o em pesquisas e para finalidades cl\u00ednico terap\u00eauticas, veio \u00e0 tona questionamentos \u00e9ticos em torno do com\u00e9rcio ilegal de dentes humanos. De acordo com a Lei de Introdu\u00e7\u00e3o ao C\u00f3digo Civil, no seu artigo 3\u00ba, \u201cNingu\u00e9m se escusa de cumprir a lei alegando que n\u00e3o a conhece\u201d (In verbis); logo, praticantes do com\u00e9rcio ilegal de dentes podem se enquadrar nas Leis penais e\/ou civis (Brasil. C\u00f3digo civil brasileiro. Lei n. 10406, de 10 de janeiro de 2002. Di\u00e1rio Oficial da Rep\u00fablica Federativa do Brasil, Bras\u00edlia DF; 2002). Na sequ\u00eancia, a Lei n\u00ba 10.211, de 23 de mar\u00e7o de 2001, altera dispositivos da Lei n\u00ba 9.434, estabelecendo diretrizes como a necessidade da realiza\u00e7\u00e3o de todos os testes de triagem para diagn\u00f3stico de infec\u00e7\u00e3o e infesta\u00e7\u00e3o exigidos em normas regulamentadoras expedidos pelo Minist\u00e9rio da Sa\u00fade.<\/p>\n","protected":false},"excerpt":{"rendered":"<p>O Decreto n\u00ba 2.268, de 30 de junho de 1997, regulamenta a Lei de Transplantes no Brasil (Lei n\u00ba 9.434, de 4 de fevereiro de 1997), onde os dentes passaram a ser reconhecidos como \u00f3rg\u00e3os. Com a atual legisla\u00e7\u00e3o brasileira, a exig\u00eancia de dentes no ensino, tanto para a finalidade did\u00e1tica quanto para utiliza\u00e7\u00e3o em&nbsp;&hellip;<\/p>\n","protected":false},"author":24,"featured_media":0,"parent":0,"menu_order":0,"comment_status":"closed","ping_status":"closed","template":"","meta":[],"_links":{"self":[{"href":"https:\/\/www2.uepg.br\/dentes\/wp-json\/wp\/v2\/pages\/45"}],"collection":[{"href":"https:\/\/www2.uepg.br\/dentes\/wp-json\/wp\/v2\/pages"}],"about":[{"href":"https:\/\/www2.uepg.br\/dentes\/wp-json\/wp\/v2\/types\/page"}],"author":[{"embeddable":true,"href":"https:\/\/www2.uepg.br\/dentes\/wp-json\/wp\/v2\/users\/24"}],"replies":[{"embeddable":true,"href":"https:\/\/www2.uepg.br\/dentes\/wp-json\/wp\/v2\/comments?post=45"}],"version-history":[{"count":1,"href":"https:\/\/www2.uepg.br\/dentes\/wp-json\/wp\/v2\/pages\/45\/revisions"}],"predecessor-version":[{"id":46,"href":"https:\/\/www2.uepg.br\/dentes\/wp-json\/wp\/v2\/pages\/45\/revisions\/46"}],"wp:attachment":[{"href":"https:\/\/www2.uepg.br\/dentes\/wp-json\/wp\/v2\/media?parent=45"}],"curies":[{"name":"wp","href":"https:\/\/api.w.org\/{rel}","templated":true}]}}