{"id":47,"date":"2020-09-01T15:01:09","date_gmt":"2020-09-01T18:01:09","guid":{"rendered":"http:\/\/www2.uepg.br\/dentes\/?page_id=47"},"modified":"2020-09-01T15:01:09","modified_gmt":"2020-09-01T18:01:09","slug":"funcionamento-do-bdh","status":"publish","type":"page","link":"https:\/\/www2.uepg.br\/dentes\/funcionamento-do-bdh\/","title":{"rendered":"Funcionamento do BDH"},"content":{"rendered":"<p>O funcionamento do Banco de Dentes Humanos deve ser como o de um \u201cbanco de \u00f3rg\u00e3os\u201d, o que torna necess\u00e1rio a autoriza\u00e7\u00e3o do doador para a utiliza\u00e7\u00e3o dos seus dentes. Cabe aos Bancos de Dentes Humanos procurar conscientizar, tanto a comunidade leiga quanto a cient\u00edfica, da import\u00e2ncia cultural, bio\u00e9tica, social, legal e moral da sua exist\u00eancia como um banco de \u00f3rg\u00e3os.<br \/>\nPortanto, a cria\u00e7\u00e3o de um Banco de Dentes Humanos justifica-se, legalmente, para o fornecimento de dentes em condi\u00e7\u00f5es adequadas para o manuseio, bem como coibir o com\u00e9rcio ilegal deste \u00f3rg\u00e3o.<\/p>\n","protected":false},"excerpt":{"rendered":"<p>O funcionamento do Banco de Dentes Humanos deve ser como o de um \u201cbanco de \u00f3rg\u00e3os\u201d, o que torna necess\u00e1rio a autoriza\u00e7\u00e3o do doador para a utiliza\u00e7\u00e3o dos seus dentes. Cabe aos Bancos de Dentes Humanos procurar conscientizar, tanto a comunidade leiga quanto a cient\u00edfica, da import\u00e2ncia cultural, bio\u00e9tica, social, legal e moral da sua&nbsp;&hellip;<\/p>\n","protected":false},"author":24,"featured_media":0,"parent":0,"menu_order":0,"comment_status":"closed","ping_status":"closed","template":"","meta":[],"_links":{"self":[{"href":"https:\/\/www2.uepg.br\/dentes\/wp-json\/wp\/v2\/pages\/47"}],"collection":[{"href":"https:\/\/www2.uepg.br\/dentes\/wp-json\/wp\/v2\/pages"}],"about":[{"href":"https:\/\/www2.uepg.br\/dentes\/wp-json\/wp\/v2\/types\/page"}],"author":[{"embeddable":true,"href":"https:\/\/www2.uepg.br\/dentes\/wp-json\/wp\/v2\/users\/24"}],"replies":[{"embeddable":true,"href":"https:\/\/www2.uepg.br\/dentes\/wp-json\/wp\/v2\/comments?post=47"}],"version-history":[{"count":1,"href":"https:\/\/www2.uepg.br\/dentes\/wp-json\/wp\/v2\/pages\/47\/revisions"}],"predecessor-version":[{"id":48,"href":"https:\/\/www2.uepg.br\/dentes\/wp-json\/wp\/v2\/pages\/47\/revisions\/48"}],"wp:attachment":[{"href":"https:\/\/www2.uepg.br\/dentes\/wp-json\/wp\/v2\/media?parent=47"}],"curies":[{"name":"wp","href":"https:\/\/api.w.org\/{rel}","templated":true}]}}