{"id":50,"date":"2020-09-01T15:02:04","date_gmt":"2020-09-01T18:02:04","guid":{"rendered":"http:\/\/www2.uepg.br\/dentes\/?page_id=50"},"modified":"2025-05-08T16:18:48","modified_gmt":"2025-05-08T19:18:48","slug":"como-doar-dentes","status":"publish","type":"page","link":"https:\/\/www2.uepg.br\/dentes\/como-doar-dentes\/","title":{"rendered":"Como doar dentes?"},"content":{"rendered":"<div id=\"pl-50\"  class=\"panel-layout\" ><div id=\"pg-50-0\"  class=\"panel-grid panel-no-style\" ><div id=\"pgc-50-0-0\"  class=\"panel-grid-cell\" ><div id=\"panel-50-0-0-0\" class=\"so-panel widget widget_sow-editor panel-first-child panel-last-child\" data-index=\"0\" ><div\n\t\t\t\n\t\t\tclass=\"so-widget-sow-editor so-widget-sow-editor-base\"\n\t\t\t\n\t\t>\n<div class=\"siteorigin-widget-tinymce textwidget\">\n\t<p>\u00c9 muito f\u00e1cil doar dentes ao nosso Banco de Dentes:<br \/>\n1-ap\u00f3s a extra\u00e7\u00e3o do dente<br \/>\n2-lave em \u00e1gua corrente<br \/>\n3-armazene em um frasco com tampa em \u00e1gua corrente<br \/>\n4-mantenha dentro de uma geladeira<br \/>\n5-troque a \u00e1gua semanalmente at\u00e9 fazer a doa\u00e7\u00e3o<br \/>\n6-assine o Termo de Doa\u00e7\u00e3o<br \/>\n7-encaminhe ao Banco de Dentes Humanos da UEPG<\/p>\n<h6>Avenida Carlos Cavalcanti, 4748<br \/>\ncampus de Uvaranas, Bloco M - sala 11<br \/>\nPonta Grossa \u2013 PR.<br \/>\nCEP 84030-900<\/h6>\n<\/div>\n<\/div><\/div><\/div><\/div><\/div>","protected":false},"excerpt":{"rendered":"<p>\u00c9 muito f\u00e1cil doar dentes ao nosso Banco de Dentes: 1-ap\u00f3s a extra\u00e7\u00e3o do dente 2-lave em \u00e1gua corrente 3-armazene em um frasco com tampa em \u00e1gua corrente 4-mantenha dentro de uma geladeira 5-troque a \u00e1gua semanalmente at\u00e9 fazer a doa\u00e7\u00e3o 6-assine o Termo de Doa\u00e7\u00e3o 7-encaminhe ao Banco de Dentes Humanos da UEPG Avenida&nbsp;&hellip;<\/p>\n","protected":false},"author":24,"featured_media":0,"parent":0,"menu_order":0,"comment_status":"closed","ping_status":"closed","template":"","meta":[],"_links":{"self":[{"href":"https:\/\/www2.uepg.br\/dentes\/wp-json\/wp\/v2\/pages\/50"}],"collection":[{"href":"https:\/\/www2.uepg.br\/dentes\/wp-json\/wp\/v2\/pages"}],"about":[{"href":"https:\/\/www2.uepg.br\/dentes\/wp-json\/wp\/v2\/types\/page"}],"author":[{"embeddable":true,"href":"https:\/\/www2.uepg.br\/dentes\/wp-json\/wp\/v2\/users\/24"}],"replies":[{"embeddable":true,"href":"https:\/\/www2.uepg.br\/dentes\/wp-json\/wp\/v2\/comments?post=50"}],"version-history":[{"count":3,"href":"https:\/\/www2.uepg.br\/dentes\/wp-json\/wp\/v2\/pages\/50\/revisions"}],"predecessor-version":[{"id":291,"href":"https:\/\/www2.uepg.br\/dentes\/wp-json\/wp\/v2\/pages\/50\/revisions\/291"}],"wp:attachment":[{"href":"https:\/\/www2.uepg.br\/dentes\/wp-json\/wp\/v2\/media?parent=50"}],"curies":[{"name":"wp","href":"https:\/\/api.w.org\/{rel}","templated":true}]}}