{"id":52,"date":"2020-09-01T15:02:35","date_gmt":"2020-09-01T18:02:35","guid":{"rendered":"http:\/\/www2.uepg.br\/dentes\/?page_id=52"},"modified":"2024-08-02T11:03:44","modified_gmt":"2024-08-02T14:03:44","slug":"termos-de-doacao","status":"publish","type":"page","link":"https:\/\/www2.uepg.br\/dentes\/termos-de-doacao\/","title":{"rendered":"Termos de Doa\u00e7\u00e3o e Orienta\u00e7\u00f5es aos pesquisadores"},"content":{"rendered":"<p>*Recomendamos utilizar o <a href=\"https:\/\/www.microsoft.com\/pt-br\/edge?form=MA13FJ\">Microsoft Edge<\/a> para realizar o download dos termos.<\/p>\n<p>&nbsp;<\/p>\n<p><strong>Temos dispon\u00edveis quatro modelos de Termos de Doa\u00e7\u00e3o de Dentes:<\/strong><br \/>\n1 &#8211; Doa\u00e7\u00e3o pelo paciente:<\/p>\n<p><a href=\"http:\/\/www2.uepg.br\/dentes\/wp-content\/uploads\/sites\/143\/2021\/03\/Termo-de-doacao-BDH-UEPG-Para-o-paciente-doador-.docx\">Termo de doa\u00e7\u00e3o BDH-UEPG para o paciente doador<\/a><\/p>\n<p>2 &#8211; Doa\u00e7\u00e3o pelo cirurgi\u00e3o dentista (CD):<\/p>\n<p><a href=\"http:\/\/www2.uepg.br\/dentes\/wp-content\/uploads\/sites\/143\/2021\/03\/Termo-de-doacao-BDH-UEPG-Para-CD-doador-.docx\">Termo de doa\u00e7\u00e3o BDH-UEPG para o CD doador<\/a><\/p>\n<p>3 &#8211; Doa\u00e7\u00e3o pelos pais ou respons\u00e1veis do paciente menor:<\/p>\n<p><a href=\"http:\/\/www2.uepg.br\/dentes\/wp-content\/uploads\/sites\/143\/2021\/08\/Termo-de-doacao-BDH-UEPG-para-o-responsavel-doador.docx\">Termo de doa\u00e7\u00e3o BDH-UEPG para o respons\u00e1vel doador<\/a><\/p>\n<p>4 &#8211; Doa\u00e7\u00e3o p\u00f3s-extra\u00e7\u00e3o dent\u00e1ria:<\/p>\n<p><a href=\"http:\/\/www2.uepg.br\/dentes\/wp-content\/uploads\/sites\/143\/2021\/03\/Termo-de-doacao-BDH-UEPG-Para-pos-extracao-.docx\">Termo de doa\u00e7\u00e3o BDH-UEPG p\u00f3s extra\u00e7\u00e3o dent\u00e1ria<\/a><\/p>\n<p>Os Termos de Doa\u00e7\u00e3o devem ser impressos, preenchidos, assinados e entregues, sempre junto com os dentes a serem doados, no Banco de Dentes Humanos da UEPG.<\/p>\n<p>&nbsp;<\/p>\n<p><strong>Orienta\u00e7\u00f5es aos pesquisares que necessitam utilizar dentes humanos para o desenvolvimento de pesquisas<\/strong><\/p>\n<p>O pesquisador interessado em utilizar dentes humanos para o desenvolvimento de sua pesquisa deve seguir criteriosamente as recomenda\u00e7\u00f5es descritas abaixo:<\/p>\n<p>1\u00ba &#8211; Estar cadastrado no BDH &#8211; UEPG;<\/p>\n<p>2\u00ba &#8211; Estar com saldo positivo de dentes no BDH &#8211; UEPG;<\/p>\n<p>3\u00ba &#8211; Entregar previamente uma c\u00f3pia do <strong>PROJETO DE PESQUISA<\/strong> no Banco de Dentes da UEPG;<\/p>\n<p>4\u00ba &#8211; Ap\u00f3s o prazo de no m\u00ednimo sete dias para an\u00e1lise do Projeto de Pesquisa pela equipe do BDH &#8211; UEPG, o pesquisador interessado dever\u00e1 agendar um hor\u00e1rio para separa\u00e7\u00e3o dos dentes a serem utilizados e reserv\u00e1-los;<\/p>\n<p>5\u00ba &#8211; Entregar o documento preenchido da <strong>DECLARA\u00c7\u00c3O AO COMIT\u00ca DE \u00c9TICA EM PESQUISA<\/strong>, o qual ser\u00e1 assinado pela Coordena\u00e7\u00e3o do BDH &#8211; UEPG;<\/p>\n<p><a href=\"http:\/\/www2.uepg.br\/dentes\/wp-content\/uploads\/sites\/143\/2020\/10\/Declaracao-COEP-BDH-UEPG.docx\">Declara\u00e7\u00e3o COEP &#8211; BDH UEPG<\/a><\/p>\n<p>6\u00ba &#8211; Ap\u00f3s aprova\u00e7\u00e3o do Projeto de Pesquisa pelo Comit\u00ea de \u00c9tica em Pesquisa &#8211; COE, o pesquisador dever\u00e1 entregar uma c\u00f3pia da DECLARA\u00c7\u00c3O AO COMIT\u00ca DE \u00c9TICA EM PESQUISA ao BDH &#8211; UEPG;<\/p>\n<p>7\u00ba &#8211; Retirar os dentes para a sua pesquisa nos hor\u00e1rios de funcionamento do BDH &#8211; UEPG.<\/p>\n","protected":false},"excerpt":{"rendered":"<p>*Recomendamos utilizar o Microsoft Edge para realizar o download dos termos. &nbsp; Temos dispon\u00edveis quatro modelos de Termos de Doa\u00e7\u00e3o de Dentes: 1 &#8211; Doa\u00e7\u00e3o pelo paciente: Termo de doa\u00e7\u00e3o BDH-UEPG para o paciente doador 2 &#8211; Doa\u00e7\u00e3o pelo cirurgi\u00e3o dentista (CD): Termo de doa\u00e7\u00e3o BDH-UEPG para o CD doador 3 &#8211; Doa\u00e7\u00e3o pelos pais&nbsp;&hellip;<\/p>\n","protected":false},"author":24,"featured_media":0,"parent":0,"menu_order":0,"comment_status":"closed","ping_status":"closed","template":"","meta":[],"_links":{"self":[{"href":"https:\/\/www2.uepg.br\/dentes\/wp-json\/wp\/v2\/pages\/52"}],"collection":[{"href":"https:\/\/www2.uepg.br\/dentes\/wp-json\/wp\/v2\/pages"}],"about":[{"href":"https:\/\/www2.uepg.br\/dentes\/wp-json\/wp\/v2\/types\/page"}],"author":[{"embeddable":true,"href":"https:\/\/www2.uepg.br\/dentes\/wp-json\/wp\/v2\/users\/24"}],"replies":[{"embeddable":true,"href":"https:\/\/www2.uepg.br\/dentes\/wp-json\/wp\/v2\/comments?post=52"}],"version-history":[{"count":10,"href":"https:\/\/www2.uepg.br\/dentes\/wp-json\/wp\/v2\/pages\/52\/revisions"}],"predecessor-version":[{"id":286,"href":"https:\/\/www2.uepg.br\/dentes\/wp-json\/wp\/v2\/pages\/52\/revisions\/286"}],"wp:attachment":[{"href":"https:\/\/www2.uepg.br\/dentes\/wp-json\/wp\/v2\/media?parent=52"}],"curies":[{"name":"wp","href":"https:\/\/api.w.org\/{rel}","templated":true}]}}