{"id":119,"date":"2021-04-23T13:25:23","date_gmt":"2021-04-23T16:25:23","guid":{"rendered":"https:\/\/www2.uepg.br\/deped\/?page_id=119"},"modified":"2021-04-27T17:04:30","modified_gmt":"2021-04-27T20:04:30","slug":"historico","status":"publish","type":"page","link":"https:\/\/www2.uepg.br\/deped\/historico\/","title":{"rendered":"Hist\u00f3rico"},"content":{"rendered":"<h5 style=\"text-align: center;\"><strong>HIST\u00d3RICO<\/strong><\/h5>\n<p style=\"text-align: left;\" align=\"justify\"><span style=\"font-family: Arial, Helvetica, sans-serif;\"><span style=\"font-size: small;\">\u00a0\u00a0\u00a0\u00a0\u00a0\u00a0\u00a0\u00a0\u00a0<\/span><\/span><span style=\"font-family: Arial, Helvetica, sans-serif;\"><span style=\"font-size: small;\">\u00a0\u00a0\u00a0\u00a0\u00a0\u00a0\u00a0\u00a0\u00a0<\/span><\/span>A proposi\u00e7\u00e3o do Departamento de Pedagogia assentou-se na id\u00e9ia de que a pedagogia \u00e9 muito mais do que um curso; trata-se de um campo de conhecimento com objeto, formas e m\u00e9todos espec\u00edficos.<br \/>\n<span style=\"font-family: Arial, Helvetica, sans-serif;\"><span style=\"font-size: small;\">\u00a0\u00a0\u00a0\u00a0\u00a0\u00a0\u00a0\u00a0\u00a0<\/span><\/span><span style=\"font-family: Arial, Helvetica, sans-serif;\"><span style=\"font-size: small;\">\u00a0\u00a0\u00a0\u00a0\u00a0\u00a0\u00a0\u00a0<\/span><\/span>\u00a0Paradoxalmente, a defini\u00e7\u00e3o de tal objeto tem se revelado, ao longo dos anos, um cen\u00e1rio de intensos debates com posi\u00e7\u00f5es que, em alguns casos, s\u00e3o n\u00e3o apenas diferenciadas como contradit\u00f3rias e excludentes.<br \/>\n<span style=\"font-family: Arial, Helvetica, sans-serif;\"><span style=\"font-size: small;\">\u00a0\u00a0\u00a0\u00a0\u00a0\u00a0\u00a0\u00a0\u00a0<\/span><\/span><span style=\"font-family: Arial, Helvetica, sans-serif;\"><span style=\"font-size: small;\">\u00a0\u00a0\u00a0\u00a0\u00a0\u00a0\u00a0<\/span><\/span>\u00a0Sem intencionar ater-se a tais debates \u2013 o que inevitavelmente impediria uma conclus\u00e3o, haja vista que as diferentes correntes e posi\u00e7\u00f5es permanecem coexistindo \u2013 \u00e9 poss\u00edvel depreender que a pedagogia \u00e9 o campo que produz conhecimento a partir da rela\u00e7\u00e3o entre a teoria e pr\u00e1ticas educativas.<br \/>\n<span style=\"font-family: Arial, Helvetica, sans-serif;\"><span style=\"font-size: small;\">\u00a0\u00a0\u00a0\u00a0\u00a0\u00a0\u00a0\u00a0\u00a0<\/span><\/span><span style=\"font-family: Arial, Helvetica, sans-serif;\"><span style=\"font-size: small;\">\u00a0\u00a0\u00a0\u00a0\u00a0\u00a0\u00a0\u00a0<\/span><\/span>Nesse sentido, entendemos que o Departamento de Pedagogia ser\u00e1 aquele que articular\u00e1 os trabalhos de ensino, pesquisa e extens\u00e3o em torno da \u00e1rea do conhecimento e disciplinas que tratam da problem\u00e1tica educativa numa perspectiva de articula\u00e7\u00e3o e constru\u00e7\u00e3o de s\u00ednteses entre o conhecimento produzido pelas demais ci\u00eancias da educa\u00e7\u00e3o (filosofia da educa\u00e7\u00e3o; sociologia da educa\u00e7\u00e3o; psicologia da educa\u00e7\u00e3o, ou seja, os fundamentos da educa\u00e7\u00e3o) e a pr\u00e1tica pedag\u00f3gica desenvolvida em espa\u00e7o educativos ou n\u00e3o.<br \/>\n<span style=\"font-family: Arial, Helvetica, sans-serif;\"><span style=\"font-size: small;\">\u00a0\u00a0\u00a0\u00a0\u00a0\u00a0\u00a0\u00a0\u00a0<\/span><\/span><span style=\"font-family: Arial, Helvetica, sans-serif;\"><span style=\"font-size: small;\">\u00a0\u00a0\u00a0\u00a0\u00a0\u00a0\u00a0\u00a0<\/span><\/span>O Departamento de Pedagogia teve sua origem a partir das atividades de ensino, pesquisa e extens\u00e3o desenvolvidas no Departamento de M\u00e9todos e T\u00e9cnicas de Ensino. O Departamento de Pedagogia foi criado atrav\u00e9s da Resolu\u00e7\u00e3o Univ. n\u00ba 1 de 24 de maio de 2011 e passou a integrar o Setor de Ci\u00eancia Humanas, Letras e Artes.<\/p>\n","protected":false},"excerpt":{"rendered":"<p>HIST\u00d3RICO \u00a0\u00a0\u00a0\u00a0\u00a0\u00a0\u00a0\u00a0\u00a0\u00a0\u00a0\u00a0\u00a0\u00a0\u00a0\u00a0\u00a0\u00a0A proposi\u00e7\u00e3o do Departamento de Pedagogia assentou-se na id\u00e9ia de que a pedagogia \u00e9 muito mais do que um curso; trata-se de um campo de conhecimento com objeto, formas e m\u00e9todos espec\u00edficos. \u00a0\u00a0\u00a0\u00a0\u00a0\u00a0\u00a0\u00a0\u00a0\u00a0\u00a0\u00a0\u00a0\u00a0\u00a0\u00a0\u00a0\u00a0Paradoxalmente, a defini\u00e7\u00e3o de tal objeto tem se revelado, ao longo dos anos, um cen\u00e1rio de intensos debates com posi\u00e7\u00f5es que, em&nbsp;&hellip;<\/p>\n","protected":false},"author":305,"featured_media":0,"parent":0,"menu_order":0,"comment_status":"closed","ping_status":"closed","template":"","meta":[],"_links":{"self":[{"href":"https:\/\/www2.uepg.br\/deped\/wp-json\/wp\/v2\/pages\/119"}],"collection":[{"href":"https:\/\/www2.uepg.br\/deped\/wp-json\/wp\/v2\/pages"}],"about":[{"href":"https:\/\/www2.uepg.br\/deped\/wp-json\/wp\/v2\/types\/page"}],"author":[{"embeddable":true,"href":"https:\/\/www2.uepg.br\/deped\/wp-json\/wp\/v2\/users\/305"}],"replies":[{"embeddable":true,"href":"https:\/\/www2.uepg.br\/deped\/wp-json\/wp\/v2\/comments?post=119"}],"version-history":[{"count":4,"href":"https:\/\/www2.uepg.br\/deped\/wp-json\/wp\/v2\/pages\/119\/revisions"}],"predecessor-version":[{"id":196,"href":"https:\/\/www2.uepg.br\/deped\/wp-json\/wp\/v2\/pages\/119\/revisions\/196"}],"wp:attachment":[{"href":"https:\/\/www2.uepg.br\/deped\/wp-json\/wp\/v2\/media?parent=119"}],"curies":[{"name":"wp","href":"https:\/\/api.w.org\/{rel}","templated":true}]}}