{"id":121,"date":"2021-04-23T13:25:37","date_gmt":"2021-04-23T16:25:37","guid":{"rendered":"https:\/\/www2.uepg.br\/deped\/?page_id=121"},"modified":"2024-07-31T14:18:49","modified_gmt":"2024-07-31T17:18:49","slug":"contato","status":"publish","type":"page","link":"https:\/\/www2.uepg.br\/deped\/contato\/","title":{"rendered":"Contato"},"content":{"rendered":"<h5 style=\"text-align: center\"><strong>DEPARTAMENTO DE PEDAGOGIA<\/strong><br \/>\nda Universidade Estadual de Ponta Grossa<\/h5>\n<p align=\"center\">Hor\u00e1rio de Atendimento:<br \/>\nDe segunda \u00e0 sexta-feira, das 8:00 \u00e0s 12:00 e das 13:00 \u00e0s 17 horas<\/p>\n<p align=\"center\">Campus Central &#8211; Bloco B &#8211; Sala 109<br \/>\nPra\u00e7a Santos Andrade, n.\u00ba 01 &#8211; Centro<br \/>\nPonta Grossa &#8211; PR<br \/>\nFone: (42) 3220-3367<br \/>\ne-mail: \u00a0<a href=\"mailto:deped@uepg.br\">\u00a0deped@uepg.br<\/a><\/p>\n<h1 class=\"title\"><\/h1>\n","protected":false},"excerpt":{"rendered":"<p>DEPARTAMENTO DE PEDAGOGIA da Universidade Estadual de Ponta Grossa Hor\u00e1rio de Atendimento: De segunda \u00e0 sexta-feira, das 8:00 \u00e0s 12:00 e das 13:00 \u00e0s 17 horas Campus Central &#8211; Bloco B &#8211; Sala 109 Pra\u00e7a Santos Andrade, n.\u00ba 01 &#8211; Centro Ponta Grossa &#8211; PR Fone: (42) 3220-3367 e-mail: \u00a0\u00a0deped@uepg.br<\/p>\n","protected":false},"author":305,"featured_media":0,"parent":0,"menu_order":0,"comment_status":"closed","ping_status":"closed","template":"","meta":[],"_links":{"self":[{"href":"https:\/\/www2.uepg.br\/deped\/wp-json\/wp\/v2\/pages\/121"}],"collection":[{"href":"https:\/\/www2.uepg.br\/deped\/wp-json\/wp\/v2\/pages"}],"about":[{"href":"https:\/\/www2.uepg.br\/deped\/wp-json\/wp\/v2\/types\/page"}],"author":[{"embeddable":true,"href":"https:\/\/www2.uepg.br\/deped\/wp-json\/wp\/v2\/users\/305"}],"replies":[{"embeddable":true,"href":"https:\/\/www2.uepg.br\/deped\/wp-json\/wp\/v2\/comments?post=121"}],"version-history":[{"count":5,"href":"https:\/\/www2.uepg.br\/deped\/wp-json\/wp\/v2\/pages\/121\/revisions"}],"predecessor-version":[{"id":210,"href":"https:\/\/www2.uepg.br\/deped\/wp-json\/wp\/v2\/pages\/121\/revisions\/210"}],"wp:attachment":[{"href":"https:\/\/www2.uepg.br\/deped\/wp-json\/wp\/v2\/media?parent=121"}],"curies":[{"name":"wp","href":"https:\/\/api.w.org\/{rel}","templated":true}]}}