{"id":133,"date":"2021-04-23T13:29:31","date_gmt":"2021-04-23T16:29:31","guid":{"rendered":"https:\/\/www2.uepg.br\/deped\/?page_id=133"},"modified":"2021-04-27T17:02:04","modified_gmt":"2021-04-27T20:02:04","slug":"onde-atua","status":"publish","type":"page","link":"https:\/\/www2.uepg.br\/deped\/onde-atua\/","title":{"rendered":"Onde Atua"},"content":{"rendered":"<h5 style=\"text-align: center;\"><strong>ONDE ATUA<\/strong><\/h5>\n<blockquote>\n<p align=\"left\">O Departamento de Pedagogia atua com seus docentes junto aos Cursos de:<\/p>\n<\/blockquote>\n<h5 style=\"text-align: center;\"><strong>GRADUA\u00c7\u00c3O<\/strong><\/h5>\n<ul>\n<li>Artes<\/li>\n<li>Ci\u00eancias Biol\u00f3gicas<\/li>\n<li>F\u00edsica<\/li>\n<li>Geografia<\/li>\n<li>Hist\u00f3ria<\/li>\n<li>Letras<\/li>\n<li>Matem\u00e1tica<\/li>\n<li>Qu\u00edmica<\/li>\n<li><strong>UAB \u2013 Universidade Aberta do Brasil<\/strong><\/li>\n<\/ul>\n<h5 style=\"text-align: center;\"><strong>MESTRADO<\/strong><\/h5>\n<ul>\n<li><a href=\"http:\/\/www.pitangui.uepg.br\/especializa\/espgestedu\/index.php\" target=\"_blank\" rel=\"noopener\">Especializa\u00e7\u00e3o em Gest\u00e3o Educacional<\/a><\/li>\n<li><a href=\"http:\/\/www.pitangui.uepg.br\/propesp\/ppge\" target=\"_blank\" rel=\"noopener\">Mestrado em Educa\u00e7\u00e3o<\/a><\/li>\n<li>PDE<\/li>\n<li><a href=\"http:\/\/sites.uepg.br\/prograd\/o-que-voce-procura\/professor\/parfor\/\" target=\"_blank\" rel=\"noopener\">PARFOR<\/a><\/li>\n<\/ul>\n<p align=\"justify\">Obs: Clique sobre os cursos para obter informa\u00e7\u00f5es referentes a grade curricular, \u00e1reas de atua\u00e7\u00e3o, entre outras informa\u00e7\u00f5es.<\/p>\n<p align=\"center\">\n","protected":false},"excerpt":{"rendered":"<p>ONDE ATUA O Departamento de Pedagogia atua com seus docentes junto aos Cursos de: GRADUA\u00c7\u00c3O Artes Ci\u00eancias Biol\u00f3gicas F\u00edsica Geografia Hist\u00f3ria Letras Matem\u00e1tica Qu\u00edmica UAB \u2013 Universidade Aberta do Brasil MESTRADO Especializa\u00e7\u00e3o em Gest\u00e3o Educacional Mestrado em Educa\u00e7\u00e3o PDE PARFOR Obs: Clique sobre os cursos para obter informa\u00e7\u00f5es referentes a grade curricular, \u00e1reas de atua\u00e7\u00e3o,&nbsp;&hellip;<\/p>\n","protected":false},"author":305,"featured_media":0,"parent":0,"menu_order":0,"comment_status":"closed","ping_status":"closed","template":"","meta":[],"_links":{"self":[{"href":"https:\/\/www2.uepg.br\/deped\/wp-json\/wp\/v2\/pages\/133"}],"collection":[{"href":"https:\/\/www2.uepg.br\/deped\/wp-json\/wp\/v2\/pages"}],"about":[{"href":"https:\/\/www2.uepg.br\/deped\/wp-json\/wp\/v2\/types\/page"}],"author":[{"embeddable":true,"href":"https:\/\/www2.uepg.br\/deped\/wp-json\/wp\/v2\/users\/305"}],"replies":[{"embeddable":true,"href":"https:\/\/www2.uepg.br\/deped\/wp-json\/wp\/v2\/comments?post=133"}],"version-history":[{"count":4,"href":"https:\/\/www2.uepg.br\/deped\/wp-json\/wp\/v2\/pages\/133\/revisions"}],"predecessor-version":[{"id":192,"href":"https:\/\/www2.uepg.br\/deped\/wp-json\/wp\/v2\/pages\/133\/revisions\/192"}],"wp:attachment":[{"href":"https:\/\/www2.uepg.br\/deped\/wp-json\/wp\/v2\/media?parent=133"}],"curies":[{"name":"wp","href":"https:\/\/api.w.org\/{rel}","templated":true}]}}