{"id":135,"date":"2021-04-23T13:29:43","date_gmt":"2021-04-23T16:29:43","guid":{"rendered":"https:\/\/www2.uepg.br\/deped\/?page_id=135"},"modified":"2021-04-27T17:06:33","modified_gmt":"2021-04-27T20:06:33","slug":"eventos","status":"publish","type":"page","link":"https:\/\/www2.uepg.br\/deped\/eventos\/","title":{"rendered":"Eventos"},"content":{"rendered":"<h5 style=\"text-align: center;\"><strong>EVENTOS<\/strong><\/h5>\n<blockquote><p>O Departamento de Pedagogia em conjunto com o Colegiado de Curso de Pedagogia realizam al\u00e9m de atividades espor\u00e1dicas a Semana de Educa\u00e7\u00e3o.<\/p>\n<p>&#8211; 3\u00ba ECOM.EDU \u2013 Encontro de Comunica\u00e7\u00e3o e Educa\u00e7\u00e3o de Ponta Grossa \u2013 Organizado pela Prof. Dra. M\u00e1rcia Barbosa da Silva.<\/p><\/blockquote>\n","protected":false},"excerpt":{"rendered":"<p>EVENTOS O Departamento de Pedagogia em conjunto com o Colegiado de Curso de Pedagogia realizam al\u00e9m de atividades espor\u00e1dicas a Semana de Educa\u00e7\u00e3o. &#8211; 3\u00ba ECOM.EDU \u2013 Encontro de Comunica\u00e7\u00e3o e Educa\u00e7\u00e3o de Ponta Grossa \u2013 Organizado pela Prof. Dra. M\u00e1rcia Barbosa da Silva.<\/p>\n","protected":false},"author":305,"featured_media":0,"parent":0,"menu_order":0,"comment_status":"closed","ping_status":"closed","template":"","meta":[],"_links":{"self":[{"href":"https:\/\/www2.uepg.br\/deped\/wp-json\/wp\/v2\/pages\/135"}],"collection":[{"href":"https:\/\/www2.uepg.br\/deped\/wp-json\/wp\/v2\/pages"}],"about":[{"href":"https:\/\/www2.uepg.br\/deped\/wp-json\/wp\/v2\/types\/page"}],"author":[{"embeddable":true,"href":"https:\/\/www2.uepg.br\/deped\/wp-json\/wp\/v2\/users\/305"}],"replies":[{"embeddable":true,"href":"https:\/\/www2.uepg.br\/deped\/wp-json\/wp\/v2\/comments?post=135"}],"version-history":[{"count":3,"href":"https:\/\/www2.uepg.br\/deped\/wp-json\/wp\/v2\/pages\/135\/revisions"}],"predecessor-version":[{"id":199,"href":"https:\/\/www2.uepg.br\/deped\/wp-json\/wp\/v2\/pages\/135\/revisions\/199"}],"wp:attachment":[{"href":"https:\/\/www2.uepg.br\/deped\/wp-json\/wp\/v2\/media?parent=135"}],"curies":[{"name":"wp","href":"https:\/\/api.w.org\/{rel}","templated":true}]}}